{"id":49963,"date":"2026-01-08T16:15:54","date_gmt":"2026-01-08T08:15:54","guid":{"rendered":"https:\/\/ulpmat.com\/product\/chlorure-de-scandium-hexahydrate\/"},"modified":"2026-01-08T16:15:54","modified_gmt":"2026-01-08T08:15:54","slug":"chlorure-de-scandium-hexahydrate","status":"publish","type":"product","link":"https:\/\/ulpmat.com\/fr\/produit\/chlorure-de-scandium-hexahydrate\/","title":{"rendered":"Chlorure de scandium hexahydrat\u00e9"},"content":{"rendered":"<h2><span style=\"font-size: 14pt;\">Poudre de chlorure de scandium hexahydrat\u00e9 Pr\u00e9sentation<\/span><\/h2>\n<p><span style=\"color: #0000ff;\"><a style=\"color: #0000ff;\" href=\"https:\/\/ulpmat.com\/fr\/recherche\/?type=name&#038;keyword=Scandium+chloride+hexahydrate\">Le chlorure de scandium hexahydrat\u00e9<\/a><\/span><br \/>\nest un chlorure cristallin de terre rare de haute puret\u00e9, dot\u00e9 d&rsquo;une structure st\u0153chiom\u00e9trique bien d\u00e9finie et d&rsquo;une excellente solubilit\u00e9 dans l&rsquo;eau. Ce produit est un pr\u00e9curseur id\u00e9al pour la pr\u00e9paration chimique humide de mat\u00e9riaux contenant du scandium. Il est largement utilis\u00e9 dans la pr\u00e9paration de catalyseurs, la synth\u00e8se de mat\u00e9riaux fonctionnels et la recherche scientifique.<\/p>\n<p>Nous proposons des cristaux de chlorure de scandium hexahydrat\u00e9 de diff\u00e9rentes tailles de particules. Pour des formes cristallines sp\u00e9ciales ou des conditionnements de grande taille, veuillez <span style=\"color: #0000ff;\"><a style=\"color: #0000ff;\" href=\"https:\/\/ulpmat.com\/fr\/contactez-nous\/\">nous contacter<\/a><\/span><br \/>\nafin de discuter de solutions personnalis\u00e9es.<\/p>\n<h2><span style=\"font-size: 14pt;\">Points forts du produit<\/span><\/h2>\n<p>Structure cristalline hexahydrat\u00e9e stable<br \/>\nExcellente solubilit\u00e9 dans l&rsquo;eau et dissolution rapide<br \/>\nInt\u00e9grit\u00e9 de la morphologie cristalline et bonne fluidit\u00e9<br \/>\nTeneur extr\u00eamement faible en impuret\u00e9s de m\u00e9taux lourds<\/p>\n<h2><span style=\"font-size: 14pt;\">Applications de la poudre de chlorure de scandium hexahydrat\u00e9<\/span><\/h2>\n<p><strong>Synth\u00e8se de catalyseurs :<\/strong><br \/>\nen tant que pr\u00e9curseur de catalyseur homog\u00e8ne, il fournit des centres ioniques de scandium hautement actifs dans les r\u00e9actions de synth\u00e8se organique, am\u00e9liorant ainsi l&rsquo;efficacit\u00e9 et la s\u00e9lectivit\u00e9 des r\u00e9actions.<br \/>\n<strong>Pr\u00e9paration de mat\u00e9riaux fluorescents :<\/strong><br \/>\nutilis\u00e9 pour la synth\u00e8se de mat\u00e9riaux luminescents de terres rares contenant du scandium ; la longueur d&rsquo;onde d&rsquo;\u00e9mission et l&rsquo;intensit\u00e9 luminescente du phosphore peuvent \u00eatre contr\u00f4l\u00e9es en ajustant le rapport.<br \/>\n<strong>Additif c\u00e9ramique :<\/strong><br \/>\nutilis\u00e9 comme min\u00e9ralisateur et stabilisateur dans le processus de frittage de c\u00e9ramiques sp\u00e9ciales, favorisant la croissance des grains et am\u00e9liorant les propri\u00e9t\u00e9s m\u00e9caniques du produit final.<br \/>\n<strong>Recherche \u00e9lectrochimique :<\/strong><br \/>\nutilis\u00e9 comme source d&rsquo;ions scandium dans la recherche sur les syst\u00e8mes \u00e9lectrolytiques pour le d\u00e9veloppement de nouveaux dispositifs de stockage d&rsquo;\u00e9nergie \u00e9lectrochimique et de proc\u00e9d\u00e9s d&rsquo;\u00e9lectrod\u00e9position des m\u00e9taux.<\/p>\n<h2><span style=\"color: #0000ff;\"><a style=\"color: #0000ff;\" href=\"https:\/\/ulpmat.com\/fr\/societe\/faq\/\"><span style=\"font-size: 14pt;\">FAQ<\/span><\/a><\/span><\/h2>\n<p>Q1 : Le produit va-t-il s&rsquo;agglom\u00e9rer ou s&rsquo;alt\u00e9rer lors d&rsquo;un stockage \u00e0 long terme ?<br \/>\nR1 : Dans les conditions recommand\u00e9es (scell\u00e9, \u00e0 l&rsquo;abri de la lumi\u00e8re, au frais et au sec), le produit est stable. S&rsquo;il est expos\u00e9 \u00e0 l&rsquo;air sec pendant une longue p\u00e9riode, un l\u00e9ger alt\u00e9ration peut se produire \u00e0 la surface ; il est recommand\u00e9 de le reconditionner et de le sceller d\u00e8s que possible.<\/p>\n<p>Q2 : Quelles pr\u00e9cautions faut-il prendre lors de la pr\u00e9paration de solutions de ce produit ?<br \/>\nR2 : Il est recommand\u00e9 d&rsquo;utiliser de l&rsquo;eau d\u00e9ionis\u00e9e pour la dissolution et de remuer de mani\u00e8re appropri\u00e9e. Le processus de dissolution \u00e9tant endothermique, la temp\u00e9rature de la solution diminuera l\u00e9g\u00e8rement, mais cela n&rsquo;affectera pas la solubilit\u00e9 finale et la stabilit\u00e9 de la solution.<\/p>\n<p>Q3 : Pouvez-vous fournir des conseils sur la conversion du chlorure de scandium anhydre en hexahydrate ?<br \/>\nA3 : Nous pouvons fournir des param\u00e8tres d\u00e9taill\u00e9s du processus de traitement thermique pour vous guider dans l&rsquo;obtention de produits anhydres par chauffage progressif et d\u00e9shydratation sous atmosph\u00e8re protectrice, tout en \u00e9vitant l&rsquo;hydrolyse du produit.<\/p>\n<h2><span style=\"font-size: 14pt;\">Rapports<\/span><\/h2>\n<p>Chaque lot est fourni avec :<br \/>\n<span style=\"color: #0000ff;\"><a style=\"color: #0000ff;\" href=\"https:\/\/ulpmat.com\/fr\/documents\/certificat-danalyse\/\"><u>Certificat d&rsquo;analyse (COA)<\/u><\/a><\/span><\/p>\n<p><span style=\"color: #0000ff;\"><a style=\"color: #0000ff;\" href=\"https:\/\/ulpmat.com\/fr\/documents\/fiche-technique\/\"><u>Fiche technique (TDS)<\/u><\/a><\/span><\/p>\n<p><span style=\"color: #0000ff;\"><a style=\"color: #0000ff;\" href=\"https:\/\/ulpmat.com\/fr\/documents\/fiche-de-donnees-de-securite\/\"><u>Fiche de donn\u00e9es de s\u00e9curit\u00e9 (MSDS)<\/u><\/a><\/span><br \/>\nRapports d&rsquo;essais effectu\u00e9s par des tiers disponibles sur demande<\/p>\n<h2><span style=\"font-size: 14pt;\">Pourquoi nous choisir ?<\/span><\/h2>\n<p>Nous sommes sp\u00e9cialis\u00e9s dans la production raffin\u00e9e de produits \u00e0 base de chlorure de terres rares, et disposons d&rsquo;une technologie mature de contr\u00f4le de la cristallisation et d&rsquo;un syst\u00e8me de gestion de la qualit\u00e9 rigoureux. En contr\u00f4lant avec pr\u00e9cision les param\u00e8tres du processus de cristallisation, nous garantissons que chaque lot de produits pr\u00e9sente une composition chimique stable et d&rsquo;excellentes propri\u00e9t\u00e9s physiques.<\/p>\n","protected":false},"excerpt":{"rendered":"<p>Poudre de chlorure de scandium hexahydrat\u00e9 Pr\u00e9sentation Le chlorure de scandium hexahydrat\u00e9 est un chlorure cristallin de terre rare de haute puret\u00e9, dot\u00e9 d&rsquo;une structure st\u0153chiom\u00e9trique bien d\u00e9finie et d&rsquo;une excellente solubilit\u00e9 dans l&rsquo;eau. Ce produit est un pr\u00e9curseur id\u00e9al pour la pr\u00e9paration chimique humide de mat\u00e9riaux contenant du scandium. Il est largement utilis\u00e9 dans [&hellip;]<\/p>\n","protected":false},"featured_media":49964,"template":"","meta":{"_acf_changed":false},"product_brand":[132],"product_cat":[314,313],"product_tag":[7435],"class_list":{"0":"post-49963","1":"product","2":"type-product","3":"status-publish","4":"has-post-thumbnail","6":"product_brand-ulpmat","7":"product_cat-materiaux-a-base-de-terres-rares","8":"product_cat-materiaux-halogenes","9":"product_tag-chlorure-de-scandium-hexahydrate-en-poudre","11":"first","12":"instock","13":"shipping-taxable","14":"product-type-variable"},"acf":[],"_links":{"self":[{"href":"https:\/\/ulpmat.com\/fr\/wp-json\/wp\/v2\/product\/49963","targetHints":{"allow":["GET"]}}],"collection":[{"href":"https:\/\/ulpmat.com\/fr\/wp-json\/wp\/v2\/product"}],"about":[{"href":"https:\/\/ulpmat.com\/fr\/wp-json\/wp\/v2\/types\/product"}],"wp:featuredmedia":[{"embeddable":true,"href":"https:\/\/ulpmat.com\/fr\/wp-json\/wp\/v2\/media\/49964"}],"wp:attachment":[{"href":"https:\/\/ulpmat.com\/fr\/wp-json\/wp\/v2\/media?parent=49963"}],"wp:term":[{"taxonomy":"product_brand","embeddable":true,"href":"https:\/\/ulpmat.com\/fr\/wp-json\/wp\/v2\/product_brand?post=49963"},{"taxonomy":"product_cat","embeddable":true,"href":"https:\/\/ulpmat.com\/fr\/wp-json\/wp\/v2\/product_cat?post=49963"},{"taxonomy":"product_tag","embeddable":true,"href":"https:\/\/ulpmat.com\/fr\/wp-json\/wp\/v2\/product_tag?post=49963"}],"curies":[{"name":"wp","href":"https:\/\/api.w.org\/{rel}","templated":true}]}}