{"id":49770,"date":"2026-01-12T14:47:27","date_gmt":"2026-01-12T06:47:27","guid":{"rendered":"https:\/\/ulpmat.com\/product\/borure-de-calcium\/"},"modified":"2026-01-12T14:47:27","modified_gmt":"2026-01-12T06:47:27","slug":"borure-de-calcium","status":"publish","type":"product","link":"https:\/\/ulpmat.com\/fr\/produit\/borure-de-calcium\/","title":{"rendered":"Borure de calcium"},"content":{"rendered":"<h2><span style=\"font-size: 14pt;\">Pr\u00e9sentation de la poudre de borure de calcium<\/span><\/h2>\n<p>La poudre<br \/>\n<span style=\"color: #0000ff;\"><a style=\"color: #0000ff;\" href=\"https:\/\/ulpmat.com\/fr\/recherche\/?type=name&#038;keyword=Calcium+boride\">de borure de calcium<\/a><\/span><br \/>\nest une poudre c\u00e9ramique haute performance dot\u00e9e d&rsquo;une structure cristalline unique, d&rsquo;apparence noire ou gris-noir. R\u00e9put\u00e9e pour sa duret\u00e9 exceptionnelle, son excellente conductivit\u00e9 \u00e9lectrique et ses capacit\u00e9s remarquables d&rsquo;absorption des neutrons, elle est une mati\u00e8re premi\u00e8re essentielle dans les mat\u00e9riaux structurels \u00e0 haute temp\u00e9rature, les rev\u00eatements fonctionnels sp\u00e9cialis\u00e9s et l&rsquo;industrie nucl\u00e9aire.<\/p>\n<p>Nous sommes sp\u00e9cialis\u00e9s dans la production et la fourniture de poudre d&rsquo;hexaborure de calcium de haute puret\u00e9 avec des tailles de particules <span style=\"color: #0000ff;\"><a style=\"color: #0000ff;\" href=\"https:\/\/ulpmat.com\/fr\/service\/personnalisation\/\">personnalisables<\/a><\/span><br \/>\nafin de r\u00e9pondre aux exigences strictes de diverses applications. Pour obtenir des sp\u00e9cifications techniques sp\u00e9cifiques ou demander des \u00e9chantillons, n&rsquo;h\u00e9sitez pas \u00e0 <span style=\"color: #0000ff;\"><a style=\"color: #0000ff;\" href=\"https:\/\/ulpmat.com\/fr\/contactez-nous\/\">nous contacter<\/a><\/span><br \/>\n\u00e0 tout moment.<\/p>\n<h2><span style=\"font-size: 14pt;\">Points forts du produit<\/span><\/h2>\n<p>Propri\u00e9t\u00e9s physiques exceptionnelles<br \/>\nSection efficace d&rsquo;absorption des neutrons \u00e9lev\u00e9e<br \/>\nStabilit\u00e9 thermique sup\u00e9rieure<br \/>\nHaute puret\u00e9 et taille des particules personnalisable<\/p>\n<h2><span style=\"font-size: 14pt;\">Applications de la poudre d&rsquo;hexaborure de calcium<\/span><\/h2>\n<p><strong>Industrie nucl\u00e9aire et blindage contre les rayonnements :<\/strong><br \/>\nsert d&rsquo;absorbeur de neutrons efficace dans les barres de contr\u00f4le des r\u00e9acteurs nucl\u00e9aires, les mat\u00e9riaux de blindage et le stockage du combustible us\u00e9.<br \/>\n<strong>R\u00e9fractaires avanc\u00e9s :<\/strong><br \/>\nlorsqu&rsquo;il est incorpor\u00e9 dans des r\u00e9fractaires oxyd\u00e9s ou non oxyd\u00e9s, il am\u00e9liore consid\u00e9rablement la r\u00e9sistance \u00e0 haute temp\u00e9rature, la r\u00e9sistance aux chocs thermiques et la r\u00e9sistance \u00e0 l&rsquo;\u00e9rosion par les m\u00e9taux fondus.<br \/>\n<strong>Rev\u00eatements et composites r\u00e9sistants \u00e0 l&rsquo;usure :<\/strong><br \/>\nsert de phase de renforcement dans les composites \u00e0 matrice m\u00e9tallique ou c\u00e9ramique, ou forme des rev\u00eatements protecteurs extr\u00eamement r\u00e9sistants \u00e0 l&rsquo;usure et \u00e0 la corrosion par projection thermique.<br \/>\n<strong>Mat\u00e9riaux d&rsquo;\u00e9mission d&rsquo;\u00e9lectrons :<\/strong><br \/>\nsa faible fonction de travail et son excellente conductivit\u00e9 en font un mat\u00e9riau de choix pour les cathodes \u00e0 \u00e9mission d&rsquo;\u00e9lectrons \u00e0 haut rendement (par exemple, les cathodes de microscopes \u00e9lectroniques).<br \/>\nFAQ<br \/>\nQ1 : Quelles sont les principales propri\u00e9t\u00e9s chimiques de la poudre d&rsquo;hexaborure de calcium ?<br \/>\nA1 : L&rsquo;hexaborure de calcium pr\u00e9sente des propri\u00e9t\u00e9s chimiques relativement stables, mais peut s&rsquo;oxyder dans l&rsquo;air \u00e0 des temp\u00e9ratures \u00e9lev\u00e9es (par exemple, au-dessus de 800 \u00b0C). Il est recommand\u00e9 de le traiter \u00e0 haute temp\u00e9rature sous atmosph\u00e8re inerte, tandis que son stockage courant n\u00e9cessite des conditions s\u00e8ches.<\/p>\n<p>Q2 : Quelles sont les principales diff\u00e9rences d&rsquo;application entre les poudres de diff\u00e9rentes tailles de particules ?<br \/>\nR2 : La taille des particules influe directement sur l&rsquo;activit\u00e9 de frittage de la poudre, sa dispersion dans les mat\u00e9riaux composites et le degr\u00e9 de densification du produit final. Les poudres \u00e0 l&rsquo;\u00e9chelle nanom\u00e9trique pr\u00e9sentent une activit\u00e9 plus \u00e9lev\u00e9e et sont plus propices au frittage \u00e0 basse temp\u00e9rature pour les mat\u00e9riaux \u00e0 grains fins ; les poudres \u00e0 l&rsquo;\u00e9chelle microm\u00e9trique offrent des avantages en termes de contr\u00f4labilit\u00e9 du processus et de co\u00fbt.<\/p>\n<p>Q3 : Quels sont les effets potentiels de ce produit sur la sant\u00e9 et quelles pr\u00e9cautions faut-il prendre lors de sa manipulation ?<br \/>\nA3 : Comme il s&rsquo;agit d&rsquo;une poudre \u00e0 particules fines, \u00e9vitez toute inhalation ou tout contact avec les yeux. La manipulation doit \u00eatre effectu\u00e9e sous une hotte aspirante, en portant un \u00e9quipement de protection individuelle (EPI) appropri\u00e9, tel que des masques anti-poussi\u00e8re, des gants et des lunettes de s\u00e9curit\u00e9, conform\u00e9ment aux protocoles de s\u00e9curit\u00e9 chimique.<\/p>\n<p>Q4 : Des poudres \u00e0 surface modifi\u00e9e peuvent-elles \u00eatre fournies pour r\u00e9pondre \u00e0 mes exigences sp\u00e9cifiques en mati\u00e8re de processus ?<br \/>\nA4 : Oui. Nous proposons des services de traitement de surface cibl\u00e9s, tels que le rev\u00eatement ou la modification, afin d&rsquo;am\u00e9liorer la dispersion de la poudre et <span style=\"color: #0000ff;\"><a style=\"color: #0000ff;\" href=\"https:\/\/ulpmat.com\/fr\/service\/collage-des-cibles\/\">la liaison<\/a><\/span><br \/>\ninterfaciale au sein de matrices sp\u00e9cifiques (par exemple, polym\u00e8res, m\u00e9taux). Veuillez consulter notre \u00e9quipe technique pour plus de d\u00e9tails.<\/p>\n<h2><span style=\"font-size: 14pt;\">Rapport<\/span><\/h2>\n<p>Chaque lot est fourni avec :<br \/>\nCertificat d&rsquo;analyse (COA)<br \/>\nFiche technique (TDS)<br \/>\nFiche de donn\u00e9es de s\u00e9curit\u00e9 (MSDS)<br \/>\nRapports d&rsquo;essais effectu\u00e9s par des tiers disponibles sur demande<\/p>\n<h2><span style=\"font-size: 14pt;\">Pourquoi nous faire confiance ?<\/span><\/h2>\n<p>En tant que fournisseur sp\u00e9cialis\u00e9 dans les compos\u00e9s de bore, nous allons au-del\u00e0 des produits standard \u00e0 base d&rsquo;hexaborure de calcium pour devenir votre partenaire de solutions face aux d\u00e9fis techniques. Gr\u00e2ce \u00e0 des technologies avanc\u00e9es de synth\u00e8se et de purification, nous garantissons une puret\u00e9, une taille de particules et des performances constantes pour tous nos produits.<\/p>\n","protected":false},"excerpt":{"rendered":"<p>Pr\u00e9sentation de la poudre de borure de calcium La poudre de borure de calcium est une poudre c\u00e9ramique haute performance dot\u00e9e d&rsquo;une structure cristalline unique, d&rsquo;apparence noire ou gris-noir. R\u00e9put\u00e9e pour sa duret\u00e9 exceptionnelle, son excellente conductivit\u00e9 \u00e9lectrique et ses capacit\u00e9s remarquables d&rsquo;absorption des neutrons, elle est une mati\u00e8re premi\u00e8re essentielle dans les mat\u00e9riaux structurels [&hellip;]<\/p>\n","protected":false},"featured_media":49771,"template":"","meta":{"_acf_changed":false},"product_brand":[132],"product_cat":[710],"product_tag":[7381],"class_list":{"0":"post-49770","1":"product","2":"type-product","3":"status-publish","4":"has-post-thumbnail","6":"product_brand-ulpmat","7":"product_cat-materiaux-refractaires","8":"product_tag-poudre-de-borure-de-calcium","10":"first","11":"instock","12":"shipping-taxable","13":"product-type-variable"},"acf":[],"_links":{"self":[{"href":"https:\/\/ulpmat.com\/fr\/wp-json\/wp\/v2\/product\/49770","targetHints":{"allow":["GET"]}}],"collection":[{"href":"https:\/\/ulpmat.com\/fr\/wp-json\/wp\/v2\/product"}],"about":[{"href":"https:\/\/ulpmat.com\/fr\/wp-json\/wp\/v2\/types\/product"}],"wp:featuredmedia":[{"embeddable":true,"href":"https:\/\/ulpmat.com\/fr\/wp-json\/wp\/v2\/media\/49771"}],"wp:attachment":[{"href":"https:\/\/ulpmat.com\/fr\/wp-json\/wp\/v2\/media?parent=49770"}],"wp:term":[{"taxonomy":"product_brand","embeddable":true,"href":"https:\/\/ulpmat.com\/fr\/wp-json\/wp\/v2\/product_brand?post=49770"},{"taxonomy":"product_cat","embeddable":true,"href":"https:\/\/ulpmat.com\/fr\/wp-json\/wp\/v2\/product_cat?post=49770"},{"taxonomy":"product_tag","embeddable":true,"href":"https:\/\/ulpmat.com\/fr\/wp-json\/wp\/v2\/product_tag?post=49770"}],"curies":[{"name":"wp","href":"https:\/\/api.w.org\/{rel}","templated":true}]}}