{"id":49734,"date":"2026-01-12T14:47:27","date_gmt":"2026-01-12T06:47:27","guid":{"rendered":"https:\/\/ulpmat.com\/product\/chlorure-de-calcium\/"},"modified":"2026-01-12T14:47:27","modified_gmt":"2026-01-12T06:47:27","slug":"chlorure-de-calcium","status":"publish","type":"product","link":"https:\/\/ulpmat.com\/fr\/produit\/chlorure-de-calcium\/","title":{"rendered":"Chlorure de calcium"},"content":{"rendered":"<h2><span style=\"font-size: 14pt;\">Pr\u00e9sentation du chlorure de calcium en poudre<\/span><\/h2>\n<p><span style=\"color: #0000ff;\"><a style=\"color: #0000ff;\" href=\"https:\/\/ulpmat.com\/fr\/recherche\/?type=name&#038;keyword=Calcium+chloride\">Le chlorure de calcium<\/a><\/span><br \/>\nen poudre est un compos\u00e9 salin inorganique qui se pr\u00e9sente g\u00e9n\u00e9ralement sous forme de granul\u00e9s blancs ou de poudre. Il pr\u00e9sente une forte hygroscopicit\u00e9 et solubilit\u00e9. Largement utilis\u00e9 dans des secteurs tels que la fabrication, la construction, la transformation alimentaire et la protection de l&rsquo;environnement, il sert de mati\u00e8re premi\u00e8re chimique fondamentale et essentielle.<\/p>\n<p>Nous proposons de la poudre de chlorure de calcium de haute puret\u00e9 avec des options d&#8217;emballage personnalis\u00e9es et de fourniture en vrac. Pour obtenir des sp\u00e9cifications d\u00e9taill\u00e9es et des informations sur les prix, n&rsquo;h\u00e9sitez pas \u00e0 <span style=\"color: #0000ff;\"><a style=\"color: #0000ff;\" href=\"https:\/\/ulpmat.com\/fr\/contactez-nous\/\">nous contacter<\/a><\/span><br \/>\n\u00e0 tout moment.<\/p>\n<h2><span style=\"font-size: 14pt;\">Points forts du produit<\/span><\/h2>\n<p>Haute puret\u00e9<br \/>\nFaible teneur en impuret\u00e9s<br \/>\nQualit\u00e9 constante<br \/>\nForte hygroscopicit\u00e9<br \/>\nDissolution rapide<br \/>\nHaute efficacit\u00e9<br \/>\nPlusieurs sp\u00e9cifications disponibles<br \/>\nTaille des particules personnalisable<br \/>\nApplication s\u00fbre et fiable<\/p>\n<h2><span style=\"font-size: 14pt;\">Applications de la poudre de chlorure de calcium<\/span><\/h2>\n<p><strong>Fonte de la neige et de la glace :<\/strong><br \/>\nEn tant qu&rsquo;agent de d\u00e9givrage \u00e9cologique, il abaisse rapidement le point de cong\u00e9lation pour \u00e9liminer efficacement la neige et la glace des routes, des a\u00e9roports et d&rsquo;autres surfaces tout en minimisant les dommages caus\u00e9s \u00e0 la chauss\u00e9e et \u00e0 la v\u00e9g\u00e9tation.<br \/>\n<strong>S\u00e9chage et contr\u00f4le de l&rsquo;humidit\u00e9 :<\/strong><br \/>\nGr\u00e2ce \u00e0 ses propri\u00e9t\u00e9s hygroscopiques exceptionnelles, il est largement utilis\u00e9 pour le s\u00e9chage des gaz, liquides et solides industriels, et sert de barri\u00e8re contre l&rsquo;humidit\u00e9 dans les entrep\u00f4ts et pendant le transport.<br \/>\n<strong>Applications dans le secteur de la construction :<\/strong><br \/>\nl&rsquo;ajout de chlorure de calcium au b\u00e9ton acc\u00e9l\u00e8re la prise et le d\u00e9veloppement pr\u00e9coce de la r\u00e9sistance, am\u00e9liorant ainsi l&rsquo;efficacit\u00e9 de la construction, ce qui est particuli\u00e8rement adapt\u00e9 aux projets \u00e0 basse temp\u00e9rature.<br \/>\n<strong>Transformation alimentaire et produits pharmaceutiques :<\/strong><br \/>\nle chlorure de calcium de qualit\u00e9 alimentaire sert de coagulant, de stabilisateur ou d&rsquo;enrichisseur en calcium dans les produits \u00e0 base de soja, les boissons et les compl\u00e9ments alimentaires, r\u00e9pondant ainsi aux normes de s\u00e9curit\u00e9 et alimentaires.<\/p>\n<h2><span style=\"color: #0000ff; font-size: 14pt;\"><a style=\"color: #0000ff;\" href=\"https:\/\/ulpmat.com\/fr\/societe\/faq\/\">FAQ<\/a><\/span><\/h2>\n<p>Q1 : L&rsquo;agglom\u00e9ration du chlorure de calcium apr\u00e8s absorption d&rsquo;humidit\u00e9 affecte-t-elle ses performances ?<br \/>\nR1 : L&rsquo;agglom\u00e9ration est une caract\u00e9ristique normale de ses propri\u00e9t\u00e9s hygroscopiques. Il peut \u00eatre broy\u00e9 et utilis\u00e9 sans que ses propri\u00e9t\u00e9s chimiques ne soient affect\u00e9es. Nous recommandons de le stocker dans un environnement sec et herm\u00e9tique afin de prolonger son \u00e9tat pulv\u00e9rulent.<\/p>\n<p>Q2 : Est-il possible d&rsquo;obtenir de petits \u00e9chantillons \u00e0 des fins de test ?<br \/>\nR2 : Oui. Nous envoyons des \u00e9chantillons \u00e0 nos clients afin qu&rsquo;ils puissent tester la qualit\u00e9 et les applications du produit. Les conditions sp\u00e9cifiques relatives aux \u00e9chantillons peuvent \u00eatre confirm\u00e9es en consultant nos services commerciaux ou techniques.<\/p>\n<p>Q3 : Comment la poudre de chlorure de calcium doit-elle \u00eatre stock\u00e9e ?<br \/>\nA3 : Conservez-la dans un r\u00e9cipient herm\u00e9tique, dans un environnement frais et sec, en la prot\u00e9geant rigoureusement de l&rsquo;humidit\u00e9.<\/p>\n<p>Q4 : Dans quels secteurs la poudre de chlorure de calcium est-elle g\u00e9n\u00e9ralement utilis\u00e9e ?<br \/>\nA4 : Dans l&rsquo;industrie, elle est principalement utilis\u00e9e dans des applications critiques telles que le s\u00e9chage anti-humidit\u00e9, le d\u00e9givrage des routes, l&rsquo;am\u00e9lioration de la r\u00e9sistance initiale du b\u00e9ton et le forage p\u00e9trolier.<\/p>\n<h2><span style=\"font-size: 14pt;\">Rapport<\/span><\/h2>\n<p>Chaque lot est fourni avec :<br \/>\n<span style=\"color: #0000ff;\"><a style=\"color: #0000ff;\" href=\"https:\/\/ulpmat.com\/fr\/documents\/certificat-danalyse\/\"><u>Certificat d&rsquo;analyse (COA)<\/u><\/a><\/span><\/p>\n<p><span style=\"color: #0000ff;\"><a style=\"color: #0000ff;\" href=\"https:\/\/ulpmat.com\/fr\/documents\/fiche-technique\/\"><u>Fiche technique (TDS)<\/u><\/a><\/span><\/p>\n<p><span style=\"color: #0000ff;\"><a style=\"color: #0000ff;\" href=\"https:\/\/ulpmat.com\/fr\/documents\/fiche-de-donnees-de-securite\/\"><u>Fiche de donn\u00e9es de s\u00e9curit\u00e9 (MSDS)<\/u><\/a><\/span><br \/>\nRapports d&rsquo;essais effectu\u00e9s par des tiers disponibles sur demande<\/p>\n<h2><span style=\"font-size: 14pt;\">Pourquoi nous choisir ?<\/span><\/h2>\n<p>Nous ne sommes pas seulement un fournisseur de produits \u00e0 base de chlorure de calcium, mais aussi votre partenaire de confiance pour diverses applications industrielles. Gr\u00e2ce \u00e0 nos installations de production \u00e0 grande \u00e9chelle et \u00e0 nos syst\u00e8mes de contr\u00f4le qualit\u00e9 rigoureux, nous garantissons que chaque \u00e9tape, des mati\u00e8res premi\u00e8res aux produits finis, r\u00e9pond \u00e0 des normes strictes.<\/p>\n","protected":false},"excerpt":{"rendered":"<p>Pr\u00e9sentation du chlorure de calcium en poudre Le chlorure de calcium en poudre est un compos\u00e9 salin inorganique qui se pr\u00e9sente g\u00e9n\u00e9ralement sous forme de granul\u00e9s blancs ou de poudre. Il pr\u00e9sente une forte hygroscopicit\u00e9 et solubilit\u00e9. Largement utilis\u00e9 dans des secteurs tels que la fabrication, la construction, la transformation alimentaire et la protection de [&hellip;]<\/p>\n","protected":false},"featured_media":49735,"template":"","meta":{"_acf_changed":false},"product_brand":[132],"product_cat":[313],"product_tag":[7369],"class_list":{"0":"post-49734","1":"product","2":"type-product","3":"status-publish","4":"has-post-thumbnail","6":"product_brand-ulpmat","7":"product_cat-materiaux-halogenes","8":"product_tag-chlorure-de-calcium-en-poudre","10":"first","11":"instock","12":"shipping-taxable","13":"product-type-variable"},"acf":[],"_links":{"self":[{"href":"https:\/\/ulpmat.com\/fr\/wp-json\/wp\/v2\/product\/49734","targetHints":{"allow":["GET"]}}],"collection":[{"href":"https:\/\/ulpmat.com\/fr\/wp-json\/wp\/v2\/product"}],"about":[{"href":"https:\/\/ulpmat.com\/fr\/wp-json\/wp\/v2\/types\/product"}],"wp:featuredmedia":[{"embeddable":true,"href":"https:\/\/ulpmat.com\/fr\/wp-json\/wp\/v2\/media\/49735"}],"wp:attachment":[{"href":"https:\/\/ulpmat.com\/fr\/wp-json\/wp\/v2\/media?parent=49734"}],"wp:term":[{"taxonomy":"product_brand","embeddable":true,"href":"https:\/\/ulpmat.com\/fr\/wp-json\/wp\/v2\/product_brand?post=49734"},{"taxonomy":"product_cat","embeddable":true,"href":"https:\/\/ulpmat.com\/fr\/wp-json\/wp\/v2\/product_cat?post=49734"},{"taxonomy":"product_tag","embeddable":true,"href":"https:\/\/ulpmat.com\/fr\/wp-json\/wp\/v2\/product_tag?post=49734"}],"curies":[{"name":"wp","href":"https:\/\/api.w.org\/{rel}","templated":true}]}}