{"id":49554,"date":"2026-01-12T14:47:30","date_gmt":"2026-01-12T06:47:30","guid":{"rendered":"https:\/\/ulpmat.com\/product\/hydrure-de-calcium\/"},"modified":"2026-01-12T14:47:30","modified_gmt":"2026-01-12T06:47:30","slug":"hydrure-de-calcium","status":"publish","type":"product","link":"https:\/\/ulpmat.com\/fr\/produit\/hydrure-de-calcium\/","title":{"rendered":"Hydrure de calcium"},"content":{"rendered":"<h2><span style=\"font-size: 14pt;\">Pr\u00e9sentation de la poudre d&rsquo;hydrure de calcium<\/span><\/h2>\n<p>La poudre<br \/>\n<span style=\"color: #0000ff;\"><a style=\"color: #0000ff;\" href=\"https:\/\/ulpmat.com\/fr\/recherche\/?type=name&#038;keyword=Calcium+hydride\">d&rsquo;hydrure de calcium<\/a><\/span><br \/>\nest un compos\u00e9 inorganique compos\u00e9 de calcium et d&rsquo;hydrog\u00e8ne, qui se pr\u00e9sente g\u00e9n\u00e9ralement sous forme de poudre blanc gris\u00e2tre ou de morceaux. Elle pr\u00e9sente une forte hygroscopicit\u00e9 et r\u00e9activit\u00e9. Principalement utilis\u00e9e comme agent r\u00e9ducteur puissant, d\u00e9shydratant tr\u00e8s efficace et source d&rsquo;hydrog\u00e8ne portable, elle trouve de nombreuses applications dans la synth\u00e8se organique, la fusion de m\u00e9taux sp\u00e9ciaux et la recherche scientifique.<\/p>\n<p>Nous proposons de la poudre d&rsquo;hydrure de calcium de diff\u00e9rentes puret\u00e9s et tailles de particules, avec une production personnalis\u00e9e et un emballage s\u00e9curis\u00e9 adapt\u00e9 \u00e0 vos exigences de processus. Pour obtenir des sp\u00e9cifications techniques ou discuter d&rsquo;une collaboration, n&rsquo;h\u00e9sitez pas \u00e0 <span style=\"color: #0000ff;\"><a style=\"color: #0000ff;\" href=\"https:\/\/ulpmat.com\/fr\/contactez-nous\/\">nous contacter<\/a><\/span><br \/>\n\u00e0 tout moment.<\/p>\n<h2><span style=\"font-size: 14pt;\">Points forts du produit<\/span><\/h2>\n<p>Haute puret\u00e9 chimique pour une efficacit\u00e9 de r\u00e9action exceptionnelle<br \/>\nTaille de particules uniforme et contr\u00f4lable pour un dosage et une dispersion pr\u00e9cis<br \/>\nEmballage herm\u00e9tique garantissant la stabilit\u00e9 du stockage<br \/>\nTaux de lib\u00e9ration d&rsquo;hydrog\u00e8ne \u00e9lev\u00e9 avec une puret\u00e9 d&rsquo;hydrog\u00e8ne sup\u00e9rieure<\/p>\n<h2><span style=\"font-size: 14pt;\">Applications de la poudre d&rsquo;hydrure de calcium<\/span><\/h2>\n<p><strong>Synth\u00e8se organique et r\u00e9duction chimique :<\/strong><br \/>\nen tant qu&rsquo;agent r\u00e9ducteur puissant, il r\u00e9duit efficacement les groupes fonctionnels contenant de l&rsquo;oxyg\u00e8ne (par exemple, les ald\u00e9hydes, les c\u00e9tones) en alcools ou \u00e9limine les halog\u00e8nes des halog\u00e9nures, jouant un r\u00f4le essentiel dans la synth\u00e8se des interm\u00e9diaires chimiques fins et pharmaceutiques.<br \/>\n<strong>Agent de s\u00e9chage profond \u00e0 haute efficacit\u00e9 :<\/strong><br \/>\npr\u00e9sente une capacit\u00e9 exceptionnelle de capture de l&rsquo;humidit\u00e9 et des traces d&rsquo;oxyg\u00e8ne, couramment utilis\u00e9 pour s\u00e9cher les solvants organiques sensibles \u00e0 l&rsquo;eau (par exemple, les \u00e9thers, les benz\u00e8nes) et les gaz rares, offrant des performances de s\u00e9chage bien sup\u00e9rieures \u00e0 celles des dessiccants conventionnels.<br \/>\n<strong>M\u00e9tallurgie et pr\u00e9paration de poudres :<\/strong><br \/>\n\u00e0 haute temp\u00e9rature, il sert d&rsquo;agent r\u00e9ducteur pour produire des m\u00e9taux rares de haute puret\u00e9 comme le tantale et le niobium. Il sert \u00e9galement de d\u00e9soxydant pour les poudres m\u00e9talliques telles que le titane et le zirconium.<br \/>\n<strong>Source d&rsquo;hydrog\u00e8ne portable :<\/strong><br \/>\nil r\u00e9agit avec l&rsquo;eau pour g\u00e9n\u00e9rer rapidement de l&rsquo;hydrog\u00e8ne de haute puret\u00e9, offrant une solution s\u00fbre et pratique pour l&rsquo;analyse sur site, les tests de piles \u00e0 combustible ou l&rsquo;approvisionnement en gaz dans des endroits \u00e9loign\u00e9s.<\/p>\n<h2><span style=\"font-size: 14pt; color: #0000ff;\"><a style=\"color: #0000ff;\" href=\"https:\/\/ulpmat.com\/fr\/societe\/faq\/\">FAQ<\/a><\/span><\/h2>\n<p>Q1 : Quels sont les principaux risques li\u00e9s \u00e0 la manipulation et au stockage de l&rsquo;hydrure de calcium ?<br \/>\nR1 : Le principal risque provient de sa r\u00e9action violente avec l&rsquo;humidit\u00e9 (y compris l&rsquo;humidit\u00e9 atmosph\u00e9rique), qui lib\u00e8re de l&rsquo;hydrog\u00e8ne gazeux inflammable et explosif tout en g\u00e9n\u00e9rant une chaleur importante. Il est essentiel de l&rsquo;isoler strictement de l&rsquo;air et de l&rsquo;humidit\u00e9 ; manipulez-le et stockez-le dans des atmosph\u00e8res s\u00e8ches et inertes.<\/p>\n<p>Q2 : Comment \u00e9liminer les d\u00e9chets d&rsquo;hydrure de calcium en toute s\u00e9curit\u00e9 ?<br \/>\nR2 : Ne pas jeter directement. Le d\u00e9sactiver \u00e0 l&rsquo;aide d&rsquo;une m\u00e9thode lente et contr\u00f4l\u00e9e (par exemple, en ajoutant par lots de grandes quantit\u00e9s d&rsquo;alcool isopropylique anhydre ou d&rsquo;huile min\u00e9rale tout en remuant soigneusement). Une fois la r\u00e9action termin\u00e9e et qu&rsquo;il n&rsquo;y a plus de production de gaz, l&rsquo;\u00e9liminer comme un d\u00e9chet chimique dans une installation sp\u00e9cialis\u00e9e.<\/p>\n<p>Q3 : En tant que dessiccant, quels avantages pr\u00e9sente-t-il par rapport aux tamis mol\u00e9culaires et au gel de silice ?<br \/>\nA3 : Sa capacit\u00e9 de s\u00e9chage (teneur en humidit\u00e9 r\u00e9siduelle apr\u00e8s s\u00e9chage) d\u00e9passe de loin celle des tamis mol\u00e9culaires et du gel de silice, permettant d&rsquo;atteindre des points de ros\u00e9e extr\u00eamement bas adapt\u00e9s aux applications de s\u00e9chage en profondeur les plus exigeantes. Cependant, il est plus co\u00fbteux, n\u00e9cessite des conditions de fonctionnement strictes et ne peut pas \u00eatre r\u00e9g\u00e9n\u00e9r\u00e9.<\/p>\n<p>Q4 : Quelle est la puret\u00e9 de l&rsquo;hydrog\u00e8ne produit par la r\u00e9action ? Contient-il d&rsquo;autres gaz impurs ?<br \/>\nA4 : L&rsquo;hydrure de calcium produit th\u00e9oriquement de l&rsquo;hydrog\u00e8ne pur lorsqu&rsquo;il r\u00e9agit avec l&rsquo;eau. Cependant, si des impuret\u00e9s sont pr\u00e9sentes dans les mati\u00e8res premi\u00e8res ou dans l&rsquo;eau, des gaz \u00e0 l&rsquo;\u00e9tat de traces (tels que l&rsquo;ammoniac ou la phosphine) peuvent \u00eatre introduits. Pour les applications n\u00e9cessitant une puret\u00e9 extr\u00eamement \u00e9lev\u00e9e, il est recommand\u00e9 de purifier le gaz produit ou d&rsquo;utiliser des mati\u00e8res premi\u00e8res de tr\u00e8s haute puret\u00e9.<\/p>\n<h2><span style=\"font-size: 14pt;\">Rapport<\/span><\/h2>\n<p>Chaque lot est fourni avec :<br \/>\n<span style=\"color: #0000ff;\"><a style=\"color: #0000ff;\" href=\"https:\/\/ulpmat.com\/fr\/documents\/certificat-danalyse\/\"><u>Certificat d&rsquo;analyse (COA)<\/u><\/a><\/span><\/p>\n<p><span style=\"color: #0000ff;\"><a style=\"color: #0000ff;\" href=\"https:\/\/ulpmat.com\/fr\/documents\/fiche-technique\/\"><u>Fiche technique (TDS)<\/u><\/a><\/span><\/p>\n<p><span style=\"color: #0000ff;\"><a style=\"color: #0000ff;\" href=\"https:\/\/ulpmat.com\/fr\/documents\/fiche-de-donnees-de-securite\/\"><u>Fiche de donn\u00e9es de s\u00e9curit\u00e9 (MSDS)<\/u><\/a><\/span><br \/>\nRapports d&rsquo;essais effectu\u00e9s par des tiers disponibles sur demande<\/p>\n<h2><span style=\"font-size: 14pt;\">Pourquoi nous choisir ?<\/span><\/h2>\n<p>Nous sommes sp\u00e9cialis\u00e9s dans la R&amp;D et la production s\u00fbre de mat\u00e9riaux hydrures m\u00e9talliques hautement r\u00e9actifs, et disposons d&rsquo;une expertise approfondie dans la gestion des exigences r\u00e9glementaires et des d\u00e9fis techniques li\u00e9s aux produits chimiques sp\u00e9cialis\u00e9s tels que l&rsquo;hydrure de calcium. Nous fournissons non seulement des produits de haute qualit\u00e9, mais nous accordons \u00e9galement la priorit\u00e9 \u00e0 la fourniture de conseils op\u00e9rationnels s\u00fbrs et standardis\u00e9s.<\/p>\n","protected":false},"excerpt":{"rendered":"<p>Pr\u00e9sentation de la poudre d&rsquo;hydrure de calcium La poudre d&rsquo;hydrure de calcium est un compos\u00e9 inorganique compos\u00e9 de calcium et d&rsquo;hydrog\u00e8ne, qui se pr\u00e9sente g\u00e9n\u00e9ralement sous forme de poudre blanc gris\u00e2tre ou de morceaux. Elle pr\u00e9sente une forte hygroscopicit\u00e9 et r\u00e9activit\u00e9. Principalement utilis\u00e9e comme agent r\u00e9ducteur puissant, d\u00e9shydratant tr\u00e8s efficace et source d&rsquo;hydrog\u00e8ne portable, elle [&hellip;]<\/p>\n","protected":false},"featured_media":49555,"template":"","meta":{"_acf_changed":false},"product_brand":[132],"product_cat":[335],"product_tag":[7327],"class_list":{"0":"post-49554","1":"product","2":"type-product","3":"status-publish","4":"has-post-thumbnail","6":"product_brand-ulpmat","7":"product_cat-oxydes","8":"product_tag-hydrure-de-calcium-poudre","10":"first","11":"instock","12":"shipping-taxable","13":"product-type-variable"},"acf":[],"_links":{"self":[{"href":"https:\/\/ulpmat.com\/fr\/wp-json\/wp\/v2\/product\/49554","targetHints":{"allow":["GET"]}}],"collection":[{"href":"https:\/\/ulpmat.com\/fr\/wp-json\/wp\/v2\/product"}],"about":[{"href":"https:\/\/ulpmat.com\/fr\/wp-json\/wp\/v2\/types\/product"}],"wp:featuredmedia":[{"embeddable":true,"href":"https:\/\/ulpmat.com\/fr\/wp-json\/wp\/v2\/media\/49555"}],"wp:attachment":[{"href":"https:\/\/ulpmat.com\/fr\/wp-json\/wp\/v2\/media?parent=49554"}],"wp:term":[{"taxonomy":"product_brand","embeddable":true,"href":"https:\/\/ulpmat.com\/fr\/wp-json\/wp\/v2\/product_brand?post=49554"},{"taxonomy":"product_cat","embeddable":true,"href":"https:\/\/ulpmat.com\/fr\/wp-json\/wp\/v2\/product_cat?post=49554"},{"taxonomy":"product_tag","embeddable":true,"href":"https:\/\/ulpmat.com\/fr\/wp-json\/wp\/v2\/product_tag?post=49554"}],"curies":[{"name":"wp","href":"https:\/\/api.w.org\/{rel}","templated":true}]}}