{"id":49404,"date":"2026-01-12T14:47:32","date_gmt":"2026-01-12T06:47:32","guid":{"rendered":"https:\/\/ulpmat.com\/product\/seleniure-de-calcium-2\/"},"modified":"2026-01-12T14:47:32","modified_gmt":"2026-01-12T06:47:32","slug":"seleniure-de-calcium-2","status":"publish","type":"product","link":"https:\/\/ulpmat.com\/fr\/produit\/seleniure-de-calcium-2\/","title":{"rendered":"S\u00e9l\u00e9niure de calcium"},"content":{"rendered":"<h2><span style=\"font-size: 14pt;\">Pr\u00e9sentation des granul\u00e9s de s\u00e9l\u00e9niure de calcium<\/span><\/h2>\n<p>Les granul\u00e9s<br \/>\n<span style=\"color: #0000ff;\"><a style=\"color: #0000ff;\" href=\"https:\/\/ulpmat.com\/fr\/recherche\/?type=name&#038;keyword=Calcium+selenide\">de s\u00e9l\u00e9niure de calcium<\/a><\/span><br \/>\nsont un compos\u00e9 form\u00e9 par la combinaison du calcium et du s\u00e9l\u00e9nium. Se pr\u00e9sentant sous une forme granulaire stable, ils allient la stabilit\u00e9 du calcium \u00e0 l&rsquo;activit\u00e9 biologique du s\u00e9l\u00e9nium. Ils sont principalement utilis\u00e9s dans la fabrication de mat\u00e9riaux avanc\u00e9s et la recherche biom\u00e9dicale.<\/p>\n<p>Nous sommes sp\u00e9cialis\u00e9s dans la fourniture sur mesure de granul\u00e9s de s\u00e9l\u00e9niure de calcium de haute qualit\u00e9, de diff\u00e9rentes puret\u00e9s et tailles de particules, afin de r\u00e9pondre \u00e0 vos besoins en mati\u00e8re de recherche ou de production. <span style=\"color: #0000ff;\"><a style=\"color: #0000ff;\" href=\"https:\/\/ulpmat.com\/fr\/contactez-nous\/\">Contactez-nous<\/a><\/span><br \/>\npour obtenir des solutions sur mesure.<\/p>\n<h2><span style=\"font-size: 14pt;\">Points forts du produit<\/span><\/h2>\n<p>Mat\u00e9riau de haute puret\u00e9<br \/>\nPropri\u00e9t\u00e9s optiques et semi-conductrices uniques<br \/>\nLarge potentiel d&rsquo;application<br \/>\nService personnalis\u00e9<\/p>\n<h2><span style=\"font-size: 14pt;\">Applications des granules de s\u00e9l\u00e9niure de calcium<\/span><\/h2>\n<p><strong><span style=\"color: #0000ff;\"><a style=\"color: #0000ff;\" href=\"https:\/\/ulpmat.com\/fr\/candidature\/materiaux-semi-conducteurs\/\">Semi-conducteurs<\/a> <\/span>et <span style=\"color: #0000ff;\"><a style=\"color: #0000ff;\" href=\"https:\/\/ulpmat.com\/fr\/candidature\/materiaux-optiques\/\">opto\u00e9lectronique<\/a><\/span> :<\/strong><br \/>\nle s\u00e9l\u00e9niure de calcium sert de couche fonctionnelle dans les transistors \u00e0 couche mince et les dispositifs opto\u00e9lectroniques, am\u00e9liorant les performances gr\u00e2ce \u00e0 un transport efficace des charges et \u00e0 des propri\u00e9t\u00e9s de photoluminescence.<br \/>\n<strong>Cellules <span style=\"color: #0000ff;\"><a style=\"color: #0000ff;\" href=\"https:\/\/ulpmat.com\/fr\/candidature\/solaire-photovoltaique\/\">solaires<\/a><\/span> photovolta\u00efques :<\/strong><br \/>\nen tant que mat\u00e9riau de couche absorbante, le s\u00e9l\u00e9niure de calcium pr\u00e9sente des coefficients d&rsquo;absorption de la lumi\u00e8re \u00e9lev\u00e9s, am\u00e9liorant consid\u00e9rablement l&rsquo;efficacit\u00e9 de la conversion photovolta\u00efque.<br \/>\n<strong>Stockage d&rsquo;\u00e9nergie de nouvelle g\u00e9n\u00e9ration :<\/strong><br \/>\nle s\u00e9l\u00e9niure de calcium est un candidat prometteur pour les mat\u00e9riaux d&rsquo;\u00e9lectrodes des batteries \u00e0 ions calcium. Tirant parti des ressources abondantes en calcium et des avantages en termes de co\u00fbt, ces batteries repr\u00e9sentent une alternative viable aux batteries lithium-ion.<br \/>\n<strong>Recherche biom\u00e9dicale :<\/strong><br \/>\ndes \u00e9tudes indiquent que les mat\u00e9riaux \u00e0 base de calcium dop\u00e9s au s\u00e9l\u00e9nium (par exemple, le phosphate de calcium) pr\u00e9sentent une activit\u00e9 antimicrobienne am\u00e9lior\u00e9e. Le s\u00e9l\u00e9niure de calcium peut servir de source de s\u00e9l\u00e9nium pour le d\u00e9veloppement de rev\u00eatements d&rsquo;implants ou de bio-\u00e9chafaudages antimicrobiens.<\/p>\n<h2><span style=\"color: #0000ff;\"><a style=\"color: #0000ff;\" href=\"https:\/\/ulpmat.com\/fr\/societe\/faq\/\"><span style=\"font-size: 14pt;\">FAQ<\/span><\/a><\/span><\/h2>\n<p>Q1 : Comment les granul\u00e9s de s\u00e9l\u00e9niure de calcium doivent-ils \u00eatre conserv\u00e9s ?<br \/>\nA1 : Ce produit doit \u00eatre conserv\u00e9 dans un r\u00e9cipient herm\u00e9tiquement ferm\u00e9, \u00e0 l&rsquo;abri de la lumi\u00e8re, dans un environnement sec, frais et bien ventil\u00e9 afin de pr\u00e9server sa stabilit\u00e9 et son activit\u00e9. Prenez des pr\u00e9cautions contre l&rsquo;humidit\u00e9 pendant l&rsquo;utilisation.<\/p>\n<p>Q2 : Puis-je demander des \u00e9chantillons avant d&rsquo;acheter ?<br \/>\nR2 : Oui. Nous fournissons g\u00e9n\u00e9ralement de petits \u00e9chantillons gratuits \u00e0 des fins de test et d&rsquo;\u00e9valuation. Les clients ne doivent prendre en charge que les frais d&rsquo;exp\u00e9dition.<\/p>\n<p>Q3 : Comment la puret\u00e9 et la qualit\u00e9 du produit sont-elles garanties ?<br \/>\nR3 : Chaque lot que nous fournissons est conforme aux normes nationales, et un rapport d&rsquo;inspection de la qualit\u00e9 est fourni avec chaque exp\u00e9dition. Les clients peuvent v\u00e9rifier la conformit\u00e9 aux normes applicables d\u00e8s r\u00e9ception.<\/p>\n<p>Q4 : Que dois-je faire si j&rsquo;ai des questions sur la quantit\u00e9 ou la qualit\u00e9 du produit re\u00e7u ?<br \/>\nA4 : Si vous avez des inqui\u00e9tudes concernant la quantit\u00e9 ou la qualit\u00e9 du produit, veuillez nous faire part de vos commentaires d\u00e8s r\u00e9ception de la marchandise. Nous coop\u00e9rerons activement pour r\u00e9soudre le probl\u00e8me.<\/p>\n<h2><span style=\"font-size: 14pt;\">Rapport<\/span><\/h2>\n<p>Chaque lot est fourni avec :<br \/>\n<span style=\"color: #0000ff;\"><a style=\"color: #0000ff;\" href=\"https:\/\/ulpmat.com\/fr\/documents\/certificat-danalyse\/\"><u>Certificat d&rsquo;analyse (COA)<\/u><\/a><\/span><\/p>\n<p><span style=\"color: #0000ff;\"><a style=\"color: #0000ff;\" href=\"https:\/\/ulpmat.com\/fr\/documents\/fiche-technique\/\"><u>Fiche technique (TDS)<\/u><\/a><\/span><\/p>\n<p><span style=\"color: #0000ff;\"><a style=\"color: #0000ff;\" href=\"https:\/\/ulpmat.com\/fr\/documents\/fiche-de-donnees-de-securite\/\"><u>Fiche de donn\u00e9es de s\u00e9curit\u00e9 (MSDS)<\/u><\/a><\/span><br \/>\nRapport d&rsquo;inspection des dimensions<br \/>\nRapports d&rsquo;essais effectu\u00e9s par des tiers disponibles sur demande<\/p>\n<h2><span style=\"font-size: 14pt;\">Pourquoi nous choisir ?<\/span><\/h2>\n<p>Nous choisir, c&rsquo;est gagner un partenaire fiable et professionnel. Nous fournissons non seulement des produits standard de haute puret\u00e9, mais nous accordons \u00e9galement la priorit\u00e9 \u00e0 la compr\u00e9hension des exigences sp\u00e9cifiques de votre projet, en offrant des services complets allant de la consultation technique et de la personnalisation des sp\u00e9cifications au support apr\u00e8s-vente. Nous nous engageons \u00e0 am\u00e9liorer l&rsquo;efficacit\u00e9 et la fluidit\u00e9 de vos processus de recherche ou de production gr\u00e2ce \u00e0 des produits haut de gamme et un service attentif, afin de faire progresser ensemble l&rsquo;innovation technologique.<\/p>\n","protected":false},"excerpt":{"rendered":"<p>Pr\u00e9sentation des granul\u00e9s de s\u00e9l\u00e9niure de calcium Les granul\u00e9s de s\u00e9l\u00e9niure de calcium sont un compos\u00e9 form\u00e9 par la combinaison du calcium et du s\u00e9l\u00e9nium. Se pr\u00e9sentant sous une forme granulaire stable, ils allient la stabilit\u00e9 du calcium \u00e0 l&rsquo;activit\u00e9 biologique du s\u00e9l\u00e9nium. Ils sont principalement utilis\u00e9s dans la fabrication de mat\u00e9riaux avanc\u00e9s et la [&hellip;]<\/p>\n","protected":false},"featured_media":49405,"template":"","meta":{"_acf_changed":false},"product_brand":[132],"product_cat":[296],"product_tag":[7291],"class_list":{"0":"post-49404","1":"product","2":"type-product","3":"status-publish","4":"has-post-thumbnail","6":"product_brand-ulpmat","7":"product_cat-materiaux-devaporation","8":"product_tag-granules-de-seleniure-de-calcium","10":"first","11":"instock","12":"shipping-taxable","13":"product-type-variable"},"acf":[],"_links":{"self":[{"href":"https:\/\/ulpmat.com\/fr\/wp-json\/wp\/v2\/product\/49404","targetHints":{"allow":["GET"]}}],"collection":[{"href":"https:\/\/ulpmat.com\/fr\/wp-json\/wp\/v2\/product"}],"about":[{"href":"https:\/\/ulpmat.com\/fr\/wp-json\/wp\/v2\/types\/product"}],"wp:featuredmedia":[{"embeddable":true,"href":"https:\/\/ulpmat.com\/fr\/wp-json\/wp\/v2\/media\/49405"}],"wp:attachment":[{"href":"https:\/\/ulpmat.com\/fr\/wp-json\/wp\/v2\/media?parent=49404"}],"wp:term":[{"taxonomy":"product_brand","embeddable":true,"href":"https:\/\/ulpmat.com\/fr\/wp-json\/wp\/v2\/product_brand?post=49404"},{"taxonomy":"product_cat","embeddable":true,"href":"https:\/\/ulpmat.com\/fr\/wp-json\/wp\/v2\/product_cat?post=49404"},{"taxonomy":"product_tag","embeddable":true,"href":"https:\/\/ulpmat.com\/fr\/wp-json\/wp\/v2\/product_tag?post=49404"}],"curies":[{"name":"wp","href":"https:\/\/api.w.org\/{rel}","templated":true}]}}