{"id":49241,"date":"2026-01-13T09:49:47","date_gmt":"2026-01-13T01:49:47","guid":{"rendered":"https:\/\/ulpmat.com\/product\/carbonate-de-potassium\/"},"modified":"2026-01-13T09:49:47","modified_gmt":"2026-01-13T01:49:47","slug":"carbonate-de-potassium","status":"publish","type":"product","link":"https:\/\/ulpmat.com\/fr\/produit\/carbonate-de-potassium\/","title":{"rendered":"Carbonate de potassium"},"content":{"rendered":"<h2><span style=\"font-size: 14pt;\">Pr\u00e9sentation de la poudre de carbonate de potassium<\/span><\/h2>\n<p>La poudre<br \/>\n<span style=\"color: #0000ff;\"><a style=\"color: #0000ff;\" href=\"https:\/\/ulpmat.com\/fr\/recherche\/?type=name&#038;keyword=Potassium+carbonate\">de carbonate de potassium<\/a><\/span><br \/>\nest une mati\u00e8re premi\u00e8re alcaline inorganique importante qui pr\u00e9sente une bonne solubilit\u00e9 dans l&rsquo;eau et une bonne stabilit\u00e9 chimique. Ce produit est largement utilis\u00e9 dans divers domaines industriels tels que la fabrication du verre, les mat\u00e9riaux \u00e9lectroniques, la synth\u00e8se chimique et les nouvelles \u00e9nergies.<\/p>\n<p>Nous pouvons fournir des lots stables de poudre de carbonate de potassium dans diff\u00e9rentes sp\u00e9cifications en fonction des besoins de chaque industrie. Veuillez <span style=\"color: #0000ff;\"><a style=\"color: #0000ff;\" href=\"https:\/\/ulpmat.com\/fr\/contactez-nous\/\">nous contacter<\/a><\/span><br \/>\npour obtenir des informations techniques et un devis.<\/p>\n<h2><span style=\"font-size: 14pt;\">Points forts du produit<\/span><\/h2>\n<p>Contr\u00f4le de haute puret\u00e9<br \/>\nFaible teneur en impuret\u00e9s<br \/>\nTaille des particules uniforme<br \/>\nBonne coh\u00e9rence des lots<br \/>\nQualit\u00e9 industrielle et haute puret\u00e9 disponibles<br \/>\nBonne solubilit\u00e9<br \/>\nConvient aux processus de production en continu<br \/>\nPeut r\u00e9pondre \u00e0 des exigences techniques personnalis\u00e9es<\/p>\n<h2><span style=\"font-size: 14pt;\">Applications de la poudre de carbonate de potassium<\/span><\/h2>\n<p><strong>Industrie du verre et de la c\u00e9ramique :<\/strong><br \/>\ncouramment utilis\u00e9e comme fondant pour abaisser la temp\u00e9rature de fusion du verre et am\u00e9liorer la transparence et la stabilit\u00e9 chimique du produit fini.<\/p>\n<p><strong>\u00c9lectronique et mat\u00e9riaux fonctionnels :<\/strong><br \/>\ndans la pr\u00e9paration de c\u00e9ramiques \u00e9lectroniques et de certains mat\u00e9riaux fonctionnels, le K\u2082CO\u2083 sert de source alcaline ou de pr\u00e9curseur de r\u00e9action, contribuant \u00e0 la formation de la structure du mat\u00e9riau et \u00e0 la r\u00e9gulation des performances.<\/p>\n<p><strong>Synth\u00e8se chimique et syst\u00e8mes catalytiques :<\/strong><br \/>\nce produit est largement utilis\u00e9 dans les r\u00e9actions de synth\u00e8se organique pour ajuster l&rsquo;alcalinit\u00e9 du syst\u00e8me ou participer \u00e0 la formation d&rsquo;interm\u00e9diaires.<\/p>\n<p><strong>Nouvelles \u00e9nergies et mat\u00e9riaux li\u00e9s <span style=\"color: #0000ff;\"><a style=\"color: #0000ff;\" href=\"https:\/\/ulpmat.com\/fr\/candidature\/materiaux-de-la-batterie\/\">aux batteries<\/a><\/span> :<\/strong><br \/>\ndans certains mat\u00e9riaux de batterie et syst\u00e8mes chimiques li\u00e9s \u00e0 l&rsquo;\u00e9nergie, le K\u2082CO\u2083 peut \u00eatre utilis\u00e9 comme mati\u00e8re premi\u00e8re auxiliaire dans la conception de formulations.<\/p>\n<h2><span style=\"font-size: 14pt; color: #0000ff;\"><a style=\"color: #0000ff;\" href=\"https:\/\/ulpmat.com\/fr\/societe\/faq\/\">FAQ<\/a><\/span><\/h2>\n<p>Q1 : La poudre de carbonate de potassium est-elle hygroscopique ?<br \/>\nA1 : Oui, le carbonate de potassium pr\u00e9sente un certain degr\u00e9 d&rsquo;hygroscopicit\u00e9. Il est recommand\u00e9 de le stocker dans un r\u00e9cipient herm\u00e9tique dans un environnement sec.<\/p>\n<p>Q2 : Quelles sont les diff\u00e9rences entre le K\u2082CO\u2083 et le Na\u2082CO\u2083 dans leurs applications ?<br \/>\nR2 : Le K\u2082CO\u2083 est plus alcalin et pr\u00e9sente une meilleure solubilit\u00e9. Il est souvent utilis\u00e9 dans les syst\u00e8mes ayant des exigences plus \u00e9lev\u00e9es en mati\u00e8re de conditions de r\u00e9action.<\/p>\n<p>Q3 : Peut-il \u00eatre utilis\u00e9 dans des processus \u00e0 haute temp\u00e9rature ?<br \/>\nR3 : Dans des conditions de processus appropri\u00e9es, le carbonate de potassium peut \u00eatre utilis\u00e9 de mani\u00e8re stable dans divers processus de pr\u00e9paration \u00e0 moyenne et haute temp\u00e9rature.<\/p>\n<p>Q4 : Proposez-vous diff\u00e9rentes sp\u00e9cifications en termes de puret\u00e9 ou de taille des particules ?<br \/>\nA4 : Nous pouvons fournir des solutions avec diff\u00e9rents degr\u00e9s de puret\u00e9 et diff\u00e9rentes tailles de particules en fonction des sc\u00e9narios d&rsquo;application sp\u00e9cifiques.<\/p>\n<h2><span style=\"font-size: 14pt;\">Rapport<\/span><\/h2>\n<p>Chaque lot est fourni avec :<br \/>\n<span style=\"color: #0000ff;\"><a style=\"color: #0000ff;\" href=\"https:\/\/ulpmat.com\/fr\/documents\/certificat-danalyse\/\"><u>Certificat d&rsquo;analyse (COA)<\/u><\/a><\/span><\/p>\n<p><span style=\"color: #0000ff;\"><a style=\"color: #0000ff;\" href=\"https:\/\/ulpmat.com\/fr\/documents\/fiche-technique\/\"><u>Fiche technique (TDS)<\/u><\/a><\/span><\/p>\n<p><span style=\"color: #0000ff;\"><a style=\"color: #0000ff;\" href=\"https:\/\/ulpmat.com\/fr\/documents\/fiche-de-donnees-de-securite\/\"><u>Fiche de donn\u00e9es de s\u00e9curit\u00e9 (MSDS)<\/u><\/a><\/span><br \/>\nRapports d&rsquo;essais effectu\u00e9s par des tiers disponibles sur demande<\/p>\n<h2><span style=\"font-size: 14pt;\">Pourquoi nous choisir ?<\/span><\/h2>\n<p>Nous nous concentrons depuis longtemps sur l&rsquo;approvisionnement stable en mati\u00e8res premi\u00e8res chimiques inorganiques, en mettant l&rsquo;accent sur la coh\u00e9rence des produits et l&rsquo;adaptabilit\u00e9 technologique. Nous pouvons fournir \u00e0 nos clients des solutions mat\u00e9rielles claires et fiables, les aidant \u00e0 r\u00e9duire les risques et \u00e0 am\u00e9liorer l&rsquo;efficacit\u00e9 dans les phases de R&amp;D et de production en s\u00e9rie.<\/p>\n","protected":false},"excerpt":{"rendered":"<p>Pr\u00e9sentation de la poudre de carbonate de potassium La poudre de carbonate de potassium est une mati\u00e8re premi\u00e8re alcaline inorganique importante qui pr\u00e9sente une bonne solubilit\u00e9 dans l&rsquo;eau et une bonne stabilit\u00e9 chimique. Ce produit est largement utilis\u00e9 dans divers domaines industriels tels que la fabrication du verre, les mat\u00e9riaux \u00e9lectroniques, la synth\u00e8se chimique et [&hellip;]<\/p>\n","protected":false},"featured_media":49238,"template":"","meta":{"_acf_changed":false},"product_brand":[132],"product_cat":[1184],"product_tag":[7249],"class_list":{"0":"post-49241","1":"product","2":"type-product","3":"status-publish","4":"has-post-thumbnail","6":"product_brand-ulpmat","7":"product_cat-autres-acides","8":"product_tag-carbonate-de-potassium-en-poudre","10":"first","11":"instock","12":"shipping-taxable","13":"product-type-variable"},"acf":[],"_links":{"self":[{"href":"https:\/\/ulpmat.com\/fr\/wp-json\/wp\/v2\/product\/49241","targetHints":{"allow":["GET"]}}],"collection":[{"href":"https:\/\/ulpmat.com\/fr\/wp-json\/wp\/v2\/product"}],"about":[{"href":"https:\/\/ulpmat.com\/fr\/wp-json\/wp\/v2\/types\/product"}],"wp:featuredmedia":[{"embeddable":true,"href":"https:\/\/ulpmat.com\/fr\/wp-json\/wp\/v2\/media\/49238"}],"wp:attachment":[{"href":"https:\/\/ulpmat.com\/fr\/wp-json\/wp\/v2\/media?parent=49241"}],"wp:term":[{"taxonomy":"product_brand","embeddable":true,"href":"https:\/\/ulpmat.com\/fr\/wp-json\/wp\/v2\/product_brand?post=49241"},{"taxonomy":"product_cat","embeddable":true,"href":"https:\/\/ulpmat.com\/fr\/wp-json\/wp\/v2\/product_cat?post=49241"},{"taxonomy":"product_tag","embeddable":true,"href":"https:\/\/ulpmat.com\/fr\/wp-json\/wp\/v2\/product_tag?post=49241"}],"curies":[{"name":"wp","href":"https:\/\/api.w.org\/{rel}","templated":true}]}}