{"id":48776,"date":"2026-01-13T18:11:24","date_gmt":"2026-01-13T10:11:24","guid":{"rendered":"https:\/\/ulpmat.com\/product\/carbone-3\/"},"modified":"2026-01-13T18:11:24","modified_gmt":"2026-01-13T10:11:24","slug":"carbone-3","status":"publish","type":"product","link":"https:\/\/ulpmat.com\/fr\/produit\/carbone-3\/","title":{"rendered":"Carbone"},"content":{"rendered":"<h2><span style=\"font-size: 14pt;\">Pr\u00e9sentation des tiges en carbone<\/span><\/h2>\n<p><span style=\"color: #0000ff;\"><\/span><br \/>\nLes tiges<br \/>\n<span style=\"color: #0000ff;\"><a style=\"color: #0000ff;\" href=\"https:\/\/ulpmat.com\/fr\/recherche\/?type=name&#038;keyword=Carbon+\">en carbone<\/a><\/span><br \/>\nsont fabriqu\u00e9es \u00e0 partir d&rsquo;un mat\u00e9riau en carbone de haute puret\u00e9, moul\u00e9 et trait\u00e9, ce qui leur conf\u00e8re une structure dense et des performances stables. Elles conviennent \u00e0 diverses applications \u00e0 haute temp\u00e9rature, r\u00e9sistantes \u00e0 l&rsquo;usure et conductrices.<\/p>\n<p>Nous proposons des tiges en carbone de diff\u00e9rents diam\u00e8tres et longueurs, et acceptons les commandes personnalis\u00e9es et les fournitures en vrac sur la base de plans. Veuillez <span style=\"color: #0000ff;\"><a style=\"color: #0000ff;\" href=\"https:\/\/ulpmat.com\/fr\/contactez-nous\/\">nous contacter<\/a><\/span><br \/>\npour obtenir des informations sur les sp\u00e9cifications et la livraison.<\/p>\n<h2><span style=\"font-size: 14pt;\">Points forts du produit<\/span><\/h2>\n<p>Puret\u00e9 stable et fiable<br \/>\nStructure dense de la tige<br \/>\nTailles personnalisables<br \/>\nGrande adaptabilit\u00e9 au traitement<br \/>\nPerformances stables \u00e0 haute temp\u00e9rature<br \/>\nConvient pour une utilisation \u00e0 long terme<\/p>\n<h2><span style=\"font-size: 14pt;\">Applications des tiges de carbone<\/span><\/h2>\n<p>Traitement industriel et composants structurels : couramment utilis\u00e9es comme composants structurels ou fonctionnels dans des environnements \u00e0 haute temp\u00e9rature ou r\u00e9sistants \u00e0 l&rsquo;usure.<br \/>\n\u00c9lectrodes et applications conductrices : applicables aux processus n\u00e9cessitant une conductivit\u00e9 \u00e9lev\u00e9e et une grande stabilit\u00e9 des mat\u00e9riaux.<br \/>\nEssais de mat\u00e9riaux et R&amp;D : convient aux instituts de recherche pour les essais de performance des mat\u00e9riaux et la v\u00e9rification des processus.<br \/>\nTransformation secondaire des produits en carbone : peut \u00eatre utilis\u00e9 comme mati\u00e8re premi\u00e8re pour la transformation de produits \u00e0 base de carbone, y compris la d\u00e9coupe, le tournage et d&rsquo;autres transformations ult\u00e9rieures. FAQ<br \/>\nQ1 : Quelles sont les tailles et les sp\u00e9cifications disponibles pour les tiges de carbone ?<br \/>\nA1 : Gamme de tailles flexible, personnalisable en fonction des besoins r\u00e9els de l&rsquo;application.<\/p>\n<p>Q2 : Ce produit est-il adapt\u00e9 aux environnements \u00e0 haute temp\u00e9rature ?<br \/>\nR2 : Dans des conditions de fonctionnement raisonnables, la tige de carbone conserve une bonne stabilit\u00e9 structurelle.<\/p>\n<p>Q3 : La <span style=\"font-size: 14pt;\">finition<\/span><br \/>\nde surface peut-elle \u00eatre personnalis\u00e9e ?<br \/>\nR3 : Diff\u00e9rentes finitions de surface sont disponibles pour r\u00e9pondre aux exigences de traitement ou d&rsquo;utilisation ult\u00e9rieures.<\/p>\n<p>Q4 : Acceptez-vous les achats en petites quantit\u00e9s ou les achats d&rsquo;\u00e9chantillons ?<br \/>\nR4 : Nous acceptons les commandes d&rsquo;\u00e9chantillons et en petites quantit\u00e9s afin de faciliter la v\u00e9rification des projets.<\/p>\n<h2><span style=\"font-size: 14pt;\">Rapports<\/span><\/h2>\n<p>Chaque lot est fourni avec :<br \/>\n<span style=\"color: #0000ff;\"><a style=\"color: #0000ff;\" href=\"https:\/\/ulpmat.com\/fr\/documents\/certificat-danalyse\/\"><u>Certificat d&rsquo;analyse (COA)<\/u><\/a><\/span><\/p>\n<p><span style=\"color: #0000ff;\"><a style=\"color: #0000ff;\" href=\"https:\/\/ulpmat.com\/fr\/documents\/fiche-technique\/\"><u>Fiche technique (TDS)<\/u><\/a><\/span><\/p>\n<p><span style=\"color: #0000ff;\"><a style=\"color: #0000ff;\" href=\"https:\/\/ulpmat.com\/fr\/documents\/fiche-de-donnees-de-securite\/\"><u>Fiche de donn\u00e9es de s\u00e9curit\u00e9 (MSDS)<\/u><\/a><\/span><br \/>\nRapports d&rsquo;essais effectu\u00e9s par des tiers disponibles sur demande<\/p>\n<h2><span style=\"font-size: 14pt;\">Pourquoi nous choisir ?<\/span><\/h2>\n<p>Nous nous concentrons depuis longtemps sur la fourniture de mat\u00e9riaux \u00e0 base de carbone et le traitement personnalis\u00e9, en mettant l&rsquo;accent sur l&rsquo;efficacit\u00e9 de la livraison et la coh\u00e9rence des produits. Nous pouvons r\u00e9pondre rapidement aux demandes de renseignements et fournir \u00e0 nos clients un soutien stable et fiable en mati\u00e8re de produits \u00e0 base de tiges de carbone.<\/p>\n","protected":false},"excerpt":{"rendered":"<p>Pr\u00e9sentation des tiges en carbone Les tiges en carbone sont fabriqu\u00e9es \u00e0 partir d&rsquo;un mat\u00e9riau en carbone de haute puret\u00e9, moul\u00e9 et trait\u00e9, ce qui leur conf\u00e8re une structure dense et des performances stables. Elles conviennent \u00e0 diverses applications \u00e0 haute temp\u00e9rature, r\u00e9sistantes \u00e0 l&rsquo;usure et conductrices. Nous proposons des tiges en carbone de diff\u00e9rents [&hellip;]<\/p>\n","protected":false},"featured_media":48777,"template":"","meta":{"_acf_changed":false},"product_brand":[],"product_cat":[394],"product_tag":[7118],"class_list":{"0":"post-48776","1":"product","2":"type-product","3":"status-publish","4":"has-post-thumbnail","6":"product_cat-autres-materiaux","7":"product_tag-tige-de-carbone","9":"first","10":"instock","11":"shipping-taxable","12":"product-type-variable"},"acf":[],"_links":{"self":[{"href":"https:\/\/ulpmat.com\/fr\/wp-json\/wp\/v2\/product\/48776","targetHints":{"allow":["GET"]}}],"collection":[{"href":"https:\/\/ulpmat.com\/fr\/wp-json\/wp\/v2\/product"}],"about":[{"href":"https:\/\/ulpmat.com\/fr\/wp-json\/wp\/v2\/types\/product"}],"wp:featuredmedia":[{"embeddable":true,"href":"https:\/\/ulpmat.com\/fr\/wp-json\/wp\/v2\/media\/48777"}],"wp:attachment":[{"href":"https:\/\/ulpmat.com\/fr\/wp-json\/wp\/v2\/media?parent=48776"}],"wp:term":[{"taxonomy":"product_brand","embeddable":true,"href":"https:\/\/ulpmat.com\/fr\/wp-json\/wp\/v2\/product_brand?post=48776"},{"taxonomy":"product_cat","embeddable":true,"href":"https:\/\/ulpmat.com\/fr\/wp-json\/wp\/v2\/product_cat?post=48776"},{"taxonomy":"product_tag","embeddable":true,"href":"https:\/\/ulpmat.com\/fr\/wp-json\/wp\/v2\/product_tag?post=48776"}],"curies":[{"name":"wp","href":"https:\/\/api.w.org\/{rel}","templated":true}]}}