{"id":48740,"date":"2026-01-13T18:11:24","date_gmt":"2026-01-13T10:11:24","guid":{"rendered":"https:\/\/ulpmat.com\/product\/carbone\/"},"modified":"2026-01-13T18:11:24","modified_gmt":"2026-01-13T10:11:24","slug":"carbone","status":"publish","type":"product","link":"https:\/\/ulpmat.com\/fr\/produit\/carbone\/","title":{"rendered":"Carbone"},"content":{"rendered":"<h2><span style=\"font-size: 14pt;\">Pr\u00e9sentation des cibles rotatives en carbone<\/span><\/h2>\n<p>Les cibles rotatives<br \/>\n<span style=\"color: #0000ff;\"><a style=\"color: #0000ff;\" href=\"https:\/\/ulpmat.com\/fr\/recherche\/?type=name&#038;keyword=Carbon\">en carbone<\/a><\/span><br \/>\nsont fabriqu\u00e9es \u00e0 partir de mat\u00e9riaux en carbone de haute puret\u00e9 et conviennent aux processus de pulv\u00e9risation continue et de d\u00e9p\u00f4t de couches minces sur de grandes surfaces. Elles sont principalement utilis\u00e9es dans les environnements de production o\u00f9 une efficacit\u00e9 \u00e9lev\u00e9e de formation de couches et une utilisation optimale des cibles sont requises.<\/p>\n<p>Nous proposons une large gamme de cibles rotatives en carbone et prenons en charge <span style=\"color: #0000ff;\"><a style=\"color: #0000ff;\" href=\"https:\/\/ulpmat.com\/fr\/service\/personnalisation\/\">la personnalisation<\/a><\/span><br \/>\nde la longueur, du diam\u00e8tre ext\u00e9rieur et de la structure. Veuillez <span style=\"color: #0000ff;\"><a style=\"color: #0000ff;\" href=\"https:\/\/ulpmat.com\/fr\/contactez-nous\/\">nous contacter<\/a><\/span><br \/>\npour obtenir des solutions adapt\u00e9es et des devis.<\/p>\n<h2><span style=\"font-size: 14pt;\">Points forts du produit<\/span><\/h2>\n<p>Mat\u00e9riau en carbone de haute puret\u00e9<br \/>\nStructure rotative stable<br \/>\nUtilisation optimale de la cible<br \/>\nAdapt\u00e9es \u00e0 la production en continu<br \/>\nBonne uniformit\u00e9 du film<br \/>\nDimensions personnalisables<\/p>\n<h2><span style=\"font-size: 14pt;\">Applications des cibles rotatives en carbone<\/span><\/h2>\n<p>D\u00e9p\u00f4t de films minces sur de grandes surfaces : adapt\u00e9es aux processus de pr\u00e9paration de films minces sur de grandes surfaces n\u00e9cessitant une couverture uniforme.<br \/>\nLignes de production par pulv\u00e9risation cathodique en continu : dans les environnements de production automatis\u00e9s, elles contribuent \u00e0 am\u00e9liorer l&rsquo;efficacit\u00e9 de la production et \u00e0 r\u00e9duire les temps d&rsquo;arr\u00eat.<br \/>\nRev\u00eatements fonctionnels \u00e0 base de carbone : utilis\u00e9s pour pr\u00e9parer des rev\u00eatements \u00e0 base de carbone avec des exigences \u00e9lev\u00e9es en mati\u00e8re d&rsquo;uniformit\u00e9 d&rsquo;\u00e9paisseur et de qualit\u00e9 de surface.<br \/>\nValidation de la mise \u00e0 l&rsquo;\u00e9chelle du processus et de la production de masse : couramment utilis\u00e9es pour la validation du processus lors du passage de la production exp\u00e9rimentale \u00e0 la production \u00e0 grande \u00e9chelle.<\/p>\n<h2><span style=\"font-size: 14pt; color: #0000ff;\"><a style=\"color: #0000ff;\" href=\"https:\/\/ulpmat.com\/fr\/societe\/faq\/\">FAQ<\/a><\/span><\/h2>\n<p>Q1 : Quelles sont les principales diff\u00e9rences entre les cibles rotatives en carbone et les cibles planes ?<br \/>\nA1 : Les cibles rotatives ont des taux d&rsquo;utilisation plus \u00e9lev\u00e9s pendant leur utilisation, ce qui les rend plus adapt\u00e9es \u00e0 la production en continu.<\/p>\n<p>Q2 : La taille de la cible rotative peut-elle \u00eatre personnalis\u00e9e en fonction du mod\u00e8le d&rsquo;\u00e9quipement ?<br \/>\nR2 : Oui, elle peut \u00eatre con\u00e7ue pour correspondre aux param\u00e8tres de l&rsquo;\u00e9quipement.<\/p>\n<p>Q3 : Quelle est la stabilit\u00e9 de la cible rotative pendant son utilisation ?<br \/>\nR3 : Dans des conditions de processus raisonnables, le processus de rotation est fluide et le rendement de pulv\u00e9risation est stable.<\/p>\n<p>Q4 : Prend-vous en charge les tests de projet ou la fourniture de petits lots ?<br \/>\nR4 : La v\u00e9rification des \u00e9chantillons et les commandes de petits lots sont prises en charge.<\/p>\n<h2><span style=\"font-size: 14pt;\">Rapports<\/span><\/h2>\n<p>Chaque lot est fourni avec :<br \/>\n<span style=\"color: #0000ff;\"><a style=\"color: #0000ff;\" href=\"https:\/\/ulpmat.com\/fr\/documents\/certificat-danalyse\/\"><u>Certificat d&rsquo;analyse (COA)<\/u><\/a><\/span><\/p>\n<p><span style=\"color: #0000ff;\"><a style=\"color: #0000ff;\" href=\"https:\/\/ulpmat.com\/fr\/documents\/fiche-technique\/\"><u>Fiche technique (TDS)<\/u><\/a><\/span><\/p>\n<p><span style=\"color: #0000ff;\"><a style=\"color: #0000ff;\" href=\"https:\/\/ulpmat.com\/fr\/documents\/fiche-de-donnees-de-securite\/\"><u>Fiche de donn\u00e9es de s\u00e9curit\u00e9 (MSDS)<\/u><\/a><\/span><br \/>\nRapport d&rsquo;inspection des dimensions<br \/>\nRapports de tests effectu\u00e9s par des tiers disponibles sur demande<\/p>\n<h2><span style=\"font-size: 14pt;\">Pourquoi nous choisir ?<\/span><\/h2>\n<p>Nous disposons d&rsquo;une exp\u00e9rience continue en mati\u00e8re d&rsquo;approvisionnement et de personnalisation dans le domaine des cibles de pulv\u00e9risation \u00e0 base de carbone, ce qui nous permet de r\u00e9pondre rapidement aux besoins en \u00e9quipement et de fournir des solutions stables et fiables de cibles rotatives en carbone, aidant ainsi nos clients \u00e0 mener \u00e0 bien leurs projets de mani\u00e8re efficace.<\/p>\n","protected":false},"excerpt":{"rendered":"<p>Pr\u00e9sentation des cibles rotatives en carbone Les cibles rotatives en carbone sont fabriqu\u00e9es \u00e0 partir de mat\u00e9riaux en carbone de haute puret\u00e9 et conviennent aux processus de pulv\u00e9risation continue et de d\u00e9p\u00f4t de couches minces sur de grandes surfaces. Elles sont principalement utilis\u00e9es dans les environnements de production o\u00f9 une efficacit\u00e9 \u00e9lev\u00e9e de formation de [&hellip;]<\/p>\n","protected":false},"featured_media":48741,"template":"","meta":{"_acf_changed":false},"product_brand":[132],"product_cat":[274,464],"product_tag":[7106],"class_list":{"0":"post-48740","1":"product","2":"type-product","3":"status-publish","4":"has-post-thumbnail","6":"product_brand-ulpmat","7":"product_cat-cible-de-pulverisation-metallique","8":"product_cat-cibles-rotatives","9":"product_tag-cible-rotative-en-carbone","11":"first","12":"instock","13":"shipping-taxable","14":"product-type-variable"},"acf":[],"_links":{"self":[{"href":"https:\/\/ulpmat.com\/fr\/wp-json\/wp\/v2\/product\/48740","targetHints":{"allow":["GET"]}}],"collection":[{"href":"https:\/\/ulpmat.com\/fr\/wp-json\/wp\/v2\/product"}],"about":[{"href":"https:\/\/ulpmat.com\/fr\/wp-json\/wp\/v2\/types\/product"}],"wp:featuredmedia":[{"embeddable":true,"href":"https:\/\/ulpmat.com\/fr\/wp-json\/wp\/v2\/media\/48741"}],"wp:attachment":[{"href":"https:\/\/ulpmat.com\/fr\/wp-json\/wp\/v2\/media?parent=48740"}],"wp:term":[{"taxonomy":"product_brand","embeddable":true,"href":"https:\/\/ulpmat.com\/fr\/wp-json\/wp\/v2\/product_brand?post=48740"},{"taxonomy":"product_cat","embeddable":true,"href":"https:\/\/ulpmat.com\/fr\/wp-json\/wp\/v2\/product_cat?post=48740"},{"taxonomy":"product_tag","embeddable":true,"href":"https:\/\/ulpmat.com\/fr\/wp-json\/wp\/v2\/product_tag?post=48740"}],"curies":[{"name":"wp","href":"https:\/\/api.w.org\/{rel}","templated":true}]}}