{"id":48680,"date":"2026-01-15T13:55:02","date_gmt":"2026-01-15T05:55:02","guid":{"rendered":"https:\/\/ulpmat.com\/product\/magnesium-metal-3\/"},"modified":"2026-01-15T13:55:02","modified_gmt":"2026-01-15T05:55:02","slug":"magnesium-metal-3","status":"publish","type":"product","link":"https:\/\/ulpmat.com\/fr\/produit\/magnesium-metal-3\/","title":{"rendered":"Magn\u00e9sium m\u00e9tal"},"content":{"rendered":"<h2><span style=\"font-size: 14pt;\">Aper\u00e7u des lingots de magn\u00e9sium<\/span><\/h2>\n<p><span style=\"color: #0000ff;\"><a style=\"color: #0000ff;\" href=\"https:\/\/ulpmat.com\/fr\/recherche\/?type=name&#038;keyword=Magnesium+metal\"><\/a><\/span><\/p>\n<h2><span style=\"font-size: 14pt;\">m\u00e9tallique<\/span><\/h2>\n<p>Les lingots<br \/>\n<span style=\"color: #0000ff;\"><a style=\"color: #0000ff;\" href=\"https:\/\/ulpmat.com\/fr\/recherche\/?type=name&#038;keyword=Magnesium+metal\">de magn\u00e9sium m\u00e9tallique<\/a><\/span><br \/>\nsont des mati\u00e8res premi\u00e8res m\u00e9talliques l\u00e9g\u00e8res fournies sous forme de blocs, caract\u00e9ris\u00e9es par un point de fusion mod\u00e9r\u00e9 et une bonne compatibilit\u00e9 avec les alliages. Ils sont principalement utilis\u00e9s dans la production d&rsquo;alliages de magn\u00e9sium, la modification d&rsquo;alliages d&rsquo;aluminium, les additifs m\u00e9tallurgiques et la fusion industrielle \u00e0 grande \u00e9chelle.<\/p>\n<p>Nous pouvons fournir des lingots de magn\u00e9sium m\u00e9tallique de diff\u00e9rentes sp\u00e9cifications, poids et degr\u00e9s de puret\u00e9 en fonction des besoins des clients, tout en garantissant un approvisionnement stable et une r\u00e9ponse rapide. <span style=\"color: #0000ff;\"><a style=\"color: #0000ff;\" href=\"https:\/\/ulpmat.com\/fr\/contactez-nous\/\">Les demandes<\/a><\/span><br \/>\ndirectes sont les bienvenues.<\/p>\n<h2><span style=\"font-size: 14pt;\">Points forts du produit<\/span><\/h2>\n<p>Lingots de magn\u00e9sium de haute puret\u00e9 de qualit\u00e9 industrielle<br \/>\nComposition stable, contr\u00f4lable par lot<br \/>\nConvient \u00e0 la fusion et \u00e0 la pr\u00e9paration d&rsquo;alliages<br \/>\nFaible teneur en impuret\u00e9s<br \/>\nDiverses sp\u00e9cifications, facile \u00e0 alimenter<br \/>\nPersonnalisation et coop\u00e9ration \u00e0 long terme prises en charge<\/p>\n<h2><span style=\"font-size: 14pt;\">Applications des lingots de magn\u00e9sium m\u00e9tallique<\/span><\/h2>\n<p>Fabrication d&rsquo;alliages de magn\u00e9sium : les lingots de magn\u00e9sium m\u00e9tallique sont la mati\u00e8re premi\u00e8re de base dans la production d&rsquo;alliages de magn\u00e9sium et peuvent \u00eatre utilis\u00e9s pour la fusion par lots de composants structurels, de pi\u00e8ces automobiles et de mat\u00e9riaux l\u00e9gers.<br \/>\nModification et ajout d&rsquo;alliages d&rsquo;aluminium : dans le processus de production des alliages d&rsquo;aluminium, les lingots de magn\u00e9sium sont ajout\u00e9s comme \u00e9l\u00e9ment d&rsquo;alliage, contribuant \u00e0 am\u00e9liorer la r\u00e9sistance, la r\u00e9sistance \u00e0 la corrosion et les performances de traitement.<br \/>\nM\u00e9tallurgie et raffinage des m\u00e9taux : les lingots de magn\u00e9sium m\u00e9tallique peuvent \u00eatre utilis\u00e9s comme mat\u00e9riau auxiliaire dans les processus m\u00e9tallurgiques pour ajuster la composition du m\u00e9tal et am\u00e9liorer la qualit\u00e9 de la fusion. Recherche industrielle et production pilote : lors des essais \u00e0 l&rsquo;\u00e9chelle pilote ou de la v\u00e9rification des processus, les lingots de magn\u00e9sium, en raison de leurs sp\u00e9cifications stables, sont souvent utilis\u00e9s pour le d\u00e9veloppement de nouveaux mat\u00e9riaux et les essais de param\u00e8tres de processus.<\/p>\n<h2><span style=\"font-size: 14pt; color: #0000ff;\"><a style=\"color: #0000ff;\" href=\"https:\/\/ulpmat.com\/fr\/societe\/faq\/\">FAQ<\/a><\/span><\/h2>\n<p>Q1 : Quelle est la diff\u00e9rence entre les lingots de magn\u00e9sium m\u00e9tallique et les lingots d&rsquo;alliage de magn\u00e9sium ?<br \/>\nR1 : Le magn\u00e9sium m\u00e9tallique est une mati\u00e8re premi\u00e8re m\u00e9tallique unique, tandis que les lingots d&rsquo;alliage de magn\u00e9sium contiennent d&rsquo;autres \u00e9l\u00e9ments d&rsquo;alliage. Leurs utilisations et leurs processus de fusion diff\u00e8rent.<\/p>\n<p>Q2 : Les lingots de magn\u00e9sium m\u00e9tallique n\u00e9cessitent-ils une protection sp\u00e9ciale pendant la fusion ?<br \/>\nR2 : Des gaz inertes ou des agents protecteurs sont g\u00e9n\u00e9ralement n\u00e9cessaires pendant le processus de fusion afin de r\u00e9duire le risque d&rsquo;oxydation et de combustion.<\/p>\n<p>Q3 : Quelle est la plage de puret\u00e9 courante des lingots de magn\u00e9sium m\u00e9tallique ?<br \/>\nR3 : Il existe une vari\u00e9t\u00e9 de grades de puret\u00e9 industriels couramment utilis\u00e9s ; le grade sp\u00e9cifique peut \u00eatre s\u00e9lectionn\u00e9 en fonction des exigences de l&rsquo;application.<\/p>\n<p>Q4 : Le transport et le stockage des lingots de magn\u00e9sium m\u00e9tallique sont-ils s\u00fbrs ?<br \/>\nR4 : Le transport et le stockage sont s\u00fbrs lorsque les lingots sont conserv\u00e9s dans des conditions s\u00e8ches et bien ventil\u00e9es, \u00e0 l&rsquo;abri des temp\u00e9ratures \u00e9lev\u00e9es et des flammes nues.<\/p>\n<h2><span style=\"font-size: 14pt;\">Rapport<\/span><\/h2>\n<p>Chaque lot est fourni avec :<br \/>\n<span style=\"color: #0000ff;\"><a style=\"color: #0000ff;\" href=\"https:\/\/ulpmat.com\/fr\/documents\/certificat-danalyse\/\"><u>Certificat d&rsquo;analyse (COA)<\/u><\/a><\/span><\/p>\n<p><span style=\"color: #0000ff;\"><a style=\"color: #0000ff;\" href=\"https:\/\/ulpmat.com\/fr\/documents\/fiche-technique\/\"><u>Fiche technique (TDS)<\/u><\/a><\/span><\/p>\n<p><span style=\"color: #0000ff;\"><a style=\"color: #0000ff;\" href=\"https:\/\/ulpmat.com\/fr\/documents\/fiche-de-donnees-de-securite\/\"><u>Fiche de donn\u00e9es de s\u00e9curit\u00e9 (MSDS)<\/u><\/a><\/span><br \/>\nRapport d&rsquo;inspection des dimensions<br \/>\nRapports d&rsquo;essais effectu\u00e9s par des tiers disponibles sur demande<\/p>\n<h2><span style=\"font-size: 14pt;\">Pourquoi nous choisir ?<\/span><\/h2>\n<p>Nous servons depuis longtemps des clients dans l&rsquo;industrie des mat\u00e9riaux m\u00e9talliques et des alliages, en mettant l&rsquo;accent sur la coh\u00e9rence des mati\u00e8res premi\u00e8res, la stabilit\u00e9 de l&rsquo;approvisionnement et l&rsquo;efficacit\u00e9 de la communication. Nous pouvons fournir des conseils de s\u00e9lection bas\u00e9s sur des applications r\u00e9elles, aidant ainsi les clients \u00e0 prendre des d\u00e9cisions d&rsquo;achat plus efficaces.<\/p>\n","protected":false},"excerpt":{"rendered":"<p>Aper\u00e7u des lingots de magn\u00e9sium m\u00e9tallique Les lingots de magn\u00e9sium m\u00e9tallique sont des mati\u00e8res premi\u00e8res m\u00e9talliques l\u00e9g\u00e8res fournies sous forme de blocs, caract\u00e9ris\u00e9es par un point de fusion mod\u00e9r\u00e9 et une bonne compatibilit\u00e9 avec les alliages. Ils sont principalement utilis\u00e9s dans la production d&rsquo;alliages de magn\u00e9sium, la modification d&rsquo;alliages d&rsquo;aluminium, les additifs m\u00e9tallurgiques et la [&hellip;]<\/p>\n","protected":false},"featured_media":48681,"template":"","meta":{"_acf_changed":false},"product_brand":[132],"product_cat":[394],"product_tag":[7088],"class_list":{"0":"post-48680","1":"product","2":"type-product","3":"status-publish","4":"has-post-thumbnail","6":"product_brand-ulpmat","7":"product_cat-autres-materiaux","8":"product_tag-lingots-de-magnesium-metal","10":"first","11":"instock","12":"shipping-taxable","13":"product-type-variable"},"acf":[],"_links":{"self":[{"href":"https:\/\/ulpmat.com\/fr\/wp-json\/wp\/v2\/product\/48680","targetHints":{"allow":["GET"]}}],"collection":[{"href":"https:\/\/ulpmat.com\/fr\/wp-json\/wp\/v2\/product"}],"about":[{"href":"https:\/\/ulpmat.com\/fr\/wp-json\/wp\/v2\/types\/product"}],"wp:featuredmedia":[{"embeddable":true,"href":"https:\/\/ulpmat.com\/fr\/wp-json\/wp\/v2\/media\/48681"}],"wp:attachment":[{"href":"https:\/\/ulpmat.com\/fr\/wp-json\/wp\/v2\/media?parent=48680"}],"wp:term":[{"taxonomy":"product_brand","embeddable":true,"href":"https:\/\/ulpmat.com\/fr\/wp-json\/wp\/v2\/product_brand?post=48680"},{"taxonomy":"product_cat","embeddable":true,"href":"https:\/\/ulpmat.com\/fr\/wp-json\/wp\/v2\/product_cat?post=48680"},{"taxonomy":"product_tag","embeddable":true,"href":"https:\/\/ulpmat.com\/fr\/wp-json\/wp\/v2\/product_tag?post=48680"}],"curies":[{"name":"wp","href":"https:\/\/api.w.org\/{rel}","templated":true}]}}