{"id":48656,"date":"2026-01-15T13:55:02","date_gmt":"2026-01-15T05:55:02","guid":{"rendered":"https:\/\/ulpmat.com\/product\/magnesium-metal-2\/"},"modified":"2026-01-15T13:55:02","modified_gmt":"2026-01-15T05:55:02","slug":"magnesium-metal-2","status":"publish","type":"product","link":"https:\/\/ulpmat.com\/fr\/produit\/magnesium-metal-2\/","title":{"rendered":"Magn\u00e9sium m\u00e9tal"},"content":{"rendered":"<h2><span style=\"font-size: 14pt;\">Pr\u00e9sentation de la feuille m\u00e9tallique de magn\u00e9sium<\/span><\/h2>\n<p>La feuille<br \/>\n<span style=\"color: #0000ff;\"><a style=\"color: #0000ff;\" href=\"https:\/\/ulpmat.com\/fr\/recherche\/?type=name&#038;keyword=Magnesium+metal\">m\u00e9tallique de magn\u00e9sium<\/a><\/span><br \/>\nest un mat\u00e9riau m\u00e9tallique l\u00e9ger trait\u00e9 sous forme ultra-fine, qui poss\u00e8de \u00e0 la fois une bonne ductilit\u00e9 et une r\u00e9sistance sp\u00e9cifique \u00e9lev\u00e9e. Elle est principalement utilis\u00e9e dans la recherche sur les nouveaux mat\u00e9riaux, les couches structurelles fonctionnelles, le traitement exp\u00e9rimental et les applications sensibles au poids.<\/p>\n<p>Nous proposons des feuilles m\u00e9talliques de magn\u00e9sium de diff\u00e9rentes \u00e9paisseurs, largeurs et finitions de surface, pour r\u00e9pondre \u00e0 tous vos besoins, des petits lots \u00e0 l&rsquo;approvisionnement stable. Veuillez <span style=\"color: #0000ff;\"><a style=\"color: #0000ff;\" href=\"https:\/\/ulpmat.com\/fr\/contactez-nous\/\">nous contacter<\/a><\/span><br \/>\ndirectement pour conna\u00eetre les param\u00e8tres et les prix.<\/p>\n<h2><span style=\"font-size: 14pt;\">Points forts du produit<\/span><\/h2>\n<p>Feuille m\u00e9tallique de magn\u00e9sium ultra-fine<br \/>\n\u00c9paisseur uniforme, surface lisse<br \/>\nPuret\u00e9 s\u00e9lectionnable, contr\u00f4le des impuret\u00e9s<br \/>\nFacile \u00e0 couper, adapt\u00e9e au traitement de pr\u00e9cision<br \/>\nAdapt\u00e9e \u00e0 la recherche et aux applications de couches fonctionnelles<br \/>\nSp\u00e9cifications personnalisables disponibles sur demande<\/p>\n<h2><span style=\"font-size: 14pt;\">Applications de la feuille m\u00e9tallique de magn\u00e9sium<\/span><\/h2>\n<p>Recherche sur les nouveaux mat\u00e9riaux et les nouveaux proc\u00e9d\u00e9s : couramment utilis\u00e9e dans les universit\u00e9s et les instituts de recherche pour les tests de performance des mat\u00e9riaux, la recherche sur les r\u00e9actions de surface et l&rsquo;exploration de structures l\u00e9g\u00e8res.<br \/>\nCouches fonctionnelles et mat\u00e9riaux minces structurels : Dans les structures de mat\u00e9riaux multicouches, elle peut \u00eatre utilis\u00e9e comme couche fonctionnelle ou couche sacrificielle pour r\u00e9pondre aux exigences strictes en mati\u00e8re de contr\u00f4le de l&rsquo;\u00e9paisseur et du poids.<br \/>\nTraitement et formage en laboratoire : la feuille de magn\u00e9sium est facile \u00e0 couper, \u00e0 empiler et \u00e0 former, ce qui la rend adapt\u00e9e aux exp\u00e9riences de traitement et de v\u00e9rification \u00e0 petite \u00e9chelle en laboratoire.<br \/>\nExploration d&rsquo;applications l\u00e9g\u00e8res : dans la conception de composants sensibles \u00e0 la qualit\u00e9, la feuille de magn\u00e9sium peut \u00eatre utilis\u00e9e pour v\u00e9rifier la faisabilit\u00e9 de solutions l\u00e9g\u00e8res.<\/p>\n<h2><span style=\"color: #0000ff; font-size: 14pt;\"><a style=\"color: #0000ff;\" href=\"https:\/\/ulpmat.com\/fr\/societe\/faq\/\">FAQ<\/a><\/span><\/h2>\n<p>Q1 : Quelle est la gamme d&rsquo;\u00e9paisseurs courante de la feuille de magn\u00e9sium ?<br \/>\nA1 : Une vari\u00e9t\u00e9 d&rsquo;\u00e9paisseurs courantes est disponible ; la gamme sp\u00e9cifique peut \u00eatre confirm\u00e9e en fonction des besoins r\u00e9els.<\/p>\n<p>Q2 : La feuille de magn\u00e9sium se casse-t-elle facilement ?<br \/>\nA2 : \u00c0 une \u00e9paisseur raisonnable, la feuille de magn\u00e9sium pr\u00e9sente un certain degr\u00e9 de ductilit\u00e9, mais il convient tout de m\u00eame d&rsquo;\u00e9viter de la tendre ou de la plier de mani\u00e8re excessive.<\/p>\n<p>Q3 : La feuille de magn\u00e9sium s&rsquo;oxyde-t-elle \u00e0 l&rsquo;air ?<br \/>\nA3 : Le magn\u00e9sium est un m\u00e9tal actif et une couche d&rsquo;oxyde peut se former \u00e0 sa surface. Ce ph\u00e9nom\u00e8ne est g\u00e9n\u00e9ralement contr\u00f4l\u00e9 par l&#8217;emballage et l&rsquo;environnement d&rsquo;utilisation.<\/p>\n<p>Q4 : La feuille de magn\u00e9sium est-elle adapt\u00e9e \u00e0 la production industrielle de masse ?<br \/>\nA4 : Elle est couramment utilis\u00e9e dans la recherche et les applications en petites s\u00e9ries. La faisabilit\u00e9 industrielle sp\u00e9cifique doit \u00eatre \u00e9valu\u00e9e en fonction des sp\u00e9cifications du processus.<\/p>\n<h2><span style=\"font-size: 14pt;\">Rapport<\/span><\/h2>\n<p>Chaque lot est fourni avec :<br \/>\n<span style=\"color: #0000ff;\"><a style=\"color: #0000ff;\" href=\"https:\/\/ulpmat.com\/fr\/documents\/certificat-danalyse\/\"><u>Certificat d&rsquo;analyse (COA)<\/u><\/a><\/span><\/p>\n<p><span style=\"color: #0000ff;\"><a style=\"color: #0000ff;\" href=\"https:\/\/ulpmat.com\/fr\/documents\/fiche-technique\/\"><u>Fiche technique (TDS)<\/u><\/a><\/span><\/p>\n<p><span style=\"color: #0000ff;\"><a style=\"color: #0000ff;\" href=\"https:\/\/ulpmat.com\/fr\/documents\/fiche-de-donnees-de-securite\/\"><u>Fiche de donn\u00e9es de s\u00e9curit\u00e9 (MSDS)<\/u><\/a><\/span><br \/>\nRapport d&rsquo;inspection des dimensions<br \/>\nRapports d&rsquo;essais effectu\u00e9s par des tiers disponibles sur demande<\/p>\n<h2><span style=\"font-size: 14pt;\">Pourquoi nous choisir ?<\/span><\/h2>\n<p>Nous avons une grande exp\u00e9rience dans la fourniture de t\u00f4les et de m\u00e9taux sp\u00e9ciaux, en mettant l&rsquo;accent sur des sp\u00e9cifications pr\u00e9cises et une livraison fiable. Nous fournissons \u00e0 nos clients des param\u00e8tres clairs, une communication rapide et un soutien continu en mati\u00e8re d&rsquo;approvisionnement afin de faciliter le bon d\u00e9roulement des projets.<\/p>\n","protected":false},"excerpt":{"rendered":"<p>Pr\u00e9sentation de la feuille m\u00e9tallique de magn\u00e9sium La feuille m\u00e9tallique de magn\u00e9sium est un mat\u00e9riau m\u00e9tallique l\u00e9ger trait\u00e9 sous forme ultra-fine, qui poss\u00e8de \u00e0 la fois une bonne ductilit\u00e9 et une r\u00e9sistance sp\u00e9cifique \u00e9lev\u00e9e. Elle est principalement utilis\u00e9e dans la recherche sur les nouveaux mat\u00e9riaux, les couches structurelles fonctionnelles, le traitement exp\u00e9rimental et les applications [&hellip;]<\/p>\n","protected":false},"featured_media":48657,"template":"","meta":{"_acf_changed":false},"product_brand":[132],"product_cat":[394],"product_tag":[7082],"class_list":{"0":"post-48656","1":"product","2":"type-product","3":"status-publish","4":"has-post-thumbnail","6":"product_brand-ulpmat","7":"product_cat-autres-materiaux","8":"product_tag-feuilles-de-magnesium","10":"first","11":"instock","12":"shipping-taxable","13":"product-type-variable"},"acf":[],"_links":{"self":[{"href":"https:\/\/ulpmat.com\/fr\/wp-json\/wp\/v2\/product\/48656","targetHints":{"allow":["GET"]}}],"collection":[{"href":"https:\/\/ulpmat.com\/fr\/wp-json\/wp\/v2\/product"}],"about":[{"href":"https:\/\/ulpmat.com\/fr\/wp-json\/wp\/v2\/types\/product"}],"wp:featuredmedia":[{"embeddable":true,"href":"https:\/\/ulpmat.com\/fr\/wp-json\/wp\/v2\/media\/48657"}],"wp:attachment":[{"href":"https:\/\/ulpmat.com\/fr\/wp-json\/wp\/v2\/media?parent=48656"}],"wp:term":[{"taxonomy":"product_brand","embeddable":true,"href":"https:\/\/ulpmat.com\/fr\/wp-json\/wp\/v2\/product_brand?post=48656"},{"taxonomy":"product_cat","embeddable":true,"href":"https:\/\/ulpmat.com\/fr\/wp-json\/wp\/v2\/product_cat?post=48656"},{"taxonomy":"product_tag","embeddable":true,"href":"https:\/\/ulpmat.com\/fr\/wp-json\/wp\/v2\/product_tag?post=48656"}],"curies":[{"name":"wp","href":"https:\/\/api.w.org\/{rel}","templated":true}]}}