{"id":48512,"date":"2026-01-15T13:55:05","date_gmt":"2026-01-15T05:55:05","guid":{"rendered":"https:\/\/ulpmat.com\/product\/orthosilicate-de-magnesium-2\/"},"modified":"2026-01-15T13:55:05","modified_gmt":"2026-01-15T05:55:05","slug":"orthosilicate-de-magnesium-2","status":"publish","type":"product","link":"https:\/\/ulpmat.com\/fr\/produit\/orthosilicate-de-magnesium-2\/","title":{"rendered":"Orthosilicate de magn\u00e9sium"},"content":{"rendered":"<h2><span style=\"font-size: 14pt;\">Poudre d&rsquo;orthosilicate de magn\u00e9sium Pr\u00e9sentation<\/span><\/h2>\n<p>La poudre<br \/>\n<span style=\"color: #0000ff;\"><a style=\"color: #0000ff;\" href=\"https:\/\/ulpmat.com\/fr\/recherche\/?type=name&#038;keyword=Magnesium+silicate\">d&rsquo;orthosilicate de magn\u00e9sium<\/a><\/span><br \/>\nest un mat\u00e9riau silicate inorganique \u00e0 structure olivine, qui pr\u00e9sente une excellente stabilit\u00e9 thermique et une grande inertie chimique. Ce mat\u00e9riau est couramment utilis\u00e9 dans les syst\u00e8mes r\u00e9fractaires \u00e0 haute temp\u00e9rature, les matrices c\u00e9ramiques, les charges fonctionnelles et les formulations chimiques sp\u00e9cialis\u00e9es.<\/p>\n<p>Nous pouvons fournir de la poudre Mg2SiO4 avec une taille de particules et une puret\u00e9 contr\u00f4l\u00e9es pour r\u00e9pondre aux exigences de votre processus. Veuillez <span style=\"color: #0000ff;\"><a style=\"color: #0000ff;\" href=\"https:\/\/ulpmat.com\/fr\/contactez-nous\/\">nous contacter<\/a><\/span><br \/>\ndirectement pour obtenir <span style=\"color: #0000ff;\"><a style=\"color: #0000ff;\" href=\"https:\/\/ulpmat.com\/fr\/service\/support-technique\/\">une assistance technique<\/a><\/span><br \/>\net des devis.<\/p>\n<h2><span style=\"font-size: 14pt;\">Points forts du produit<\/span><\/h2>\n<p>Structure cristalline de type olivine stable<br \/>\nPerformances stables dans des conditions de temp\u00e9rature \u00e9lev\u00e9e<br \/>\nChimiquement inerte et non r\u00e9actif<br \/>\nDistribution granulom\u00e9trique contr\u00f4lable et bonne homog\u00e9n\u00e9it\u00e9 des lots<br \/>\nConvient \u00e0 diverses formulations de syst\u00e8mes inorganiques<br \/>\nSp\u00e9cifications personnalis\u00e9es et assistance technique disponibles<\/p>\n<h2><span style=\"font-size: 14pt;\">Applications de la poudre d&rsquo;orthosilicate de magn\u00e9sium<\/span><\/h2>\n<p>Mat\u00e9riaux r\u00e9fractaires et r\u00e9sistants aux hautes temp\u00e9ratures : peut \u00eatre utilis\u00e9 comme composant fonctionnel dans les produits r\u00e9fractaires, maintenant la stabilit\u00e9 structurelle \u00e0 des temp\u00e9ratures \u00e9lev\u00e9es et contribuant \u00e0 am\u00e9liorer la stabilit\u00e9 thermique globale du mat\u00e9riau.<br \/>\nMat\u00e9riaux c\u00e9ramiques avanc\u00e9s : dans les c\u00e9ramiques structurelles et fonctionnelles, cette poudre peut \u00eatre utilis\u00e9e comme matrice ou phase auxiliaire pour am\u00e9liorer le comportement de frittage et l&rsquo;uniformit\u00e9 de la microstructure.<br \/>\nCharges chimiques et supports : en raison de sa stabilit\u00e9 chimique, elle convient \u00e0 une utilisation dans divers syst\u00e8mes chimiques en tant que charge inerte ou support de r\u00e9action.<br \/>\nRecherche scientifique et \u00e9tude exp\u00e9rimentale : ce mat\u00e9riau est couramment utilis\u00e9 dans la science des mat\u00e9riaux, la simulation g\u00e9ologique et les exp\u00e9riences li\u00e9es aux r\u00e9actions \u00e0 haute temp\u00e9rature, et convient \u00e0 la fois aux applications en laboratoire et \u00e0 l&rsquo;\u00e9chelle pilote.<\/p>\n<h2><span style=\"font-size: 14pt; color: #0000ff;\"><a style=\"color: #0000ff;\" href=\"https:\/\/ulpmat.com\/fr\/societe\/faq\/\">FAQ<\/a><\/span><\/h2>\n<p>Q1 : La poudre d&rsquo;orthosilicate de magn\u00e9sium se d\u00e9compose-t-elle facilement \u00e0 haute temp\u00e9rature ?<br \/>\nR1 : Dans les plages de temp\u00e9rature industrielles et exp\u00e9rimentales courantes, le Mg\u2082SiO\u2084 a une structure stable et n&rsquo;est pas sujet \u00e0 la d\u00e9composition ou \u00e0 la transition de phase.<\/p>\n<p>Q2 : La taille des particules de poudre peut-elle \u00eatre ajust\u00e9e en fonction du sc\u00e9nario d&rsquo;application ?<br \/>\nR2 : Oui, nous proposons plusieurs gammes de tailles de particules et pouvons effectuer des ajustements cibl\u00e9s en fonction d&rsquo;applications sp\u00e9cifiques.<\/p>\n<p>Q3 : Ce mat\u00e9riau convient-il \u00e0 un stockage \u00e0 long terme ?<br \/>\nA3 : Dans des conditions s\u00e8ches et herm\u00e9tiques, la poudre de Mg2SiO4 pr\u00e9sente une bonne stabilit\u00e9 de stockage.<\/p>\n<p>Q4 : Convient-elle \u00e0 la combinaison avec d&rsquo;autres mat\u00e9riaux oxyd\u00e9s ?<br \/>\nA4 : Oui, la poudre de Mg2SiO4 pr\u00e9sente une bonne compatibilit\u00e9 avec de nombreux syst\u00e8mes d&rsquo;oxydes inorganiques.<\/p>\n<h2><span style=\"font-size: 14pt;\">Rapport<\/span><\/h2>\n<p>Chaque lot est fourni avec :<br \/>\n<span style=\"color: #0000ff;\"><a style=\"color: #0000ff;\" href=\"https:\/\/ulpmat.com\/fr\/documents\/certificat-danalyse\/\"><u>Certificat d&rsquo;analyse (COA)<\/u><\/a><\/span><\/p>\n<p><span style=\"color: #0000ff;\"><a style=\"color: #0000ff;\" href=\"https:\/\/ulpmat.com\/fr\/documents\/fiche-technique\/\"><u>Fiche technique (TDS)<\/u><\/a><\/span><\/p>\n<p><span style=\"color: #0000ff;\"><a style=\"color: #0000ff;\" href=\"https:\/\/ulpmat.com\/fr\/documents\/fiche-de-donnees-de-securite\/\"><u>Fiche de donn\u00e9es de s\u00e9curit\u00e9 (MSDS)<\/u><\/a><\/span><br \/>\nRapports d&rsquo;essais effectu\u00e9s par des tiers disponibles sur demande<\/p>\n<h2><span style=\"font-size: 14pt;\">Pourquoi nous choisir ?<\/span><\/h2>\n<p>Nous nous concentrons sur un approvisionnement stable et une assistance \u00e0 l&rsquo;application pour les poudres de mat\u00e9riaux inorganiques, en mettant l&rsquo;accent sur la coh\u00e9rence des produits et une communication technique efficace. Nous pouvons r\u00e9pondre rapidement aux demandes de renseignements et aider les clients \u00e0 raccourcir les cycles de s\u00e9lection et de validation.<\/p>\n","protected":false},"excerpt":{"rendered":"<p>Poudre d&rsquo;orthosilicate de magn\u00e9sium Pr\u00e9sentation La poudre d&rsquo;orthosilicate de magn\u00e9sium est un mat\u00e9riau silicate inorganique \u00e0 structure olivine, qui pr\u00e9sente une excellente stabilit\u00e9 thermique et une grande inertie chimique. Ce mat\u00e9riau est couramment utilis\u00e9 dans les syst\u00e8mes r\u00e9fractaires \u00e0 haute temp\u00e9rature, les matrices c\u00e9ramiques, les charges fonctionnelles et les formulations chimiques sp\u00e9cialis\u00e9es. Nous pouvons fournir [&hellip;]<\/p>\n","protected":false},"featured_media":48513,"template":"","meta":{"_acf_changed":false},"product_brand":[132],"product_cat":[1184],"product_tag":[7040],"class_list":{"0":"post-48512","1":"product","2":"type-product","3":"status-publish","4":"has-post-thumbnail","6":"product_brand-ulpmat","7":"product_cat-autres-acides","8":"product_tag-orthosilicate-de-magnesium-en-poudre","10":"first","11":"instock","12":"shipping-taxable","13":"product-type-variable"},"acf":[],"_links":{"self":[{"href":"https:\/\/ulpmat.com\/fr\/wp-json\/wp\/v2\/product\/48512","targetHints":{"allow":["GET"]}}],"collection":[{"href":"https:\/\/ulpmat.com\/fr\/wp-json\/wp\/v2\/product"}],"about":[{"href":"https:\/\/ulpmat.com\/fr\/wp-json\/wp\/v2\/types\/product"}],"wp:featuredmedia":[{"embeddable":true,"href":"https:\/\/ulpmat.com\/fr\/wp-json\/wp\/v2\/media\/48513"}],"wp:attachment":[{"href":"https:\/\/ulpmat.com\/fr\/wp-json\/wp\/v2\/media?parent=48512"}],"wp:term":[{"taxonomy":"product_brand","embeddable":true,"href":"https:\/\/ulpmat.com\/fr\/wp-json\/wp\/v2\/product_brand?post=48512"},{"taxonomy":"product_cat","embeddable":true,"href":"https:\/\/ulpmat.com\/fr\/wp-json\/wp\/v2\/product_cat?post=48512"},{"taxonomy":"product_tag","embeddable":true,"href":"https:\/\/ulpmat.com\/fr\/wp-json\/wp\/v2\/product_tag?post=48512"}],"curies":[{"name":"wp","href":"https:\/\/api.w.org\/{rel}","templated":true}]}}