{"id":48452,"date":"2026-01-15T13:55:06","date_gmt":"2026-01-15T05:55:06","guid":{"rendered":"https:\/\/ulpmat.com\/product\/magnesium-bismuth-2\/"},"modified":"2026-01-15T13:55:06","modified_gmt":"2026-01-15T05:55:06","slug":"magnesium-bismuth-2","status":"publish","type":"product","link":"https:\/\/ulpmat.com\/fr\/produit\/magnesium-bismuth-2\/","title":{"rendered":"Magn\u00e9sium Bismuth"},"content":{"rendered":"<h2><span style=\"font-size: 14pt;\">Pr\u00e9sentation de la poudre de magn\u00e9sium-bismuth<\/span><\/h2>\n<p>La poudre<br \/>\n<span style=\"color: #0000ff;\"><a style=\"color: #0000ff;\" href=\"https:\/\/ulpmat.com\/fr\/recherche\/?type=name&#038;keyword=Magnesium+Bismuth\">de magn\u00e9sium-bismuth<\/a><\/span><br \/>\nest un compos\u00e9 interm\u00e9tallique form\u00e9 \u00e0 partir de magn\u00e9sium et de bismuth, qui poss\u00e8de d&rsquo;excellentes propri\u00e9t\u00e9s \u00e9lectriques et thermiques. Ce mat\u00e9riau est couramment utilis\u00e9 dans la recherche sur les mat\u00e9riaux fonctionnels, les syst\u00e8mes thermo\u00e9lectriques et le d\u00e9veloppement exp\u00e9rimental de mat\u00e9riaux \u00e9lectroniques.<\/p>\n<p>Nous pouvons fournir des poudres de compos\u00e9 de magn\u00e9sium-bismuth avec diff\u00e9rentes puret\u00e9s et tailles de particules afin de r\u00e9pondre aux besoins sp\u00e9cifiques de chaque application. Nous proposons \u00e9galement une assistance technique et <span style=\"color: #0000ff;\"><a style=\"color: #0000ff;\" href=\"https:\/\/ulpmat.com\/fr\/contactez-nous\/\">des<\/a><\/span><br \/>\n<span style=\"color: #0000ff;\"><a style=\"color: #0000ff;\" href=\"https:\/\/ulpmat.com\/fr\/contactez-nous\/\">devis<\/a><\/span><br \/>\nrapides.<\/p>\n<h2><span style=\"font-size: 14pt;\">Points forts du produit<\/span><\/h2>\n<p>Structure interm\u00e9tallique stable<br \/>\nContr\u00f4le strict de la puret\u00e9, coh\u00e9rence d&rsquo;un lot \u00e0 l&rsquo;autre<br \/>\nDistribution granulom\u00e9trique ajustable<br \/>\nFacile \u00e0 disperser et \u00e0 traiter<br \/>\nConvient aux applications de recherche et \u00e0 l&rsquo;\u00e9chelle pilote<br \/>\nExigences de param\u00e8tres personnalis\u00e9es prises en charge<\/p>\n<h2><span style=\"font-size: 14pt;\">Applications de la poudre de magn\u00e9sium-bismuth<\/span><\/h2>\n<p>Recherche sur les mat\u00e9riaux thermo\u00e9lectriques : peut \u00eatre utilis\u00e9e pour la recherche sur les performances thermo\u00e9lectriques, convient \u00e0 la pr\u00e9paration d&rsquo;\u00e9chantillons exp\u00e9rimentaux ou comme mat\u00e9riau de phase fonctionnelle.<br \/>\nD\u00e9veloppement de mat\u00e9riaux fonctionnels \u00e9lectroniques : dans les mat\u00e9riaux \u00e9lectroniques, cette poudre peut servir de mati\u00e8re premi\u00e8re de base pour l&rsquo;exploration de nouveaux syst\u00e8mes de mat\u00e9riaux fonctionnels.<br \/>\nExp\u00e9riences de synth\u00e8se et de modification des mat\u00e9riaux : peut \u00eatre utilis\u00e9e comme pr\u00e9curseur de synth\u00e8se ou composant de mat\u00e9riaux composites, convient \u00e0 diverses \u00e9tudes sur les processus \u00e0 l&rsquo;\u00e9tat solide ou de frittage.<br \/>\nApplications dans la recherche scientifique et les laboratoires universitaires : couramment utilis\u00e9 dans la recherche en science des mat\u00e9riaux, en physique et en chimie, r\u00e9pondant aux besoins d&rsquo;exp\u00e9riences \u00e0 petits lots et \u00e0 param\u00e8tres multiples.<\/p>\n<h2><span style=\"font-size: 14pt; color: #0000ff;\"><a style=\"color: #0000ff;\" href=\"https:\/\/ulpmat.com\/fr\/societe\/faq\/\">FAQ<\/a><\/span><\/h2>\n<p>Q1 : La poudre de compos\u00e9 de magn\u00e9sium et de bismuth est-elle adapt\u00e9e \u00e0 un stockage \u00e0 long terme ?<br \/>\nA1 : Lorsqu&rsquo;elle est stock\u00e9e dans des conditions s\u00e8ches et herm\u00e9tiques, les propri\u00e9t\u00e9s du mat\u00e9riau sont stables et adapt\u00e9es \u00e0 un stockage \u00e0 moyen ou long terme.<\/p>\n<p>Q2 : La taille des particules de poudre affecte-t-elle les r\u00e9sultats exp\u00e9rimentaux ?<br \/>\nR2 : La taille des particules affecte des processus tels que le frittage et les vitesses de r\u00e9action. La s\u00e9lection ou la personnalisation peut \u00eatre effectu\u00e9e en fonction des objectifs exp\u00e9rimentaux.<\/p>\n<p>Q3 : Des \u00e9chantillons en petites quantit\u00e9s peuvent-ils \u00eatre fournis ?<br \/>\nR3 : La fourniture d&rsquo;\u00e9chantillons est prise en charge pour faciliter les tests pr\u00e9liminaires et la v\u00e9rification des processus.<\/p>\n<p>Q4 : Ce mat\u00e9riau peut-il \u00eatre m\u00e9lang\u00e9 \u00e0 d&rsquo;autres poudres m\u00e9talliques ?<br \/>\nR4 : Dans des conditions de traitement appropri\u00e9es, il peut \u00eatre utilis\u00e9 en combinaison avec diverses poudres m\u00e9talliques ou compos\u00e9es.<\/p>\n<h2><span style=\"font-size: 14pt;\">Rapport<\/span><\/h2>\n<p>Chaque lot est fourni avec :<br \/>\n<span style=\"color: #0000ff;\"><a style=\"color: #0000ff;\" href=\"https:\/\/ulpmat.com\/fr\/documents\/certificat-danalyse\/\"><u>Certificat d&rsquo;analyse (COA)<\/u><\/a><\/span><\/p>\n<p><span style=\"color: #0000ff;\"><a style=\"color: #0000ff;\" href=\"https:\/\/ulpmat.com\/fr\/documents\/fiche-technique\/\"><u>Fiche technique (TDS)<\/u><\/a><\/span><\/p>\n<p><span style=\"color: #0000ff;\"><a style=\"color: #0000ff;\" href=\"https:\/\/ulpmat.com\/fr\/documents\/fiche-de-donnees-de-securite\/\"><u>Fiche de donn\u00e9es de s\u00e9curit\u00e9 (MSDS)<\/u><\/a><\/span><br \/>\nRapports d&rsquo;essais effectu\u00e9s par des tiers disponibles sur demande<\/p>\n<h2><span style=\"font-size: 14pt;\">Pourquoi nous choisir ?<\/span><\/h2>\n<p>Nous nous concentrons sur la stabilit\u00e9 de l&rsquo;approvisionnement et le support technique des poudres de mat\u00e9riaux fonctionnels, en mettant l&rsquo;accent sur la coh\u00e9rence des produits et l&rsquo;efficacit\u00e9 de la r\u00e9ponse, ce qui nous permet d&rsquo;aider nos clients \u00e0 effectuer rapidement la s\u00e9lection des mat\u00e9riaux et la v\u00e9rification exp\u00e9rimentale.<\/p>\n","protected":false},"excerpt":{"rendered":"<p>Pr\u00e9sentation de la poudre de magn\u00e9sium-bismuth La poudre de magn\u00e9sium-bismuth est un compos\u00e9 interm\u00e9tallique form\u00e9 \u00e0 partir de magn\u00e9sium et de bismuth, qui poss\u00e8de d&rsquo;excellentes propri\u00e9t\u00e9s \u00e9lectriques et thermiques. Ce mat\u00e9riau est couramment utilis\u00e9 dans la recherche sur les mat\u00e9riaux fonctionnels, les syst\u00e8mes thermo\u00e9lectriques et le d\u00e9veloppement exp\u00e9rimental de mat\u00e9riaux \u00e9lectroniques. Nous pouvons fournir des [&hellip;]<\/p>\n","protected":false},"featured_media":48453,"template":"","meta":{"_acf_changed":false},"product_brand":[132],"product_cat":[1190],"product_tag":[7022],"class_list":{"0":"post-48452","1":"product","2":"type-product","3":"status-publish","4":"has-post-thumbnail","6":"product_brand-ulpmat","7":"product_cat-materiaux-phosphores","8":"product_tag-poudre-de-magnesium-et-de-bismuth","10":"first","11":"instock","12":"shipping-taxable","13":"product-type-variable"},"acf":[],"_links":{"self":[{"href":"https:\/\/ulpmat.com\/fr\/wp-json\/wp\/v2\/product\/48452","targetHints":{"allow":["GET"]}}],"collection":[{"href":"https:\/\/ulpmat.com\/fr\/wp-json\/wp\/v2\/product"}],"about":[{"href":"https:\/\/ulpmat.com\/fr\/wp-json\/wp\/v2\/types\/product"}],"wp:featuredmedia":[{"embeddable":true,"href":"https:\/\/ulpmat.com\/fr\/wp-json\/wp\/v2\/media\/48453"}],"wp:attachment":[{"href":"https:\/\/ulpmat.com\/fr\/wp-json\/wp\/v2\/media?parent=48452"}],"wp:term":[{"taxonomy":"product_brand","embeddable":true,"href":"https:\/\/ulpmat.com\/fr\/wp-json\/wp\/v2\/product_brand?post=48452"},{"taxonomy":"product_cat","embeddable":true,"href":"https:\/\/ulpmat.com\/fr\/wp-json\/wp\/v2\/product_cat?post=48452"},{"taxonomy":"product_tag","embeddable":true,"href":"https:\/\/ulpmat.com\/fr\/wp-json\/wp\/v2\/product_tag?post=48452"}],"curies":[{"name":"wp","href":"https:\/\/api.w.org\/{rel}","templated":true}]}}