{"id":48188,"date":"2026-01-15T13:55:10","date_gmt":"2026-01-15T05:55:10","guid":{"rendered":"https:\/\/ulpmat.com\/product\/fluorure-de-magnesium\/"},"modified":"2026-01-15T13:55:10","modified_gmt":"2026-01-15T05:55:10","slug":"fluorure-de-magnesium","status":"publish","type":"product","link":"https:\/\/ulpmat.com\/fr\/produit\/fluorure-de-magnesium\/","title":{"rendered":"Fluorure de magn\u00e9sium"},"content":{"rendered":"<h2><span style=\"font-size: 14pt;\">Cible de pulv\u00e9risation en fluorure de magn\u00e9sium &#8211; Pr\u00e9sentation<\/span><\/h2>\n<p>Les cibles de pulv\u00e9risation<br \/>\n<span style=\"color: #0000ff;\"><a style=\"color: #0000ff;\" href=\"https:\/\/ulpmat.com\/fr\/recherche\/?type=name&#038;keyword=Magnesium+Fluoride\">en fluorure de magn\u00e9sium<\/a><\/span><br \/>\nsont des cibles c\u00e9ramiques en fluorure \u00e0 haute densit\u00e9 qui pr\u00e9sentent une excellente stabilit\u00e9 thermique et une grande inertie chimique. Elles conviennent aux proc\u00e9d\u00e9s de d\u00e9p\u00f4t par pulv\u00e9risation magn\u00e9tron ou RF de films optiques minces, de rev\u00eatements fonctionnels et de mat\u00e9riaux en film mince de haute puret\u00e9.<\/p>\n<p>Nous proposons des cibles de pulv\u00e9risation en fluorure de magn\u00e9sium de diff\u00e9rentes tailles, \u00e9paisseurs et densit\u00e9s, et pouvons personnaliser les solutions de liaison des fonds de panier en fonction des exigences des \u00e9quipements. Veuillez <span style=\"color: #0000ff;\"><a style=\"color: #0000ff;\" href=\"https:\/\/ulpmat.com\/fr\/contactez-nous\/\">nous contacter<\/a><\/span><br \/>\ndirectement pour obtenir les param\u00e8tres et les devis.<\/p>\n<h2><span style=\"font-size: 14pt;\">Points forts du produit<\/span><\/h2>\n<p>Haute densit\u00e9, processus de pulv\u00e9risation stable<br \/>\nBonne stabilit\u00e9 thermique, aucune d\u00e9formation apr\u00e8s un d\u00e9p\u00f4t \u00e0 long terme<br \/>\nSurface lisse, grande uniformit\u00e9 du film<br \/>\nForte inertie chimique, adaptable \u00e0 divers proc\u00e9d\u00e9s<br \/>\nPeut \u00eatre li\u00e9 \u00e0 des fonds de panier en cuivre\/aluminium, haute efficacit\u00e9 de dissipation thermique<br \/>\nPrend en charge <span style=\"color: #0000ff;\"><a style=\"color: #0000ff;\" href=\"https:\/\/ulpmat.com\/fr\/service\/personnalisation\/\">la personnalisation<\/a><\/span><br \/>\nde diff\u00e9rentes tailles et sp\u00e9cifications<\/p>\n<h2><span style=\"font-size: 14pt;\">Applications des cibles de pulv\u00e9risation en fluorure de magn\u00e9sium<\/span><\/h2>\n<p>Pr\u00e9paration de films<br \/>\n<span style=\"color: #0000ff;\"><a style=\"color: #0000ff;\" href=\"https:\/\/ulpmat.com\/fr\/candidature\/materiaux-optiques\/\">optiques<\/a><\/span><br \/>\nminces : forme des films denses et transparents par pulv\u00e9risation RF ou magn\u00e9tron, r\u00e9pondant aux exigences des dispositifs optiques en mati\u00e8re d&rsquo;\u00e9paisseur de film uniforme et de r\u00e9p\u00e9tabilit\u00e9.<br \/>\nD\u00e9p\u00f4t de rev\u00eatements fonctionnels : convient \u00e0 la pr\u00e9paration de rev\u00eatements \u00e0 haute stabilit\u00e9, am\u00e9liorant la r\u00e9sistance \u00e0 l&rsquo;usure, la r\u00e9sistance \u00e0 la chaleur et la stabilit\u00e9 chimique des films minces.<br \/>\nRecherche sur les mat\u00e9riaux pour films minces de haute puret\u00e9 : garantit la stabilit\u00e9 de la composition et de la structure des films dans la recherche scientifique ou le d\u00e9veloppement industriel de films minces.<br \/>\nValidation des processus et adaptation des \u00e9quipements : convient \u00e0 la validation des processus de pulv\u00e9risation en laboratoire et \u00e0 l&rsquo;\u00e9chelle pilote, facilitant l&rsquo;ajustement des param\u00e8tres et l&rsquo;\u00e9valuation des mat\u00e9riaux.<\/p>\n<h2><span style=\"font-size: 14pt; color: #0000ff;\"><a style=\"color: #0000ff;\" href=\"https:\/\/ulpmat.com\/fr\/societe\/faq\/\">FAQ<\/a><\/span><\/h2>\n<p>Q1 : \u00c0 quel type d&rsquo;\u00e9quipement de pulv\u00e9risation la cible en fluorure de magn\u00e9sium est-elle adapt\u00e9e ?<br \/>\nA1 : Peut \u00eatre utilis\u00e9e dans la pulv\u00e9risation RF, la pulv\u00e9risation magn\u00e9tron et d&rsquo;autres \u00e9quipements, adapt\u00e9e \u00e0 la recherche scientifique et au d\u00e9p\u00f4t industriel de films minces.<\/p>\n<p>Q2 : La densit\u00e9 de la cible affecte-t-elle la qualit\u00e9 du film ?<br \/>\nR2 : Les cibles \u00e0 haute densit\u00e9 r\u00e9duisent le risque de d\u00e9tachement des particules et am\u00e9liorent l&rsquo;uniformit\u00e9 et la coh\u00e9rence du film.<\/p>\n<p>Q3 : La taille de la cible et <span style=\"color: #0000ff;\"><a style=\"color: #0000ff;\" href=\"https:\/\/ulpmat.com\/fr\/service\/collage-des-cibles\/\">le collage<\/a><\/span><br \/>\nde la plaque arri\u00e8re peuvent-ils \u00eatre personnalis\u00e9s en fonction des sp\u00e9cifications de l&rsquo;\u00e9quipement ?<br \/>\nR3 : Oui, nous proposons des cibles rondes, carr\u00e9es et de taille sp\u00e9ciale, et pouvons fournir des solutions de collage de plaques arri\u00e8re en cuivre ou en aluminium pour am\u00e9liorer la dissipation thermique et la dur\u00e9e de vie.<\/p>\n<h2><span style=\"font-size: 14pt;\">Rapport<\/span><\/h2>\n<p>Chaque lot est fourni avec :<br \/>\n<span style=\"color: #0000ff;\"><a style=\"color: #0000ff;\" href=\"https:\/\/ulpmat.com\/fr\/documents\/certificat-danalyse\/\"><u>Certificat d&rsquo;analyse (COA)<\/u><\/a><\/span><\/p>\n<p><span style=\"color: #0000ff;\"><a style=\"color: #0000ff;\" href=\"https:\/\/ulpmat.com\/fr\/documents\/fiche-technique\/\"><u>Fiche technique (TDS)<\/u><\/a><\/span><\/p>\n<p><span style=\"color: #0000ff;\"><a style=\"color: #0000ff;\" href=\"https:\/\/ulpmat.com\/fr\/documents\/fiche-de-donnees-de-securite\/\"><u>Fiche de donn\u00e9es de s\u00e9curit\u00e9 (MSDS)<\/u><\/a><\/span><br \/>\nRapport d&rsquo;inspection des dimensions<br \/>\nRapports d&rsquo;essais effectu\u00e9s par des tiers disponibles sur demande<\/p>\n<h2><span style=\"font-size: 14pt;\">Pourquoi nous choisir ?<\/span><\/h2>\n<p>Nous sommes sp\u00e9cialis\u00e9s dans la pr\u00e9paration et la technologie de collage des cibles de pulv\u00e9risation au fluorure, fournissant des produits stables et fiables ainsi qu&rsquo;une assistance technique rapide pour aider nos clients \u00e0 r\u00e9aliser efficacement le d\u00e9p\u00f4t de couches minces, la validation des processus et l&rsquo;adaptation des \u00e9quipements.<\/p>\n","protected":false},"excerpt":{"rendered":"<p>Cible de pulv\u00e9risation en fluorure de magn\u00e9sium &#8211; Pr\u00e9sentation Les cibles de pulv\u00e9risation en fluorure de magn\u00e9sium sont des cibles c\u00e9ramiques en fluorure \u00e0 haute densit\u00e9 qui pr\u00e9sentent une excellente stabilit\u00e9 thermique et une grande inertie chimique. Elles conviennent aux proc\u00e9d\u00e9s de d\u00e9p\u00f4t par pulv\u00e9risation magn\u00e9tron ou RF de films optiques minces, de rev\u00eatements fonctionnels [&hellip;]<\/p>\n","protected":false},"featured_media":48189,"template":"","meta":{"_acf_changed":false},"product_brand":[132],"product_cat":[449],"product_tag":[6956],"class_list":{"0":"post-48188","1":"product","2":"type-product","3":"status-publish","4":"has-post-thumbnail","6":"product_brand-ulpmat","7":"product_cat-cible-de-pulverisation-ceramique","8":"product_tag-cible-de-pulverisation-de-fluorure-de-magnesium","10":"first","11":"instock","12":"shipping-taxable","13":"product-type-variable"},"acf":[],"_links":{"self":[{"href":"https:\/\/ulpmat.com\/fr\/wp-json\/wp\/v2\/product\/48188","targetHints":{"allow":["GET"]}}],"collection":[{"href":"https:\/\/ulpmat.com\/fr\/wp-json\/wp\/v2\/product"}],"about":[{"href":"https:\/\/ulpmat.com\/fr\/wp-json\/wp\/v2\/types\/product"}],"wp:featuredmedia":[{"embeddable":true,"href":"https:\/\/ulpmat.com\/fr\/wp-json\/wp\/v2\/media\/48189"}],"wp:attachment":[{"href":"https:\/\/ulpmat.com\/fr\/wp-json\/wp\/v2\/media?parent=48188"}],"wp:term":[{"taxonomy":"product_brand","embeddable":true,"href":"https:\/\/ulpmat.com\/fr\/wp-json\/wp\/v2\/product_brand?post=48188"},{"taxonomy":"product_cat","embeddable":true,"href":"https:\/\/ulpmat.com\/fr\/wp-json\/wp\/v2\/product_cat?post=48188"},{"taxonomy":"product_tag","embeddable":true,"href":"https:\/\/ulpmat.com\/fr\/wp-json\/wp\/v2\/product_tag?post=48188"}],"curies":[{"name":"wp","href":"https:\/\/api.w.org\/{rel}","templated":true}]}}