{"id":48002,"date":"2026-01-15T13:55:17","date_gmt":"2026-01-15T05:55:17","guid":{"rendered":"https:\/\/ulpmat.com\/product\/titanate-de-magnesium-oxyde-de-magnesium-et-de-titane-2\/"},"modified":"2026-01-15T13:55:17","modified_gmt":"2026-01-15T05:55:17","slug":"titanate-de-magnesium-oxyde-de-magnesium-et-de-titane-2","status":"publish","type":"product","link":"https:\/\/ulpmat.com\/fr\/produit\/titanate-de-magnesium-oxyde-de-magnesium-et-de-titane-2\/","title":{"rendered":"Titanate de magn\u00e9sium (oxyde de magn\u00e9sium et de titane)"},"content":{"rendered":"<h2><span style=\"font-size: 14pt;\">Pr\u00e9sentation de la poudre de titanate de magn\u00e9sium<\/span><\/h2>\n<p>La poudre<br \/>\n<span style=\"color: #0000ff;\"><a style=\"color: #0000ff;\" href=\"https:\/\/ulpmat.com\/fr\/recherche\/?type=name&#038;keyword=Magnesium+Titanate\">de titanate de magn\u00e9sium<\/a><\/span><br \/>\nest un mat\u00e9riau c\u00e9ramique inorganique de haute puret\u00e9 qui pr\u00e9sente d&rsquo;excellentes propri\u00e9t\u00e9s di\u00e9lectriques et une grande stabilit\u00e9 thermique. Elle est largement utilis\u00e9e dans la c\u00e9ramique \u00e9lectronique, les rev\u00eatements <span style=\"color: #0000ff;\"><a style=\"color: #0000ff;\" href=\"https:\/\/ulpmat.com\/fr\/candidature\/materiaux-optiques\/\">optiques<\/a><\/span><br \/>\n, les mat\u00e9riaux di\u00e9lectriques \u00e0 haute temp\u00e9rature et la recherche scientifique.<\/p>\n<p>Nous proposons des poudres de titanate de magn\u00e9sium de diff\u00e9rentes tailles de particules et de diff\u00e9rents niveaux de puret\u00e9 afin de r\u00e9pondre aux besoins de la recherche scientifique, des applications industrielles et de la pr\u00e9paration de mat\u00e9riaux fonctionnels. Veuillez <span style=\"color: #0000ff;\"><a style=\"color: #0000ff;\" href=\"https:\/\/ulpmat.com\/fr\/contactez-nous\/\">nous contacter<\/a><\/span><br \/>\npour obtenir des param\u00e8tres d\u00e9taill\u00e9s et des devis.<\/p>\n<h2><span style=\"font-size: 14pt;\">Points forts du produit<\/span><\/h2>\n<p>Haute puret\u00e9, faible teneur en impuret\u00e9s<br \/>\nPoudre uniforme, facile \u00e0 disperser et \u00e0 traiter<br \/>\nBonne stabilit\u00e9 thermique, forte inertie chimique<br \/>\nExcellentes propri\u00e9t\u00e9s di\u00e9lectriques, adapt\u00e9es \u00e0 la c\u00e9ramique \u00e9lectronique<br \/>\nGrande coh\u00e9rence des lots, performances stables<br \/>\nTaille des particules et sp\u00e9cifications personnalis\u00e9es disponibles<\/p>\n<h2><span style=\"font-size: 14pt;\">Applications de la poudre de titanate de magn\u00e9sium<\/span><\/h2>\n<p>Mat\u00e9riaux c\u00e9ramiques \u00e9lectroniques : la poudre de titanate de magn\u00e9sium peut \u00eatre utilis\u00e9e pour pr\u00e9parer des composants c\u00e9ramiques \u00e0 constante di\u00e9lectrique \u00e9lev\u00e9e, am\u00e9liorant ainsi les performances et la stabilit\u00e9 des appareils. Rev\u00eatements<br \/>\n<span style=\"color: #0000ff;\"><a style=\"color: #0000ff;\" href=\"https:\/\/ulpmat.com\/fr\/candidature\/materiaux-optiques\/\">optiques<\/a><\/span><br \/>\n: convient aux films optiques minces et aux rev\u00eatements c\u00e9ramiques, garantissant l&rsquo;uniformit\u00e9 du film et les performances optiques.<br \/>\nMat\u00e9riaux di\u00e9lectriques \u00e0 haute temp\u00e9rature : utilis\u00e9 dans la pr\u00e9paration de mat\u00e9riaux fonctionnels et de mat\u00e9riaux composites \u00e0 haute temp\u00e9rature, garantissant la stabilit\u00e9 de la structure et des performances des mat\u00e9riaux.<br \/>\nRecherche scientifique et d\u00e9veloppement de processus : convient \u00e0 la recherche sur les performances des mat\u00e9riaux et \u00e0 la v\u00e9rification des processus en laboratoire et \u00e0 l&rsquo;\u00e9chelle pilote, facilitant la formulation et l&rsquo;optimisation des param\u00e8tres.<\/p>\n<h2><span style=\"font-size: 14pt; color: #0000ff;\"><a style=\"color: #0000ff;\" href=\"https:\/\/ulpmat.com\/fr\/societe\/faq\/\">FAQ<\/a><\/span><\/h2>\n<p>Q1 : La taille des particules a-t-elle une incidence sur les propri\u00e9t\u00e9s de la c\u00e9ramique ?<br \/>\nA1 : L&rsquo;uniformit\u00e9 de la taille des particules a une incidence directe sur le comportement au frittage, le d\u00e9p\u00f4t de films minces et les propri\u00e9t\u00e9s des mat\u00e9riaux composites. Des sp\u00e9cifications appropri\u00e9es peuvent \u00eatre s\u00e9lectionn\u00e9es en fonction du processus.<\/p>\n<p>Q2 : Comment la poudre doit-elle \u00eatre stock\u00e9e pour conserver ses propri\u00e9t\u00e9s ?<br \/>\nA2 : Stockez-la dans un environnement sec et herm\u00e9tique, en \u00e9vitant l&rsquo;humidit\u00e9 ou la contamination, afin de maintenir la stabilit\u00e9 des propri\u00e9t\u00e9s de la poudre.<\/p>\n<p>Q3 : Des \u00e9chantillons ou de petits lots de poudre peuvent-ils \u00eatre fournis ?<br \/>\nR3 : Des \u00e9chantillons et de petits lots sont fournis pour faciliter la v\u00e9rification des recherches scientifiques ou les tests de processus.<\/p>\n<p>Q4 : La poudre peut-elle \u00eatre m\u00e9lang\u00e9e \u00e0 d&rsquo;autres oxydes m\u00e9talliques ?<br \/>\nR4 : Dans des conditions de processus appropri\u00e9es, elle peut \u00eatre utilis\u00e9e en combinaison avec divers oxydes m\u00e9talliques pour la pr\u00e9paration de mat\u00e9riaux composites ou de mat\u00e9riaux fonctionnels.<\/p>\n<h2><span style=\"font-size: 14pt;\">Rapport<\/span><\/h2>\n<p>Chaque lot est fourni avec :<br \/>\n<span style=\"color: #0000ff;\"><a style=\"color: #0000ff;\" href=\"https:\/\/ulpmat.com\/fr\/documents\/certificat-danalyse\/\"><u>Certificat d&rsquo;analyse (COA)<\/u><\/a><\/span><\/p>\n<p><span style=\"color: #0000ff;\"><a style=\"color: #0000ff;\" href=\"https:\/\/ulpmat.com\/fr\/documents\/fiche-technique\/\"><u>Fiche technique (TDS)<\/u><\/a><\/span><\/p>\n<p><span style=\"color: #0000ff;\"><a style=\"color: #0000ff;\" href=\"https:\/\/ulpmat.com\/fr\/documents\/fiche-de-donnees-de-securite\/\"><u>Fiche de donn\u00e9es de s\u00e9curit\u00e9 (MSDS)<\/u><\/a><\/span><br \/>\nRapports d&rsquo;essais effectu\u00e9s par des tiers disponibles sur demande<\/p>\n<h2><span style=\"font-size: 14pt;\">Pourquoi nous choisir ?<\/span><\/h2>\n<p>Nous sommes sp\u00e9cialis\u00e9s dans la pr\u00e9paration et le contr\u00f4le qualit\u00e9 de la poudre MgTiO\u2083 de haute puret\u00e9, fournissant des produits dont la taille des particules, la puret\u00e9 et la coh\u00e9rence des lots sont contr\u00f4lables. Nous offrons \u00e9galement une assistance en mati\u00e8re de technologie de processus et d&rsquo;application afin d&rsquo;aider nos clients \u00e0 mener \u00e0 bien rapidement le d\u00e9veloppement et l&rsquo;application des mat\u00e9riaux.<\/p>\n","protected":false},"excerpt":{"rendered":"<p>Pr\u00e9sentation de la poudre de titanate de magn\u00e9sium La poudre de titanate de magn\u00e9sium est un mat\u00e9riau c\u00e9ramique inorganique de haute puret\u00e9 qui pr\u00e9sente d&rsquo;excellentes propri\u00e9t\u00e9s di\u00e9lectriques et une grande stabilit\u00e9 thermique. Elle est largement utilis\u00e9e dans la c\u00e9ramique \u00e9lectronique, les rev\u00eatements optiques , les mat\u00e9riaux di\u00e9lectriques \u00e0 haute temp\u00e9rature et la recherche scientifique. Nous [&hellip;]<\/p>\n","protected":false},"featured_media":48003,"template":"","meta":{"_acf_changed":false},"product_brand":[132],"product_cat":[1184],"product_tag":[6908],"class_list":{"0":"post-48002","1":"product","2":"type-product","3":"status-publish","4":"has-post-thumbnail","6":"product_brand-ulpmat","7":"product_cat-autres-acides","8":"product_tag-titanate-de-magnesium-oxyde-de-magnesium-et-de-titane-en-poudre","10":"first","11":"instock","12":"shipping-taxable","13":"product-type-variable"},"acf":[],"_links":{"self":[{"href":"https:\/\/ulpmat.com\/fr\/wp-json\/wp\/v2\/product\/48002","targetHints":{"allow":["GET"]}}],"collection":[{"href":"https:\/\/ulpmat.com\/fr\/wp-json\/wp\/v2\/product"}],"about":[{"href":"https:\/\/ulpmat.com\/fr\/wp-json\/wp\/v2\/types\/product"}],"wp:featuredmedia":[{"embeddable":true,"href":"https:\/\/ulpmat.com\/fr\/wp-json\/wp\/v2\/media\/48003"}],"wp:attachment":[{"href":"https:\/\/ulpmat.com\/fr\/wp-json\/wp\/v2\/media?parent=48002"}],"wp:term":[{"taxonomy":"product_brand","embeddable":true,"href":"https:\/\/ulpmat.com\/fr\/wp-json\/wp\/v2\/product_brand?post=48002"},{"taxonomy":"product_cat","embeddable":true,"href":"https:\/\/ulpmat.com\/fr\/wp-json\/wp\/v2\/product_cat?post=48002"},{"taxonomy":"product_tag","embeddable":true,"href":"https:\/\/ulpmat.com\/fr\/wp-json\/wp\/v2\/product_tag?post=48002"}],"curies":[{"name":"wp","href":"https:\/\/api.w.org\/{rel}","templated":true}]}}