{"id":47978,"date":"2026-01-15T13:55:17","date_gmt":"2026-01-15T05:55:17","guid":{"rendered":"https:\/\/ulpmat.com\/product\/titanate-de-magnesium-oxyde-de-magnesium-et-de-titane\/"},"modified":"2026-01-15T13:55:17","modified_gmt":"2026-01-15T05:55:17","slug":"titanate-de-magnesium-oxyde-de-magnesium-et-de-titane","status":"publish","type":"product","link":"https:\/\/ulpmat.com\/fr\/produit\/titanate-de-magnesium-oxyde-de-magnesium-et-de-titane\/","title":{"rendered":"Titanate de magn\u00e9sium (oxyde de magn\u00e9sium et de titane)"},"content":{"rendered":"<h2><span style=\"font-size: 14pt;\">Cible de pulv\u00e9risation en titanate de magn\u00e9sium Pr\u00e9sentation<\/span><\/h2>\n<p>Les cibles de pulv\u00e9risation<br \/>\n<span style=\"color: #0000ff;\"><a style=\"color: #0000ff;\" href=\"https:\/\/ulpmat.com\/fr\/recherche\/?type=name&#038;keyword=Magnesium+Titanate\">en titanate de magn\u00e9sium<\/a><\/span><br \/>\nsont des cibles c\u00e9ramiques \u00e0 haute densit\u00e9 et haute puret\u00e9 qui pr\u00e9sentent une excellente stabilit\u00e9 thermique et une grande inertie chimique. Elles sont largement utilis\u00e9es dans les processus de pulv\u00e9risation magn\u00e9tron ou RF pour les films optiques minces, les films c\u00e9ramiques \u00e9lectroniques et les rev\u00eatements fonctionnels.<\/p>\n<p>Nous proposons des cibles en titanate de magn\u00e9sium de diff\u00e9rentes tailles, \u00e9paisseurs et densit\u00e9s, et pouvons personnaliser les solutions de liaison des fonds de panier en cuivre ou en aluminium en fonction des exigences des \u00e9quipements de nos clients. Veuillez <span style=\"color: #0000ff;\"><a style=\"color: #0000ff;\" href=\"https:\/\/ulpmat.com\/fr\/contactez-nous\/\">nous contacter<\/a><\/span><br \/>\npour obtenir les param\u00e8tres et les devis.<\/p>\n<h2><span style=\"font-size: 14pt;\">Points forts du produit<\/span><\/h2>\n<p>Haute densit\u00e9, excellente stabilit\u00e9 de pulv\u00e9risation<br \/>\nExcellente stabilit\u00e9 thermique, aucune d\u00e9formation apr\u00e8s un d\u00e9p\u00f4t \u00e0 long terme<br \/>\nSurface lisse, grande uniformit\u00e9 du film<br \/>\nForte inertie chimique, adaptable \u00e0 divers proc\u00e9d\u00e9s<br \/>\nPeut \u00eatre li\u00e9 \u00e0 des fonds en cuivre\/aluminium pour am\u00e9liorer l&rsquo;efficacit\u00e9 de la dissipation thermique<br \/>\nDisponible en diff\u00e9rentes tailles, \u00e9paisseurs et sp\u00e9cifications personnalis\u00e9es<\/p>\n<h2><span style=\"font-size: 14pt;\">Applications des cibles de pulv\u00e9risation en titanate de magn\u00e9sium<\/span><\/h2>\n<p>Pr\u00e9paration de films<br \/>\n<span style=\"color: #0000ff;\"><a style=\"color: #0000ff;\" href=\"https:\/\/ulpmat.com\/fr\/candidature\/materiaux-optiques\/\">optiques<\/a><\/span><br \/>\nminces : les cibles en titanate de magn\u00e9sium peuvent d\u00e9poser des films denses et transparents par pulv\u00e9risation RF ou magn\u00e9tron, garantissant l&rsquo;uniformit\u00e9 et la r\u00e9p\u00e9tabilit\u00e9 du film.<br \/>\nFilms c\u00e9ramiques \u00e9lectroniques : utilis\u00e9s pour le rev\u00eatement de dispositifs \u00e9lectroniques haute performance, am\u00e9liorant les propri\u00e9t\u00e9s di\u00e9lectriques et la stabilit\u00e9 des films minces.<br \/>\nD\u00e9p\u00f4t de rev\u00eatements fonctionnels : convient aux rev\u00eatements r\u00e9sistants \u00e0 l&rsquo;usure, \u00e0 la chaleur ou \u00e0 haute stabilit\u00e9, r\u00e9pondant \u00e0 des exigences de processus sp\u00e9cifiques.<br \/>\nRecherche et validation des processus : convient \u00e0 la validation des processus de pulv\u00e9risation au laboratoire et \u00e0 l&rsquo;\u00e9chelle pilote, facilitant l&rsquo;optimisation des param\u00e8tres et l&rsquo;\u00e9valuation des mat\u00e9riaux.<\/p>\n<h2><span style=\"font-size: 14pt; color: #0000ff;\"><a style=\"color: #0000ff;\" href=\"https:\/\/ulpmat.com\/fr\/societe\/faq\/\">FAQ<\/a><\/span><\/h2>\n<p>Q1 : \u00c0 quel \u00e9quipement la cible en titanate de magn\u00e9sium convient-elle ?<br \/>\nA1 : Peut \u00eatre utilis\u00e9e dans les \u00e9quipements de recherche et de d\u00e9p\u00f4t de films minces industriels tels que la pulv\u00e9risation RF et la pulv\u00e9risation magn\u00e9tron.<\/p>\n<p>Q2 : La densit\u00e9 de la cible a-t-elle une incidence sur l&rsquo;uniformit\u00e9 du film ?<br \/>\nR2 : Les cibles \u00e0 haute densit\u00e9 r\u00e9duisent le risque de d\u00e9tachement des particules, am\u00e9liorant ainsi l&rsquo;uniformit\u00e9 et la r\u00e9p\u00e9tabilit\u00e9 du film.<\/p>\n<p>Q3 : La taille de la cible et le collage de la plaque arri\u00e8re peuvent-ils \u00eatre personnalis\u00e9s ?<br \/>\nR3 : Oui, nous pouvons fournir des cibles rondes, carr\u00e9es et de taille sp\u00e9ciale, et proposer des solutions de collage de plaques arri\u00e8re en cuivre ou en aluminium afin d&rsquo;am\u00e9liorer l&rsquo;efficacit\u00e9 de la dissipation thermique et la dur\u00e9e de vie.<\/p>\n<p>Q4 : Quelles sont les pr\u00e9cautions \u00e0 prendre pour le collage de la plaque arri\u00e8re ?<br \/>\nA4 : La surface de contact entre la cible et la plaque arri\u00e8re doit \u00eatre plane. Apr\u00e8s le collage, \u00e9vitez l&rsquo;humidit\u00e9 ou la contamination afin de garantir une bonne conduction thermique et la stabilit\u00e9 de la cible pendant la pulv\u00e9risation.<\/p>\n<h2><span style=\"font-size: 14pt;\">Rapport<\/span><\/h2>\n<p>Chaque lot est fourni avec :<br \/>\n<span style=\"color: #0000ff;\"><a style=\"color: #0000ff;\" href=\"https:\/\/ulpmat.com\/fr\/documents\/certificat-danalyse\/\"><u>Certificat d&rsquo;analyse (COA)<\/u><\/a><\/span><\/p>\n<p><span style=\"color: #0000ff;\"><a style=\"color: #0000ff;\" href=\"https:\/\/ulpmat.com\/fr\/documents\/fiche-technique\/\"><u>Fiche technique (TDS)<\/u><\/a><\/span><\/p>\n<p><span style=\"color: #0000ff;\"><a style=\"color: #0000ff;\" href=\"https:\/\/ulpmat.com\/fr\/documents\/fiche-de-donnees-de-securite\/\"><u>Fiche de donn\u00e9es de s\u00e9curit\u00e9 (MSDS)<\/u><\/a><\/span><br \/>\nRapport d&rsquo;inspection des dimensions<br \/>\nRapports d&rsquo;essais effectu\u00e9s par des tiers disponibles sur demande<\/p>\n<h2><span style=\"font-size: 14pt;\">Pourquoi nous choisir ?<\/span><\/h2>\n<p>Nous sommes sp\u00e9cialis\u00e9s dans la pr\u00e9paration de cibles de pulv\u00e9risation MgTiO\u2083 de haute puret\u00e9 et dans la technologie de collage de plaques arri\u00e8re, fournissant des produits \u00e0 haute densit\u00e9, \u00e0 contr\u00f4le dimensionnel et \u00e0 haute uniformit\u00e9 de film. Nous offrons \u00e9galement une assistance technique bas\u00e9e sur les \u00e9quipements et les exigences de processus de nos clients, les aidant \u00e0 r\u00e9aliser efficacement le d\u00e9p\u00f4t de films minces et la validation des processus.<\/p>\n","protected":false},"excerpt":{"rendered":"<p>Cible de pulv\u00e9risation en titanate de magn\u00e9sium Pr\u00e9sentation Les cibles de pulv\u00e9risation en titanate de magn\u00e9sium sont des cibles c\u00e9ramiques \u00e0 haute densit\u00e9 et haute puret\u00e9 qui pr\u00e9sentent une excellente stabilit\u00e9 thermique et une grande inertie chimique. Elles sont largement utilis\u00e9es dans les processus de pulv\u00e9risation magn\u00e9tron ou RF pour les films optiques minces, les [&hellip;]<\/p>\n","protected":false},"featured_media":47979,"template":"","meta":{"_acf_changed":false},"product_brand":[132],"product_cat":[449],"product_tag":[6902],"class_list":{"0":"post-47978","1":"product","2":"type-product","3":"status-publish","4":"has-post-thumbnail","6":"product_brand-ulpmat","7":"product_cat-cible-de-pulverisation-ceramique","8":"product_tag-titanate-de-magnesium-oxyde-de-magnesium-et-de-titane-cible-de-pulverisation-cathodique","10":"first","11":"instock","12":"shipping-taxable","13":"product-type-variable"},"acf":[],"_links":{"self":[{"href":"https:\/\/ulpmat.com\/fr\/wp-json\/wp\/v2\/product\/47978","targetHints":{"allow":["GET"]}}],"collection":[{"href":"https:\/\/ulpmat.com\/fr\/wp-json\/wp\/v2\/product"}],"about":[{"href":"https:\/\/ulpmat.com\/fr\/wp-json\/wp\/v2\/types\/product"}],"wp:featuredmedia":[{"embeddable":true,"href":"https:\/\/ulpmat.com\/fr\/wp-json\/wp\/v2\/media\/47979"}],"wp:attachment":[{"href":"https:\/\/ulpmat.com\/fr\/wp-json\/wp\/v2\/media?parent=47978"}],"wp:term":[{"taxonomy":"product_brand","embeddable":true,"href":"https:\/\/ulpmat.com\/fr\/wp-json\/wp\/v2\/product_brand?post=47978"},{"taxonomy":"product_cat","embeddable":true,"href":"https:\/\/ulpmat.com\/fr\/wp-json\/wp\/v2\/product_cat?post=47978"},{"taxonomy":"product_tag","embeddable":true,"href":"https:\/\/ulpmat.com\/fr\/wp-json\/wp\/v2\/product_tag?post=47978"}],"curies":[{"name":"wp","href":"https:\/\/api.w.org\/{rel}","templated":true}]}}