{"id":47452,"date":"2026-01-16T16:07:18","date_gmt":"2026-01-16T08:07:18","guid":{"rendered":"https:\/\/ulpmat.com\/product\/seleniure-de-lithium\/"},"modified":"2026-01-16T16:07:18","modified_gmt":"2026-01-16T08:07:18","slug":"seleniure-de-lithium","status":"publish","type":"product","link":"https:\/\/ulpmat.com\/fr\/produit\/seleniure-de-lithium\/","title":{"rendered":"S\u00e9l\u00e9niure de lithium"},"content":{"rendered":"<h2><span style=\"font-size: 14pt;\">S\u00e9l\u00e9niure de lithium Pr\u00e9sentation<\/span><\/h2>\n<p><span style=\"color: #0000ff;\"><a style=\"color: #0000ff;\" href=\"https:\/\/ulpmat.com\/fr\/recherche\/?type=name&#038;keyword=Lithium+selenide\">Le s\u00e9l\u00e9niure de lithium<\/a><\/span><br \/>\nest un mat\u00e9riau cristallin blanc utilis\u00e9 comme source fiable de lithium et de s\u00e9l\u00e9nium dans les batteries \u00e0 semi-conducteurs, les cathodes de batteries au lithium-s\u00e9l\u00e9nium et la recherche sur les semi-conducteurs.<\/p>\n<p>Nos granul\u00e9s de s\u00e9l\u00e9niure de lithium sont produits avec une puret\u00e9 typique \u2265 99,9 %, garantissant une qualit\u00e9 constante et un minimum d&rsquo;impuret\u00e9s pour les applications industrielles et de recherche. Nous offrons \u00e9galement un service apr\u00e8s-vente complet. N&rsquo;h\u00e9sitez pas \u00e0 <span style=\"color: #0000ff;\"><a style=\"color: #0000ff;\" href=\"https:\/\/ulpmat.com\/fr\/contactez-nous\/\">nous contacter<\/a><\/span><br \/>\nsi vous avez des questions.<\/p>\n<h2><span style=\"font-size: 14pt;\">Points forts du produit<\/span><\/h2>\n<p>Haute puret\u00e9 : puret\u00e9 \u2265 99,9 % adapt\u00e9e aux applications \u00e9lectroniques et \u00e9nerg\u00e9tiques.<br \/>\nForme granulaire : facilite la manipulation et le stockage en toute s\u00e9curit\u00e9.<br \/>\nAssistance technique : conseils d&rsquo;experts sur la manipulation, la s\u00e9curit\u00e9 et l&rsquo;int\u00e9gration des applications.<br \/>\nService mondial : exp\u00e9dition conforme avec documentation d&rsquo;exportation compl\u00e8te<\/p>\n<h2><span style=\"font-size: 14pt;\">. Applications des granul\u00e9s de s\u00e9l\u00e9niure de lithium<\/span><\/h2>\n<p>Batteries \u00e0 semi-conducteurs et au lithium-s\u00e9l\u00e9nium : source essentielle de lithium et de s\u00e9l\u00e9nium pour les cathodes et les \u00e9lectrolytes. Recherche<br \/>\n<span style=\"color: #0000ff;\"><a style=\"color: #0000ff;\" href=\"https:\/\/ulpmat.com\/fr\/candidature\/materiaux-semi-conducteurs\/\">sur les semi-conducteurs<\/a><\/span><br \/>\n: mat\u00e9riau pr\u00e9curseur pour la synth\u00e8se de compos\u00e9s de s\u00e9l\u00e9niure et le d\u00e9p\u00f4t de couches minces.<br \/>\nSynth\u00e8se chimique : convient \u00e0 la production de compos\u00e9s inorganiques contenant du s\u00e9l\u00e9nium.<\/p>\n<h2><span style=\"color: #0000ff;\"><a style=\"color: #0000ff;\" href=\"https:\/\/ulpmat.com\/fr\/societe\/faq\/\"><span style=\"font-size: 14pt;\">FAQ<\/span><\/a><\/span><\/h2>\n<p>Q1 : Dans quels domaines de recherche les granul\u00e9s de s\u00e9l\u00e9niure de lithium sont-ils principalement utilis\u00e9s ?<br \/>\nR1 : Ce mat\u00e9riau est principalement utilis\u00e9 dans la recherche sur les syst\u00e8mes \u00e0 base de s\u00e9l\u00e9niure de lithium, le d\u00e9veloppement de nouveaux mat\u00e9riaux \u00e9nerg\u00e9tiques et l&rsquo;exp\u00e9rimentation et l&rsquo;exploration de compos\u00e9s fonctionnels connexes.<\/p>\n<p>Q2 : Quels sont les avantages de l&rsquo;utilisation de granul\u00e9s par rapport \u00e0 la forme en poudre ?<br \/>\nR2 : La forme granulaire est plus facile \u00e0 peser, \u00e0 transf\u00e9rer et \u00e0 contr\u00f4ler le processus de r\u00e9action, et est souvent utilis\u00e9e dans les r\u00e9actions \u00e0 l&rsquo;\u00e9tat solide ou comme mat\u00e9riau pr\u00e9curseur.<\/p>\n<p>Q3 : Dans quels processus de pr\u00e9paration ou d&rsquo;exp\u00e9rimentation les granul\u00e9s de s\u00e9l\u00e9niure de lithium sont-ils g\u00e9n\u00e9ralement utilis\u00e9s ?<br \/>\nA3 : Ce mat\u00e9riau peut \u00eatre utilis\u00e9 dans la synth\u00e8se \u00e0 l&rsquo;\u00e9tat solide, les exp\u00e9riences de modification des mat\u00e9riaux et la pr\u00e9paration pr\u00e9liminaire de mat\u00e9riaux composites ou fonctionnels.<\/p>\n<p>Q4 : Quelles pr\u00e9cautions faut-il prendre lors du stockage et de la manipulation des granul\u00e9s de s\u00e9l\u00e9niure de lithium ?<br \/>\nR4 : Il est recommand\u00e9 de les stocker et de les manipuler dans un environnement sec et herm\u00e9tique, en \u00e9vitant tout contact prolong\u00e9 avec l&rsquo;air ou l&rsquo;humidit\u00e9 afin de pr\u00e9server la stabilit\u00e9 du mat\u00e9riau. Rapports<br \/>\nChaque lot de granul\u00e9s de Li\u2082Se est accompagn\u00e9 d&rsquo;un <span style=\"color: #0000ff;\"><a style=\"color: #0000ff;\" href=\"https:\/\/ulpmat.com\/fr\/documents\/certificat-danalyse\/\">certificat d&rsquo;analyse (COA)<\/a><\/span><br \/>\net <span style=\"color: #0000ff;\"><a style=\"color: #0000ff;\" href=\"https:\/\/ulpmat.com\/fr\/documents\/fiche-de-donnees-de-securite\/\">d&rsquo;une fiche de donn\u00e9es de s\u00e9curit\u00e9 (FDS).<\/a><\/span><br \/>\nUne v\u00e9rification par un tiers de la puret\u00e9 \u00e9l\u00e9mentaire et des niveaux d&rsquo;impuret\u00e9s est disponible sur demande.<\/p>\n","protected":false},"excerpt":{"rendered":"<p>S\u00e9l\u00e9niure de lithium Pr\u00e9sentation Le s\u00e9l\u00e9niure de lithium est un mat\u00e9riau cristallin blanc utilis\u00e9 comme source fiable de lithium et de s\u00e9l\u00e9nium dans les batteries \u00e0 semi-conducteurs, les cathodes de batteries au lithium-s\u00e9l\u00e9nium et la recherche sur les semi-conducteurs. Nos granul\u00e9s de s\u00e9l\u00e9niure de lithium sont produits avec une puret\u00e9 typique \u2265 99,9 %, garantissant [&hellip;]<\/p>\n","protected":false},"featured_media":47453,"template":"","meta":{"_acf_changed":false},"product_brand":[132],"product_cat":[296],"product_tag":[6583,6586,6585,6578,6587,6588,6581,6584,6580,6579,6582],"class_list":{"0":"post-47452","1":"product","2":"type-product","3":"status-publish","4":"has-post-thumbnail","6":"product_brand-ulpmat","7":"product_cat-materiaux-devaporation","8":"product_tag-acheter-seleniure-de-lithium","9":"product_tag-chine-seleniure-de-lithium","10":"product_tag-fournisseurs-de-seleniure-de-lithium","11":"product_tag-li2se","12":"product_tag-meilleur-seleniure-de-lithium","13":"product_tag-personnalise-seleniure-de-lithium","14":"product_tag-prix-du-seleniure-de-lithium","15":"product_tag-seleniure-de-lithium","16":"product_tag-seleniure-de-lithium-a-vendre","17":"product_tag-seleniure-de-lithium-fabricants-chine","18":"product_tag-usine-de-seleniure-de-lithium","20":"first","21":"instock","22":"shipping-taxable","23":"product-type-variable"},"acf":[],"_links":{"self":[{"href":"https:\/\/ulpmat.com\/fr\/wp-json\/wp\/v2\/product\/47452","targetHints":{"allow":["GET"]}}],"collection":[{"href":"https:\/\/ulpmat.com\/fr\/wp-json\/wp\/v2\/product"}],"about":[{"href":"https:\/\/ulpmat.com\/fr\/wp-json\/wp\/v2\/types\/product"}],"wp:featuredmedia":[{"embeddable":true,"href":"https:\/\/ulpmat.com\/fr\/wp-json\/wp\/v2\/media\/47453"}],"wp:attachment":[{"href":"https:\/\/ulpmat.com\/fr\/wp-json\/wp\/v2\/media?parent=47452"}],"wp:term":[{"taxonomy":"product_brand","embeddable":true,"href":"https:\/\/ulpmat.com\/fr\/wp-json\/wp\/v2\/product_brand?post=47452"},{"taxonomy":"product_cat","embeddable":true,"href":"https:\/\/ulpmat.com\/fr\/wp-json\/wp\/v2\/product_cat?post=47452"},{"taxonomy":"product_tag","embeddable":true,"href":"https:\/\/ulpmat.com\/fr\/wp-json\/wp\/v2\/product_tag?post=47452"}],"curies":[{"name":"wp","href":"https:\/\/api.w.org\/{rel}","templated":true}]}}