{"id":47392,"date":"2026-01-16T16:07:21","date_gmt":"2026-01-16T08:07:21","guid":{"rendered":"https:\/\/ulpmat.com\/product\/tellurure-de-lithium\/"},"modified":"2026-01-16T16:07:21","modified_gmt":"2026-01-16T08:07:21","slug":"tellurure-de-lithium","status":"publish","type":"product","link":"https:\/\/ulpmat.com\/fr\/produit\/tellurure-de-lithium\/","title":{"rendered":"Tellurure de lithium"},"content":{"rendered":"<h2><span style=\"font-size: 14pt;\">Poudre de tellurure de lithium <\/span><span style=\"font-size: 14pt;\">Pr\u00e9sentation<\/span><\/h2>\n<p><span style=\"color: #0000ff;\"><a style=\"color: #0000ff;\" href=\"https:\/\/ulpmat.com\/fr\/recherche\/?type=name&#038;keyword=Lithium+Telluride\">Le tellurure de lithium<\/a><\/span><br \/>\nest un compos\u00e9 de lithium et de tellure qui pr\u00e9sente des propri\u00e9t\u00e9s uniques r\u00e9sultant de l&rsquo;interaction entre le lithium \u00e9lectropositif et le tellure \u00e9lectron\u00e9gatif, ce qui lui conf\u00e8re une mobilit\u00e9 ionique \u00e9lev\u00e9e et une structure \u00e9lectronique int\u00e9ressante.<\/p>\n<p>Notre poudre de tellurure de lithium pr\u00e9sente une distribution granulom\u00e9trique contr\u00f4l\u00e9e et de faibles niveaux d&rsquo;impuret\u00e9s. Elle convient \u00e0 une utilisation dans le stockage d&rsquo;\u00e9nergie, les batteries lithium-tellure et d&rsquo;autres mat\u00e9riaux chimiques \u00e0 base de lithium. Nous offrons \u00e9galement un service apr\u00e8s-vente complet. N&rsquo;h\u00e9sitez pas \u00e0 <span style=\"color: #0000ff;\"><a style=\"color: #0000ff;\" href=\"https:\/\/ulpmat.com\/fr\/contactez-nous\/\">nous contacter<\/a><\/span><br \/>\nsi vous avez des questions.<\/p>\n<h2><span style=\"font-size: 14pt;\">Caract\u00e9ristiques du produit<\/span><\/h2>\n<p>Puret\u00e9 : \u226599,9 % (personnalisable sur demande)<br \/>\nTaille des particules personnalisable<br \/>\nTeneur \u00e9lev\u00e9e en lithium<br \/>\nTaille des particules personnalisable : \u00e9chelle nanom\u00e9trique ou microm\u00e9trique disponible<br \/>\nQuantit\u00e9s flexibles : de quelques grammes pour la R&amp;D \u00e0 plusieurs kilogrammes<\/p>\n<h2><span style=\"font-size: 14pt;\">Applications de la poudre de tellurure de lithium<\/span><\/h2>\n<p>Recherche<br \/>\n<span style=\"color: #0000ff;\"><a style=\"color: #0000ff;\" href=\"https:\/\/ulpmat.com\/fr\/candidature\/materiaux-de-la-batterie\/\">sur les batteries<\/a><\/span><br \/>\n: mat\u00e9riau \u00e9mergent dans les batteries au lithium-tellure et hybrides<br \/>\nChimie des solides : pr\u00e9curseur pour la synth\u00e8se de mat\u00e9riaux \u00e0 base de Li-Te<br \/>\nThermo\u00e9lectricit\u00e9 : exploration de mat\u00e9riaux \u00e0 faible bande interdite \u00e0 base de tellurure<br \/>\nAgent d&rsquo;alliage : interm\u00e9diaire dans les syst\u00e8mes avanc\u00e9s d&rsquo;alliages de lithium<br \/>\nMat\u00e9riaux \u00e9lectroniques : utilisation potentielle dans les conducteurs semi-conducteurs ou ioniques<\/p>\n<h2><span style=\"font-size: 14pt; color: #0000ff;\"><a style=\"color: #0000ff;\" href=\"https:\/\/ulpmat.com\/fr\/societe\/faq\/\">FAQ<\/a><\/span><\/h2>\n<p>Q1 : Dans quels domaines de recherche ou d&rsquo;application la poudre de tellurure de lithium est-elle g\u00e9n\u00e9ralement utilis\u00e9e ?<br \/>\nA1 : Cette poudre est principalement utilis\u00e9e dans la recherche et le d\u00e9veloppement de mat\u00e9riaux li\u00e9s aux compos\u00e9s \u00e0 base de lithium, aux mat\u00e9riaux semi-conducteurs fonctionnels et aux nouveaux mat\u00e9riaux \u00e9nerg\u00e9tiques.<\/p>\n<p>Q2 : Quel r\u00f4le joue la poudre de tellurure de lithium dans la recherche sur les mat\u00e9riaux ?<br \/>\nR2 : Ce mat\u00e9riau est souvent utilis\u00e9 comme pr\u00e9curseur ou composant fonctionnel pour \u00e9tudier la stabilit\u00e9 \u00e9lectrique et chimique ainsi que les propri\u00e9t\u00e9s structurelles des mat\u00e9riaux.<\/p>\n<p>Q3 : Dans quels sc\u00e9narios exp\u00e9rimentaux ou de pr\u00e9paration ce mat\u00e9riau en poudre est-il adapt\u00e9 ?<br \/>\nR3 : La poudre de tellurure de lithium est adapt\u00e9e \u00e0 la synth\u00e8se \u00e0 l&rsquo;\u00e9tat solide, \u00e0 la modification des mat\u00e9riaux et \u00e0 la recherche pr\u00e9liminaire sur la pr\u00e9paration de films minces ou de mat\u00e9riaux composites connexes.<\/p>\n<p>Q4 : Quelles pr\u00e9cautions faut-il prendre lors du stockage et de la manipulation de la poudre de tellurure de lithium ?<br \/>\nR4 : Il est recommand\u00e9 de le stocker et de le manipuler dans un environnement sec et herm\u00e9tique, en \u00e9vitant tout contact prolong\u00e9 avec l&rsquo;air et l&rsquo;humidit\u00e9 afin de pr\u00e9server la stabilit\u00e9 des propri\u00e9t\u00e9s du mat\u00e9riau. Rapports<br \/>\nChaque lot de Li2Te est accompagn\u00e9 d&rsquo;un <span style=\"color: #0000ff;\"><a style=\"color: #0000ff;\" href=\"https:\/\/ulpmat.com\/fr\/documents\/certificat-danalyse\/\">certificat d&rsquo;analyse (COA)<\/a><\/span><br \/>\net <span style=\"color: #0000ff;\"><a style=\"color: #0000ff;\" href=\"https:\/\/ulpmat.com\/fr\/documents\/fiche-de-donnees-de-securite\/\">d&rsquo;une fiche de donn\u00e9es de s\u00e9curit\u00e9 (FDS).<\/a><\/span><br \/>\nDes rapports de test tiers facultatifs sont disponibles sur demande.<br \/>\nRapports facultatifs : diagramme XRD, morphologie SEM, distribution granulom\u00e9trique et profil d&rsquo;impuret\u00e9s ICP.<\/p>\n","protected":false},"excerpt":{"rendered":"<p>Poudre de tellurure de lithium Pr\u00e9sentation Le tellurure de lithium est un compos\u00e9 de lithium et de tellure qui pr\u00e9sente des propri\u00e9t\u00e9s uniques r\u00e9sultant de l&rsquo;interaction entre le lithium \u00e9lectropositif et le tellure \u00e9lectron\u00e9gatif, ce qui lui conf\u00e8re une mobilit\u00e9 ionique \u00e9lev\u00e9e et une structure \u00e9lectronique int\u00e9ressante. Notre poudre de tellurure de lithium pr\u00e9sente une [&hellip;]<\/p>\n","protected":false},"featured_media":47393,"template":"","meta":{"_acf_changed":false},"product_brand":[132],"product_cat":[921],"product_tag":[6512],"class_list":{"0":"post-47392","1":"product","2":"type-product","3":"status-publish","4":"has-post-thumbnail","6":"product_brand-ulpmat","7":"product_cat-materiaux-de-la-batterie","8":"product_tag-poudre-de-tellurure-de-lithium","10":"first","11":"instock","12":"shipping-taxable","13":"product-type-variable"},"acf":[],"_links":{"self":[{"href":"https:\/\/ulpmat.com\/fr\/wp-json\/wp\/v2\/product\/47392","targetHints":{"allow":["GET"]}}],"collection":[{"href":"https:\/\/ulpmat.com\/fr\/wp-json\/wp\/v2\/product"}],"about":[{"href":"https:\/\/ulpmat.com\/fr\/wp-json\/wp\/v2\/types\/product"}],"wp:featuredmedia":[{"embeddable":true,"href":"https:\/\/ulpmat.com\/fr\/wp-json\/wp\/v2\/media\/47393"}],"wp:attachment":[{"href":"https:\/\/ulpmat.com\/fr\/wp-json\/wp\/v2\/media?parent=47392"}],"wp:term":[{"taxonomy":"product_brand","embeddable":true,"href":"https:\/\/ulpmat.com\/fr\/wp-json\/wp\/v2\/product_brand?post=47392"},{"taxonomy":"product_cat","embeddable":true,"href":"https:\/\/ulpmat.com\/fr\/wp-json\/wp\/v2\/product_cat?post=47392"},{"taxonomy":"product_tag","embeddable":true,"href":"https:\/\/ulpmat.com\/fr\/wp-json\/wp\/v2\/product_tag?post=47392"}],"curies":[{"name":"wp","href":"https:\/\/api.w.org\/{rel}","templated":true}]}}