{"id":47080,"date":"2026-01-16T16:07:29","date_gmt":"2026-01-16T08:07:29","guid":{"rendered":"https:\/\/ulpmat.com\/product\/phosphate-de-lithium-daluminium-et-de-germanium-lagp-2\/"},"modified":"2026-01-16T16:07:29","modified_gmt":"2026-01-16T08:07:29","slug":"phosphate-de-lithium-daluminium-et-de-germanium-lagp-2","status":"publish","type":"product","link":"https:\/\/ulpmat.com\/fr\/produit\/phosphate-de-lithium-daluminium-et-de-germanium-lagp-2\/","title":{"rendered":"Phosphate de lithium, d&rsquo;aluminium et de germanium (LAGP)"},"content":{"rendered":"<h2><span style=\"font-size: 14pt;\">Poudre de phosphate de lithium, d&rsquo;aluminium et de germanium Pr\u00e9sentation<\/span><\/h2>\n<p>La poudre<br \/>\n<span style=\"color: #0000ff;\"><a style=\"color: #0000ff;\" href=\"https:\/\/ulpmat.com\/fr\/recherche\/?type=name&#038;keyword=Lithium+Aluminum+Germanium+Phosphate\">de<\/a><\/span><br \/>\nphosphate de lithium<br \/>\n<span style=\"color: #0000ff;\"><a style=\"color: #0000ff;\" href=\"https:\/\/ulpmat.com\/fr\/recherche\/?type=name&#038;keyword=Lithium+Aluminum+Germanium+Phosphate\">,<\/a><\/span><\/p>\n<p><span style=\"color: #0000ff;\"><a style=\"color: #0000ff;\" href=\"https:\/\/ulpmat.com\/fr\/recherche\/?type=name&#038;keyword=Lithium+Aluminum+Germanium+Phosphate\">d&rsquo;aluminium<\/a><\/span><br \/>\net<br \/>\n<span style=\"color: #0000ff;\"><a style=\"color: #0000ff;\" href=\"https:\/\/ulpmat.com\/fr\/recherche\/?type=name&#038;keyword=Lithium+Aluminum+Germanium+Phosphate\">de<\/a><\/span><br \/>\ngerman<br \/>\n<span style=\"color: #0000ff;\"><a style=\"color: #0000ff;\" href=\"https:\/\/ulpmat.com\/fr\/recherche\/?type=name&#038;keyword=Lithium+Aluminum+Germanium+Phosphate\">ium<\/a><\/span><br \/>\nest un mat\u00e9riau de haute puret\u00e9 appartenant \u00e0 la famille des NASICON. Il s&rsquo;agit d&rsquo;un \u00e9lectrolyte solide prometteur pour les batteries lithium-ion avanc\u00e9es et les dispositifs \u00e9lectrochimiques \u00e0 l&rsquo;\u00e9tat solide.<\/p>\n<p>Notre poudre de phosphate de lithium, d&rsquo;aluminium et de germanium est synth\u00e9tis\u00e9e dans des conditions contr\u00f4l\u00e9es afin de garantir la puret\u00e9 de phase, la taille uniforme des particules et de faibles niveaux d&rsquo;impuret\u00e9s. Nous offrons une assistance compl\u00e8te<span style=\"color: #0000ff;\"><a style=\"color: #0000ff;\" href=\"https:\/\/ulpmat.com\/fr\/contactez-nous\/\">.<\/a><\/span><br \/>\nN&rsquo;h\u00e9sitez pas \u00e0 <span style=\"color: #0000ff;\"><a style=\"color: #0000ff;\" href=\"https:\/\/ulpmat.com\/fr\/contactez-nous\/\">nous contacter.<\/a><\/span><\/p>\n<h2><span style=\"font-size: 14pt;\">Caract\u00e9ristiques du produit<\/span><\/h2>\n<p>Puret\u00e9 : \u226599,99 %<br \/>\nConductivit\u00e9 ionique \u00e9lev\u00e9e<br \/>\nTaille des particules uniforme<\/p>\n<h2><span style=\"font-size: 14pt;\">Applications de la poudre de phosphate de lithium-aluminium-germanium<\/span><\/h2>\n<p>\u00c9lectrolytes solides pour batteries lithium-ion \u00e0 l&rsquo;\u00e9tat solide<br \/>\nComposants c\u00e9ramiques dans les dispositifs \u00e9lectrochimiques<br \/>\nMat\u00e9riau de recherche pour les \u00e9tudes sur la conductivit\u00e9 ionique<br \/>\nPr\u00e9curseur pour la fabrication de films et de pastilles \u00e9lectrolytiques de type NASICON<\/p>\n<h2><span style=\"font-size: 14pt; color: #0000ff;\"><a style=\"color: #0000ff;\" href=\"https:\/\/ulpmat.com\/fr\/societe\/faq\/\">FAQ<\/a><\/span><\/h2>\n<p>Q1 : Dans quels domaines de recherche la poudre de phosphate de lithium-aluminium-germanium est-elle principalement utilis\u00e9e ?<br \/>\nA1 : Cette poudre est principalement utilis\u00e9e dans la recherche sur les \u00e9lectrolytes solides, les conducteurs lithium-ion et les mat\u00e9riaux \u00e9nerg\u00e9tiques connexes, que l&rsquo;on trouve couramment dans les batteries \u00e0 l&rsquo;\u00e9tat solide et les batteries \u00e0 couche mince.<\/p>\n<p>Q2 : Quel r\u00f4le joue la poudre LAGP dans les batteries \u00e0 l&rsquo;\u00e9tat solide ?<br \/>\nR2 : La poudre de phosphate de lithium, d&rsquo;aluminium et de germanium est couramment utilis\u00e9e pour \u00e9tudier le comportement de transport des ions lithium dans les \u00e9lectrolytes \u00e0 l&rsquo;\u00e9tat solide, et peut \u00eatre utilis\u00e9e comme h\u00f4te \u00e9lectrolytique ou comme mat\u00e9riau de modification fonctionnelle.<\/p>\n<p>Q3 : Quelles sont les caract\u00e9ristiques de ce mat\u00e9riau \u00e0 base de phosphate de lithium dans les exp\u00e9riences ?<br \/>\nR3 : Ce syst\u00e8me de mat\u00e9riau pr\u00e9sente une bonne stabilit\u00e9 structurelle et un bon potentiel de conduction ionique, ce qui le rend adapt\u00e9 aux tests \u00e0 long terme et aux \u00e9tudes comparatives dans diff\u00e9rentes conditions de processus.<\/p>\n<p>Q4 : Quelles pr\u00e9cautions faut-il prendre lors de l&rsquo;utilisation et du stockage de la poudre de phosphate de lithium-aluminium-germanium ?<br \/>\nR4 : Il est recommand\u00e9 de la manipuler et de la stocker dans un environnement sec et herm\u00e9tique afin d&rsquo;\u00e9viter l&rsquo;absorption d&rsquo;humidit\u00e9 ou la contamination, afin de maintenir la stabilit\u00e9 du mat\u00e9riau pendant les exp\u00e9riences et la pr\u00e9paration.<\/p>\n<h2><span style=\"font-size: 14pt;\">Rapports<\/span><\/h2>\n<p>Chaque lot de LiAlGe(PO4)3 (LAGP) est fourni avec un <span style=\"color: #0000ff;\"><a style=\"color: #0000ff;\" href=\"https:\/\/ulpmat.com\/fr\/documents\/certificat-danalyse\/\">certificat d&rsquo;analyse (COA)<\/a><\/span><br \/>\net <span style=\"color: #0000ff;\"><a style=\"color: #0000ff;\" href=\"https:\/\/ulpmat.com\/fr\/documents\/fiche-de-donnees-de-securite\/\">une fiche de donn\u00e9es de s\u00e9curit\u00e9 (FDS).<\/a><\/span><br \/>\nUne analyse par un tiers peut \u00eatre fournie sur demande.<br \/>\nCaract\u00e9risation facultative : analyse XRD, SEM, PSD et ICP.<\/p>\n","protected":false},"excerpt":{"rendered":"<p>Poudre de phosphate de lithium, d&rsquo;aluminium et de germanium Pr\u00e9sentation La poudre de phosphate de lithium , d&rsquo;aluminium et de german ium est un mat\u00e9riau de haute puret\u00e9 appartenant \u00e0 la famille des NASICON. Il s&rsquo;agit d&rsquo;un \u00e9lectrolyte solide prometteur pour les batteries lithium-ion avanc\u00e9es et les dispositifs \u00e9lectrochimiques \u00e0 l&rsquo;\u00e9tat solide. Notre poudre de [&hellip;]<\/p>\n","protected":false},"featured_media":47081,"template":"","meta":{"_acf_changed":false},"product_brand":[132],"product_cat":[920,921],"product_tag":[6410],"class_list":{"0":"post-47080","1":"product","2":"type-product","3":"status-publish","4":"has-post-thumbnail","6":"product_brand-ulpmat","7":"product_cat-materiaux-de-dopage-pour-batteries","8":"product_cat-materiaux-de-la-batterie","9":"product_tag-poudre-de-phosphate-de-lithium-daluminium-et-de-germanium-lagp","11":"first","12":"instock","13":"shipping-taxable","14":"product-type-variable"},"acf":[],"_links":{"self":[{"href":"https:\/\/ulpmat.com\/fr\/wp-json\/wp\/v2\/product\/47080","targetHints":{"allow":["GET"]}}],"collection":[{"href":"https:\/\/ulpmat.com\/fr\/wp-json\/wp\/v2\/product"}],"about":[{"href":"https:\/\/ulpmat.com\/fr\/wp-json\/wp\/v2\/types\/product"}],"wp:featuredmedia":[{"embeddable":true,"href":"https:\/\/ulpmat.com\/fr\/wp-json\/wp\/v2\/media\/47081"}],"wp:attachment":[{"href":"https:\/\/ulpmat.com\/fr\/wp-json\/wp\/v2\/media?parent=47080"}],"wp:term":[{"taxonomy":"product_brand","embeddable":true,"href":"https:\/\/ulpmat.com\/fr\/wp-json\/wp\/v2\/product_brand?post=47080"},{"taxonomy":"product_cat","embeddable":true,"href":"https:\/\/ulpmat.com\/fr\/wp-json\/wp\/v2\/product_cat?post=47080"},{"taxonomy":"product_tag","embeddable":true,"href":"https:\/\/ulpmat.com\/fr\/wp-json\/wp\/v2\/product_tag?post=47080"}],"curies":[{"name":"wp","href":"https:\/\/api.w.org\/{rel}","templated":true}]}}