{"id":46999,"date":"2026-01-16T16:07:31","date_gmt":"2026-01-16T08:07:31","guid":{"rendered":"https:\/\/ulpmat.com\/product\/oxyde-de-lithium-daluminium-et-de-cobalt\/"},"modified":"2026-01-16T16:07:31","modified_gmt":"2026-01-16T08:07:31","slug":"oxyde-de-lithium-daluminium-et-de-cobalt","status":"publish","type":"product","link":"https:\/\/ulpmat.com\/fr\/produit\/oxyde-de-lithium-daluminium-et-de-cobalt\/","title":{"rendered":"Oxyde de lithium, d&rsquo;aluminium et de cobalt"},"content":{"rendered":"<h2><span style=\"font-size: 14pt;\">Pr\u00e9sentation des cibles de pulv\u00e9risation en oxyde de lithium, d&rsquo;aluminium et de cobalt<\/span><\/h2>\n<p>Les cibles de pulv\u00e9risation<br \/>\n<span style=\"color: #0000ff;\"><a style=\"color: #0000ff;\" href=\"https:\/\/ulpmat.com\/fr\/recherche\/?type=name&#038;keyword=Lithium+Aluminium+Cobalt+Oxide\">en oxyde de lithium, d&rsquo;aluminium et de cobalt<\/a><\/span><br \/>\nsont des cibles c\u00e9ramiques fonctionnelles utilis\u00e9es pour pr\u00e9parer des films minces composites \u00e0 base d&rsquo;oxyde de lithium et de cobalt, alliant stabilit\u00e9 structurelle et performances \u00e9lectrochimiques. Elles sont principalement utilis\u00e9es dans la recherche sur les films minces li\u00e9s aux batteries lithium-ion, les couches fonctionnelles \u00e9lectrochimiques et les nouveaux mat\u00e9riaux \u00e9nerg\u00e9tiques.<\/p>\n<p>Nous pouvons fournir des cibles de pulv\u00e9risation LixAlyCo\u2081\u208byO\u2082 avec des ratios de composition ajustables, compatibles avec divers processus de d\u00e9p\u00f4t. Veuillez <span style=\"color: #0000ff;\"><a style=\"color: #0000ff;\" href=\"https:\/\/ulpmat.com\/fr\/contactez-nous\/\">nous contacter<\/a><\/span><br \/>\ndirectement pour obtenir des informations techniques et une assistance en mati\u00e8re de solutions.<\/p>\n<h2><span style=\"font-size: 14pt;\">Points forts du produit<\/span><\/h2>\n<p>Syst\u00e8me d&rsquo;oxyde composite \u00e0 base de lithium-cobalt<br \/>\nIntroduction d&rsquo;\u00e9l\u00e9ments d&rsquo;aluminium pour une structure plus stable<br \/>\nConvient pour un d\u00e9p\u00f4t uniforme de films minces<br \/>\nComposition chimique contr\u00f4lable<br \/>\nDensit\u00e9 cible \u00e9lev\u00e9e<br \/>\nCompatible avec divers \u00e9quipements de pulv\u00e9risation<\/p>\n<h2><span style=\"font-size: 14pt;\">Applications des cibles de pulv\u00e9risation d&rsquo;oxyde de lithium-aluminium-cobalt<\/span><\/h2>\n<p><strong>Recherche sur les mat\u00e9riaux pour films minces <span style=\"color: #0000ff;\"><a style=\"color: #0000ff;\" href=\"https:\/\/ulpmat.com\/fr\/candidature\/materiaux-de-la-batterie\/\">pour<\/a><\/span> <span style=\"color: #0000ff;\"><a style=\"color: #0000ff;\" href=\"https:\/\/ulpmat.com\/fr\/candidature\/materiaux-de-la-batterie\/\">batteries<\/a><\/span> lithium-ion :<\/strong><br \/>\ncouramment utilis\u00e9 pour pr\u00e9parer des films minces fonctionnels li\u00e9s aux batteries lithium-ion et pour \u00e9tudier le comportement \u00e9lectrochimique des mat\u00e9riaux cathodiques en film mince dans diff\u00e9rentes conditions structurelles et compositionnelles.<br \/>\n<strong>Batteries \u00e0 l&rsquo;\u00e9tat solide et \u00e0 couche mince :<\/strong><br \/>\ndans les domaines des batteries \u00e0 l&rsquo;\u00e9tat solide et \u00e0 couche mince, cette cible de pulv\u00e9risation peut \u00eatre utilis\u00e9e pour d\u00e9poser des couches actives ou fonctionnelles, am\u00e9liorant ainsi l&rsquo;uniformit\u00e9 et la stabilit\u00e9 structurelle du film.<br \/>\n<strong>Pr\u00e9paration de films d&rsquo;oxyde fonctionnels :<\/strong><br \/>\nce mat\u00e9riau convient au d\u00e9p\u00f4t physique en phase vapeur (PVD) de films d&rsquo;oxyde fonctionnels, et pr\u00e9sente une bonne adaptabilit\u00e9 dans la recherche sur le stockage d&rsquo;\u00e9nergie et les dispositifs \u00e9lectroniques.<br \/>\n<strong>Science des mat\u00e9riaux et recherche universitaire :<\/strong><br \/>\nlargement utilis\u00e9 dans les instituts de recherche et les laboratoires universitaires pour le contr\u00f4le de la composition et la recherche sur les performances de nouveaux films d&rsquo;oxyde \u00e0 base de lithium.<\/p>\n<h2><span style=\"font-size: 14pt; color: #0000ff;\"><a style=\"color: #0000ff;\" href=\"https:\/\/ulpmat.com\/fr\/societe\/faq\/\">FAQ<\/a><\/span><\/h2>\n<p>Q1 : \u00c0 quels types de films minces la cible de pulv\u00e9risation d&rsquo;oxyde de lithium-aluminium-cobalt est-elle principalement utilis\u00e9e ?<br \/>\nR1 : Cette cible est principalement utilis\u00e9e pour le d\u00e9p\u00f4t de films minces d&rsquo;oxyde composite \u00e0 base de lithium-cobalt, couramment utilis\u00e9s dans la recherche sur les mat\u00e9riaux \u00e9lectrochimiques et \u00e9nerg\u00e9tiques.<\/p>\n<p>Q2 : Quel est l&rsquo;effet de l&rsquo;introduction d&rsquo;aluminium sur le film mince ?<br \/>\nR2 : L&rsquo;aluminium contribue \u00e0 am\u00e9liorer la stabilit\u00e9 structurelle du mat\u00e9riau et, dans une certaine mesure, renforce l&rsquo;uniformit\u00e9 du film pendant le d\u00e9p\u00f4t et l&rsquo;utilisation.<\/p>\n<p>Q3 : \u00c0 quelles m\u00e9thodes de pulv\u00e9risation cette cible de pulv\u00e9risation est-elle adapt\u00e9e ?<br \/>\nA3 : Elle peut \u00eatre utilis\u00e9e dans les processus PVD courants tels que la pulv\u00e9risation DC et la pulv\u00e9risation RF, et s&rsquo;adapte \u00e0 diverses conditions d&rsquo;\u00e9quipement.<\/p>\n<p>Q4 : Le mat\u00e9riau cible est-il stable pendant la pulv\u00e9risation ?<br \/>\nA4 : Ce syst\u00e8me de mat\u00e9riaux pr\u00e9sente une bonne stabilit\u00e9 de pulv\u00e9risation dans des conditions de processus appropri\u00e9es, ce qui le rend adapt\u00e9 aux exp\u00e9riences de d\u00e9p\u00f4t continu ou r\u00e9p\u00e9t\u00e9.<\/p>\n<h2><span style=\"font-size: 14pt;\">Rapport<\/span><\/h2>\n<p>Chaque lot est fourni avec :<br \/>\n<span style=\"color: #0000ff;\"><a style=\"color: #0000ff;\" href=\"https:\/\/ulpmat.com\/fr\/documents\/certificat-danalyse\/\"><u>Certificat d&rsquo;analyse (COA)<\/u><\/a><\/span><\/p>\n<p><span style=\"color: #0000ff;\"><a style=\"color: #0000ff;\" href=\"https:\/\/ulpmat.com\/fr\/documents\/fiche-technique\/\"><u>Fiche technique (TDS)<\/u><\/a><\/span><\/p>\n<p><span style=\"color: #0000ff;\"><a style=\"color: #0000ff;\" href=\"https:\/\/ulpmat.com\/fr\/documents\/fiche-de-donnees-de-securite\/\"><u>Fiche de donn\u00e9es de s\u00e9curit\u00e9 (MSDS)<\/u><\/a><\/span><br \/>\nRapports d&rsquo;essais effectu\u00e9s par des tiers disponibles sur demande<\/p>\n<h2><span style=\"font-size: 14pt;\">Pourquoi nous choisir ?<\/span><\/h2>\n<p>Nous sommes sp\u00e9cialis\u00e9s dans la pr\u00e9paration et l&rsquo;application de cibles de pulv\u00e9risation \u00e0 base de lithium et d&rsquo;oxydes de m\u00e9taux de transition. Nous pouvons fournir des solutions cibles avec une composition ajustable et des performances stables pour r\u00e9pondre \u00e0 diff\u00e9rentes exigences de recherche et de processus, aidant ainsi nos clients \u00e0 am\u00e9liorer la contr\u00f4labilit\u00e9 et la r\u00e9p\u00e9tabilit\u00e9 de la pr\u00e9paration des films minces.<\/p>\n","protected":false},"excerpt":{"rendered":"<p>Pr\u00e9sentation des cibles de pulv\u00e9risation en oxyde de lithium, d&rsquo;aluminium et de cobalt Les cibles de pulv\u00e9risation en oxyde de lithium, d&rsquo;aluminium et de cobalt sont des cibles c\u00e9ramiques fonctionnelles utilis\u00e9es pour pr\u00e9parer des films minces composites \u00e0 base d&rsquo;oxyde de lithium et de cobalt, alliant stabilit\u00e9 structurelle et performances \u00e9lectrochimiques. Elles sont principalement utilis\u00e9es [&hellip;]<\/p>\n","protected":false},"featured_media":47000,"template":"","meta":{"_acf_changed":false},"product_brand":[132],"product_cat":[449],"product_tag":[6386],"class_list":{"0":"post-46999","1":"product","2":"type-product","3":"status-publish","4":"has-post-thumbnail","6":"product_brand-ulpmat","7":"product_cat-cible-de-pulverisation-ceramique","8":"product_tag-cible-de-pulverisation-cathodique-doxyde-de-lithium-daluminium-et-de-cobalt","10":"first","11":"instock","12":"shipping-taxable","13":"product-type-variable"},"acf":[],"_links":{"self":[{"href":"https:\/\/ulpmat.com\/fr\/wp-json\/wp\/v2\/product\/46999","targetHints":{"allow":["GET"]}}],"collection":[{"href":"https:\/\/ulpmat.com\/fr\/wp-json\/wp\/v2\/product"}],"about":[{"href":"https:\/\/ulpmat.com\/fr\/wp-json\/wp\/v2\/types\/product"}],"wp:featuredmedia":[{"embeddable":true,"href":"https:\/\/ulpmat.com\/fr\/wp-json\/wp\/v2\/media\/47000"}],"wp:attachment":[{"href":"https:\/\/ulpmat.com\/fr\/wp-json\/wp\/v2\/media?parent=46999"}],"wp:term":[{"taxonomy":"product_brand","embeddable":true,"href":"https:\/\/ulpmat.com\/fr\/wp-json\/wp\/v2\/product_brand?post=46999"},{"taxonomy":"product_cat","embeddable":true,"href":"https:\/\/ulpmat.com\/fr\/wp-json\/wp\/v2\/product_cat?post=46999"},{"taxonomy":"product_tag","embeddable":true,"href":"https:\/\/ulpmat.com\/fr\/wp-json\/wp\/v2\/product_tag?post=46999"}],"curies":[{"name":"wp","href":"https:\/\/api.w.org\/{rel}","templated":true}]}}