{"id":46765,"date":"2026-01-16T16:07:38","date_gmt":"2026-01-16T08:07:38","guid":{"rendered":"https:\/\/ulpmat.com\/product\/fluorure-de-lithium\/"},"modified":"2026-01-16T16:07:38","modified_gmt":"2026-01-16T08:07:38","slug":"fluorure-de-lithium","status":"publish","type":"product","link":"https:\/\/ulpmat.com\/fr\/produit\/fluorure-de-lithium\/","title":{"rendered":"Fluorure de lithium"},"content":{"rendered":"<h2><span style=\"font-size: 14pt;\">Pr\u00e9sentation des cibles de pulv\u00e9risation en fluorure de lithium<\/span><\/h2>\n<p>Les cibles de pulv\u00e9risation<br \/>\n<span style=\"color: #0000ff;\"><a style=\"color: #0000ff;\" href=\"https:\/\/ulpmat.com\/fr\/recherche\/?type=name&#038;keyword=Lithium+Fluoride\">en fluorure de lithium<\/a><\/span><br \/>\nsont des cibles c\u00e9ramiques \u00e0 base de fluorure con\u00e7ues pour le d\u00e9p\u00f4t en couche mince de couches fonctionnelles en LiF. Gr\u00e2ce \u00e0 leur excellente stabilit\u00e9 chimique, leur grande transparence optique et leur compatibilit\u00e9 avec les environnements sous vide, les cibles de pulv\u00e9risation en LiF sont largement utilis\u00e9es dans l&rsquo;optique, la micro\u00e9lectronique, les dispositifs OLED et la recherche avanc\u00e9e sur les couches minces.<\/p>\n<p>Les cibles de pulv\u00e9risation en fluorure de lithium sont fabriqu\u00e9es avec une st\u0153chiom\u00e9trie contr\u00f4l\u00e9e et une microstructure dense afin de garantir un comportement de pulv\u00e9risation stable et un d\u00e9p\u00f4t de film uniforme. Les cibles conviennent aux processus de pulv\u00e9risation RF, en particulier dans les applications o\u00f9 un contr\u00f4le pr\u00e9cis de l&rsquo;\u00e9paisseur et la puret\u00e9 du film sont requis.<\/p>\n<h2><span style=\"font-size: 14pt;\">Caract\u00e9ristiques du produit<\/span><\/h2>\n<p>Composition chimique stable du LiF pour des propri\u00e9t\u00e9s fiables du film mince<br \/>\nStructure c\u00e9ramique dense favorisant des taux de pulv\u00e9risation uniformes<br \/>\nExcellente inertie chimique et r\u00e9sistance \u00e0 la corrosion<br \/>\nLarge transparence <span style=\"color: #0000ff;\"><a style=\"color: #0000ff;\" href=\"https:\/\/ulpmat.com\/fr\/candidature\/materiaux-optiques\/\">optique<\/a><\/span><br \/>\ndes r\u00e9gions UV \u00e0 IR<br \/>\nConvient aux syst\u00e8mes de pulv\u00e9risation RF et de d\u00e9p\u00f4t sous vide<br \/>\nBonne compatibilit\u00e9 avec les substrats optiques et \u00e9lectroniques courants<\/p>\n<h2><span style=\"font-size: 14pt;\">Applications de la cible de pulv\u00e9risation en fluorure de lithium<\/span><\/h2>\n<p><strong>Films minces et rev\u00eatements <span style=\"color: #0000ff;\"><a style=\"color: #0000ff;\" href=\"https:\/\/ulpmat.com\/fr\/candidature\/materiaux-optiques\/\">optiques<\/a><\/span> :<\/strong><br \/>\nles cibles de pulv\u00e9risation en fluorure de lithium sont utilis\u00e9es pour d\u00e9poser des rev\u00eatements optiques pour les composants optiques ultraviolets et infrarouges, notamment les lentilles, les fen\u00eatres et les filtres.<br \/>\n<strong>Dispositifs OLED et opto\u00e9lectroniques :<\/strong><br \/>\nles films minces de LiF d\u00e9pos\u00e9s \u00e0 partir de cibles de pulv\u00e9risation sont couramment utilis\u00e9s comme couches d&rsquo;injection d&rsquo;\u00e9lectrons ou d&rsquo;interface dans les dispositifs OLED et opto\u00e9lectroniques.<br \/>\n<strong>Recherche en micro\u00e9lectronique et <span style=\"color: #0000ff;\"><a style=\"color: #0000ff;\" href=\"https:\/\/ulpmat.com\/fr\/candidature\/materiaux-semi-conducteurs\/\">semi-conducteurs<\/a><\/span> :<\/strong><br \/>\nles cibles de pulv\u00e9risation au fluorure de lithium permettent la fabrication de films minces dans le traitement des semi-conducteurs, la modification de surface et l&rsquo;ing\u00e9nierie des interfaces.<br \/>\n<strong>Films minces fonctionnels au fluorure :<\/strong><br \/>\nles cibles de LiF sont utilis\u00e9es dans la recherche et le d\u00e9veloppement de rev\u00eatements fonctionnels \u00e0 base de fluorure pour des applications \u00e9lectroniques et optiques avanc\u00e9es.<\/p>\n<h2><span style=\"font-size: 14pt; color: #0000ff;\"><a style=\"color: #0000ff;\" href=\"https:\/\/ulpmat.com\/fr\/societe\/faq\/\">FAQ<\/a><\/span><\/h2>\n<p>Q1 : Quelles m\u00e9thodes de pulv\u00e9risation sont adapt\u00e9es aux cibles en fluorure de lithium ?<br \/>\nA1 : Les cibles de pulv\u00e9risation en fluorure de lithium sont g\u00e9n\u00e9ralement utilis\u00e9es dans les syst\u00e8mes de pulv\u00e9risation RF en raison de leur nature c\u00e9ramique isolante.<\/p>\n<p>Q2 : Le fluorure de lithium est-il stable pendant les processus de pulv\u00e9risation ?<br \/>\nA2 : Oui, le LiF pr\u00e9sente une excellente stabilit\u00e9 thermique et chimique dans des conditions de vide et de pulv\u00e9risation.<\/p>\n<p>Q3 : Les cibles de pulv\u00e9risation en fluorure de lithium peuvent-elles \u00eatre coll\u00e9es sur des plaques de support ?<br \/>\nR3 : Oui, diff\u00e9rentes options de collage sont disponibles en fonction des dimensions de la cible et des exigences du syst\u00e8me.<\/p>\n<p>Q4 : Quels substrats sont compatibles avec les films minces de LiF ?<br \/>\nR4 : Les substrats courants comprennent le verre, les plaquettes de silicium, le saphir et d&rsquo;autres substrats optiques ou \u00e9lectroniques.<\/p>\n<h2><span style=\"font-size: 14pt;\">Rapport<\/span><\/h2>\n<p>Chaque lot est fourni avec :<\/p>\n<p><span style=\"color: #0000ff;\"><a style=\"color: #0000ff;\" href=\"https:\/\/ulpmat.com\/fr\/documents\/certificat-danalyse\/\"><u>Certificat d&rsquo;analyse (COA)<\/u><\/a><\/span><\/p>\n<p><span style=\"color: #0000ff;\"><a style=\"color: #0000ff;\" href=\"https:\/\/ulpmat.com\/fr\/documents\/fiche-technique\/\"><u>Fiche technique (TDS)<\/u><\/a><\/span><\/p>\n<p><span style=\"color: #0000ff;\"><a style=\"color: #0000ff;\" href=\"https:\/\/ulpmat.com\/fr\/documents\/fiche-de-donnees-de-securite\/\"><u>Fiche de donn\u00e9es de s\u00e9curit\u00e9 (MSDS)<\/u><\/a><\/span><br \/>\nDirectives de manipulation et de collage des cibles<\/p>\n<h2><span style=\"font-size: 14pt;\">Avantages du mat\u00e9riau<\/span><\/h2>\n<p>Les cibles de pulv\u00e9risation en fluorure de lithium sont fr\u00e9quemment recherch\u00e9es pour les rev\u00eatements optiques, les couches d&rsquo;interface OLED et les applications de films minces semi-conducteurs. Leur comportement de pulv\u00e9risation stable, leur transparence optique et leur compatibilit\u00e9 avec les syst\u00e8mes de pulv\u00e9risation RF leur conf\u00e8rent une forte visibilit\u00e9 \u00e0 long terme et une grande pertinence technique.<\/p>\n","protected":false},"excerpt":{"rendered":"<p>Pr\u00e9sentation des cibles de pulv\u00e9risation en fluorure de lithium Les cibles de pulv\u00e9risation en fluorure de lithium sont des cibles c\u00e9ramiques \u00e0 base de fluorure con\u00e7ues pour le d\u00e9p\u00f4t en couche mince de couches fonctionnelles en LiF. Gr\u00e2ce \u00e0 leur excellente stabilit\u00e9 chimique, leur grande transparence optique et leur compatibilit\u00e9 avec les environnements sous vide, [&hellip;]<\/p>\n","protected":false},"featured_media":46766,"template":"","meta":{"_acf_changed":false},"product_brand":[132],"product_cat":[449],"product_tag":[6266],"class_list":{"0":"post-46765","1":"product","2":"type-product","3":"status-publish","4":"has-post-thumbnail","6":"product_brand-ulpmat","7":"product_cat-cible-de-pulverisation-ceramique","8":"product_tag-cible-de-pulverisation-cathodique-en-fluorure-de-lithium","10":"first","11":"instock","12":"shipping-taxable","13":"product-type-variable"},"acf":[],"_links":{"self":[{"href":"https:\/\/ulpmat.com\/fr\/wp-json\/wp\/v2\/product\/46765","targetHints":{"allow":["GET"]}}],"collection":[{"href":"https:\/\/ulpmat.com\/fr\/wp-json\/wp\/v2\/product"}],"about":[{"href":"https:\/\/ulpmat.com\/fr\/wp-json\/wp\/v2\/types\/product"}],"wp:featuredmedia":[{"embeddable":true,"href":"https:\/\/ulpmat.com\/fr\/wp-json\/wp\/v2\/media\/46766"}],"wp:attachment":[{"href":"https:\/\/ulpmat.com\/fr\/wp-json\/wp\/v2\/media?parent=46765"}],"wp:term":[{"taxonomy":"product_brand","embeddable":true,"href":"https:\/\/ulpmat.com\/fr\/wp-json\/wp\/v2\/product_brand?post=46765"},{"taxonomy":"product_cat","embeddable":true,"href":"https:\/\/ulpmat.com\/fr\/wp-json\/wp\/v2\/product_cat?post=46765"},{"taxonomy":"product_tag","embeddable":true,"href":"https:\/\/ulpmat.com\/fr\/wp-json\/wp\/v2\/product_tag?post=46765"}],"curies":[{"name":"wp","href":"https:\/\/api.w.org\/{rel}","templated":true}]}}