{"id":46345,"date":"2026-01-16T16:11:23","date_gmt":"2026-01-16T08:11:23","guid":{"rendered":"https:\/\/ulpmat.com\/product\/oxyde-de-lithium-nickel-manganese-cobalt-nmc-2\/"},"modified":"2026-01-16T16:11:23","modified_gmt":"2026-01-16T08:11:23","slug":"oxyde-de-lithium-nickel-manganese-cobalt-nmc-2","status":"publish","type":"product","link":"https:\/\/ulpmat.com\/fr\/produit\/oxyde-de-lithium-nickel-manganese-cobalt-nmc-2\/","title":{"rendered":"Oxyde de lithium nickel mangan\u00e8se cobalt NMC"},"content":{"rendered":"<h2><span style=\"font-size: 14pt;\">Pr\u00e9sentation de la poudre d&rsquo;oxyde de lithium-nickel-mangan\u00e8se-cobalt<\/span><\/h2>\n<p>La poudre<br \/>\n<span style=\"color: #0000ff;\"><a style=\"color: #0000ff;\" href=\"https:\/\/ulpmat.com\/fr\/recherche\/?type=name&#038;keyword=Lithium+nickel+manganese+cobalt+oxide\">d&rsquo;oxyde<\/a><\/span><\/p>\n<p><span style=\"color: #0000ff;\"><a style=\"color: #0000ff;\" href=\"https:\/\/ulpmat.com\/fr\/recherche\/?type=name&#038;keyword=Lithium+nickel+manganese+cobalt+oxide\">de lithium-nickel-mangan\u00e8se-cobalt<\/a><\/span><br \/>\n(NMC) est un mat\u00e9riau cathodique \u00e0 haute densit\u00e9 \u00e9nerg\u00e9tique pour les batteries lithium-ion, qui combine la haute capacit\u00e9 du nickel, la stabilit\u00e9 du mangan\u00e8se et la conductivit\u00e9 du cobalt. Elle est largement utilis\u00e9e dans les batteries de puissance, les syst\u00e8mes de stockage d&rsquo;\u00e9nergie et les appareils \u00e9lectroniques portables haute performance.<\/p>\n<p>Nous proposons une poudre NMC de haute puret\u00e9 et tr\u00e8s homog\u00e8ne ; la taille des particules et l&#8217;emballage peuvent \u00eatre personnalis\u00e9s selon les besoins des clients.<span style=\"color: #0000ff;\"><a style=\"color: #0000ff;\" href=\"https:\/\/ulpmat.com\/fr\/contactez-nous\/\"> Contactez-nous<\/a><\/span><br \/>\nd\u00e8s aujourd&rsquo;hui pour obtenir des \u00e9chantillons et des solutions techniques personnalis\u00e9es !<\/p>\n<h2><span style=\"font-size: 14pt;\">Points forts du produit<\/span><\/h2>\n<p>Capacit\u00e9 sp\u00e9cifique \u00e9lev\u00e9e, am\u00e9liorant la densit\u00e9 \u00e9nerg\u00e9tique de la batterie.<br \/>\nBonne stabilit\u00e9 cyclique, longue dur\u00e9e de vie.<br \/>\nTaille des particules uniforme, excellente dispersibilit\u00e9.<br \/>\nHaute stabilit\u00e9 thermique, excellente s\u00e9curit\u00e9.<br \/>\nPrise en charge de la recherche et des applications industrielles.<br \/>\nR\u00e9ponse rapide de notre \u00e9quipe technique<\/p>\n<h2><span style=\"font-size: 14pt;\">. Applications de la poudre d&rsquo;oxyde de lithium-nickel-mangan\u00e8se-cobalt<\/span><\/h2>\n<p><strong><span style=\"color: #0000ff;\"><a style=\"color: #0000ff;\" href=\"https:\/\/ulpmat.com\/fr\/candidature\/materiaux-de-la-batterie\/\">Batteries<\/a><\/span> de puissance :<\/strong><br \/>\nla poudre NMC est largement utilis\u00e9e comme mat\u00e9riau cathodique dans les v\u00e9hicules \u00e9lectriques et hybrides, offrant une densit\u00e9 \u00e9nerg\u00e9tique \u00e9lev\u00e9e et des performances cycliques stables.<br \/>\n<strong>Syst\u00e8mes de stockage d&rsquo;\u00e9nergie :<\/strong><br \/>\nutilis\u00e9e pour le stockage d&rsquo;\u00e9nergie domestique et industriel, elle offre un cycle \u00e0 haut rendement et une grande fiabilit\u00e9.<br \/>\n<strong>Appareils \u00e9lectroniques portables :<\/strong><br \/>\nutilis\u00e9e dans les batteries des smartphones, ordinateurs portables et tablettes, elle am\u00e9liore la capacit\u00e9 et la dur\u00e9e de vie.<\/p>\n<h2><span style=\"font-size: 14pt; color: #0000ff;\"><a style=\"color: #0000ff;\" href=\"https:\/\/ulpmat.com\/fr\/societe\/faq\/\">FAQ<\/a><\/span><\/h2>\n<p>Q1 : La poudre NMC est-elle adapt\u00e9e \u00e0 une charge\/d\u00e9charge \u00e0 haut d\u00e9bit ?<br \/>\nA1 : Oui, l&rsquo;optimisation de la structure cristalline peut am\u00e9liorer les performances de d\u00e9bit et r\u00e9pondre aux exigences de puissance \u00e9lev\u00e9e.<\/p>\n<p>Q2 : Quelle est la stabilit\u00e9 du cycle ?<br \/>\nA2 : Longue dur\u00e9e de vie et r\u00e9tention de capacit\u00e9 \u00e9lev\u00e9e, adapt\u00e9e aux applications \u00e0 cycle long.<\/p>\n<p>Q3 : La taille des particules de poudre peut-elle \u00eatre personnalis\u00e9e ?<br \/>\nA3 : Oui, nous proposons des poudres dont la taille des particules varie de quelques nanom\u00e8tres \u00e0 quelques microm\u00e8tres.<\/p>\n<p>Q4 : Quelles sont les sp\u00e9cifications d&#8217;emballage ?<br \/>\nA4 : Nous proposons des emballages exp\u00e9rimentaux de petite taille et des emballages industriels de grande taille, personnalis\u00e9s en fonction des besoins des clients.<\/p>\n<h2><span style=\"font-size: 14pt;\">Rapports<\/span><\/h2>\n<p>Chaque lot est fourni avec :<br \/>\n<span style=\"color: #0000ff;\"><a style=\"color: #0000ff;\" href=\"https:\/\/ulpmat.com\/fr\/documents\/certificat-danalyse\/\"><u>Certificat d&rsquo;analyse (COA)<\/u><\/a><\/span><\/p>\n<p><span style=\"color: #0000ff;\"><a style=\"color: #0000ff;\" href=\"https:\/\/ulpmat.com\/fr\/documents\/fiche-technique\/\"><u>Fiche technique (TDS)<\/u><\/a><\/span><\/p>\n<p><span style=\"color: #0000ff;\"><a style=\"color: #0000ff;\" href=\"https:\/\/ulpmat.com\/fr\/documents\/fiche-de-donnees-de-securite\/\"><u>Fiche de donn\u00e9es de s\u00e9curit\u00e9 (MSDS)<\/u><\/a><\/span><br \/>\nRapports d&rsquo;essais par des tiers disponibles sur demande<\/p>\n<h2><span style=\"font-size: 14pt;\">Pourquoi nous choisir ?<\/span><\/h2>\n<p>Nous avons de nombreuses ann\u00e9es d&rsquo;exp\u00e9rience dans la production de poudre pour batteries au lithium, avec une qualit\u00e9 de produit stable et fiable. Nous pouvons fournir des solutions personnalis\u00e9es en fonction des besoins des clients. Notre \u00e9quipe technique peut r\u00e9agir rapidement et aider les clients \u00e0 mener \u00e0 bien leurs recherches scientifiques et leurs applications industrielles.<\/p>\n","protected":false},"excerpt":{"rendered":"<p>Pr\u00e9sentation de la poudre d&rsquo;oxyde de lithium-nickel-mangan\u00e8se-cobalt La poudre d&rsquo;oxyde de lithium-nickel-mangan\u00e8se-cobalt (NMC) est un mat\u00e9riau cathodique \u00e0 haute densit\u00e9 \u00e9nerg\u00e9tique pour les batteries lithium-ion, qui combine la haute capacit\u00e9 du nickel, la stabilit\u00e9 du mangan\u00e8se et la conductivit\u00e9 du cobalt. Elle est largement utilis\u00e9e dans les batteries de puissance, les syst\u00e8mes de stockage d&rsquo;\u00e9nergie [&hellip;]<\/p>\n","protected":false},"featured_media":46322,"template":"","meta":{"_acf_changed":false},"product_brand":[],"product_cat":[920,921],"product_tag":[6134],"class_list":{"0":"post-46345","1":"product","2":"type-product","3":"status-publish","4":"has-post-thumbnail","6":"product_cat-materiaux-de-dopage-pour-batteries","7":"product_cat-materiaux-de-la-batterie","8":"product_tag-poudre-doxyde-de-lithium-nickel-manganese-cobalt-nmc","10":"first","11":"instock","12":"shipping-taxable","13":"product-type-variable"},"acf":[],"_links":{"self":[{"href":"https:\/\/ulpmat.com\/fr\/wp-json\/wp\/v2\/product\/46345","targetHints":{"allow":["GET"]}}],"collection":[{"href":"https:\/\/ulpmat.com\/fr\/wp-json\/wp\/v2\/product"}],"about":[{"href":"https:\/\/ulpmat.com\/fr\/wp-json\/wp\/v2\/types\/product"}],"wp:featuredmedia":[{"embeddable":true,"href":"https:\/\/ulpmat.com\/fr\/wp-json\/wp\/v2\/media\/46322"}],"wp:attachment":[{"href":"https:\/\/ulpmat.com\/fr\/wp-json\/wp\/v2\/media?parent=46345"}],"wp:term":[{"taxonomy":"product_brand","embeddable":true,"href":"https:\/\/ulpmat.com\/fr\/wp-json\/wp\/v2\/product_brand?post=46345"},{"taxonomy":"product_cat","embeddable":true,"href":"https:\/\/ulpmat.com\/fr\/wp-json\/wp\/v2\/product_cat?post=46345"},{"taxonomy":"product_tag","embeddable":true,"href":"https:\/\/ulpmat.com\/fr\/wp-json\/wp\/v2\/product_tag?post=46345"}],"curies":[{"name":"wp","href":"https:\/\/api.w.org\/{rel}","templated":true}]}}