{"id":46321,"date":"2026-01-16T16:11:23","date_gmt":"2026-01-16T08:11:23","guid":{"rendered":"https:\/\/ulpmat.com\/product\/oxyde-de-lithium-nickel-manganese-cobalt-nmc\/"},"modified":"2026-01-16T16:11:23","modified_gmt":"2026-01-16T08:11:23","slug":"oxyde-de-lithium-nickel-manganese-cobalt-nmc","status":"publish","type":"product","link":"https:\/\/ulpmat.com\/fr\/produit\/oxyde-de-lithium-nickel-manganese-cobalt-nmc\/","title":{"rendered":"Oxyde de lithium nickel mangan\u00e8se cobalt NMC"},"content":{"rendered":"<h2><span style=\"font-size: 14pt;\">Cibles de pulv\u00e9risation en oxyde de lithium-nickel-mangan\u00e8se-cobalt Pr\u00e9sentation<\/span><\/h2>\n<p>Les cibles de pulv\u00e9risation<br \/>\n<span style=\"color: #0000ff;\"><a style=\"color: #0000ff;\" href=\"https:\/\/ulpmat.com\/fr\/recherche\/?type=name&#038;keyword=Lithium+Nickel+Manganese+Cobalt+Oxide\">en oxyde de lithium-nickel-mangan\u00e8se-cobalt<\/a><\/span><br \/>\nsont des cibles en mat\u00e9riau fonctionnel \u00e0 haute densit\u00e9 et haute uniformit\u00e9 utilis\u00e9es dans la pr\u00e9paration de films minces et les exp\u00e9riences de recherche scientifique. Elles sont largement utilis\u00e9es dans les films cathodiques des batteries lithium-ion, les batteries \u00e0 semi-conducteurs et le d\u00e9p\u00f4t de rev\u00eatements fonctionnels.<\/p>\n<p>Nous pouvons fournir des cibles de pulv\u00e9risation NMC \u00e0 haute densit\u00e9 et haute uniformit\u00e9 ; les tailles, les \u00e9paisseurs et les formes peuvent \u00eatre personnalis\u00e9es selon les besoins des clients. <span style=\"color: #0000ff;\"><a style=\"color: #0000ff;\" href=\"https:\/\/ulpmat.com\/fr\/contactez-nous\/\">Contactez-nous<\/a><\/span><br \/>\npour obtenir des \u00e9chantillons et des solutions personnalis\u00e9es !<\/p>\n<h2><span style=\"font-size: 14pt;\">Points forts du produit<\/span><\/h2>\n<p>La haute densit\u00e9 garantit un d\u00e9p\u00f4t uniforme du film.<br \/>\nLa structure cristalline stable garantit des r\u00e9sultats de d\u00e9p\u00f4t fiables.<br \/>\nTaille, \u00e9paisseur et forme personnalisables.<br \/>\nPrend en charge la recherche et la pr\u00e9paration industrielle de films minces.<br \/>\nFinition de surface fine, faible taux de d\u00e9fauts.<br \/>\nR\u00e9ponse rapide de notre \u00e9quipe technique<\/p>\n<h2><span style=\"font-size: 14pt;\">. Applications des cibles de pulv\u00e9risation en oxyde de lithium-nickel-mangan\u00e8se-cobalt<\/span><\/h2>\n<p><strong>Pr\u00e9paration de mat\u00e9riaux cathodiques en film mince :<\/strong><br \/>\nutilis\u00e9es pour le d\u00e9p\u00f4t de films cathodiques de batteries lithium-ion haute performance, am\u00e9liorant la stabilit\u00e9 du cycle et les performances \u00e9lectrochimiques.<br \/>\n<strong>Recherche sur <span style=\"color: #0000ff;\"><a style=\"color: #0000ff;\" href=\"https:\/\/ulpmat.com\/fr\/candidature\/materiaux-de-la-batterie\/\">les batteries<\/a><\/span> \u00e0 l&rsquo;\u00e9tat solide :<\/strong><br \/>\nprend en charge le d\u00e9p\u00f4t de couches minces pour les batteries \u00e0 l&rsquo;\u00e9tat solide, garantissant l&rsquo;uniformit\u00e9 de l&rsquo;interface et la conductivit\u00e9 ionique.<br \/>\n<strong>Rev\u00eatements fonctionnels :<\/strong><br \/>\nutilis\u00e9 pour la fabrication de couches minces de haute pr\u00e9cision dans les dispositifs opto\u00e9lectroniques, les capteurs et les structures micro\u00e9lectroniques, garantissant des films denses et uniformes.<\/p>\n<h2><span style=\"font-size: 14pt; color: #0000ff;\"><a style=\"color: #0000ff;\" href=\"https:\/\/ulpmat.com\/fr\/societe\/faq\/\">FAQ<\/a><\/span><\/h2>\n<p>Q1 : Quels sont les proc\u00e9d\u00e9s de d\u00e9p\u00f4t adapt\u00e9s aux cibles de pulv\u00e9risation NMC ?<br \/>\nR1 : Convient au pulv\u00e9risation magn\u00e9tron, \u00e0 l&rsquo;\u00e9vaporation par faisceau d&rsquo;\u00e9lectrons et \u00e0 d&rsquo;autres proc\u00e9d\u00e9s PVD conventionnels.<\/p>\n<p>Q2 : La taille et l&rsquo;\u00e9paisseur de la cible peuvent-elles \u00eatre personnalis\u00e9es ?<br \/>\nR2 : Oui, diff\u00e9rentes sp\u00e9cifications sont disponibles en fonction des exigences de l&rsquo;\u00e9quipement du client.<\/p>\n<p>Q3 : Quelle est l&rsquo;uniformit\u00e9 du film d\u00e9pos\u00e9 ?<br \/>\nR3 : La densit\u00e9 de la cible et la structure cristalline optimis\u00e9e garantissent une grande uniformit\u00e9 du film et une qualit\u00e9 cristalline \u00e9lev\u00e9e.<\/p>\n<p>Q4 : Le taux de d\u00e9fauts de surface de la cible est-il \u00e9lev\u00e9 ?<br \/>\nA4 : La surface de la cible est soumise \u00e0 un polissage de pr\u00e9cision, ce qui se traduit par un faible taux de d\u00e9fauts, adapt\u00e9 \u00e0 la fabrication de films minces de haute pr\u00e9cision.<\/p>\n<h2><span style=\"font-size: 14pt;\">Rapports<\/span><\/h2>\n<p>Chaque lot est fourni avec :<br \/>\n<span style=\"color: #0000ff;\"><a style=\"color: #0000ff;\" href=\"https:\/\/ulpmat.com\/fr\/documents\/certificat-danalyse\/\"><u>Certificat d&rsquo;analyse (COA)<\/u><\/a><\/span><\/p>\n<p><span style=\"color: #0000ff;\"><a style=\"color: #0000ff;\" href=\"https:\/\/ulpmat.com\/fr\/documents\/fiche-technique\/\"><u>Fiche technique (TDS)<\/u><\/a><\/span><\/p>\n<p><span style=\"color: #0000ff;\"><a style=\"color: #0000ff;\" href=\"https:\/\/ulpmat.com\/fr\/documents\/fiche-de-donnees-de-securite\/\"><u>Fiche de donn\u00e9es de s\u00e9curit\u00e9 (MSDS)<\/u><\/a><\/span><br \/>\nRapport d&rsquo;inspection des dimensions<br \/>\nRapports d&rsquo;essais effectu\u00e9s par des tiers disponibles sur demande<\/p>\n<h2><span style=\"font-size: 14pt;\">Pourquoi nous choisir ?<\/span><\/h2>\n<p>Forts de nombreuses ann\u00e9es d&rsquo;exp\u00e9rience dans la production de cibles de pulv\u00e9risation pour mat\u00e9riaux fonctionnels, nous sommes en mesure de fournir des cibles de pulv\u00e9risation NMC personnalis\u00e9es et de haute qualit\u00e9 afin de garantir la stabilit\u00e9 et l&rsquo;efficacit\u00e9 du d\u00e9p\u00f4t de films minces dans la recherche scientifique et les applications industrielles. Notre \u00e9quipe technique offre une r\u00e9ponse rapide et un soutien professionnel pour aider les clients \u00e0 obtenir des films minces de haute pr\u00e9cision.<\/p>\n","protected":false},"excerpt":{"rendered":"<p>Cibles de pulv\u00e9risation en oxyde de lithium-nickel-mangan\u00e8se-cobalt Pr\u00e9sentation Les cibles de pulv\u00e9risation en oxyde de lithium-nickel-mangan\u00e8se-cobalt sont des cibles en mat\u00e9riau fonctionnel \u00e0 haute densit\u00e9 et haute uniformit\u00e9 utilis\u00e9es dans la pr\u00e9paration de films minces et les exp\u00e9riences de recherche scientifique. Elles sont largement utilis\u00e9es dans les films cathodiques des batteries lithium-ion, les batteries \u00e0 [&hellip;]<\/p>\n","protected":false},"featured_media":46322,"template":"","meta":{"_acf_changed":false},"product_brand":[132],"product_cat":[449],"product_tag":[6128],"class_list":{"0":"post-46321","1":"product","2":"type-product","3":"status-publish","4":"has-post-thumbnail","6":"product_brand-ulpmat","7":"product_cat-cible-de-pulverisation-ceramique","8":"product_tag-cible-de-pulverisation-cathodique-nmc-en-oxyde-de-lithium-nickel-manganese-et-cobalt","10":"first","11":"instock","12":"shipping-taxable","13":"product-type-variable"},"acf":[],"_links":{"self":[{"href":"https:\/\/ulpmat.com\/fr\/wp-json\/wp\/v2\/product\/46321","targetHints":{"allow":["GET"]}}],"collection":[{"href":"https:\/\/ulpmat.com\/fr\/wp-json\/wp\/v2\/product"}],"about":[{"href":"https:\/\/ulpmat.com\/fr\/wp-json\/wp\/v2\/types\/product"}],"wp:featuredmedia":[{"embeddable":true,"href":"https:\/\/ulpmat.com\/fr\/wp-json\/wp\/v2\/media\/46322"}],"wp:attachment":[{"href":"https:\/\/ulpmat.com\/fr\/wp-json\/wp\/v2\/media?parent=46321"}],"wp:term":[{"taxonomy":"product_brand","embeddable":true,"href":"https:\/\/ulpmat.com\/fr\/wp-json\/wp\/v2\/product_brand?post=46321"},{"taxonomy":"product_cat","embeddable":true,"href":"https:\/\/ulpmat.com\/fr\/wp-json\/wp\/v2\/product_cat?post=46321"},{"taxonomy":"product_tag","embeddable":true,"href":"https:\/\/ulpmat.com\/fr\/wp-json\/wp\/v2\/product_tag?post=46321"}],"curies":[{"name":"wp","href":"https:\/\/api.w.org\/{rel}","templated":true}]}}