{"id":45772,"date":"2026-01-20T13:46:09","date_gmt":"2026-01-20T05:46:09","guid":{"rendered":"https:\/\/ulpmat.com\/product\/nitrure-de-silicium-2\/"},"modified":"2026-01-20T13:46:09","modified_gmt":"2026-01-20T05:46:09","slug":"nitrure-de-silicium-2","status":"publish","type":"product","link":"https:\/\/ulpmat.com\/fr\/produit\/nitrure-de-silicium-2\/","title":{"rendered":"Nitrure de silicium"},"content":{"rendered":"<h2><span style=\"font-size: 14pt;\">Pr\u00e9sentation de la poudre de nitrure de silicium<\/span><\/h2>\n<p>La poudre<br \/>\n<span style=\"color: #0000ff;\"><a style=\"color: #0000ff;\" href=\"https:\/\/ulpmat.com\/fr\/recherche\/?type=name&#038;keyword=Silicon+nitride\">de nitrure de silicium<\/a><\/span><br \/>\nest un mat\u00e9riau c\u00e9ramique inorganique dont le composant principal est le nitrure de silicium. Elle poss\u00e8de une excellente stabilit\u00e9 thermique et d&rsquo;excellentes propri\u00e9t\u00e9s m\u00e9caniques. Elle est largement utilis\u00e9e dans les c\u00e9ramiques structurelles, les composants haute temp\u00e9rature, les mat\u00e9riaux composites fonctionnels et la recherche et le d\u00e9veloppement de mat\u00e9riaux connexes.<\/p>\n<p>Nous proposons un approvisionnement continu en poudre de nitrure de silicium adapt\u00e9e \u00e0 diverses exigences de processus, et nous assurons le soutien technique et l&rsquo;adaptation des applications. Veuillez <span style=\"color: #0000ff;\"><a style=\"color: #0000ff;\" href=\"https:\/\/ulpmat.com\/fr\/contactez-nous\/\">nous contacter<\/a><\/span><br \/>\ndirectement pour obtenir des informations d\u00e9taill\u00e9es.<\/p>\n<h2><span style=\"font-size: 14pt;\">Points forts du produit<\/span><\/h2>\n<p>Performances c\u00e9ramiques stables<br \/>\nExcellentes performances \u00e0 haute temp\u00e9rature<br \/>\nForte inertie chimique<br \/>\nConvient \u00e0 divers proc\u00e9d\u00e9s de moulage<br \/>\nBonne dispersibilit\u00e9<br \/>\nCoh\u00e9rence fiable des lots<\/p>\n<h2><span style=\"font-size: 14pt;\">Applications de la poudre de nitrure de silicium<\/span><\/h2>\n<p><strong>C\u00e9ramiques structurelles et techniques :<\/strong><br \/>\ncouramment utilis\u00e9e comme mati\u00e8re premi\u00e8re pour les c\u00e9ramiques structurelles afin de pr\u00e9parer des produits c\u00e9ramiques \u00e0 haute r\u00e9sistance, haute t\u00e9nacit\u00e9 et r\u00e9sistants aux temp\u00e9ratures \u00e9lev\u00e9es.<br \/>\n<strong>Mat\u00e9riaux r\u00e9sistants aux temp\u00e9ratures \u00e9lev\u00e9es et \u00e0 l&rsquo;usure :<\/strong><br \/>\ndans les applications \u00e0 haute temp\u00e9rature ou \u00e0 forte usure, la poudre de nitrure de silicium contribue \u00e0 am\u00e9liorer la dur\u00e9e de vie et la stabilit\u00e9 des mat\u00e9riaux.<br \/>\n<strong>Mat\u00e9riaux composites fonctionnels :<\/strong><br \/>\npeut \u00eatre utilis\u00e9e pour pr\u00e9parer des c\u00e9ramiques multiphases ou des mat\u00e9riaux composites fonctionnels, am\u00e9liorant ainsi les performances globales et \u00e9largissant les sc\u00e9narios d&rsquo;application.<br \/>\n<strong>Recherche scientifique et d\u00e9veloppement de mat\u00e9riaux :<\/strong><br \/>\nconvient aux universit\u00e9s et aux instituts de recherche pour mener des recherches sur les performances des mat\u00e9riaux, explorer de nouveaux proc\u00e9d\u00e9s et d\u00e9velopper des produits.<\/p>\n<h2><span style=\"color: #0000ff;\"><a style=\"color: #0000ff;\" href=\"https:\/\/ulpmat.com\/fr\/societe\/faq\/\"><span style=\"font-size: 14pt;\">FAQ<\/span><\/a><\/span><\/h2>\n<p>Q1 : Dans quels syst\u00e8mes de mat\u00e9riaux la poudre de nitrure de silicium est-elle principalement utilis\u00e9e ?<br \/>\nA1 : Elle est principalement utilis\u00e9e dans les c\u00e9ramiques structurelles, les mat\u00e9riaux r\u00e9sistants aux temp\u00e9ratures \u00e9lev\u00e9es et les composites \u00e0 matrice c\u00e9ramique.<\/p>\n<p>Q2 : \u00c0 quels proc\u00e9d\u00e9s de moulage la poudre de nitrure de silicium est-elle adapt\u00e9e ?<br \/>\nA2 : Elle peut \u00eatre utilis\u00e9e dans les proc\u00e9d\u00e9s courants de moulage et de frittage de la c\u00e9ramique, en fonction de la conception du proc\u00e9d\u00e9.<\/p>\n<p>Q3 : La poudre de nitrure de silicium est-elle stable \u00e0 haute temp\u00e9rature ?<br \/>\nA3 : Elle pr\u00e9sente une bonne r\u00e9sistance aux temp\u00e9ratures \u00e9lev\u00e9es et convient \u00e0 une utilisation dans des conditions de temp\u00e9rature \u00e9lev\u00e9e.<\/p>\n<p>Q4 : Quelles pr\u00e9cautions faut-il prendre lors du stockage de la poudre de nitrure de silicium ?<br \/>\nA4 : Il est recommand\u00e9 de la stocker dans un environnement sec et herm\u00e9tique afin d&rsquo;\u00e9viter toute humidit\u00e9 ou contamination.<\/p>\n<h2><span style=\"font-size: 14pt;\">Rapports<\/span><\/h2>\n<p>Chaque lot est fourni avec :<br \/>\n<span style=\"color: #0000ff;\"><a style=\"color: #0000ff;\" href=\"https:\/\/ulpmat.com\/fr\/documents\/certificat-danalyse\/\"><u>Certificat d&rsquo;analyse (COA)<\/u><\/a><\/span><\/p>\n<p><span style=\"color: #0000ff;\"><a style=\"color: #0000ff;\" href=\"https:\/\/ulpmat.com\/fr\/documents\/fiche-technique\/\"><u>Fiche technique (TDS)<\/u><\/a><\/span><\/p>\n<p><span style=\"color: #0000ff;\"><a style=\"color: #0000ff;\" href=\"https:\/\/ulpmat.com\/fr\/documents\/fiche-de-donnees-de-securite\/\"><u>Fiche de donn\u00e9es de s\u00e9curit\u00e9 (MSDS)<\/u><\/a><\/span><br \/>\nRapports d&rsquo;essais effectu\u00e9s par des tiers disponibles sur demande<\/p>\n<h2><span style=\"font-size: 14pt;\">Pourquoi nous choisir ?<\/span><\/h2>\n<p>Nous nous concentrons sur la fourniture de poudres c\u00e9ramiques inorganiques adapt\u00e9es \u00e0 chaque application, en mettant l&rsquo;accent sur la stabilit\u00e9 des performances et la coh\u00e9rence de nos produits dans les processus r\u00e9els, afin de fournir \u00e0 nos clients des mat\u00e9riaux fiables et un soutien efficace en mati\u00e8re de communication.<\/p>\n","protected":false},"excerpt":{"rendered":"<p>Pr\u00e9sentation de la poudre de nitrure de silicium La poudre de nitrure de silicium est un mat\u00e9riau c\u00e9ramique inorganique dont le composant principal est le nitrure de silicium. Elle poss\u00e8de une excellente stabilit\u00e9 thermique et d&rsquo;excellentes propri\u00e9t\u00e9s m\u00e9caniques. Elle est largement utilis\u00e9e dans les c\u00e9ramiques structurelles, les composants haute temp\u00e9rature, les mat\u00e9riaux composites fonctionnels et [&hellip;]<\/p>\n","protected":false},"featured_media":45773,"template":"","meta":{"_acf_changed":false},"product_brand":[132],"product_cat":[710],"product_tag":[6030],"class_list":{"0":"post-45772","1":"product","2":"type-product","3":"status-publish","4":"has-post-thumbnail","6":"product_brand-ulpmat","7":"product_cat-materiaux-refractaires","8":"product_tag-poudre-de-nitrure-de-silicium","10":"first","11":"instock","12":"shipping-taxable","13":"product-type-variable"},"acf":[],"_links":{"self":[{"href":"https:\/\/ulpmat.com\/fr\/wp-json\/wp\/v2\/product\/45772","targetHints":{"allow":["GET"]}}],"collection":[{"href":"https:\/\/ulpmat.com\/fr\/wp-json\/wp\/v2\/product"}],"about":[{"href":"https:\/\/ulpmat.com\/fr\/wp-json\/wp\/v2\/types\/product"}],"wp:featuredmedia":[{"embeddable":true,"href":"https:\/\/ulpmat.com\/fr\/wp-json\/wp\/v2\/media\/45773"}],"wp:attachment":[{"href":"https:\/\/ulpmat.com\/fr\/wp-json\/wp\/v2\/media?parent=45772"}],"wp:term":[{"taxonomy":"product_brand","embeddable":true,"href":"https:\/\/ulpmat.com\/fr\/wp-json\/wp\/v2\/product_brand?post=45772"},{"taxonomy":"product_cat","embeddable":true,"href":"https:\/\/ulpmat.com\/fr\/wp-json\/wp\/v2\/product_cat?post=45772"},{"taxonomy":"product_tag","embeddable":true,"href":"https:\/\/ulpmat.com\/fr\/wp-json\/wp\/v2\/product_tag?post=45772"}],"curies":[{"name":"wp","href":"https:\/\/api.w.org\/{rel}","templated":true}]}}