{"id":45502,"date":"2026-01-20T13:46:12","date_gmt":"2026-01-20T05:46:12","guid":{"rendered":"https:\/\/ulpmat.com\/product\/alliage-de-silicium-et-daluminium\/"},"modified":"2026-01-20T13:46:12","modified_gmt":"2026-01-20T05:46:12","slug":"alliage-de-silicium-et-daluminium","status":"publish","type":"product","link":"https:\/\/ulpmat.com\/fr\/produit\/alliage-de-silicium-et-daluminium\/","title":{"rendered":"Alliage de silicium et d&rsquo;aluminium"},"content":{"rendered":"<h2><span style=\"font-size: 14pt;\">Cible rotative en alliage silicium-aluminium Pr\u00e9sentation<\/span><\/h2>\n<p>La cible rotative<br \/>\n<span style=\"color: #0000ff;\"><a style=\"color: #0000ff;\" href=\"https:\/\/ulpmat.com\/fr\/recherche\/?type=name&#038;keyword=Silicon+Aluminum+Alloy\">en alliage silicium-aluminium<\/a><\/span><br \/>\nest une cible rotative en alliage destin\u00e9e aux processus de pulv\u00e9risation cathodique en continu, qui combine les propri\u00e9t\u00e9s des alliages silicium-aluminium et les avantages d&rsquo;une structure de cible rotative. Elle est principalement utilis\u00e9e dans les panneaux d&rsquo;affichage, les couches m\u00e9talliques <span style=\"color: #0000ff;\"><a style=\"color: #0000ff;\" href=\"https:\/\/ulpmat.com\/fr\/candidature\/materiaux-semi-conducteurs\/\">des semi-conducteurs<\/a><\/span><br \/>\n, les circuits \u00e0 couche mince et le d\u00e9p\u00f4t de rev\u00eatements fonctionnels sur de grandes surfaces.<\/p>\n<p>Nous pouvons fournir des cibles rotatives en alliage silicium-aluminium de diff\u00e9rentes tailles et types d&rsquo;interface en fonction de la structure cathodique de l&rsquo;\u00e9quipement. Nous prenons en charge l&rsquo;int\u00e9gration des processus et la communication technique. Veuillez <span style=\"color: #0000ff;\"><a style=\"color: #0000ff;\" href=\"https:\/\/ulpmat.com\/fr\/contactez-nous\/\">nous contacter<\/a><\/span><br \/>\ndirectement pour obtenir des solutions.<\/p>\n<h2><span style=\"font-size: 14pt;\">Points forts du produit<\/span><\/h2>\n<p>Pulv\u00e9risation rotative, utilisation \u00e9lev\u00e9e de la cible<br \/>\nBonne stabilit\u00e9 de pulv\u00e9risation de l&rsquo;alliage<br \/>\nExcellente uniformit\u00e9 du film<br \/>\nConvient \u00e0 un fonctionnement continu \u00e0 long terme<br \/>\nFacilite la dissipation thermique et le refroidissement<br \/>\nStructure et taille personnalis\u00e9es prises en charge<\/p>\n<h2><span style=\"font-size: 14pt;\">Applications de la cible rotative en alliage silicium-aluminium<\/span><\/h2>\n<p><strong>Films m\u00e9talliques pour \u00e9crans :<\/strong><br \/>\nconvient au d\u00e9p\u00f4t de couches m\u00e9talliques conductrices ou fonctionnelles dans les \u00e9crans, r\u00e9pondant aux exigences de d\u00e9p\u00f4t uniforme de films sur de grandes surfaces.<br \/>\n<strong>D\u00e9p\u00f4t de couches m\u00e9talliques <span style=\"color: #0000ff;\"><a style=\"color: #0000ff;\" href=\"https:\/\/ulpmat.com\/fr\/candidature\/materiaux-semi-conducteurs\/\">pour semi-conducteurs<\/a><\/span> :<\/strong><br \/>\ndans la fabrication de dispositifs \u00e0 semi-conducteurs, la structure \u00e0 cible rotative contribue \u00e0 am\u00e9liorer la stabilit\u00e9 de la pulv\u00e9risation et l&rsquo;uniformit\u00e9 du film.<br \/>\n<strong>Circuits \u00e0 couche mince et rev\u00eatements fonctionnels :<\/strong><br \/>\nconvient \u00e0 la pr\u00e9paration de circuits \u00e0 couche mince et de rev\u00eatements fonctionnels associ\u00e9s, permettant un fonctionnement stable dans des conditions de processus continu.<br \/>\n<strong>Recherche et optimisation des processus :<\/strong><br \/>\nlargement utilis\u00e9 dans la recherche sur les param\u00e8tres de processus et le d\u00e9veloppement de nouveaux alliages pour couches minces dans les syst\u00e8mes de pulv\u00e9risation par centrifugation.<\/p>\n<h2><span style=\"color: #0000ff; font-size: 14pt;\"><a style=\"color: #0000ff;\" href=\"https:\/\/ulpmat.com\/fr\/societe\/faq\/\">FAQ<\/a><\/span><\/h2>\n<p>Q1 : Quels sont les avantages d&rsquo;une cible rotative en alliage de silicium et d&rsquo;aluminium par rapport \u00e0 une cible plane en alliage ?<br \/>\nR1 : Une cible rotative, gr\u00e2ce \u00e0 sa participation continue au pulv\u00e9risation, peut am\u00e9liorer l&rsquo;utilisation de la cible et renforcer l&rsquo;uniformit\u00e9 des films minces de grande surface.<\/p>\n<p>Q2 : Quelles sont les exigences relatives au syst\u00e8me de refroidissement lors de l&rsquo;utilisation d&rsquo;une cible rotative en alliage de silicium et d&rsquo;aluminium ?<br \/>\nR2 : Les cibles rotatives sont g\u00e9n\u00e9ralement utilis\u00e9es en conjonction avec des structures de refroidissement internes afin de contribuer \u00e0 maintenir la stabilit\u00e9 du processus de pulv\u00e9risation.<\/p>\n<p>Q3 : Quelles m\u00e9thodes de pulv\u00e9risation conviennent aux cibles rotatives en alliage de silicium et d&rsquo;aluminium ?<br \/>\nA3 : Elles peuvent \u00eatre utilis\u00e9es dans les processus courants de pulv\u00e9risation de cibles m\u00e9talliques, tels que la pulv\u00e9risation en courant continu, en fonction de la configuration de l&rsquo;\u00e9quipement.<\/p>\n<p>Q4 : Comment maintenir une composition de film stable pendant la pulv\u00e9risation ?<br \/>\nA4 : Un contr\u00f4le appropri\u00e9 de la puissance, de l&rsquo;atmosph\u00e8re et des param\u00e8tres de rotation permet d&rsquo;obtenir des performances de film stables et constantes.<\/p>\n<h2><span style=\"font-size: 14pt;\">Rapport<\/span><\/h2>\n<p>Chaque lot est fourni avec :<br \/>\n<span style=\"color: #0000ff;\"><a style=\"color: #0000ff;\" href=\"https:\/\/ulpmat.com\/fr\/documents\/certificat-danalyse\/\"><u>Certificat d&rsquo;analyse (COA)<\/u><\/a><\/span><\/p>\n<p><span style=\"color: #0000ff;\"><a style=\"color: #0000ff;\" href=\"https:\/\/ulpmat.com\/fr\/documents\/fiche-technique\/\"><u>Fiche technique (TDS)<\/u><\/a><\/span><\/p>\n<p><span style=\"color: #0000ff;\"><a style=\"color: #0000ff;\" href=\"https:\/\/ulpmat.com\/fr\/documents\/fiche-de-donnees-de-securite\/\"><u>Fiche de donn\u00e9es de s\u00e9curit\u00e9 (MSDS)<\/u><\/a><\/span><br \/>\nRapport d&rsquo;inspection des dimensions<br \/>\nRapports d&rsquo;essais effectu\u00e9s par des tiers disponibles sur demande<\/p>\n<h2><span style=\"font-size: 14pt;\">Pourquoi nous choisir ?<\/span><\/h2>\n<p>Nous sommes sp\u00e9cialis\u00e9s dans la fourniture de cibles de pulv\u00e9risation par centrifugation en alliage adapt\u00e9es \u00e0 chaque application, en mettant l&rsquo;accent sur la conception structurelle des cibles et la compatibilit\u00e9 des \u00e9quipements. Nous pouvons fournir \u00e0 nos clients des solutions produits stables et fiables ainsi qu&rsquo;une assistance technique efficace.<\/p>\n","protected":false},"excerpt":{"rendered":"<p>Cible rotative en alliage silicium-aluminium Pr\u00e9sentation La cible rotative en alliage silicium-aluminium est une cible rotative en alliage destin\u00e9e aux processus de pulv\u00e9risation cathodique en continu, qui combine les propri\u00e9t\u00e9s des alliages silicium-aluminium et les avantages d&rsquo;une structure de cible rotative. Elle est principalement utilis\u00e9e dans les panneaux d&rsquo;affichage, les couches m\u00e9talliques des semi-conducteurs , [&hellip;]<\/p>\n","protected":false},"featured_media":45503,"template":"","meta":{"_acf_changed":false},"product_brand":[132],"product_cat":[560,464],"product_tag":[6012],"class_list":{"0":"post-45502","1":"product","2":"type-product","3":"status-publish","4":"has-post-thumbnail","6":"product_brand-ulpmat","7":"product_cat-cible-de-pulverisation-dalliage","8":"product_cat-cibles-rotatives","9":"product_tag-cible-rotative-en-alliage-daluminium-et-de-silicium","11":"first","12":"instock","13":"shipping-taxable","14":"product-type-variable"},"acf":[],"_links":{"self":[{"href":"https:\/\/ulpmat.com\/fr\/wp-json\/wp\/v2\/product\/45502","targetHints":{"allow":["GET"]}}],"collection":[{"href":"https:\/\/ulpmat.com\/fr\/wp-json\/wp\/v2\/product"}],"about":[{"href":"https:\/\/ulpmat.com\/fr\/wp-json\/wp\/v2\/types\/product"}],"wp:featuredmedia":[{"embeddable":true,"href":"https:\/\/ulpmat.com\/fr\/wp-json\/wp\/v2\/media\/45503"}],"wp:attachment":[{"href":"https:\/\/ulpmat.com\/fr\/wp-json\/wp\/v2\/media?parent=45502"}],"wp:term":[{"taxonomy":"product_brand","embeddable":true,"href":"https:\/\/ulpmat.com\/fr\/wp-json\/wp\/v2\/product_brand?post=45502"},{"taxonomy":"product_cat","embeddable":true,"href":"https:\/\/ulpmat.com\/fr\/wp-json\/wp\/v2\/product_cat?post=45502"},{"taxonomy":"product_tag","embeddable":true,"href":"https:\/\/ulpmat.com\/fr\/wp-json\/wp\/v2\/product_tag?post=45502"}],"curies":[{"name":"wp","href":"https:\/\/api.w.org\/{rel}","templated":true}]}}