{"id":45206,"date":"2026-01-20T13:47:51","date_gmt":"2026-01-20T05:47:51","guid":{"rendered":"https:\/\/ulpmat.com\/product\/alliage-de-silicium-et-de-germanium-2\/"},"modified":"2026-01-20T13:47:51","modified_gmt":"2026-01-20T05:47:51","slug":"alliage-de-silicium-et-de-germanium-2","status":"publish","type":"product","link":"https:\/\/ulpmat.com\/fr\/produit\/alliage-de-silicium-et-de-germanium-2\/","title":{"rendered":"Alliage de silicium et de germanium"},"content":{"rendered":"<h2><span style=\"font-size: 14pt;\">Aper\u00e7u de la poudre d&rsquo;alliage silicium-germanium<\/span><\/h2>\n<p>La poudre d&rsquo;alliage<br \/>\n<span style=\"color: #0000ff;\"><a style=\"color: #0000ff;\" href=\"https:\/\/ulpmat.com\/fr\/recherche\/?type=name&#038;keyword=Silicon+Germanium\">silicium-germanium<\/a><\/span><br \/>\nest une poudre d&rsquo;alliage semi-conductrice haute performance qui pr\u00e9sente d&rsquo;excellentes propri\u00e9t\u00e9s thermo\u00e9lectriques, une grande stabilit\u00e9 thermique et une bonne compatibilit\u00e9 de traitement. Elle est largement utilis\u00e9e dans la recherche et le d\u00e9veloppement de mat\u00e9riaux thermo\u00e9lectriques, de films minces fonctionnels et de dispositifs <span style=\"color: #0000ff;\"><a style=\"color: #0000ff;\" href=\"https:\/\/ulpmat.com\/fr\/candidature\/materiaux-semi-conducteurs\/\">semi-conducteurs<\/a><\/span><br \/>\n.<\/p>\n<p>Nous pouvons fournir une poudre d&rsquo;alliage silicium-germanium compatible avec les processus et <span style=\"color: #0000ff;\"><a style=\"color: #0000ff;\" href=\"https:\/\/ulpmat.com\/fr\/service\/support-technique\/\">prendre en charge<\/a><\/span><br \/>\nl&rsquo;int\u00e9gration <span style=\"color: #0000ff;\"><a style=\"color: #0000ff;\" href=\"https:\/\/ulpmat.com\/fr\/service\/support-technique\/\">technique<\/a><\/span><br \/>\nde la taille des particules, de la composition et des param\u00e8tres d&rsquo;application. <span style=\"color: #0000ff;\"><a style=\"color: #0000ff;\" href=\"https:\/\/ulpmat.com\/fr\/contactez-nous\/\">Contactez-nous<\/a><\/span><br \/>\nd\u00e8s maintenant !<\/p>\n<h2><span style=\"font-size: 14pt;\">Points forts du produit<\/span><\/h2>\n<p>Excellentes propri\u00e9t\u00e9s thermo\u00e9lectriques<br \/>\nHaute stabilit\u00e9 thermique<br \/>\nBonne coh\u00e9rence de la morphologie de la poudre<br \/>\nForte adaptabilit\u00e9 au processus<br \/>\nConvient au d\u00e9veloppement de films minces fonctionnels et de dispositifs<\/p>\n<h2><span style=\"font-size: 14pt;\">Applications de la poudre d&rsquo;alliage silicium-germanium<\/span><\/h2>\n<p><strong>D\u00e9veloppement de mat\u00e9riaux thermo\u00e9lectriques :<\/strong><br \/>\nla poudre d&rsquo;alliage SiGe est utilis\u00e9e pour pr\u00e9parer des dispositifs thermo\u00e9lectriques \u00e0 haut rendement, am\u00e9liorant ainsi l&rsquo;efficacit\u00e9 de la conversion \u00e9nerg\u00e9tique.<br \/>\n<strong>Mat\u00e9riaux pour dispositifs <span style=\"color: #0000ff;\"><a style=\"color: #0000ff;\" href=\"https:\/\/ulpmat.com\/fr\/candidature\/materiaux-semi-conducteurs\/\">semi-conducteurs<\/a><\/span> :<\/strong><br \/>\nconvient \u00e0 la recherche et au d\u00e9veloppement de dispositifs semi-conducteurs haute performance et de couches fonctionnelles.<br \/>\n<strong>D\u00e9p\u00f4t de films minces et rev\u00eatements fonctionnels :<\/strong><br \/>\nutilis\u00e9 pour pr\u00e9parer des films minces fonctionnels, am\u00e9liorant les propri\u00e9t\u00e9s thermiques et \u00e9lectriques.<br \/>\nRecherche et v\u00e9rification des processus : prend en charge le d\u00e9veloppement et les tests de performance de nouveaux processus de mat\u00e9riaux.<\/p>\n<h2><span style=\"color: #0000ff;\"><a style=\"color: #0000ff;\" href=\"https:\/\/ulpmat.com\/fr\/societe\/faq\/\"><span style=\"font-size: 14pt;\">FAQ<\/span><\/a><\/span><\/h2>\n<p>Q1 : Dans quels domaines la poudre d&rsquo;alliage silicium-germanium est-elle principalement utilis\u00e9e ?<br \/>\nA1 : Principalement utilis\u00e9e dans la recherche et le d\u00e9veloppement de mat\u00e9riaux thermo\u00e9lectriques, de dispositifs \u00e0 semi-conducteurs et de films minces fonctionnels.<\/p>\n<p>Q2 : Quelle est la stabilit\u00e9 thermique de la poudre SiGe ?<br \/>\nR2 : La poudre d&rsquo;alliage conserve des propri\u00e9t\u00e9s physiques et chimiques stables m\u00eame dans des conditions de temp\u00e9rature \u00e9lev\u00e9e.<\/p>\n<p>Q3 : La morphologie des particules a-t-elle une incidence sur les applications ?<br \/>\nR3 : Une morphologie des particules uniforme et stable contribue \u00e0 am\u00e9liorer la coh\u00e9rence du traitement et les propri\u00e9t\u00e9s des mat\u00e9riaux.<\/p>\n<p>Q4 : Cette poudre d&rsquo;alliage convient-elle \u00e0 la pr\u00e9paration de films minces ?<br \/>\nR4 : Oui, elle est couramment utilis\u00e9e dans le d\u00e9p\u00f4t de films minces et la pr\u00e9paration de couches fonctionnelles afin d&rsquo;am\u00e9liorer les propri\u00e9t\u00e9s thermiques et \u00e9lectriques des mat\u00e9riaux.<\/p>\n<h2><span style=\"font-size: 14pt;\">Rapport<\/span><\/h2>\n<p>Chaque lot est fourni avec :<br \/>\n<span style=\"color: #0000ff;\"><a style=\"color: #0000ff;\" href=\"https:\/\/ulpmat.com\/fr\/documents\/certificat-danalyse\/\"><u>Certificat d&rsquo;analyse (COA)<\/u><\/a><\/span><\/p>\n<p><span style=\"color: #0000ff;\"><a style=\"color: #0000ff;\" href=\"https:\/\/ulpmat.com\/fr\/documents\/fiche-technique\/\"><u>Fiche technique (TDS)<\/u><\/a><\/span><\/p>\n<p><span style=\"color: #0000ff;\"><a style=\"color: #0000ff;\" href=\"https:\/\/ulpmat.com\/fr\/documents\/fiche-de-donnees-de-securite\/\"><u>Fiche de donn\u00e9es de s\u00e9curit\u00e9 (MSDS)<\/u><\/a><\/span><br \/>\nRapports d&rsquo;essais effectu\u00e9s par des tiers disponibles sur demande<\/p>\n<h2><span style=\"font-size: 14pt;\">Pourquoi nous choisir ?<\/span><\/h2>\n<p>Nous sommes sp\u00e9cialis\u00e9s dans les mat\u00e9riaux en poudre fonctionnels, nous connaissons bien les processus li\u00e9s aux semi-conducteurs et aux mat\u00e9riaux thermo\u00e9lectriques, et nous pouvons fournir une poudre d&rsquo;alliage silicium-germanium stable et tra\u00e7able afin d&rsquo;aider nos clients \u00e0 obtenir des performances mat\u00e9rielles constantes et fiables tout au long des phases de R&amp;D et d&rsquo;application.<\/p>\n","protected":false},"excerpt":{"rendered":"<p>Aper\u00e7u de la poudre d&rsquo;alliage silicium-germanium La poudre d&rsquo;alliage silicium-germanium est une poudre d&rsquo;alliage semi-conductrice haute performance qui pr\u00e9sente d&rsquo;excellentes propri\u00e9t\u00e9s thermo\u00e9lectriques, une grande stabilit\u00e9 thermique et une bonne compatibilit\u00e9 de traitement. Elle est largement utilis\u00e9e dans la recherche et le d\u00e9veloppement de mat\u00e9riaux thermo\u00e9lectriques, de films minces fonctionnels et de dispositifs semi-conducteurs . Nous [&hellip;]<\/p>\n","protected":false},"featured_media":45207,"template":"","meta":{"_acf_changed":false},"product_brand":[],"product_cat":[1184],"product_tag":[5953],"class_list":{"0":"post-45206","1":"product","2":"type-product","3":"status-publish","4":"has-post-thumbnail","6":"product_cat-autres-acides","7":"product_tag-poudre-dalliage-de-silicium-et-de-germanium","9":"first","10":"instock","11":"shipping-taxable","12":"product-type-variable"},"acf":[],"_links":{"self":[{"href":"https:\/\/ulpmat.com\/fr\/wp-json\/wp\/v2\/product\/45206","targetHints":{"allow":["GET"]}}],"collection":[{"href":"https:\/\/ulpmat.com\/fr\/wp-json\/wp\/v2\/product"}],"about":[{"href":"https:\/\/ulpmat.com\/fr\/wp-json\/wp\/v2\/types\/product"}],"wp:featuredmedia":[{"embeddable":true,"href":"https:\/\/ulpmat.com\/fr\/wp-json\/wp\/v2\/media\/45207"}],"wp:attachment":[{"href":"https:\/\/ulpmat.com\/fr\/wp-json\/wp\/v2\/media?parent=45206"}],"wp:term":[{"taxonomy":"product_brand","embeddable":true,"href":"https:\/\/ulpmat.com\/fr\/wp-json\/wp\/v2\/product_brand?post=45206"},{"taxonomy":"product_cat","embeddable":true,"href":"https:\/\/ulpmat.com\/fr\/wp-json\/wp\/v2\/product_cat?post=45206"},{"taxonomy":"product_tag","embeddable":true,"href":"https:\/\/ulpmat.com\/fr\/wp-json\/wp\/v2\/product_tag?post=45206"}],"curies":[{"name":"wp","href":"https:\/\/api.w.org\/{rel}","templated":true}]}}