{"id":45182,"date":"2026-01-20T13:47:52","date_gmt":"2026-01-20T05:47:52","guid":{"rendered":"https:\/\/ulpmat.com\/product\/alliage-de-silicium-et-de-germanium\/"},"modified":"2026-01-20T13:47:52","modified_gmt":"2026-01-20T05:47:52","slug":"alliage-de-silicium-et-de-germanium","status":"publish","type":"product","link":"https:\/\/ulpmat.com\/fr\/produit\/alliage-de-silicium-et-de-germanium\/","title":{"rendered":"Alliage de silicium et de germanium"},"content":{"rendered":"<h2><span style=\"font-size: 14pt;\">Cibles de pulv\u00e9risation en alliage silicium-germanium Pr\u00e9sentation<\/span><\/h2>\n<p>Les cibles de pulv\u00e9risation en alliage<br \/>\n<span style=\"color: #0000ff;\"><a style=\"color: #0000ff;\" href=\"https:\/\/ulpmat.com\/fr\/recherche\/?type=name&#038;keyword=Silicon+Germanium\">silicium-germanium<\/a><\/span><br \/>\nsont des cibles en alliage adapt\u00e9es \u00e0 la pr\u00e9paration de films minces fonctionnels hautement stables, poss\u00e9dant \u00e0 la fois une excellente stabilit\u00e9 thermique et des caract\u00e9ristiques de d\u00e9p\u00f4t uniformes. Elles sont largement utilis\u00e9es dans la pr\u00e9paration de dispositifs \u00e9lectroniques, de rev\u00eatements fonctionnels et de films minces thermo\u00e9lectriques.<\/p>\n<p>Nous pouvons fournir des cibles de pulv\u00e9risation en alliage silicium-germanium compatibles avec les processus et <span style=\"color: #0000ff;\"><a style=\"color: #0000ff;\" href=\"https:\/\/ulpmat.com\/fr\/service\/support-technique\/\">prendre en charge<\/a><\/span><br \/>\nl&rsquo;int\u00e9gration <span style=\"color: #0000ff;\"><a style=\"color: #0000ff;\" href=\"https:\/\/ulpmat.com\/fr\/service\/support-technique\/\">technique<\/a><\/span><br \/>\nde la structure de la cible et des param\u00e8tres de d\u00e9p\u00f4t. <span style=\"color: #0000ff;\"><a style=\"color: #0000ff;\" href=\"https:\/\/ulpmat.com\/fr\/contactez-nous\/\">Contactez-nous<\/a><\/span><br \/>\nd\u00e8s maintenant !<\/p>\n<h2><span style=\"font-size: 14pt;\">Points forts du produit<\/span><\/h2>\n<p>Composition stable du film<br \/>\nGrande stabilit\u00e9 thermique<br \/>\nPerformances de d\u00e9p\u00f4t uniformes<br \/>\nForte compatibilit\u00e9 avec les processus<br \/>\nConvient \u00e0 divers processus de pulv\u00e9risation<\/p>\n<h2><span style=\"font-size: 14pt;\">Applications des cibles de pulv\u00e9risation en alliage silicium-germanium<\/span><\/h2>\n<p><strong>Pr\u00e9paration de films minces fonctionnels :<\/strong><br \/>\nles cibles en alliage SiGe conviennent \u00e0 la pr\u00e9paration de films minces fonctionnels thermo\u00e9lectriques et \u00e9lectroniques, am\u00e9liorant la stabilit\u00e9 des performances des films.<br \/>\n<strong>D\u00e9p\u00f4t de films minces pour dispositifs \u00e9lectroniques :<\/strong><br \/>\nconvient au d\u00e9p\u00f4t de dispositifs semi-conducteurs et de couches fonctionnelles, am\u00e9liorant la fiabilit\u00e9 et la coh\u00e9rence des performances des dispositifs.<br \/>\n<strong>R&amp;D sur les dispositifs thermo\u00e9lectriques :<\/strong><br \/>\nutilis\u00e9 pour pr\u00e9parer des films minces thermo\u00e9lectriques haute performance, soutenant la recherche et l&rsquo;optimisation des processus.<br \/>\n<strong>Recherche et validation des processus :<\/strong><br \/>\nsoutient la validation et l&rsquo;optimisation des param\u00e8tres des nouveaux mat\u00e9riaux et des processus de films minces.<\/p>\n<h2><span style=\"color: #0000ff; font-size: 14pt;\"><a style=\"color: #0000ff;\" href=\"https:\/\/ulpmat.com\/fr\/societe\/faq\/\">FAQ<\/a><\/span><\/h2>\n<p>Q1 : Dans quels domaines les cibles de pulv\u00e9risation en alliage SiGe sont-elles principalement utilis\u00e9es ?<br \/>\nR1 : Elles sont principalement utilis\u00e9es dans la recherche et le d\u00e9veloppement de films minces, de rev\u00eatements fonctionnels et de films minces thermo\u00e9lectriques pour les dispositifs \u00e9lectroniques.<\/p>\n<p>Q2 : Comment cette cible se comporte-t-elle dans le cadre d&rsquo;un d\u00e9p\u00f4t \u00e0 haute temp\u00e9rature ?<br \/>\nR2 : La cible en alliage conserve sa stabilit\u00e9 structurelle et compositionnelle dans des conditions de temp\u00e9rature \u00e9lev\u00e9e, garantissant un d\u00e9p\u00f4t uniforme du film mince.<\/p>\n<p>Q3 : Quels proc\u00e9d\u00e9s de pulv\u00e9risation conviennent aux cibles en alliage SiGe ?<br \/>\nR3 : Elles conviennent au pulv\u00e9risation magn\u00e9tron et \u00e0 d&rsquo;autres proc\u00e9d\u00e9s conventionnels de d\u00e9p\u00f4t de films minces.<\/p>\n<p>Q4 : La structure de la cible a-t-elle une incidence sur les performances du film ?<br \/>\nR4 : Une structure de cible en alliage bien con\u00e7ue contribue \u00e0 am\u00e9liorer l&rsquo;uniformit\u00e9 du film et la stabilit\u00e9 du d\u00e9p\u00f4t.<\/p>\n<h2><span style=\"font-size: 14pt;\">Rapports<\/span><\/h2>\n<p>Chaque lot est fourni avec :<br \/>\n<span style=\"color: #0000ff;\"><a style=\"color: #0000ff;\" href=\"https:\/\/ulpmat.com\/fr\/documents\/certificat-danalyse\/\"><u>Certificat d&rsquo;analyse (COA)<\/u><\/a><\/span><\/p>\n<p><span style=\"color: #0000ff;\"><a style=\"color: #0000ff;\" href=\"https:\/\/ulpmat.com\/fr\/documents\/fiche-technique\/\"><u>Fiche technique (TDS)<\/u><\/a><\/span><\/p>\n<p><span style=\"color: #0000ff;\"><a style=\"color: #0000ff;\" href=\"https:\/\/ulpmat.com\/fr\/documents\/fiche-de-donnees-de-securite\/\"><u>Fiche de donn\u00e9es de s\u00e9curit\u00e9 (MSDS)<\/u><\/a><\/span><br \/>\nRapport d&rsquo;inspection des dimensions<br \/>\nRapports d&rsquo;essais effectu\u00e9s par des tiers disponibles sur demande<\/p>\n<h2><span style=\"font-size: 14pt;\">Pourquoi nous choisir ?<\/span><\/h2>\n<p>Nous disposons d&rsquo;une exp\u00e9rience technique et d&rsquo;un approvisionnement \u00e9prouv\u00e9s dans le domaine des cibles de pulv\u00e9risation en alliage, et pouvons fournir des cibles de pulv\u00e9risation en alliage silicium-germanium stables et tra\u00e7ables afin d&rsquo;aider nos clients \u00e0 obtenir une coh\u00e9rence et une fiabilit\u00e9 \u00e9lev\u00e9es dans le d\u00e9p\u00f4t de couches minces lors des phases de R&amp;D et de production en s\u00e9rie.<\/p>\n","protected":false},"excerpt":{"rendered":"<p>Cibles de pulv\u00e9risation en alliage silicium-germanium Pr\u00e9sentation Les cibles de pulv\u00e9risation en alliage silicium-germanium sont des cibles en alliage adapt\u00e9es \u00e0 la pr\u00e9paration de films minces fonctionnels hautement stables, poss\u00e9dant \u00e0 la fois une excellente stabilit\u00e9 thermique et des caract\u00e9ristiques de d\u00e9p\u00f4t uniformes. Elles sont largement utilis\u00e9es dans la pr\u00e9paration de dispositifs \u00e9lectroniques, de rev\u00eatements [&hellip;]<\/p>\n","protected":false},"featured_media":45183,"template":"","meta":{"_acf_changed":false},"product_brand":[132],"product_cat":[560],"product_tag":[5947],"class_list":{"0":"post-45182","1":"product","2":"type-product","3":"status-publish","4":"has-post-thumbnail","6":"product_brand-ulpmat","7":"product_cat-cible-de-pulverisation-dalliage","8":"product_tag-cible-de-pulverisation-cathodique-en-alliage-de-silicium-et-de-germanium","10":"first","11":"instock","12":"shipping-taxable","13":"product-type-variable"},"acf":[],"_links":{"self":[{"href":"https:\/\/ulpmat.com\/fr\/wp-json\/wp\/v2\/product\/45182","targetHints":{"allow":["GET"]}}],"collection":[{"href":"https:\/\/ulpmat.com\/fr\/wp-json\/wp\/v2\/product"}],"about":[{"href":"https:\/\/ulpmat.com\/fr\/wp-json\/wp\/v2\/types\/product"}],"wp:featuredmedia":[{"embeddable":true,"href":"https:\/\/ulpmat.com\/fr\/wp-json\/wp\/v2\/media\/45183"}],"wp:attachment":[{"href":"https:\/\/ulpmat.com\/fr\/wp-json\/wp\/v2\/media?parent=45182"}],"wp:term":[{"taxonomy":"product_brand","embeddable":true,"href":"https:\/\/ulpmat.com\/fr\/wp-json\/wp\/v2\/product_brand?post=45182"},{"taxonomy":"product_cat","embeddable":true,"href":"https:\/\/ulpmat.com\/fr\/wp-json\/wp\/v2\/product_cat?post=45182"},{"taxonomy":"product_tag","embeddable":true,"href":"https:\/\/ulpmat.com\/fr\/wp-json\/wp\/v2\/product_tag?post=45182"}],"curies":[{"name":"wp","href":"https:\/\/api.w.org\/{rel}","templated":true}]}}