{"id":44954,"date":"2026-01-20T13:47:55","date_gmt":"2026-01-20T05:47:55","guid":{"rendered":"https:\/\/ulpmat.com\/product\/dioxyde-de-silicium-4\/"},"modified":"2026-01-20T13:47:55","modified_gmt":"2026-01-20T05:47:55","slug":"dioxyde-de-silicium-4","status":"publish","type":"product","link":"https:\/\/ulpmat.com\/fr\/produit\/dioxyde-de-silicium-4\/","title":{"rendered":"Dioxyde de silicium"},"content":{"rendered":"<h2><span style=\"font-size: 14pt;\">Pr\u00e9sentation de la poudre de dioxyde de silicium<\/span><\/h2>\n<p>La poudre<br \/>\n<span style=\"color: #0000ff;\"><a style=\"color: #0000ff;\" href=\"https:\/\/ulpmat.com\/fr\/recherche\/?type=name&#038;keyword=Silicon+Dioxide\">de dioxyde de silicium<\/a><\/span><br \/>\nest une poudre inorganique de haute puret\u00e9 qui pr\u00e9sente une excellente stabilit\u00e9 chimique et thermique. Elle est largement utilis\u00e9e dans les mat\u00e9riaux de rev\u00eatement, la pr\u00e9paration de c\u00e9ramiques, les appareils \u00e9lectroniques et le d\u00e9veloppement de films minces fonctionnels.<\/p>\n<p>Nous pouvons fournir de la poudre de dioxyde de silicium compatible avec vos processus et vous aider dans vos discussions techniques concernant les sp\u00e9cifications de la poudre, les param\u00e8tres de processus et les instructions d&rsquo;application.<span style=\"color: #0000ff;\"><a style=\"color: #0000ff;\" href=\"https:\/\/ulpmat.com\/fr\/contactez-nous\/\"> Contactez-nous<\/a><\/span><br \/>\nd\u00e8s maintenant !<\/p>\n<h2><span style=\"font-size: 14pt;\">Points forts du produit<\/span><\/h2>\n<p>Haute inertie chimique<br \/>\nExcellente stabilit\u00e9 thermique<br \/>\nPoudre uniforme avec une bonne fluidit\u00e9<br \/>\nConvient \u00e0 divers processus de traitement et de d\u00e9p\u00f4t<br \/>\nUtilisable dans les films minces, les rev\u00eatements et les mat\u00e9riaux c\u00e9ramiques<\/p>\n<h2><span style=\"font-size: 14pt;\">Applications de la poudre de dioxyde de silicium<\/span><\/h2>\n<p><strong>Mat\u00e9riaux de rev\u00eatement fonctionnels :<\/strong><br \/>\nla poudre de SiO\u2082 est utilis\u00e9e pour pr\u00e9parer des rev\u00eatements protecteurs et des films minces fonctionnels, am\u00e9liorant les propri\u00e9t\u00e9s et l&rsquo;uniformit\u00e9 de la surface.<br \/>\n<strong>Pr\u00e9paration de c\u00e9ramiques :<\/strong><br \/>\nen tant que mati\u00e8re premi\u00e8re pour les mat\u00e9riaux c\u00e9ramiques, elle am\u00e9liore la stabilit\u00e9 thermique et les performances d&rsquo;isolation des appareils.<br \/>\n<strong>Mat\u00e9riaux pour dispositifs \u00e9lectroniques :<\/strong><br \/>\ndans les dispositifs \u00e9lectroniques, elle est utilis\u00e9e pour pr\u00e9parer des films minces fonctionnels et des couches di\u00e9lectriques, am\u00e9liorant ainsi la fiabilit\u00e9 des dispositifs.<br \/>\n<strong>Recherche et validation des processus :<\/strong><br \/>\nsoutient le d\u00e9veloppement de nouveaux mat\u00e9riaux et l&rsquo;optimisation des param\u00e8tres des processus de fabrication de films minces et de rev\u00eatements.<\/p>\n<h2><span style=\"color: #0000ff;\"><a style=\"color: #0000ff;\" href=\"https:\/\/ulpmat.com\/fr\/societe\/faq\/\"><span style=\"font-size: 14pt;\">FAQ<\/span><\/a><\/span><\/h2>\n<p>Q1 : \u00c0 quelles applications la poudre de dioxyde de silicium est-elle adapt\u00e9e ?<br \/>\nA1 : Elle est principalement utilis\u00e9e dans les mat\u00e9riaux de rev\u00eatement, la c\u00e9ramique, les dispositifs \u00e9lectroniques et la pr\u00e9paration de films minces fonctionnels.<\/p>\n<p>Q2 : La poudre est-elle stable \u00e0 haute temp\u00e9rature ?<br \/>\nR2 : La poudre de SiO\u2082 conserve sa stabilit\u00e9 chimique et physique m\u00eame \u00e0 haute temp\u00e9rature.<\/p>\n<p>Q3 : La morphologie de la poudre a-t-elle une incidence sur les applications ?<br \/>\nR3 : Une morphologie uniforme et stable de la poudre contribue \u00e0 am\u00e9liorer la coh\u00e9rence du d\u00e9p\u00f4t et du traitement.<\/p>\n<p>Q4 : La poudre de SiO\u2082 peut-elle \u00eatre utilis\u00e9e directement pour le d\u00e9p\u00f4t de films minces ?<br \/>\nR4 : Oui, elle convient \u00e0 la pr\u00e9paration de films minces et aux mati\u00e8res premi\u00e8res de rev\u00eatement fonctionnel.<\/p>\n<h2><span style=\"font-size: 14pt;\">Rapports<\/span><\/h2>\n<p>Chaque lot est fourni avec :<br \/>\n<span style=\"color: #0000ff;\"><a style=\"color: #0000ff;\" href=\"https:\/\/ulpmat.com\/fr\/documents\/certificat-danalyse\/\"><u>Certificat d&rsquo;analyse (COA)<\/u><\/a><\/span><\/p>\n<p><span style=\"color: #0000ff;\"><a style=\"color: #0000ff;\" href=\"https:\/\/ulpmat.com\/fr\/documents\/fiche-technique\/\"><u>Fiche technique (TDS)<\/u><\/a><\/span><\/p>\n<p><span style=\"color: #0000ff;\"><a style=\"color: #0000ff;\" href=\"https:\/\/ulpmat.com\/fr\/documents\/fiche-de-donnees-de-securite\/\"><u>Fiche de donn\u00e9es de s\u00e9curit\u00e9 (MSDS)<\/u><\/a><\/span><br \/>\nRapports d&rsquo;essais effectu\u00e9s par des tiers disponibles sur demande<\/p>\n<h2><span style=\"font-size: 14pt;\">Pourquoi nous choisir ?<\/span><\/h2>\n<p>Nous sommes sp\u00e9cialis\u00e9s dans la fourniture de poudres inorganiques haute performance et proposons une poudre de dioxyde de silicium stable et tra\u00e7able afin d&rsquo;aider nos clients \u00e0 atteindre un niveau \u00e9lev\u00e9 de coh\u00e9rence et de fiabilit\u00e9 dans leurs applications de R&amp;D et de traitement.<\/p>\n","protected":false},"excerpt":{"rendered":"<p>Pr\u00e9sentation de la poudre de dioxyde de silicium La poudre de dioxyde de silicium est une poudre inorganique de haute puret\u00e9 qui pr\u00e9sente une excellente stabilit\u00e9 chimique et thermique. Elle est largement utilis\u00e9e dans les mat\u00e9riaux de rev\u00eatement, la pr\u00e9paration de c\u00e9ramiques, les appareils \u00e9lectroniques et le d\u00e9veloppement de films minces fonctionnels. Nous pouvons fournir [&hellip;]<\/p>\n","protected":false},"featured_media":44955,"template":"","meta":{"_acf_changed":false},"product_brand":[132],"product_cat":[335],"product_tag":[5911],"class_list":{"0":"post-44954","1":"product","2":"type-product","3":"status-publish","4":"has-post-thumbnail","6":"product_brand-ulpmat","7":"product_cat-oxydes","8":"product_tag-poudre-de-dioxyde-de-silicium","10":"first","11":"instock","12":"shipping-taxable","13":"product-type-variable"},"acf":[],"_links":{"self":[{"href":"https:\/\/ulpmat.com\/fr\/wp-json\/wp\/v2\/product\/44954","targetHints":{"allow":["GET"]}}],"collection":[{"href":"https:\/\/ulpmat.com\/fr\/wp-json\/wp\/v2\/product"}],"about":[{"href":"https:\/\/ulpmat.com\/fr\/wp-json\/wp\/v2\/types\/product"}],"wp:featuredmedia":[{"embeddable":true,"href":"https:\/\/ulpmat.com\/fr\/wp-json\/wp\/v2\/media\/44955"}],"wp:attachment":[{"href":"https:\/\/ulpmat.com\/fr\/wp-json\/wp\/v2\/media?parent=44954"}],"wp:term":[{"taxonomy":"product_brand","embeddable":true,"href":"https:\/\/ulpmat.com\/fr\/wp-json\/wp\/v2\/product_brand?post=44954"},{"taxonomy":"product_cat","embeddable":true,"href":"https:\/\/ulpmat.com\/fr\/wp-json\/wp\/v2\/product_cat?post=44954"},{"taxonomy":"product_tag","embeddable":true,"href":"https:\/\/ulpmat.com\/fr\/wp-json\/wp\/v2\/product_tag?post=44954"}],"curies":[{"name":"wp","href":"https:\/\/api.w.org\/{rel}","templated":true}]}}