{"id":44882,"date":"2026-01-20T13:47:56","date_gmt":"2026-01-20T05:47:56","guid":{"rendered":"https:\/\/ulpmat.com\/product\/dioxyde-de-silicium-3\/"},"modified":"2026-01-20T13:47:56","modified_gmt":"2026-01-20T05:47:56","slug":"dioxyde-de-silicium-3","status":"publish","type":"product","link":"https:\/\/ulpmat.com\/fr\/produit\/dioxyde-de-silicium-3\/","title":{"rendered":"Dioxyde de silicium"},"content":{"rendered":"<h2><span style=\"font-size: 14pt;\">Pr\u00e9sentation des cibles de pulv\u00e9risation en dioxyde de silicium<\/span><\/h2>\n<p>Les cibles de pulv\u00e9risation<br \/>\n<span style=\"color: #0000ff;\"><a style=\"color: #0000ff;\" href=\"https:\/\/ulpmat.com\/fr\/recherche\/?type=name&#038;keyword=Silicon+Dioxide\">en dioxyde de silicium<\/a><\/span><br \/>\nsont des cibles c\u00e9ramiques de haute puret\u00e9 adapt\u00e9es \u00e0 la pr\u00e9paration de films minces fonctionnels et de rev\u00eatements protecteurs. Elles sont largement utilis\u00e9es dans le d\u00e9p\u00f4t par pulv\u00e9risation de films minces <span style=\"color: #0000ff;\"><a style=\"color: #0000ff;\" href=\"https:\/\/ulpmat.com\/fr\/candidature\/materiaux-optiques\/\">optiques<\/a><\/span><br \/>\n, de dispositifs \u00e9lectroniques et de rev\u00eatements protecteurs.<\/p>\n<p>Nous pouvons fournir des cibles de pulv\u00e9risation en dioxyde de silicium compatibles avec les processus et<span style=\"color: #0000ff;\"><a style=\"color: #0000ff;\" href=\"https:\/\/ulpmat.com\/fr\/service\/support-technique\/\"> prendre en charge<\/a><\/span><br \/>\nl&rsquo;int\u00e9gration <span style=\"color: #0000ff;\"><a style=\"color: #0000ff;\" href=\"https:\/\/ulpmat.com\/fr\/service\/support-technique\/\">technique<\/a><\/span><br \/>\nde la structure des cibles et des param\u00e8tres de d\u00e9p\u00f4t. <span style=\"color: #0000ff;\"><a style=\"color: #0000ff;\" href=\"https:\/\/ulpmat.com\/fr\/contactez-nous\/\">Contactez-nous<\/a><\/span><br \/>\nd\u00e8s maintenant !<\/p>\n<h2><span style=\"font-size: 14pt;\">Points forts du produit<\/span><\/h2>\n<p>Composition uniforme et stable du film<br \/>\nHaute stabilit\u00e9 thermique<br \/>\nExcellente uniformit\u00e9 de d\u00e9p\u00f4t<br \/>\nForte compatibilit\u00e9 avec les processus<br \/>\nConvient \u00e0 divers processus de pulv\u00e9risation<\/p>\n<h2><span style=\"font-size: 14pt;\">Applications des cibles de pulv\u00e9risation en dioxyde de silicium<\/span><\/h2>\n<p><strong>Pr\u00e9paration de films minces <span style=\"color: #0000ff;\"><a style=\"color: #0000ff;\" href=\"https:\/\/ulpmat.com\/fr\/candidature\/materiaux-optiques\/\">optiques<\/a><\/span> :<\/strong><br \/>\nles cibles en SiO\u2082 peuvent \u00eatre utilis\u00e9es pour pr\u00e9parer des films transparents, des films antireflets et d&rsquo;autres films minces fonctionnels optiques.<br \/>\n<strong>D\u00e9p\u00f4t<\/strong><br \/>\nsur <strong>dispositifs \u00e9lectroniques :<\/strong><br \/>\nconvient au d\u00e9p\u00f4t de films minces et de couches fonctionnelles sur des dispositifs \u00e0 semi-conducteurs, am\u00e9liorant ainsi la fiabilit\u00e9 des dispositifs.<br \/>\n<strong>Rev\u00eatements protecteurs :<\/strong><br \/>\nutilis\u00e9s pour pr\u00e9parer des films minces r\u00e9sistants \u00e0 la corrosion et protecteurs, am\u00e9liorant les propri\u00e9t\u00e9s de surface des mat\u00e9riaux.<br \/>\n<strong>Recherche et validation des processus :<\/strong><br \/>\nsoutient la recherche sur les nouveaux mat\u00e9riaux de films minces et l&rsquo;optimisation des param\u00e8tres de d\u00e9p\u00f4t.<\/p>\n<h2><span style=\"color: #0000ff;\"><a style=\"color: #0000ff;\" href=\"https:\/\/ulpmat.com\/fr\/societe\/faq\/\"><span style=\"font-size: 14pt;\">FAQ<\/span><\/a><\/span><\/h2>\n<p>Q1 : \u00c0 quoi servent principalement les cibles de pulv\u00e9risation en dioxyde de silicium ?<br \/>\nA1 : Elles sont principalement utilis\u00e9es pour les films minces optiques, les films minces pour dispositifs \u00e9lectroniques et les rev\u00eatements protecteurs.<\/p>\n<p>Q2 : Comment la cible SiO\u2082 se comporte-t-elle lors d&rsquo;un d\u00e9p\u00f4t \u00e0 haute temp\u00e9rature ?<br \/>\nR2 : Sa grande stabilit\u00e9 thermique garantit un d\u00e9p\u00f4t uniforme du film, m\u00eame \u00e0 haute temp\u00e9rature.<\/p>\n<p>Q3 : \u00c0 quels proc\u00e9d\u00e9s de pulv\u00e9risation cette cible est-elle adapt\u00e9e ?<br \/>\nR3 : Elle convient \u00e0 la pulv\u00e9risation magn\u00e9tron et \u00e0 d&rsquo;autres proc\u00e9d\u00e9s conventionnels de d\u00e9p\u00f4t de films minces.<\/p>\n<p>Q4 : La structure de la cible a-t-elle une incidence sur l&rsquo;uniformit\u00e9 du film ?<br \/>\nR4 : Une structure de cible bien con\u00e7ue peut am\u00e9liorer l&rsquo;uniformit\u00e9 de l&rsquo;\u00e9paisseur et de la composition du film.<\/p>\n<h2><span style=\"font-size: 14pt;\">Rapport<\/span><\/h2>\n<p>Chaque lot est fourni avec :<br \/>\n<span style=\"color: #0000ff;\"><a style=\"color: #0000ff;\" href=\"https:\/\/ulpmat.com\/fr\/documents\/certificat-danalyse\/\"><u>Certificat d&rsquo;analyse (COA)<\/u><\/a><\/span><\/p>\n<p><span style=\"color: #0000ff;\"><a style=\"color: #0000ff;\" href=\"https:\/\/ulpmat.com\/fr\/documents\/fiche-technique\/\"><u>Fiche technique (TDS)<\/u><\/a><\/span><\/p>\n<p><span style=\"color: #0000ff;\"><a style=\"color: #0000ff;\" href=\"https:\/\/ulpmat.com\/fr\/documents\/fiche-de-donnees-de-securite\/\"><u>Fiche de donn\u00e9es de s\u00e9curit\u00e9 (MSDS)<\/u><\/a><\/span><br \/>\nRapport d&rsquo;inspection des dimensions<br \/>\nRapports d&rsquo;essais effectu\u00e9s par des tiers disponibles sur demande<\/p>\n<h2><span style=\"font-size: 14pt;\">Pourquoi nous choisir ?<\/span><\/h2>\n<p>Nous disposons d&rsquo;une exp\u00e9rience technique et d&rsquo;un approvisionnement \u00e9prouv\u00e9s dans le domaine des cibles de pulv\u00e9risation c\u00e9ramiques, fournissant des cibles de pulv\u00e9risation en dioxyde de silicium stables et tra\u00e7ables afin d&rsquo;aider nos clients \u00e0 obtenir une coh\u00e9rence et une fiabilit\u00e9 dans le d\u00e9p\u00f4t de couches minces pendant les phases de R&amp;D et d&rsquo;application.<\/p>\n","protected":false},"excerpt":{"rendered":"<p>Pr\u00e9sentation des cibles de pulv\u00e9risation en dioxyde de silicium Les cibles de pulv\u00e9risation en dioxyde de silicium sont des cibles c\u00e9ramiques de haute puret\u00e9 adapt\u00e9es \u00e0 la pr\u00e9paration de films minces fonctionnels et de rev\u00eatements protecteurs. Elles sont largement utilis\u00e9es dans le d\u00e9p\u00f4t par pulv\u00e9risation de films minces optiques , de dispositifs \u00e9lectroniques et de [&hellip;]<\/p>\n","protected":false},"featured_media":44883,"template":"","meta":{"_acf_changed":false},"product_brand":[132],"product_cat":[449],"product_tag":[5905],"class_list":{"0":"post-44882","1":"product","2":"type-product","3":"status-publish","4":"has-post-thumbnail","6":"product_brand-ulpmat","7":"product_cat-cible-de-pulverisation-ceramique","8":"product_tag-cible-de-pulverisation-de-dioxyde-de-silicium","10":"first","11":"instock","12":"shipping-taxable","13":"product-type-variable"},"acf":[],"_links":{"self":[{"href":"https:\/\/ulpmat.com\/fr\/wp-json\/wp\/v2\/product\/44882","targetHints":{"allow":["GET"]}}],"collection":[{"href":"https:\/\/ulpmat.com\/fr\/wp-json\/wp\/v2\/product"}],"about":[{"href":"https:\/\/ulpmat.com\/fr\/wp-json\/wp\/v2\/types\/product"}],"wp:featuredmedia":[{"embeddable":true,"href":"https:\/\/ulpmat.com\/fr\/wp-json\/wp\/v2\/media\/44883"}],"wp:attachment":[{"href":"https:\/\/ulpmat.com\/fr\/wp-json\/wp\/v2\/media?parent=44882"}],"wp:term":[{"taxonomy":"product_brand","embeddable":true,"href":"https:\/\/ulpmat.com\/fr\/wp-json\/wp\/v2\/product_brand?post=44882"},{"taxonomy":"product_cat","embeddable":true,"href":"https:\/\/ulpmat.com\/fr\/wp-json\/wp\/v2\/product_cat?post=44882"},{"taxonomy":"product_tag","embeddable":true,"href":"https:\/\/ulpmat.com\/fr\/wp-json\/wp\/v2\/product_tag?post=44882"}],"curies":[{"name":"wp","href":"https:\/\/api.w.org\/{rel}","templated":true}]}}