{"id":44862,"date":"2026-01-20T13:47:56","date_gmt":"2026-01-20T05:47:56","guid":{"rendered":"https:\/\/ulpmat.com\/product\/dioxyde-de-silicium-2\/"},"modified":"2026-01-20T13:47:56","modified_gmt":"2026-01-20T05:47:56","slug":"dioxyde-de-silicium-2","status":"publish","type":"product","link":"https:\/\/ulpmat.com\/fr\/produit\/dioxyde-de-silicium-2\/","title":{"rendered":"Dioxyde de silicium"},"content":{"rendered":"<h2><span style=\"font-size: 14pt;\">Cible annulaire en dioxyde de silicium Pr\u00e9sentation<\/span><\/h2>\n<p>La cible annulaire<br \/>\n<span style=\"color: #0000ff;\"><a style=\"color: #0000ff;\" href=\"https:\/\/ulpmat.com\/fr\/recherche\/?type=name&#038;keyword=Silicon+Dioxide\">en dioxyde de silicium<\/a><\/span><br \/>\nest une cible annulaire en c\u00e9ramique de haute puret\u00e9 sp\u00e9cialement con\u00e7ue pour les syst\u00e8mes de pulv\u00e9risation magn\u00e9tron par centrifugation, garantissant l&rsquo;uniformit\u00e9 et la stabilit\u00e9 du processus de d\u00e9p\u00f4t de couches minces. Elle est largement utilis\u00e9e dans la pr\u00e9paration de couches minces <span style=\"color: #0000ff;\"><a style=\"color: #0000ff;\" href=\"https:\/\/ulpmat.com\/fr\/candidature\/materiaux-optiques\/\">optiques<\/a><\/span><br \/>\n, de dispositifs \u00e9lectroniques et de rev\u00eatements protecteurs.<\/p>\n<p>Nous proposons des cibles annulaires en SiO2 compatibles avec divers syst\u00e8mes de pulv\u00e9risation par centrifugation et assurons l&rsquo;int\u00e9gration technique pour la taille, la structure et les param\u00e8tres de d\u00e9p\u00f4t des cibles. <span style=\"color: #0000ff;\"><a style=\"color: #0000ff;\" href=\"https:\/\/ulpmat.com\/fr\/contactez-nous\/\">Contactez-nous<\/a><\/span><br \/>\nd\u00e8s maintenant !<\/p>\n<h2><span style=\"font-size: 14pt;\">Points forts du produit<\/span><\/h2>\n<p>Conception en anneau, adapt\u00e9e aux syst\u00e8mes de pulv\u00e9risation par centrifugation<br \/>\nHaute stabilit\u00e9 thermique<br \/>\nGrande uniformit\u00e9 de d\u00e9p\u00f4t des couches minces<br \/>\nForte compatibilit\u00e9 avec les processus<br \/>\nLots stables, bonne coh\u00e9rence<\/p>\n<h2><span style=\"font-size: 14pt;\">Applications de la cible annulaire en dioxyde de silicium<\/span><\/h2>\n<p><strong>D\u00e9p\u00f4t de couches minces <span style=\"color: #0000ff;\"><a style=\"color: #0000ff;\" href=\"https:\/\/ulpmat.com\/fr\/candidature\/materiaux-optiques\/\">optiques<\/a><\/span> :<\/strong><br \/>\nles cibles annulaires en SiO\u2082 peuvent \u00eatre utilis\u00e9es pour pr\u00e9parer des films transparents, des films antireflets et d&rsquo;autres films minces optiquement fonctionnels.<br \/>\n<strong>Couches fonctionnelles pour dispositifs \u00e9lectroniques :<\/strong><br \/>\nconvient au d\u00e9p\u00f4t de couches fonctionnelles dans les semi-conducteurs et les dispositifs \u00e9lectroniques, am\u00e9liorant la coh\u00e9rence des performances des dispositifs.<br \/>\n<strong>Rev\u00eatements protecteurs :<\/strong><br \/>\nutilis\u00e9 pour pr\u00e9parer des films minces r\u00e9sistants \u00e0 la corrosion et protecteurs, am\u00e9liorant les propri\u00e9t\u00e9s de surface des mat\u00e9riaux.<br \/>\n<strong>Recherche et optimisation des processus :<\/strong><br \/>\nprend en charge la recherche sur les nouveaux processus de films minces et l&rsquo;optimisation et la v\u00e9rification des param\u00e8tres de pulv\u00e9risation par centrifugation.<\/p>\n<h2><span style=\"color: #0000ff;\"><a style=\"color: #0000ff;\" href=\"https:\/\/ulpmat.com\/fr\/societe\/faq\/\"><span style=\"font-size: 14pt;\">FAQ<\/span><\/a><\/span><\/h2>\n<p>Q1 : Quelles applications de pulv\u00e9risation conviennent aux cibles annulaires en SiO\u2082 ?<br \/>\nR1 : Elles sont principalement utilis\u00e9es pour le d\u00e9p\u00f4t par pulv\u00e9risation par centrifugation de films minces optiques, de couches fonctionnelles pour dispositifs \u00e9lectroniques et de rev\u00eatements protecteurs.<\/p>\n<p>Q2 : Quels sont les avantages des cibles annulaires par rapport aux cibles planes ?<br \/>\nR2 : La conception des cibles annulaires est adapt\u00e9e aux syst\u00e8mes de pulv\u00e9risation par centrifugation, am\u00e9liorant l&rsquo;uniformit\u00e9 de l&rsquo;\u00e9paisseur du film et l&rsquo;utilisation des mat\u00e9riaux.<\/p>\n<p>Q3 : Les cibles annulaires en SiO\u2082 sont-elles stables pendant le d\u00e9p\u00f4t \u00e0 haute temp\u00e9rature ?<br \/>\nR3 : Le mat\u00e9riau c\u00e9ramique de haute puret\u00e9 garantit la stabilit\u00e9 structurelle et de d\u00e9p\u00f4t de la cible dans des conditions de temp\u00e9rature \u00e9lev\u00e9e.<\/p>\n<p>Q4 : La conception de la cible annulaire a-t-elle une incidence sur les performances du film ?<br \/>\nR4 : Une forme annulaire bien con\u00e7ue contribue \u00e0 un d\u00e9p\u00f4t uniforme, am\u00e9liorant l&rsquo;\u00e9paisseur du film et la coh\u00e9rence de la composition.<\/p>\n<h2><span style=\"font-size: 14pt;\">Rapports<\/span><\/h2>\n<p>Chaque lot est fourni avec :<br \/>\n<span style=\"color: #0000ff;\"><a style=\"color: #0000ff;\" href=\"https:\/\/ulpmat.com\/fr\/documents\/certificat-danalyse\/\"><u>Certificat d&rsquo;analyse (COA)<\/u><\/a><\/span><\/p>\n<p><span style=\"color: #0000ff;\"><a style=\"color: #0000ff;\" href=\"https:\/\/ulpmat.com\/fr\/documents\/fiche-technique\/\"><u>Fiche technique (TDS)<\/u><\/a><\/span><\/p>\n<p><span style=\"color: #0000ff;\"><a style=\"color: #0000ff;\" href=\"https:\/\/ulpmat.com\/fr\/documents\/fiche-de-donnees-de-securite\/\"><u>Fiche de donn\u00e9es de s\u00e9curit\u00e9 (MSDS)<\/u><\/a><\/span><br \/>\nRapport d&rsquo;inspection des dimensions<br \/>\nRapports d&rsquo;essais effectu\u00e9s par des tiers disponibles sur demande<\/p>\n<h2><span style=\"font-size: 14pt;\">Pourquoi nous choisir ?<\/span><\/h2>\n<p>Nous disposons d&rsquo;une exp\u00e9rience technique et d&rsquo;un approvisionnement \u00e9prouv\u00e9s dans le domaine des cibles rotatives en c\u00e9ramique, et pouvons fournir des cibles annulaires en dioxyde de silicium stables et tra\u00e7ables afin d&rsquo;aider nos clients \u00e0 obtenir une uniformit\u00e9 et une fiabilit\u00e9 \u00e9lev\u00e9es du d\u00e9p\u00f4t de couches minces dans les syst\u00e8mes de pulv\u00e9risation cathodique rotatifs.<\/p>\n","protected":false},"excerpt":{"rendered":"<p>Cible annulaire en dioxyde de silicium Pr\u00e9sentation La cible annulaire en dioxyde de silicium est une cible annulaire en c\u00e9ramique de haute puret\u00e9 sp\u00e9cialement con\u00e7ue pour les syst\u00e8mes de pulv\u00e9risation magn\u00e9tron par centrifugation, garantissant l&rsquo;uniformit\u00e9 et la stabilit\u00e9 du processus de d\u00e9p\u00f4t de couches minces. Elle est largement utilis\u00e9e dans la pr\u00e9paration de couches minces [&hellip;]<\/p>\n","protected":false},"featured_media":44863,"template":"","meta":{"_acf_changed":false},"product_brand":[132],"product_cat":[449,464],"product_tag":[5900],"class_list":{"0":"post-44862","1":"product","2":"type-product","3":"status-publish","4":"has-post-thumbnail","6":"product_brand-ulpmat","7":"product_cat-cible-de-pulverisation-ceramique","8":"product_cat-cibles-rotatives","9":"product_tag-cible-annulaire-en-dioxyde-de-silicium","11":"first","12":"instock","13":"shipping-taxable","14":"product-type-variable"},"acf":[],"_links":{"self":[{"href":"https:\/\/ulpmat.com\/fr\/wp-json\/wp\/v2\/product\/44862","targetHints":{"allow":["GET"]}}],"collection":[{"href":"https:\/\/ulpmat.com\/fr\/wp-json\/wp\/v2\/product"}],"about":[{"href":"https:\/\/ulpmat.com\/fr\/wp-json\/wp\/v2\/types\/product"}],"wp:featuredmedia":[{"embeddable":true,"href":"https:\/\/ulpmat.com\/fr\/wp-json\/wp\/v2\/media\/44863"}],"wp:attachment":[{"href":"https:\/\/ulpmat.com\/fr\/wp-json\/wp\/v2\/media?parent=44862"}],"wp:term":[{"taxonomy":"product_brand","embeddable":true,"href":"https:\/\/ulpmat.com\/fr\/wp-json\/wp\/v2\/product_brand?post=44862"},{"taxonomy":"product_cat","embeddable":true,"href":"https:\/\/ulpmat.com\/fr\/wp-json\/wp\/v2\/product_cat?post=44862"},{"taxonomy":"product_tag","embeddable":true,"href":"https:\/\/ulpmat.com\/fr\/wp-json\/wp\/v2\/product_tag?post=44862"}],"curies":[{"name":"wp","href":"https:\/\/api.w.org\/{rel}","templated":true}]}}