{"id":44388,"date":"2026-01-23T11:37:49","date_gmt":"2026-01-23T03:37:49","guid":{"rendered":"https:\/\/ulpmat.com\/product\/titane-carbure-daluminium-3\/"},"modified":"2026-01-23T11:37:49","modified_gmt":"2026-01-23T03:37:49","slug":"titane-carbure-daluminium-3","status":"publish","type":"product","link":"https:\/\/ulpmat.com\/fr\/produit\/titane-carbure-daluminium-3\/","title":{"rendered":"Titane Carbure d&rsquo;aluminium"},"content":{"rendered":"<h2><span style=\"font-size: 14pt;\">Poudre de carbure de titane et d&rsquo;aluminium Pr\u00e9sentation<\/span><\/h2>\n<p>La poudre<br \/>\n<span style=\"color: #0000ff;\"><a style=\"color: #0000ff;\" href=\"https:\/\/ulpmat.com\/fr\/recherche\/?type=name&#038;keyword=Titanium+Aluminum+Carbide\">de carbure de titane et d&rsquo;aluminium<\/a><\/span><br \/>\nest un mat\u00e9riau typique de la phase MAX, qui poss\u00e8de les propri\u00e9t\u00e9s combin\u00e9es des m\u00e9taux et des c\u00e9ramiques, telles qu&rsquo;une excellente conductivit\u00e9 \u00e9lectrique et une grande stabilit\u00e9 thermique. Ce mat\u00e9riau est largement utilis\u00e9 dans la recherche sur les c\u00e9ramiques fonctionnelles, les mat\u00e9riaux composites et les mat\u00e9riaux structurels avanc\u00e9s.<\/p>\n<p>Nous pouvons fournir de la poudre de carbure de titane et d&rsquo;aluminium stable sur le plan de la composition et de la phase cristalline pour la recherche et le d\u00e9veloppement de mat\u00e9riaux. Veuillez <span style=\"color: #0000ff;\"><a style=\"color: #0000ff;\" href=\"https:\/\/ulpmat.com\/fr\/contactez-nous\/\">nous contacter<\/a><\/span><br \/>\npour discuter des applications sp\u00e9cifiques et des exigences de traitement.<\/p>\n<h2><span style=\"font-size: 14pt;\">Points forts du produit<\/span><\/h2>\n<p>Carbures \u00e0 base de titane li\u00e9s \u00e0<br \/>\n<span style=\"color: #0000ff;\"><a style=\"color: #0000ff;\" href=\"https:\/\/ulpmat.com\/fr\/product-category\/materiaux-de-premier-choix\/les-precurseurs-mxene-materiaux-de-phase-max\/\">la phase MAX<\/a><\/span><\/p>\n<p>Double propri\u00e9t\u00e9 m\u00e9tal-c\u00e9ramique<br \/>\nExcellente conductivit\u00e9 \u00e9lectrique<br \/>\nStabilit\u00e9 thermique exceptionnelle<br \/>\nStructure cristalline en couches<br \/>\nFacilit\u00e9 de traitement sup\u00e9rieure \u00e0 celle des c\u00e9ramiques traditionnelles<br \/>\nCoh\u00e9rence stable d&rsquo;un lot \u00e0 l&rsquo;autre<\/p>\n<h2><span style=\"font-size: 14pt;\">Applications de la poudre de carbure de titane et d&rsquo;aluminium<\/span><\/h2>\n<p><strong>Recherche sur <span style=\"color: #0000ff;\"><a style=\"color: #0000ff;\" href=\"https:\/\/ulpmat.com\/fr\/product-category\/materiaux-de-premier-choix\/les-precurseurs-mxene-materiaux-de-phase-max\/\">la phase MAX<\/a><\/span> et les mat\u00e9riaux en couches :<\/strong><br \/>\ncouramment utilis\u00e9e pour \u00e9tudier la structure, les propri\u00e9t\u00e9s et la stabilit\u00e9 de phase des mat\u00e9riaux de phase MAX dans le syst\u00e8me carbure de titane et d&rsquo;aluminium.<\/p>\n<p><strong>Mat\u00e9riaux composites fonctionnels :<\/strong><br \/>\nen tant que phase de renforcement ou charge fonctionnelle, cette poudre peut \u00eatre utilis\u00e9e pour pr\u00e9parer des mat\u00e9riaux composites pr\u00e9sentant une conductivit\u00e9 \u00e9lectrique, une r\u00e9sistance aux temp\u00e9ratures \u00e9lev\u00e9es ou une r\u00e9sistance aux chocs thermiques.<\/p>\n<p><strong>Recherche sur les mat\u00e9riaux structurels \u00e0 haute temp\u00e9rature :<\/strong><br \/>\nle carbure de titane et d&rsquo;aluminium pr\u00e9sente une excellente stabilit\u00e9 structurelle \u00e0 haute temp\u00e9rature, ce qui le rend adapt\u00e9 \u00e0 la recherche fondamentale sur les mat\u00e9riaux utilis\u00e9s \u00e0 haute temp\u00e9rature.<\/p>\n<p><strong>C\u00e9ramiques conductrices et mat\u00e9riaux fonctionnels :<\/strong><br \/>\nsa combinaison de propri\u00e9t\u00e9s m\u00e9talliques et c\u00e9ramiques le rend pr\u00e9cieux pour le d\u00e9veloppement de c\u00e9ramiques conductrices et de mat\u00e9riaux fonctionnels connexes.<\/p>\n<p><strong>Science des mat\u00e9riaux et recherche fondamentale :<\/strong><br \/>\nlargement utilis\u00e9 dans les universit\u00e9s, les instituts de recherche et les laboratoires de mat\u00e9riaux avanc\u00e9s pour l&rsquo;exploration de nouveaux mat\u00e9riaux c\u00e9ramiques stratifi\u00e9s.<\/p>\n<h2><span style=\"font-size: 14pt;\">FAQ<\/span><\/h2>\n<p>Q1 : Le carbure de titane et d&rsquo;aluminium est-il un mat\u00e9riau de phase MAX ?<br \/>\nR1 : Il d\u00e9signe g\u00e9n\u00e9ralement la phase MAX ou les mat\u00e9riaux carbures associ\u00e9s dans le syst\u00e8me Ti-Al-C, caract\u00e9ris\u00e9s par une structure stratifi\u00e9e.<\/p>\n<p>Q2 : En quoi le mat\u00e9riau Ti-Al-C diff\u00e8re-t-il des c\u00e9ramiques carbures traditionnelles ?<br \/>\nR2 : Par rapport aux c\u00e9ramiques carbures traditionnelles, le mat\u00e9riau Ti-Al-C pr\u00e9sente une meilleure conductivit\u00e9 et une meilleure r\u00e9sistance aux chocs thermiques tout en conservant une stabilit\u00e9 \u00e0 haute temp\u00e9rature.<\/p>\n<p>Q3 : Dans quels domaines la poudre de carbure de titane et d&rsquo;aluminium est-elle principalement utilis\u00e9e ?<br \/>\nR3 : Elle est principalement utilis\u00e9e pour la recherche sur les mat\u00e9riaux de phase MAX, le d\u00e9veloppement de mat\u00e9riaux composites fonctionnels et la recherche li\u00e9e aux mat\u00e9riaux \u00e0 haute temp\u00e9rature et aux c\u00e9ramiques conductrices.<\/p>\n<p>Q4 : Cette poudre est-elle plus adapt\u00e9e \u00e0 la recherche scientifique ou aux applications industrielles ?<br \/>\nR4 : Actuellement, elle est principalement utilis\u00e9e pour la recherche scientifique et le d\u00e9veloppement de mat\u00e9riaux, mais son potentiel industriel dans le domaine des mat\u00e9riaux d&rsquo;ing\u00e9nierie avanc\u00e9s est \u00e9galement \u00e0 l&rsquo;\u00e9tude.<\/p>\n<h2><span style=\"font-size: 14pt;\">Rapports<\/span><\/h2>\n<p>Chaque lot est fourni avec :<br \/>\n<span style=\"color: #0000ff;\"><a style=\"color: #0000ff;\" href=\"https:\/\/ulpmat.com\/fr\/documents\/certificat-danalyse\/\"><u>Certificat d&rsquo;analyse (COA)<\/u><\/a><\/span><\/p>\n<p><span style=\"color: #0000ff;\"><a style=\"color: #0000ff;\" href=\"https:\/\/ulpmat.com\/fr\/documents\/fiche-technique\/\"><u>Fiche technique (TDS)<\/u><\/a><\/span><\/p>\n<p><span style=\"color: #0000ff;\"><a style=\"color: #0000ff;\" href=\"https:\/\/ulpmat.com\/fr\/documents\/fiche-de-donnees-de-securite\/\"><u>Fiche de donn\u00e9es de s\u00e9curit\u00e9 (MSDS)<\/u><\/a><\/span><br \/>\nRapports d&rsquo;essais effectu\u00e9s par des tiers disponibles sur demande<\/p>\n<h2><span style=\"font-size: 14pt;\">Pourquoi nous choisir ?<\/span><\/h2>\n<p>Nous nous concentrons sur la stabilit\u00e9 de l&rsquo;approvisionnement et la gestion de la qualit\u00e9 des carbures \u00e0 base de titane et des mat\u00e9riaux de phase MAX, en fournissant un soutien fiable pour la recherche et l&rsquo;application de la poudre de carbure de titane et d&rsquo;aluminium.<\/p>\n","protected":false},"excerpt":{"rendered":"<p>Poudre de carbure de titane et d&rsquo;aluminium Pr\u00e9sentation La poudre de carbure de titane et d&rsquo;aluminium est un mat\u00e9riau typique de la phase MAX, qui poss\u00e8de les propri\u00e9t\u00e9s combin\u00e9es des m\u00e9taux et des c\u00e9ramiques, telles qu&rsquo;une excellente conductivit\u00e9 \u00e9lectrique et une grande stabilit\u00e9 thermique. Ce mat\u00e9riau est largement utilis\u00e9 dans la recherche sur les c\u00e9ramiques [&hellip;]<\/p>\n","protected":false},"featured_media":44389,"template":"","meta":{"_acf_changed":false},"product_brand":[],"product_cat":[1202,710],"product_tag":[5828],"class_list":{"0":"post-44388","1":"product","2":"type-product","3":"status-publish","4":"has-post-thumbnail","6":"product_cat-les-precurseurs-mxene-materiaux-de-phase-max","7":"product_cat-materiaux-refractaires","8":"product_tag-poudre-de-carbure-de-titane-et-daluminium","10":"first","11":"instock","12":"shipping-taxable","13":"product-type-variable"},"acf":[],"_links":{"self":[{"href":"https:\/\/ulpmat.com\/fr\/wp-json\/wp\/v2\/product\/44388","targetHints":{"allow":["GET"]}}],"collection":[{"href":"https:\/\/ulpmat.com\/fr\/wp-json\/wp\/v2\/product"}],"about":[{"href":"https:\/\/ulpmat.com\/fr\/wp-json\/wp\/v2\/types\/product"}],"wp:featuredmedia":[{"embeddable":true,"href":"https:\/\/ulpmat.com\/fr\/wp-json\/wp\/v2\/media\/44389"}],"wp:attachment":[{"href":"https:\/\/ulpmat.com\/fr\/wp-json\/wp\/v2\/media?parent=44388"}],"wp:term":[{"taxonomy":"product_brand","embeddable":true,"href":"https:\/\/ulpmat.com\/fr\/wp-json\/wp\/v2\/product_brand?post=44388"},{"taxonomy":"product_cat","embeddable":true,"href":"https:\/\/ulpmat.com\/fr\/wp-json\/wp\/v2\/product_cat?post=44388"},{"taxonomy":"product_tag","embeddable":true,"href":"https:\/\/ulpmat.com\/fr\/wp-json\/wp\/v2\/product_tag?post=44388"}],"curies":[{"name":"wp","href":"https:\/\/api.w.org\/{rel}","templated":true}]}}