{"id":44352,"date":"2026-01-23T11:37:50","date_gmt":"2026-01-23T03:37:50","guid":{"rendered":"https:\/\/ulpmat.com\/product\/titane-carbure-daluminium\/"},"modified":"2026-01-23T11:37:50","modified_gmt":"2026-01-23T03:37:50","slug":"titane-carbure-daluminium","status":"publish","type":"product","link":"https:\/\/ulpmat.com\/fr\/produit\/titane-carbure-daluminium\/","title":{"rendered":"Titane Carbure d&rsquo;aluminium"},"content":{"rendered":"<h2><span style=\"font-size: 14pt;\">Poudre de carbure de titane et d&rsquo;aluminium Pr\u00e9sentation<\/span><\/h2>\n<p>La poudre<br \/>\n<span style=\"color: #0000ff;\"><a style=\"color: #0000ff;\" href=\"https:\/\/ulpmat.com\/fr\/recherche\/?type=name&#038;keyword=Titanium+aluminum+carbide\">de carbure de titane et d&rsquo;aluminium<\/a><\/span><br \/>\nest un mat\u00e9riau MAX (M\u2082AX) typique, qui poss\u00e8de les propri\u00e9t\u00e9s combin\u00e9es des m\u00e9taux et des c\u00e9ramiques, telles qu&rsquo;une excellente conductivit\u00e9 \u00e9lectrique et une grande stabilit\u00e9 thermique. Ce mat\u00e9riau est largement utilis\u00e9 dans la recherche sur les c\u00e9ramiques fonctionnelles, les mat\u00e9riaux composites et les mat\u00e9riaux avanc\u00e9s.<\/p>\n<p>Nous pouvons fournir de la poudre Ti2AlC avec une composition stable et une phase cristalline contr\u00f4lable pour la recherche et le d\u00e9veloppement de mat\u00e9riaux fonctionnels. Veuillez <span style=\"color: #0000ff;\"><a style=\"color: #0000ff;\" href=\"https:\/\/ulpmat.com\/fr\/contactez-nous\/\">nous contacter<\/a><\/span><br \/>\npour obtenir des \u00e9chantillons.<\/p>\n<h2><span style=\"font-size: 14pt;\">Points forts du produit<\/span><\/h2>\n<p>Mat\u00e9riau <span style=\"color: #0000ff;\"><a style=\"color: #0000ff;\" href=\"https:\/\/ulpmat.com\/fr\/product-category\/materiaux-de-premier-choix\/les-precurseurs-mxene-materiaux-de-phase-max\/\">MAX phase<\/a><\/span><br \/>\n(M\u2082AX) typique<br \/>\nPropri\u00e9t\u00e9s m\u00e9talliques et c\u00e9ramiques<br \/>\nExcellente conductivit\u00e9 \u00e9lectrique<br \/>\nExcellente stabilit\u00e9 thermique<br \/>\nStructure cristalline en couches<br \/>\nProcessabilit\u00e9 sup\u00e9rieure \u00e0 celle des c\u00e9ramiques traditionnelles<br \/>\nCoh\u00e9rence stable des lots<\/p>\n<h2><span style=\"font-size: 14pt;\">Applications de la poudre de carbure de titane<\/span><\/h2>\n<p><strong>et<\/strong><\/p>\n<h2><span style=\"font-size: 14pt;\">d&rsquo;aluminium<\/span><\/h2>\n<p><strong>Recherche sur<span style=\"color: #0000ff;\"><a style=\"color: #0000ff;\" href=\"https:\/\/ulpmat.com\/fr\/product-category\/materiaux-de-premier-choix\/les-precurseurs-mxene-materiaux-de-phase-max\/\"> la phase MAX<\/a><\/span> et les mat\u00e9riaux en couches :<\/strong><br \/>\nlargement utilis\u00e9 dans l&rsquo;\u00e9tude de la structure, des propri\u00e9t\u00e9s et de la stabilit\u00e9 de phase des mat\u00e9riaux en phase MAX ; c&rsquo;est une mati\u00e8re premi\u00e8re importante pour la recherche sur les c\u00e9ramiques en couches.<\/p>\n<p><strong>Mat\u00e9riaux composites fonctionnels :<\/strong><br \/>\nen tant que phase de renforcement ou charge fonctionnelle, il peut \u00eatre utilis\u00e9 pour pr\u00e9parer des syst\u00e8mes de mat\u00e9riaux composites pr\u00e9sentant une conductivit\u00e9 \u00e9lectrique, une r\u00e9sistance aux temp\u00e9ratures \u00e9lev\u00e9es ou une r\u00e9sistance aux chocs thermiques.<\/p>\n<p><strong>Recherche sur les mat\u00e9riaux structurels \u00e0 haute temp\u00e9rature :<\/strong><br \/>\nle Ti2AlC pr\u00e9sente une excellente stabilit\u00e9 structurelle \u00e0 haute temp\u00e9rature, ce qui le rend adapt\u00e9 \u00e0 la recherche fondamentale sur les mat\u00e9riaux destin\u00e9s \u00e0 une utilisation \u00e0 haute temp\u00e9rature.<\/p>\n<p><strong>Mat\u00e9riaux c\u00e9ramiques conducteurs :<\/strong><br \/>\nsa conductivit\u00e9 m\u00e9tallique rend la poudre de carbure de titane et d&rsquo;aluminium pr\u00e9cieuse pour le d\u00e9veloppement de c\u00e9ramiques conductrices et de mat\u00e9riaux fonctionnels connexes.<\/p>\n<p><strong>Science des mat\u00e9riaux et recherche fondamentale :<\/strong><br \/>\nlargement utilis\u00e9 dans les universit\u00e9s, les instituts de recherche et les laboratoires de mat\u00e9riaux avanc\u00e9s pour l&rsquo;exploration de nouveaux mat\u00e9riaux de phase MAX et de leurs d\u00e9riv\u00e9s.<\/p>\n<h2><span style=\"color: #0000ff;\"><a style=\"color: #0000ff;\" href=\"https:\/\/ulpmat.com\/fr\/societe\/faq\/\"><span style=\"font-size: 14pt;\">FAQ<\/span><\/a><\/span><\/h2>\n<p>Q1 : \u00c0 quelle cat\u00e9gorie de mat\u00e9riaux appartient le carbure de titane et d&rsquo;aluminium ?<br \/>\nA1 : Il appartient \u00e0 la cat\u00e9gorie des mat\u00e9riaux de phase MAX (M\u2082AX), poss\u00e9dant une structure en couches et combinant des propri\u00e9t\u00e9s m\u00e9talliques et c\u00e9ramiques.<\/p>\n<p>Q2 : Quels sont les avantages du Ti\u2082AlC par rapport aux mat\u00e9riaux c\u00e9ramiques traditionnels ?<br \/>\nA2 : Par rapport aux c\u00e9ramiques traditionnelles, le Ti\u2082AlC conserve une stabilit\u00e9 \u00e0 haute temp\u00e9rature tout en pr\u00e9sentant une meilleure conductivit\u00e9, une meilleure r\u00e9sistance aux chocs thermiques et une meilleure aptitude au traitement.<\/p>\n<p>Q3 : La poudre de Ti\u2082AlC est-elle principalement utilis\u00e9e pour la recherche ou pour des applications industrielles ?<br \/>\nR3 : Actuellement, elle est principalement utilis\u00e9e dans la recherche scientifique et le d\u00e9veloppement de mat\u00e9riaux, tandis que son potentiel d&rsquo;application industrielle dans les mat\u00e9riaux d&rsquo;ing\u00e9nierie avanc\u00e9s est \u00e9galement \u00e0 l&rsquo;\u00e9tude.<\/p>\n<p>Q4 : La poudre de carbure de titane et d&rsquo;aluminium convient-elle aux applications \u00e0 haute temp\u00e9rature ?<br \/>\nR4 : Le Ti\u2082AlC a une structure stable dans des conditions de haute temp\u00e9rature et convient \u00e0 la recherche sur les propri\u00e9t\u00e9s des mat\u00e9riaux li\u00e9s \u00e0 la haute temp\u00e9rature.<\/p>\n<h2><span style=\"font-size: 14pt;\">Rapports<\/span><\/h2>\n<p>Chaque lot est fourni avec :<br \/>\n<span style=\"color: #0000ff;\"><a style=\"color: #0000ff;\" href=\"https:\/\/ulpmat.com\/fr\/documents\/certificat-danalyse\/\"><u>Certificat d&rsquo;analyse (COA)<\/u><\/a><\/span><\/p>\n<p><span style=\"color: #0000ff;\"><a style=\"color: #0000ff;\" href=\"https:\/\/ulpmat.com\/fr\/documents\/fiche-technique\/\"><u>Fiche technique (TDS)<\/u><\/a><\/span><\/p>\n<p><span style=\"color: #0000ff;\"><a style=\"color: #0000ff;\" href=\"https:\/\/ulpmat.com\/fr\/documents\/fiche-de-donnees-de-securite\/\"><u>Fiche de donn\u00e9es de s\u00e9curit\u00e9 (MSDS)<\/u><\/a><\/span><br \/>\nRapports d&rsquo;essais effectu\u00e9s par des tiers disponibles sur demande<\/p>\n<h2><span style=\"font-size: 14pt;\">Pourquoi nous choisir ?<\/span><\/h2>\n<p>Nous nous concentrons sur la stabilit\u00e9 de l&rsquo;approvisionnement et la gestion de la qualit\u00e9 des mat\u00e9riaux en poudre \u00e0 base de carbure de titane et de phase MAX, en fournissant un soutien fiable pour la recherche et le d\u00e9veloppement d&rsquo;applications de la poudre Ti\u2082AlC.<\/p>\n","protected":false},"excerpt":{"rendered":"<p>Poudre de carbure de titane et d&rsquo;aluminium Pr\u00e9sentation La poudre de carbure de titane et d&rsquo;aluminium est un mat\u00e9riau MAX (M\u2082AX) typique, qui poss\u00e8de les propri\u00e9t\u00e9s combin\u00e9es des m\u00e9taux et des c\u00e9ramiques, telles qu&rsquo;une excellente conductivit\u00e9 \u00e9lectrique et une grande stabilit\u00e9 thermique. Ce mat\u00e9riau est largement utilis\u00e9 dans la recherche sur les c\u00e9ramiques fonctionnelles, les [&hellip;]<\/p>\n","protected":false},"featured_media":44353,"template":"","meta":{"_acf_changed":false},"product_brand":[],"product_cat":[1202,710],"product_tag":[5828],"class_list":{"0":"post-44352","1":"product","2":"type-product","3":"status-publish","4":"has-post-thumbnail","6":"product_cat-les-precurseurs-mxene-materiaux-de-phase-max","7":"product_cat-materiaux-refractaires","8":"product_tag-poudre-de-carbure-de-titane-et-daluminium","10":"first","11":"instock","12":"shipping-taxable","13":"product-type-variable"},"acf":[],"_links":{"self":[{"href":"https:\/\/ulpmat.com\/fr\/wp-json\/wp\/v2\/product\/44352","targetHints":{"allow":["GET"]}}],"collection":[{"href":"https:\/\/ulpmat.com\/fr\/wp-json\/wp\/v2\/product"}],"about":[{"href":"https:\/\/ulpmat.com\/fr\/wp-json\/wp\/v2\/types\/product"}],"wp:featuredmedia":[{"embeddable":true,"href":"https:\/\/ulpmat.com\/fr\/wp-json\/wp\/v2\/media\/44353"}],"wp:attachment":[{"href":"https:\/\/ulpmat.com\/fr\/wp-json\/wp\/v2\/media?parent=44352"}],"wp:term":[{"taxonomy":"product_brand","embeddable":true,"href":"https:\/\/ulpmat.com\/fr\/wp-json\/wp\/v2\/product_brand?post=44352"},{"taxonomy":"product_cat","embeddable":true,"href":"https:\/\/ulpmat.com\/fr\/wp-json\/wp\/v2\/product_cat?post=44352"},{"taxonomy":"product_tag","embeddable":true,"href":"https:\/\/ulpmat.com\/fr\/wp-json\/wp\/v2\/product_tag?post=44352"}],"curies":[{"name":"wp","href":"https:\/\/api.w.org\/{rel}","templated":true}]}}