{"id":43902,"date":"2026-01-23T13:24:21","date_gmt":"2026-01-23T05:24:21","guid":{"rendered":"https:\/\/ulpmat.com\/product\/borure-de-titane\/"},"modified":"2026-01-23T13:24:21","modified_gmt":"2026-01-23T05:24:21","slug":"borure-de-titane","status":"publish","type":"product","link":"https:\/\/ulpmat.com\/fr\/produit\/borure-de-titane\/","title":{"rendered":"Borure de titane"},"content":{"rendered":"<h2><span style=\"font-size: 14pt;\">Cible de pulv\u00e9risation en borure de titane Pr\u00e9sentation<\/span><\/h2>\n<p>La cible de pulv\u00e9risation<br \/>\n<span style=\"color: #0000ff;\"><a style=\"color: #0000ff;\" href=\"https:\/\/ulpmat.com\/fr\/recherche\/?type=name&#038;keyword=Titanium+boride\">en borure de titane<\/a><\/span><br \/>\nest une cible de pulv\u00e9risation c\u00e9ramique \u00e0 haute duret\u00e9 et \u00e0 point de fusion \u00e9lev\u00e9, dot\u00e9e d&rsquo;une excellente conductivit\u00e9 \u00e9lectrique et d&rsquo;une grande stabilit\u00e9 chimique. Elle est largement utilis\u00e9e dans le d\u00e9veloppement de rev\u00eatements \u00e0 haute duret\u00e9, de films c\u00e9ramiques conducteurs, de films minces fonctionnels et de mat\u00e9riaux scientifiques en film mince.<\/p>\n<p>Nous proposons des cibles de pulv\u00e9risation TiB\u2082 \u00e0 composition uniforme et structure dense, adapt\u00e9es aux syst\u00e8mes de pulv\u00e9risation magn\u00e9tron CC ou RF. Veuillez <span style=\"color: #0000ff;\"><a style=\"color: #0000ff;\" href=\"https:\/\/ulpmat.com\/fr\/contactez-nous\/\">nous contacter<\/a><\/span><br \/>\npour obtenir des sp\u00e9cifications d\u00e9taill\u00e9es et des informations techniques.<\/p>\n<h2><span style=\"font-size: 14pt;\">Points forts du produit<\/span><\/h2>\n<p>Cible c\u00e9ramique \u00e0 haute duret\u00e9 et \u00e0 point de fusion \u00e9lev\u00e9<br \/>\nBonne conductivit\u00e9 \u00e9lectrique, d\u00e9p\u00f4t de film mince stable<br \/>\nR\u00e9sistance aux temp\u00e9ratures \u00e9lev\u00e9es et \u00e0 la corrosion, forte stabilit\u00e9 thermique<br \/>\nConvient au d\u00e9p\u00f4t \u00e0 haute temp\u00e9rature, sous vide et en atmosph\u00e8re inerte<br \/>\nGrande coh\u00e9rence des lots Tailles et formes<br \/>\n<span style=\"color: #0000ff;\"><a style=\"color: #0000ff;\" href=\"https:\/\/ulpmat.com\/fr\/service\/personnalisation\/\">personnalisables<\/a><\/span><\/p>\n<p>Convient \u00e0 la pr\u00e9paration de films minces scientifiques et industriels<\/p>\n<h2><span style=\"font-size: 14pt;\">Applications de la cible de pulv\u00e9risation en diborure de titane<\/span><\/h2>\n<p><strong>Rev\u00eatements \u00e0 haute duret\u00e9 et r\u00e9sistants \u00e0 l&rsquo;usure :<\/strong><br \/>\npeut \u00eatre utilis\u00e9 pour pr\u00e9parer des rev\u00eatements r\u00e9sistants \u00e0 l&rsquo;usure et \u00e0 haute duret\u00e9, largement utilis\u00e9s sur les surfaces des outils de coupe, des moules et des \u00e9quipements industriels.<br \/>\n<strong>Films c\u00e9ramiques conducteurs et films composites :<\/strong><br \/>\ngr\u00e2ce \u00e0 sa conductivit\u00e9 et \u00e0 sa stabilit\u00e9 chimique, le TiB2 peut \u00eatre utilis\u00e9 pour pr\u00e9parer des films composites m\u00e9tal-c\u00e9ramique et des films c\u00e9ramiques conducteurs pour les appareils \u00e9lectroniques et les mat\u00e9riaux fonctionnels.<br \/>\n<strong>Recherche et d\u00e9veloppement de films minces :<\/strong><br \/>\napplicable \u00e0 la recherche sur les films minces fonctionnels TiB2, au d\u00e9veloppement de nouveaux rev\u00eatements \u00e0 haute duret\u00e9 et aux tests de performance des films.<br \/>\n<strong>Rev\u00eatements r\u00e9sistants \u00e0 la corrosion \u00e0 haute temp\u00e9rature :<\/strong><br \/>\nles films TiB2 pr\u00e9sentent une stabilit\u00e9 dans les environnements \u00e0 haute temp\u00e9rature et corrosifs, ce qui les rend adapt\u00e9s aux rev\u00eatements protecteurs et aux appareils \u00e9lectroniques \u00e0 haute temp\u00e9rature.<\/p>\n<h2><span style=\"color: #0000ff;\"><a style=\"color: #0000ff;\" href=\"https:\/\/ulpmat.com\/fr\/societe\/faq\/\"><span style=\"font-size: 14pt;\">FAQ<\/span><\/a><\/span><\/h2>\n<p>Q1 : Quelle m\u00e9thode de pulv\u00e9risation convient aux cibles TiB2 ?<br \/>\nA1 : Convient \u00e0 la pulv\u00e9risation magn\u00e9tron DC et \u00e0 la pulv\u00e9risation magn\u00e9tron RF. Il pr\u00e9sente une bonne conductivit\u00e9 et s&rsquo;adapte \u00e0 divers proc\u00e9d\u00e9s PVD.<\/p>\n<p>Q2 : La composition des cibles TiB2 est-elle stable pendant le pulv\u00e9risation ?<br \/>\nR2 : Dans des conditions de processus appropri\u00e9es, la cible conserve une composition chimique stable, ce qui se traduit par une bonne r\u00e9p\u00e9tabilit\u00e9 et une bonne coh\u00e9rence du film.<\/p>\n<p>Q3 : Les cibles TiB2 conviennent-elles au d\u00e9p\u00f4t \u00e0 haute temp\u00e9rature ?<br \/>\nR3 : Oui, cette cible pr\u00e9sente une excellente stabilit\u00e9 thermique et une excellente r\u00e9sistance aux chocs thermiques, ce qui la rend adapt\u00e9e au d\u00e9p\u00f4t de films minces \u00e0 haute temp\u00e9rature.<\/p>\n<p>Q4 : Quelles sont les principales applications des cibles de pulv\u00e9risation TiB2 ?<br \/>\nA4 : Elles sont principalement utilis\u00e9es dans le d\u00e9veloppement de rev\u00eatements r\u00e9sistants \u00e0 l&rsquo;usure, de films c\u00e9ramiques conducteurs, de films fonctionnels et de mat\u00e9riaux de recherche scientifique pour films minces.<\/p>\n<h2><span style=\"font-size: 14pt;\">Rapport<\/span><\/h2>\n<p>Chaque lot est fourni avec :<br \/>\n<span style=\"color: #0000ff;\"><a style=\"color: #0000ff;\" href=\"https:\/\/ulpmat.com\/fr\/documents\/certificat-danalyse\/\"><u>Certificat d&rsquo;analyse (COA)<\/u><\/a><\/span><\/p>\n<p><span style=\"color: #0000ff;\"><a style=\"color: #0000ff;\" href=\"https:\/\/ulpmat.com\/fr\/documents\/fiche-technique\/\"><u>Fiche technique (TDS)<\/u><\/a><\/span><\/p>\n<p><span style=\"color: #0000ff;\"><a style=\"color: #0000ff;\" href=\"https:\/\/ulpmat.com\/fr\/documents\/fiche-de-donnees-de-securite\/\"><u>Fiche de donn\u00e9es de s\u00e9curit\u00e9 (MSDS)<\/u><\/a><\/span><br \/>\nRapport d&rsquo;inspection des dimensions<br \/>\nRapports d&rsquo;essais par des tiers disponibles sur demande<\/p>\n<h2><span style=\"font-size: 14pt;\">Pourquoi nous choisir ?<\/span><\/h2>\n<p>Nous nous concentrons sur la recherche et la fourniture de cibles de pulv\u00e9risation c\u00e9ramiques haute performance, en veillant \u00e0 ce que les cibles de pulv\u00e9risation TiB2 r\u00e9pondent aux normes scientifiques et industrielles en termes de structure des mat\u00e9riaux, de densification et de compatibilit\u00e9 de pulv\u00e9risation, offrant ainsi une garantie fiable pour la pr\u00e9paration de films minces fonctionnels et de rev\u00eatements \u00e0 haute duret\u00e9.<\/p>\n","protected":false},"excerpt":{"rendered":"<p>Cible de pulv\u00e9risation en borure de titane Pr\u00e9sentation La cible de pulv\u00e9risation en borure de titane est une cible de pulv\u00e9risation c\u00e9ramique \u00e0 haute duret\u00e9 et \u00e0 point de fusion \u00e9lev\u00e9, dot\u00e9e d&rsquo;une excellente conductivit\u00e9 \u00e9lectrique et d&rsquo;une grande stabilit\u00e9 chimique. Elle est largement utilis\u00e9e dans le d\u00e9veloppement de rev\u00eatements \u00e0 haute duret\u00e9, de films [&hellip;]<\/p>\n","protected":false},"featured_media":43903,"template":"","meta":{"_acf_changed":false},"product_brand":[],"product_cat":[449],"product_tag":[5750],"class_list":{"0":"post-43902","1":"product","2":"type-product","3":"status-publish","4":"has-post-thumbnail","6":"product_cat-cible-de-pulverisation-ceramique","7":"product_tag-cible-de-pulverisation-cathodique-en-borure-de-titane","9":"first","10":"instock","11":"shipping-taxable","12":"product-type-variable"},"acf":[],"_links":{"self":[{"href":"https:\/\/ulpmat.com\/fr\/wp-json\/wp\/v2\/product\/43902","targetHints":{"allow":["GET"]}}],"collection":[{"href":"https:\/\/ulpmat.com\/fr\/wp-json\/wp\/v2\/product"}],"about":[{"href":"https:\/\/ulpmat.com\/fr\/wp-json\/wp\/v2\/types\/product"}],"wp:featuredmedia":[{"embeddable":true,"href":"https:\/\/ulpmat.com\/fr\/wp-json\/wp\/v2\/media\/43903"}],"wp:attachment":[{"href":"https:\/\/ulpmat.com\/fr\/wp-json\/wp\/v2\/media?parent=43902"}],"wp:term":[{"taxonomy":"product_brand","embeddable":true,"href":"https:\/\/ulpmat.com\/fr\/wp-json\/wp\/v2\/product_brand?post=43902"},{"taxonomy":"product_cat","embeddable":true,"href":"https:\/\/ulpmat.com\/fr\/wp-json\/wp\/v2\/product_cat?post=43902"},{"taxonomy":"product_tag","embeddable":true,"href":"https:\/\/ulpmat.com\/fr\/wp-json\/wp\/v2\/product_tag?post=43902"}],"curies":[{"name":"wp","href":"https:\/\/api.w.org\/{rel}","templated":true}]}}