{"id":43812,"date":"2026-01-23T13:24:23","date_gmt":"2026-01-23T05:24:23","guid":{"rendered":"https:\/\/ulpmat.com\/product\/carbure-de-titane\/"},"modified":"2026-01-23T13:24:23","modified_gmt":"2026-01-23T05:24:23","slug":"carbure-de-titane","status":"publish","type":"product","link":"https:\/\/ulpmat.com\/fr\/produit\/carbure-de-titane\/","title":{"rendered":"Carbure de titane"},"content":{"rendered":"<h2><span style=\"font-size: 14pt;\">Cibles de pulv\u00e9risation en carbure de titane &#8211; Pr\u00e9sentation<\/span><\/h2>\n<p>Les cibles de pulv\u00e9risation<br \/>\n<span style=\"color: #0000ff;\"><a style=\"color: #0000ff;\" href=\"https:\/\/ulpmat.com\/fr\/recherche\/?type=name&#038;keyword=Titanium+carbide\">en carbure de titane<\/a><\/span><br \/>\nsont des cibles c\u00e9ramiques avanc\u00e9es pr\u00e9sentant une duret\u00e9 et un point de fusion \u00e9lev\u00e9s, ainsi qu&rsquo;une excellente r\u00e9sistance \u00e0 l&rsquo;usure, une grande stabilit\u00e9 chimique et une bonne conductivit\u00e9 \u00e9lectrique. Elles conviennent \u00e0 divers proc\u00e9d\u00e9s de d\u00e9p\u00f4t physique en phase vapeur (PVD). Ces cibles sont largement utilis\u00e9es dans la pr\u00e9paration de films minces r\u00e9sistants \u00e0 l&rsquo;usure, de rev\u00eatements fonctionnels et de films minces stables \u00e0 haute temp\u00e9rature.<\/p>\n<p>Nous pouvons fournir des cibles de pulv\u00e9risation en carbure de titane de composition uniforme et de structure dense, adapt\u00e9es aux syst\u00e8mes de pulv\u00e9risation magn\u00e9tron DC ou RF. Pour des tailles, des formes ou des solutions <span style=\"color: #0000ff;\"><a style=\"color: #0000ff;\" href=\"https:\/\/ulpmat.com\/fr\/service\/collage-des-cibles\/\">de liaison<\/a><\/span><br \/>\npersonnalis\u00e9es, veuillez <span style=\"color: #0000ff;\"><a style=\"color: #0000ff;\" href=\"https:\/\/ulpmat.com\/fr\/contactez-nous\/\">nous contacter<\/a><\/span><br \/>\npour obtenir <span style=\"color: #0000ff;\"><a style=\"color: #0000ff;\" href=\"https:\/\/ulpmat.com\/fr\/service\/support-technique\/\">une assistance technique<\/a><\/span><br \/>\net des conseils d&rsquo;application.<\/p>\n<h2><span style=\"font-size: 14pt;\">Points forts du produit<\/span><\/h2>\n<p>Point de fusion \u00e9lev\u00e9, adapt\u00e9 aux conditions de pulv\u00e9risation \u00e0 haute puissance et \u00e0 haute temp\u00e9rature<br \/>\nDuret\u00e9 \u00e9lev\u00e9e, permettant d&rsquo;obtenir des films minces avec une excellente r\u00e9sistance \u00e0 l&rsquo;usure<br \/>\nBonne stabilit\u00e9 chimique et r\u00e9sistance \u00e0 la corrosion<br \/>\nPoss\u00e8de une certaine conductivit\u00e9 \u00e9lectrique, adapt\u00e9 \u00e0 divers modes de pulv\u00e9risation<br \/>\nComposition stable, b\u00e9n\u00e9fique pour une composition constante du film mince<\/p>\n<h2><span style=\"font-size: 14pt;\">Applications des cibles de pulv\u00e9risation en carbure de titane<\/span><\/h2>\n<p><strong>Rev\u00eatements r\u00e9sistants \u00e0 l&rsquo;usure et protecteurs :<\/strong><br \/>\nCouramment utilis\u00e9s pour pr\u00e9parer des rev\u00eatements protecteurs \u00e0 haute duret\u00e9 et faible usure, adapt\u00e9s aux surfaces des outils de coupe, des moules et des pi\u00e8ces m\u00e9caniques.<br \/>\n<strong>Films minces fonctionnels et rev\u00eatements techniques :<\/strong><br \/>\nDans les domaines de la micro\u00e9lectronique, des capteurs et des dispositifs fonctionnels, les films minces en carbure de titane offrent une excellente stabilit\u00e9 structurelle et un support fonctionnel.<br \/>\n<strong>Films minces pour temp\u00e9ratures \u00e9lev\u00e9es et environnements extr\u00eames :<\/strong><br \/>\nConvient \u00e0 la recherche et \u00e0 l&rsquo;application de mat\u00e9riaux en film mince utilis\u00e9s dans des environnements \u00e0 haute temp\u00e9rature ou corrosifs.<br \/>\n<strong>Recherche scientifique et d\u00e9veloppement de mat\u00e9riaux :<\/strong><br \/>\nLargement utilis\u00e9 dans le d\u00e9veloppement de mat\u00e9riaux en film mince et l&rsquo;optimisation des processus dans les universit\u00e9s, les instituts de recherche et les laboratoires.<\/p>\n<h2><span style=\"font-size: 14pt;\"><a href=\"https:\/\/ulpmat.com\/fr\/societe\/faq\/\"><span style=\"color: #0000ff;\">FAQ<\/span><\/a><\/span><\/h2>\n<p>Q1 : \u00c0 quels proc\u00e9d\u00e9s de pulv\u00e9risation les cibles de pulv\u00e9risation en carbure de titane sont-elles principalement utilis\u00e9es ?<br \/>\nR1 : Elles sont couramment utilis\u00e9es dans les proc\u00e9d\u00e9s de pulv\u00e9risation magn\u00e9tron \u00e0 courant continu et de pulv\u00e9risation magn\u00e9tron \u00e0 radiofr\u00e9quence, en fonction de la configuration de l&rsquo;\u00e9quipement et des exigences du proc\u00e9d\u00e9.<\/p>\n<p>Q2 : Quels types de films minces peuvent \u00eatre d\u00e9pos\u00e9s \u00e0 l&rsquo;aide de cibles en carbure de titane ?<br \/>\nR2 : Elles sont principalement utilis\u00e9es pour le d\u00e9p\u00f4t de films minces r\u00e9sistants \u00e0 l&rsquo;usure, de rev\u00eatements protecteurs et de films minces fonctionnels pr\u00e9sentant une stabilit\u00e9 \u00e0 haute temp\u00e9rature.<\/p>\n<p>Q3 : Quelles sont les propri\u00e9t\u00e9s typiques des films minces en carbure de titane ?<br \/>\nR3 : Ils pr\u00e9sentent g\u00e9n\u00e9ralement une duret\u00e9 \u00e9lev\u00e9e, une bonne r\u00e9sistance \u00e0 l&rsquo;usure, une stabilit\u00e9 chimique et une stabilit\u00e9 structurelle dans des conditions de temp\u00e9rature \u00e9lev\u00e9e.<\/p>\n<p>Q4 : Les cibles de pulv\u00e9risation en carbure de titane sont-elles adapt\u00e9es \u00e0 la pulv\u00e9risation \u00e0 haute puissance ?<br \/>\nR4 : En raison de leur point de fusion \u00e9lev\u00e9 et de leur bonne stabilit\u00e9 thermique, les cibles en carbure de titane sont adapt\u00e9es aux applications de pulv\u00e9risation \u00e0 haute densit\u00e9 de puissance.<\/p>\n<h2><span style=\"font-size: 14pt;\">Rapport<\/span><\/h2>\n<p>Chaque lot est fourni avec :<br \/>\n<span style=\"color: #0000ff;\"><a style=\"color: #0000ff;\" href=\"https:\/\/ulpmat.com\/fr\/documents\/certificat-danalyse\/\"><u>Certificat d&rsquo;analyse (COA)<\/u><\/a><\/span><\/p>\n<p><span style=\"color: #0000ff;\"><a style=\"color: #0000ff;\" href=\"https:\/\/ulpmat.com\/fr\/documents\/fiche-technique\/\"><u>Fiche technique (TDS)<\/u><\/a><\/span><\/p>\n<p><span style=\"color: #0000ff;\"><a style=\"color: #0000ff;\" href=\"https:\/\/ulpmat.com\/fr\/documents\/fiche-de-donnees-de-securite\/\"><u>Fiche de donn\u00e9es de s\u00e9curit\u00e9 (MSDS)<\/u><\/a><\/span><br \/>\nRapport d&rsquo;inspection dimensionnelle<br \/>\nRapports d&rsquo;essais effectu\u00e9s par des tiers disponibles sur demande<\/p>\n<h2><span style=\"font-size: 14pt;\">Pourquoi nous choisir ?<\/span><\/h2>\n<p>Nous sommes sp\u00e9cialis\u00e9s dans les cibles de pulv\u00e9risation et les mat\u00e9riaux inorganiques avanc\u00e9s, en mettant l&rsquo;accent sur la densit\u00e9 des cibles, l&rsquo;uniformit\u00e9 de la composition et la compatibilit\u00e9 des applications. Nous pouvons fournir des solutions mat\u00e9rielles stables et fiables pour vos processus de d\u00e9p\u00f4t de films minces.<\/p>\n","protected":false},"excerpt":{"rendered":"<p>Cibles de pulv\u00e9risation en carbure de titane &#8211; Pr\u00e9sentation Les cibles de pulv\u00e9risation en carbure de titane sont des cibles c\u00e9ramiques avanc\u00e9es pr\u00e9sentant une duret\u00e9 et un point de fusion \u00e9lev\u00e9s, ainsi qu&rsquo;une excellente r\u00e9sistance \u00e0 l&rsquo;usure, une grande stabilit\u00e9 chimique et une bonne conductivit\u00e9 \u00e9lectrique. Elles conviennent \u00e0 divers proc\u00e9d\u00e9s de d\u00e9p\u00f4t physique en [&hellip;]<\/p>\n","protected":false},"featured_media":43813,"template":"","meta":{"_acf_changed":false},"product_brand":[],"product_cat":[449],"product_tag":[5732],"class_list":{"0":"post-43812","1":"product","2":"type-product","3":"status-publish","4":"has-post-thumbnail","6":"product_cat-cible-de-pulverisation-ceramique","7":"product_tag-cible-de-pulverisation-en-carbure-de-titane","9":"first","10":"instock","11":"shipping-taxable","12":"product-type-variable"},"acf":[],"_links":{"self":[{"href":"https:\/\/ulpmat.com\/fr\/wp-json\/wp\/v2\/product\/43812","targetHints":{"allow":["GET"]}}],"collection":[{"href":"https:\/\/ulpmat.com\/fr\/wp-json\/wp\/v2\/product"}],"about":[{"href":"https:\/\/ulpmat.com\/fr\/wp-json\/wp\/v2\/types\/product"}],"wp:featuredmedia":[{"embeddable":true,"href":"https:\/\/ulpmat.com\/fr\/wp-json\/wp\/v2\/media\/43813"}],"wp:attachment":[{"href":"https:\/\/ulpmat.com\/fr\/wp-json\/wp\/v2\/media?parent=43812"}],"wp:term":[{"taxonomy":"product_brand","embeddable":true,"href":"https:\/\/ulpmat.com\/fr\/wp-json\/wp\/v2\/product_brand?post=43812"},{"taxonomy":"product_cat","embeddable":true,"href":"https:\/\/ulpmat.com\/fr\/wp-json\/wp\/v2\/product_cat?post=43812"},{"taxonomy":"product_tag","embeddable":true,"href":"https:\/\/ulpmat.com\/fr\/wp-json\/wp\/v2\/product_tag?post=43812"}],"curies":[{"name":"wp","href":"https:\/\/api.w.org\/{rel}","templated":true}]}}