{"id":43764,"date":"2026-01-23T13:24:24","date_gmt":"2026-01-23T05:24:24","guid":{"rendered":"https:\/\/ulpmat.com\/product\/carbonitrure-de-titane\/"},"modified":"2026-01-23T13:24:24","modified_gmt":"2026-01-23T05:24:24","slug":"carbonitrure-de-titane","status":"publish","type":"product","link":"https:\/\/ulpmat.com\/fr\/produit\/carbonitrure-de-titane\/","title":{"rendered":"Carbonitrure de titane"},"content":{"rendered":"<h2><span style=\"font-size: 14pt;\">Cibles de pulv\u00e9risation en carbonitrure de titane &#8211; Pr\u00e9sentation<\/span><\/h2>\n<p>Les cibles de pulv\u00e9risation<br \/>\n<span style=\"color: #0000ff;\"><a style=\"color: #0000ff;\" href=\"https:\/\/ulpmat.com\/fr\/recherche\/?type=name&#038;keyword=Titanium+Carbonitride\">en carbonitrure de titane<\/a><\/span><br \/>\nsont compos\u00e9es de carbure de titane et de nitrure de titane, combinant la duret\u00e9 \u00e9lev\u00e9e, la r\u00e9sistance \u00e0 l&rsquo;usure et l&rsquo;excellente stabilit\u00e9 thermique de ces deux mat\u00e9riaux c\u00e9ramiques. Gr\u00e2ce \u00e0 la conception d&rsquo;un syst\u00e8me composite, cette cible pr\u00e9sente des performances plus \u00e9quilibr\u00e9es en termes de densit\u00e9 du film, de propri\u00e9t\u00e9s m\u00e9caniques et de stabilit\u00e9 de service. Elle est largement utilis\u00e9e dans la pr\u00e9paration de rev\u00eatements r\u00e9sistants \u00e0 l&rsquo;usure, de films minces fonctionnels et de rev\u00eatements techniques hautement exigeants.<\/p>\n<p>Nous pouvons fournir des cibles de pulv\u00e9risation TiC-TiN denses et uniform\u00e9ment r\u00e9parties, adapt\u00e9es aux syst\u00e8mes de pulv\u00e9risation magn\u00e9tron DC ou RF. Nous pouvons \u00e9galement fournir des produits cibles de diff\u00e9rentes tailles, formes et sch\u00e9mas <span style=\"color: #0000ff;\"><a style=\"color: #0000ff;\" href=\"https:\/\/ulpmat.com\/fr\/service\/collage-des-cibles\/\">de liaison<\/a><\/span><br \/>\nen fonction des exigences de l&rsquo;\u00e9quipement, pour soutenir \u00e0 la fois la recherche et les applications industrielles.<\/p>\n<h2><span style=\"font-size: 14pt;\">Points forts du produit<\/span><\/h2>\n<p>Combine la duret\u00e9 \u00e9lev\u00e9e et la r\u00e9sistance \u00e0 l&rsquo;usure du TiC et du TiN<br \/>\nBonne stabilit\u00e9 \u00e0 haute temp\u00e9rature, adapt\u00e9e aux applications de pulv\u00e9risation de puissance moyenne \u00e0 \u00e9lev\u00e9e<br \/>\nPropri\u00e9t\u00e9s m\u00e9caniques et stabilit\u00e9 structurelle \u00e9quilibr\u00e9es du film mince<br \/>\nLa conception composite de la composition contribue \u00e0 am\u00e9liorer les performances globales du film mince<br \/>\nConvient \u00e0 divers proc\u00e9d\u00e9s de d\u00e9p\u00f4t de films minces par PVD<\/p>\n<h2><span style=\"font-size: 14pt;\">Applications des cibles de pulv\u00e9risation en carbonitrure de titane<\/span><\/h2>\n<p><strong>Rev\u00eatements r\u00e9sistants \u00e0 l&rsquo;usure et protecteurs :<\/strong><br \/>\ncouramment utilis\u00e9s pour pr\u00e9parer des rev\u00eatements r\u00e9sistants \u00e0 l&rsquo;usure, \u00e0 haute duret\u00e9 et \u00e0 faible coefficient de frottement, adapt\u00e9s aux surfaces des outils de coupe, des moules et des pi\u00e8ces m\u00e9caniques.<br \/>\n<strong>Films minces fonctionnels et techniques :<\/strong><br \/>\ndans les rev\u00eatements fonctionnels et les applications techniques, cette cible peut \u00eatre utilis\u00e9e pour obtenir des structures de films minces composites qui \u00e9quilibrent duret\u00e9 et stabilit\u00e9.<br \/>\n<strong>Films minces pour environnements \u00e0 haute temp\u00e9rature et difficiles :<\/strong><br \/>\nconvient \u00e0 la recherche et \u00e0 l&rsquo;application de mat\u00e9riaux en film mince utilis\u00e9s dans des conditions de service \u00e0 haute temp\u00e9rature, de frottement ou complexes.<br \/>\n<strong>Recherche scientifique et d\u00e9veloppement de proc\u00e9d\u00e9s :<\/strong><br \/>\nlargement utilis\u00e9 dans les universit\u00e9s, les instituts de recherche et les laboratoires pour optimiser les nouveaux mat\u00e9riaux composites en couches minces et les param\u00e8tres du proc\u00e9d\u00e9 de pulv\u00e9risation.<\/p>\n<h2><span style=\"color: #0000ff; font-size: 14pt;\"><a style=\"color: #0000ff;\" href=\"https:\/\/ulpmat.com\/fr\/societe\/faq\/\">FAQ<\/a><\/span><\/h2>\n<p>Q1 : \u00c0 quelles m\u00e9thodes de pulv\u00e9risation la cible de pulv\u00e9risation en carbonitrure de titane est-elle adapt\u00e9e ?<br \/>\nA1 : Cette cible peut g\u00e9n\u00e9ralement \u00eatre utilis\u00e9e pour la pulv\u00e9risation magn\u00e9tron \u00e0 courant continu ou la pulv\u00e9risation magn\u00e9tron \u00e0 radiofr\u00e9quence, en fonction de la configuration de l&rsquo;\u00e9quipement et des exigences du proc\u00e9d\u00e9.<\/p>\n<p>Q2 : Quelles propri\u00e9t\u00e9s de film mince peut-on obtenir \u00e0 l&rsquo;aide de cibles en carbonitrure de titane ?<br \/>\nR2 : Les films minces d\u00e9pos\u00e9s pr\u00e9sentent g\u00e9n\u00e9ralement une duret\u00e9 \u00e9lev\u00e9e, une bonne r\u00e9sistance \u00e0 l&rsquo;usure et des propri\u00e9t\u00e9s structurelles stables.<\/p>\n<p>Q3 : Les cibles de pulv\u00e9risation en carbonitrure de titane conviennent-elles \u00e0 la pulv\u00e9risation \u00e0 haute puissance ?<br \/>\nR3 : En raison de sa bonne stabilit\u00e9 thermique et de sa structure dense, elle convient aux processus de pulv\u00e9risation \u00e0 haute densit\u00e9 de puissance dans des conditions de processus appropri\u00e9es.<\/p>\n<p>Q4 : L&rsquo;utilisation de cibles composites pendant la pulv\u00e9risation contribue-t-elle \u00e0 la stabilit\u00e9 de la composition du film ?<br \/>\nA4 : Sous r\u00e9serve d&rsquo;une qualit\u00e9 stable des cibles et d&rsquo;un contr\u00f4le des param\u00e8tres de processus, les cibles composites permettent d&rsquo;obtenir des films minces composites de composition relativement uniforme.<\/p>\n<h2><span style=\"font-size: 14pt;\">Rapport<\/span><\/h2>\n<p>Chaque lot est fourni avec :<br \/>\n<span style=\"color: #0000ff;\"><a style=\"color: #0000ff;\" href=\"https:\/\/ulpmat.com\/fr\/documents\/certificat-danalyse\/\"><u>Certificat d&rsquo;analyse (COA)<\/u><\/a><\/span><\/p>\n<p><span style=\"color: #0000ff;\"><a style=\"color: #0000ff;\" href=\"https:\/\/ulpmat.com\/fr\/documents\/fiche-technique\/\"><u>Fiche technique (TDS)<\/u><\/a><\/span><\/p>\n<p><span style=\"color: #0000ff;\"><a style=\"color: #0000ff;\" href=\"https:\/\/ulpmat.com\/fr\/documents\/fiche-de-donnees-de-securite\/\"><u>Fiche de donn\u00e9es de s\u00e9curit\u00e9 (MSDS)<\/u><\/a><\/span><br \/>\nRapport d&rsquo;inspection des dimensions<br \/>\nRapports d&rsquo;essais effectu\u00e9s par des tiers disponibles sur demande<\/p>\n<h2><span style=\"font-size: 14pt;\">Pourquoi nous choisir ?<\/span><\/h2>\n<p>Nous nous concentrons depuis longtemps sur les cibles de pulv\u00e9risation et les mat\u00e9riaux inorganiques avanc\u00e9s, en mettant l&rsquo;accent sur la densit\u00e9 des cibles, la coh\u00e9rence de la composition et l&rsquo;adaptabilit\u00e9 des processus, et pouvons vous fournir des solutions mat\u00e9rielles stables et fiables pour le d\u00e9p\u00f4t de films minces composites TiC-TiN.<\/p>\n","protected":false},"excerpt":{"rendered":"<p>Cibles de pulv\u00e9risation en carbonitrure de titane &#8211; Pr\u00e9sentation Les cibles de pulv\u00e9risation en carbonitrure de titane sont compos\u00e9es de carbure de titane et de nitrure de titane, combinant la duret\u00e9 \u00e9lev\u00e9e, la r\u00e9sistance \u00e0 l&rsquo;usure et l&rsquo;excellente stabilit\u00e9 thermique de ces deux mat\u00e9riaux c\u00e9ramiques. Gr\u00e2ce \u00e0 la conception d&rsquo;un syst\u00e8me composite, cette cible pr\u00e9sente [&hellip;]<\/p>\n","protected":false},"featured_media":43765,"template":"","meta":{"_acf_changed":false},"product_brand":[132],"product_cat":[449],"product_tag":[5720],"class_list":{"0":"post-43764","1":"product","2":"type-product","3":"status-publish","4":"has-post-thumbnail","6":"product_brand-ulpmat","7":"product_cat-cible-de-pulverisation-ceramique","8":"product_tag-cible-de-pulverisation-cathodique-en-carbonitrure-de-titane","10":"first","11":"instock","12":"shipping-taxable","13":"product-type-variable"},"acf":[],"_links":{"self":[{"href":"https:\/\/ulpmat.com\/fr\/wp-json\/wp\/v2\/product\/43764","targetHints":{"allow":["GET"]}}],"collection":[{"href":"https:\/\/ulpmat.com\/fr\/wp-json\/wp\/v2\/product"}],"about":[{"href":"https:\/\/ulpmat.com\/fr\/wp-json\/wp\/v2\/types\/product"}],"wp:featuredmedia":[{"embeddable":true,"href":"https:\/\/ulpmat.com\/fr\/wp-json\/wp\/v2\/media\/43765"}],"wp:attachment":[{"href":"https:\/\/ulpmat.com\/fr\/wp-json\/wp\/v2\/media?parent=43764"}],"wp:term":[{"taxonomy":"product_brand","embeddable":true,"href":"https:\/\/ulpmat.com\/fr\/wp-json\/wp\/v2\/product_brand?post=43764"},{"taxonomy":"product_cat","embeddable":true,"href":"https:\/\/ulpmat.com\/fr\/wp-json\/wp\/v2\/product_cat?post=43764"},{"taxonomy":"product_tag","embeddable":true,"href":"https:\/\/ulpmat.com\/fr\/wp-json\/wp\/v2\/product_tag?post=43764"}],"curies":[{"name":"wp","href":"https:\/\/api.w.org\/{rel}","templated":true}]}}