{"id":42918,"date":"2026-01-23T13:27:59","date_gmt":"2026-01-23T05:27:59","guid":{"rendered":"https:\/\/ulpmat.com\/product\/titane-tantale-zirconium-hafnium-aluminium\/"},"modified":"2026-01-23T13:27:59","modified_gmt":"2026-01-23T05:27:59","slug":"titane-tantale-zirconium-hafnium-aluminium","status":"publish","type":"product","link":"https:\/\/ulpmat.com\/fr\/produit\/titane-tantale-zirconium-hafnium-aluminium\/","title":{"rendered":"Titane Tantale Zirconium Hafnium Aluminium"},"content":{"rendered":"<h2><span style=\"font-size: 14pt;\">Pr\u00e9sentation des cibles de pulv\u00e9risation en alliage de titane, tantale, zirconium, hafnium et aluminium<\/span><\/h2>\n<p>Les cibles de pulv\u00e9risation en alliage<br \/>\n<span style=\"color: #0000ff;\"><a style=\"color: #0000ff;\" href=\"https:\/\/ulpmat.com\/fr\/recherche\/?type=name&#038;keyword=Titanium+Tantalum+Zirconium+Hafnium+Aluminum\">de titane, tantale, zirconium, hafnium et aluminium<\/a><\/span><br \/>\nsont des cibles en alliage multicomposants haute performance sp\u00e9cialement con\u00e7ues pour le d\u00e9p\u00f4t de films avanc\u00e9s pr\u00e9sentant des propri\u00e9t\u00e9s globales exceptionnelles. Ce mat\u00e9riau combine les caract\u00e9ristiques exceptionnelles de plusieurs m\u00e9taux \u00e0 point de fusion \u00e9lev\u00e9, ce qui le rend adapt\u00e9 aux domaines technologiques de pointe exigeant une r\u00e9sistance extr\u00eame aux temp\u00e9ratures \u00e9lev\u00e9es, une r\u00e9sistance \u00e0 la corrosion et une stabilit\u00e9 thermique.<\/p>\n<p>Nous proposons des cibles en alliage pentavalent de haute puret\u00e9 dans plusieurs rapports de composition, permettant un ajustement personnalis\u00e9 de la composition, des sp\u00e9cifications dimensionnelles et des solutions <span style=\"color: #0000ff;\"><a style=\"color: #0000ff;\" href=\"https:\/\/ulpmat.com\/fr\/service\/collage-des-cibles\/\">de liaison<\/a><\/span><br \/>\ndes plaques de support afin de r\u00e9pondre aux exigences sp\u00e9cifiques de chaque application.<\/p>\n<h2><span style=\"font-size: 14pt;\">Points forts du produit<\/span><\/h2>\n<p>Stabilit\u00e9 extr\u00eame \u00e0 haute temp\u00e9rature<br \/>\nR\u00e9sistance sup\u00e9rieure \u00e0 la corrosion et \u00e0 l&rsquo;oxydation<br \/>\nR\u00e9sistance et t\u00e9nacit\u00e9 exceptionnelles \u00e0 haute temp\u00e9rature<br \/>\nContr\u00f4le pr\u00e9cis de la composition<br \/>\nD\u00e9p\u00f4t uniforme et dense de films par pulv\u00e9risation<\/p>\n<h2><span style=\"font-size: 14pt;\">Applications des cibles de pulv\u00e9risation en alliage de titane, tantale, zirconium, hafnium et aluminium<\/span><\/h2>\n<p><strong>Protection des composants \u00e0 haute temp\u00e9rature dans l&rsquo;a\u00e9rospatiale :<\/strong><br \/>\nutilis\u00e9es pour les rev\u00eatements protecteurs sur les composants critiques \u00e0 haute temp\u00e9rature tels que les aubes de moteurs d&rsquo;avion et les chambres de combustion, elles am\u00e9liorent consid\u00e9rablement la r\u00e9sistance \u00e0 l&rsquo;oxydation \u00e0 haute temp\u00e9rature et \u00e0 la corrosion thermique.<br \/>\n<strong>Applications dans des environnements sp\u00e9ciaux de l&rsquo;industrie nucl\u00e9aire :<\/strong><br \/>\noffre une r\u00e9sistance exceptionnelle aux dommages caus\u00e9s par les rayonnements et \u00e0 la corrosion dans des environnements extr\u00eames, tels que les mat\u00e9riaux de gainage des r\u00e9acteurs nucl\u00e9aires et les assemblages de combustible nucl\u00e9aire.<br \/>\n<strong>Proc\u00e9d\u00e9s \u00e0 tr\u00e8s haute temp\u00e9rature dans <span style=\"color: #0000ff;\"><a style=\"color: #0000ff;\" href=\"https:\/\/ulpmat.com\/fr\/candidature\/materiaux-semi-conducteurs\/\">les semi-conducteurs<\/a><\/span> :<\/strong><br \/>\nconvient aux \u00e9lectrodes \u00e0 tr\u00e8s haute temp\u00e9rature ou aux couches barri\u00e8res dans la fabrication de dispositifs \u00e0 semi-conducteurs de troisi\u00e8me g\u00e9n\u00e9ration (par exemple, SiC, GaN), garantissant la fiabilit\u00e9 des dispositifs \u00e0 des temp\u00e9ratures \u00e9lev\u00e9es.<br \/>\n<strong>Rev\u00eatements r\u00e9sistants \u00e0 l&rsquo;usure pour outils haut de gamme :<\/strong><br \/>\nutilis\u00e9 pour le renforcement de surface des outils de coupe \u00e0 grande vitesse et des moules de pr\u00e9cision, prolongeant consid\u00e9rablement la dur\u00e9e de vie des outils dans des conditions de fonctionnement \u00e0 haute temp\u00e9rature et \u00e0 grande vitesse.<\/p>\n<h2><span style=\"color: #0000ff;\"><a style=\"color: #0000ff;\" href=\"https:\/\/ulpmat.com\/fr\/societe\/faq\/\"><span style=\"font-size: 14pt;\">FAQ<\/span><\/a><\/span><\/h2>\n<p>Q1 : Quels sont les principaux avantages de ce mat\u00e9riau cible en alliage \u00e0 cinq composants ?<br \/>\nA1 : Il offre des propri\u00e9t\u00e9s globales exceptionnelles, impossibles \u00e0 obtenir avec des m\u00e9taux simples, gr\u00e2ce aux effets synergiques de plusieurs m\u00e9taux \u00e0 point de fusion \u00e9lev\u00e9, et se distingue particuli\u00e8rement par sa r\u00e9sistance \u00e0 haute temp\u00e9rature, sa r\u00e9sistance \u00e0 la corrosion et sa stabilit\u00e9 thermique.<\/p>\n<p>Q2 : Comment la uniformit\u00e9 de la composition est-elle garantie dans les alliages \u00e0 plusieurs composants ?<br \/>\nR2 : Nous utilisons la fusion \u00e0 l&rsquo;arc sous vide combin\u00e9e \u00e0 plusieurs cycles de refusion et \u00e0 un traitement thermique d&rsquo;homog\u00e9n\u00e9isation afin de garantir une grande uniformit\u00e9 macro et microstructurale.<\/p>\n<p>Q3 : Quels sont les d\u00e9fis li\u00e9s \u00e0 la pr\u00e9paration de ce mat\u00e9riau cible ?<br \/>\nR3 : Les difficult\u00e9s r\u00e9sident dans la fusion et le contr\u00f4le de la composition de plusieurs m\u00e9taux \u00e0 point de fusion \u00e9lev\u00e9 et hautement r\u00e9actifs, ainsi que dans l&rsquo;obtention de lingots cibles \u00e0 haute densit\u00e9 et sans d\u00e9faut. Nous disposons d&rsquo;\u00e9quipements de fusion sp\u00e9cialis\u00e9s et de technologies de traitement permettant de surmonter ces d\u00e9fis.<\/p>\n<p>Q4 : Quelles sont les sp\u00e9cifications standard disponibles ?<br \/>\nA4 : Nous proposons des cibles circulaires et rectangulaires de diff\u00e9rentes dimensions et pouvons personnaliser des tailles non standard en fonction des exigences de l&rsquo;\u00e9quipement.<\/p>\n<h2><span style=\"font-size: 14pt;\">Rapport<\/span><\/h2>\n<p>Chaque lot est fourni avec :<br \/>\n<span style=\"color: #0000ff;\"><a style=\"color: #0000ff;\" href=\"https:\/\/ulpmat.com\/fr\/documents\/certificat-danalyse\/\"><u>Certificat d&rsquo;analyse (COA)<\/u><\/a><\/span><\/p>\n<p><span style=\"color: #0000ff;\"><a style=\"color: #0000ff;\" href=\"https:\/\/ulpmat.com\/fr\/documents\/fiche-technique\/\"><u>Fiche technique (TDS)<\/u><\/a><\/span><\/p>\n<p><span style=\"color: #0000ff;\"><a style=\"color: #0000ff;\" href=\"https:\/\/ulpmat.com\/fr\/documents\/fiche-de-donnees-de-securite\/\"><u>Fiche de donn\u00e9es de s\u00e9curit\u00e9 (MSDS)<\/u><\/a><\/span><br \/>\nRapport d&rsquo;inspection des dimensions<br \/>\nRapports d&rsquo;essais effectu\u00e9s par des tiers disponibles sur demande<\/p>\n<h2><span style=\"font-size: 14pt;\">Pourquoi nous choisir ?<\/span><\/h2>\n<p>Nous poss\u00e9dons une expertise technique approfondie dans le domaine des cibles en alliages multi-\u00e9l\u00e9ments \u00e0 point de fusion \u00e9lev\u00e9, avec des capacit\u00e9s de production ind\u00e9pendantes couvrant l&rsquo;ensemble de la cha\u00eene, de la purification des mati\u00e8res premi\u00e8res \u00e0 la fusion sous vide, en passant par le traitement thermique et l&rsquo;usinage de pr\u00e9cision. Au-del\u00e0 de la fourniture de mat\u00e9riaux cibles de haute qualit\u00e9, nous proposons des recommandations en mati\u00e8re de conception de la composition et des solutions d&rsquo;optimisation des processus bas\u00e9es sur l&rsquo;ing\u00e9nierie g\u00e9n\u00e9tique des mat\u00e9riaux. En nous choisissant, vous b\u00e9n\u00e9ficiez d&rsquo;un partenaire professionnel d\u00e9di\u00e9 \u00e0 la r\u00e9solution des d\u00e9fis li\u00e9s aux mat\u00e9riaux dans des conditions d&rsquo;utilisation extr\u00eames.<\/p>\n","protected":false},"excerpt":{"rendered":"<p>Pr\u00e9sentation des cibles de pulv\u00e9risation en alliage de titane, tantale, zirconium, hafnium et aluminium Les cibles de pulv\u00e9risation en alliage de titane, tantale, zirconium, hafnium et aluminium sont des cibles en alliage multicomposants haute performance sp\u00e9cialement con\u00e7ues pour le d\u00e9p\u00f4t de films avanc\u00e9s pr\u00e9sentant des propri\u00e9t\u00e9s globales exceptionnelles. Ce mat\u00e9riau combine les caract\u00e9ristiques exceptionnelles de [&hellip;]<\/p>\n","protected":false},"featured_media":42919,"template":"","meta":{"_acf_changed":false},"product_brand":[132],"product_cat":[560],"product_tag":[5516],"class_list":{"0":"post-42918","1":"product","2":"type-product","3":"status-publish","4":"has-post-thumbnail","6":"product_brand-ulpmat","7":"product_cat-cible-de-pulverisation-dalliage","8":"product_tag-cible-de-pulverisation-cathodique-en-titane-tantale-zirconium-hafnium-et-aluminium","10":"first","11":"instock","12":"shipping-taxable","13":"product-type-variable"},"acf":[],"_links":{"self":[{"href":"https:\/\/ulpmat.com\/fr\/wp-json\/wp\/v2\/product\/42918","targetHints":{"allow":["GET"]}}],"collection":[{"href":"https:\/\/ulpmat.com\/fr\/wp-json\/wp\/v2\/product"}],"about":[{"href":"https:\/\/ulpmat.com\/fr\/wp-json\/wp\/v2\/types\/product"}],"wp:featuredmedia":[{"embeddable":true,"href":"https:\/\/ulpmat.com\/fr\/wp-json\/wp\/v2\/media\/42919"}],"wp:attachment":[{"href":"https:\/\/ulpmat.com\/fr\/wp-json\/wp\/v2\/media?parent=42918"}],"wp:term":[{"taxonomy":"product_brand","embeddable":true,"href":"https:\/\/ulpmat.com\/fr\/wp-json\/wp\/v2\/product_brand?post=42918"},{"taxonomy":"product_cat","embeddable":true,"href":"https:\/\/ulpmat.com\/fr\/wp-json\/wp\/v2\/product_cat?post=42918"},{"taxonomy":"product_tag","embeddable":true,"href":"https:\/\/ulpmat.com\/fr\/wp-json\/wp\/v2\/product_tag?post=42918"}],"curies":[{"name":"wp","href":"https:\/\/api.w.org\/{rel}","templated":true}]}}