{"id":40378,"date":"2025-12-29T16:47:27","date_gmt":"2025-12-29T08:47:27","guid":{"rendered":"https:\/\/ulpmat.com\/product\/s590-acier-spherique-a-haute-vitesse\/"},"modified":"2025-12-29T16:47:27","modified_gmt":"2025-12-29T08:47:27","slug":"s590-acier-spherique-a-haute-vitesse","status":"publish","type":"product","link":"https:\/\/ulpmat.com\/fr\/produit\/s590-acier-spherique-a-haute-vitesse\/","title":{"rendered":"S590 Acier sph\u00e9rique \u00e0 haute vitesse"},"content":{"rendered":"<h2><span style=\"font-size: 14pt;\">Poudre sph\u00e9rique en acier rapide S590 Pr\u00e9sentation<\/span><\/h2>\n<p><strong><span style=\"color: #0000ff;\"><a style=\"color: #0000ff;\" href=\"https:\/\/ulpmat.com\/fr\/candidature\/impression-3d\/\">La poudre sph\u00e9rique<\/a><\/span><\/strong><br \/>\nen acier rapide<br \/>\n<strong><span style=\"color: #0000ff;\"><a style=\"color: #0000ff;\" href=\"https:\/\/ulpmat.com\/fr\/recherche\/?type=name&#038;keyword=S590\">S590<\/a><\/span><\/strong><br \/>\nest un mat\u00e9riau en acier rapide hautement alli\u00e9. Gr\u00e2ce \u00e0 un processus de sph\u00e9ro\u00efdisation, elle offre un \u00e9quilibre entre une duret\u00e9 \u00e9lev\u00e9e, une r\u00e9sistance \u00e0 l&rsquo;usure et une bonne formabilit\u00e9, ce qui la rend adapt\u00e9e \u00e0 la fabrication de pi\u00e8ces haute performance.<\/p>\n<p>Nous proposons des poudres sph\u00e9riques avec diff\u00e9rentes tailles de particules et options de contr\u00f4le des lots. Nous vous accompagnons dans la communication autour de votre projet et l&rsquo;\u00e9valuation d&rsquo;\u00e9chantillons. N&rsquo;h\u00e9sitez pas \u00e0 <strong><span style=\"color: #0000ff;\"><a style=\"color: #0000ff;\" href=\"https:\/\/ulpmat.com\/fr\/contactez-nous\/\">nous contacter<\/a><\/span><\/strong><br \/>\npour obtenir des informations techniques et des suggestions d&rsquo;application.<\/p>\n<h2><span style=\"font-size: 14pt;\">Points forts du produit<\/span><\/h2>\n<p>Haute sph\u00e9ricit\u00e9 et bonne fluidit\u00e9<\/p>\n<p>Excellente duret\u00e9 et r\u00e9sistance \u00e0 l&rsquo;usure<\/p>\n<p>Grande stabilit\u00e9 de formabilit\u00e9<\/p>\n<p>R\u00e9pond aux besoins personnalis\u00e9s<\/p>\n<p>Fourniture en petits lots et pour des projets<\/p>\n<p>Approvisionnement stable \u00e0 long terme<\/p>\n<h2><span style=\"font-size: 14pt;\">Applications de la poudre sph\u00e9rique en acier rapide S590<\/span><\/h2>\n<p><strong>Fabrication additive :<\/strong><br \/>\ncette poudre sph\u00e9rique convient aux processus de fabrication additive m\u00e9tallique, r\u00e9pondant aux besoins de fabrication de pi\u00e8ces de formage de haute pr\u00e9cision et de pi\u00e8ces structurelles complexes.<\/p>\n<p><strong>Pi\u00e8ces issues de la m\u00e9tallurgie des poudres :<\/strong><br \/>\ndans les processus de formage par m\u00e9tallurgie des poudres, elle contribue \u00e0 am\u00e9liorer la densit\u00e9 et la coh\u00e9rence du produit fini, ce qui la rend adapt\u00e9e aux pi\u00e8ces d&rsquo;outils haute performance.<\/p>\n<p><strong>Mat\u00e9riaux d&rsquo;outils hautement r\u00e9sistants \u00e0 l&rsquo;usure :<\/strong><br \/>\ncouramment utilis\u00e9s dans la fabrication d&rsquo;outils et de composants fonctionnels pour des conditions de r\u00e9sistance \u00e0 l&rsquo;usure et de charge \u00e9lev\u00e9e, r\u00e9pondant \u00e0 des exigences d&rsquo;utilisation stable \u00e0 long terme.<\/p>\n<h2><span style=\"font-size: 14pt;\">FAQ<\/span><\/h2>\n<p><strong>Q1 : \u00c0 quel proc\u00e9d\u00e9 de formage la poudre sph\u00e9rique S590 en acier rapide sph\u00e9rique est-elle la mieux adapt\u00e9e ?<\/strong><br \/>\nA1 : Couramment utilis\u00e9e dans les proc\u00e9d\u00e9s de fabrication additive et de m\u00e9tallurgie des poudres. Le choix sp\u00e9cifique d\u00e9pend de l&rsquo;\u00e9quipement et des conditions du proc\u00e9d\u00e9.<\/p>\n<p><strong>Q2 : Existe-t-il diff\u00e9rentes sp\u00e9cifications de taille de particules ?<\/strong><br \/>\nA2 : Oui, plusieurs gammes de tailles de particules sont disponibles pour r\u00e9pondre aux exigences de l&rsquo;application.<\/p>\n<p><strong>Q3 : Quelles pr\u00e9cautions faut-il prendre lors du stockage et du transport de la poudre ?<\/strong><br \/>\nR3 : Un emballage scell\u00e9 est recommand\u00e9. Stocker dans un environnement sec pour \u00e9viter l&rsquo;humidit\u00e9 et la contamination.<\/p>\n<p><strong>Q4 : Comment la poudre sph\u00e9rique en acier rapide S590 am\u00e9liore-t-elle les performances des composants ?<\/strong><br \/>\nR4 : Cette poudre sph\u00e9rique permet d&rsquo;obtenir une structure moul\u00e9e uniforme et \u00e0 haute densit\u00e9, am\u00e9liorant ainsi la r\u00e9sistance \u00e0 l&rsquo;usure, la stabilit\u00e9 de la r\u00e9sistance et la dur\u00e9e de vie des composants, ce qui la rend adapt\u00e9e aux applications \u00e0 forte charge.<\/p>\n<h2><span style=\"font-size: 14pt;\">Rapports<\/span><\/h2>\n<p>Chaque lot est fourni avec :<\/p>\n<p>Certificat d&rsquo;analyse (COA)<\/p>\n<p>Fiche technique (TDS)<\/p>\n<p>Fiche de donn\u00e9es de s\u00e9curit\u00e9 (MSDS)<\/p>\n<p>Rapports d&rsquo;essais effectu\u00e9s par des tiers disponibles sur demande<\/p>\n<h2><span style=\"font-size: 14pt;\">Pourquoi nous choisir ?<\/span><\/h2>\n<p>Nous nous concentrons sur un approvisionnement stable et un soutien technique pour les mat\u00e9riaux en poudre m\u00e9tallique haute performance. Nous disposons d&rsquo;un syst\u00e8me de gestion de la qualit\u00e9 \u00e9prouv\u00e9 et de capacit\u00e9s de personnalisation flexibles, ce qui nous permet de fournir \u00e0 nos clients des solutions de poudre fiables et tra\u00e7ables, adapt\u00e9es \u00e0 la recherche et \u00e0 l&rsquo;industrialisation, facilitant ainsi l&rsquo;avancement efficace des projets.<\/p>\n","protected":false},"excerpt":{"rendered":"<p>Poudre sph\u00e9rique en acier rapide S590 Pr\u00e9sentation La poudre sph\u00e9rique en acier rapide S590 est un mat\u00e9riau en acier rapide hautement alli\u00e9. Gr\u00e2ce \u00e0 un processus de sph\u00e9ro\u00efdisation, elle offre un \u00e9quilibre entre une duret\u00e9 \u00e9lev\u00e9e, une r\u00e9sistance \u00e0 l&rsquo;usure et une bonne formabilit\u00e9, ce qui la rend adapt\u00e9e \u00e0 la fabrication de pi\u00e8ces haute [&hellip;]<\/p>\n","protected":false},"featured_media":40836,"template":"","meta":{"_acf_changed":false},"product_brand":[],"product_cat":[1141],"product_tag":[4932],"class_list":{"0":"post-40378","1":"product","2":"type-product","3":"status-publish","4":"has-post-thumbnail","6":"product_cat-impression-3d-de-poudre-spherique","7":"product_tag-s590-poudre-spherique-en-acier-a-haute-vitesse","9":"first","10":"instock","11":"shipping-taxable","12":"product-type-variable"},"acf":[],"_links":{"self":[{"href":"https:\/\/ulpmat.com\/fr\/wp-json\/wp\/v2\/product\/40378","targetHints":{"allow":["GET"]}}],"collection":[{"href":"https:\/\/ulpmat.com\/fr\/wp-json\/wp\/v2\/product"}],"about":[{"href":"https:\/\/ulpmat.com\/fr\/wp-json\/wp\/v2\/types\/product"}],"wp:featuredmedia":[{"embeddable":true,"href":"https:\/\/ulpmat.com\/fr\/wp-json\/wp\/v2\/media\/40836"}],"wp:attachment":[{"href":"https:\/\/ulpmat.com\/fr\/wp-json\/wp\/v2\/media?parent=40378"}],"wp:term":[{"taxonomy":"product_brand","embeddable":true,"href":"https:\/\/ulpmat.com\/fr\/wp-json\/wp\/v2\/product_brand?post=40378"},{"taxonomy":"product_cat","embeddable":true,"href":"https:\/\/ulpmat.com\/fr\/wp-json\/wp\/v2\/product_cat?post=40378"},{"taxonomy":"product_tag","embeddable":true,"href":"https:\/\/ulpmat.com\/fr\/wp-json\/wp\/v2\/product_tag?post=40378"}],"curies":[{"name":"wp","href":"https:\/\/api.w.org\/{rel}","templated":true}]}}