{"id":40346,"date":"2025-12-29T16:47:27","date_gmt":"2025-12-29T08:47:27","guid":{"rendered":"https:\/\/ulpmat.com\/product\/alliage-de-cobalt-chrome-et-molybdene-stellite21\/"},"modified":"2025-12-29T16:47:27","modified_gmt":"2025-12-29T08:47:27","slug":"alliage-de-cobalt-chrome-et-molybdene-stellite21","status":"publish","type":"product","link":"https:\/\/ulpmat.com\/fr\/produit\/alliage-de-cobalt-chrome-et-molybdene-stellite21\/","title":{"rendered":"Alliage de cobalt, chrome et molybd\u00e8ne (Stellite21)"},"content":{"rendered":"<h2><span style=\"font-size: 14pt;\">Poudre d&rsquo;alliage de cobalt Stellite21 &#8211; Pr\u00e9sentation<\/span><\/h2>\n<p>La poudre d&rsquo;alliage<br \/>\n<strong><span style=\"color: #0000ff;\"><a style=\"color: #0000ff;\" href=\"https:\/\/ulpmat.com\/fr\/recherche\/?type=name&#038;keyword=Cobalt+Chromium+Molybdenum\">de cobalt-chrome-molybd\u00e8ne<\/a><\/span><\/strong><br \/>\n(Stellite21) est un mat\u00e9riau haute performance \u00e0 base d&rsquo;alliage de cobalt, qui pr\u00e9sente une r\u00e9sistance \u00e0 l&rsquo;usure, une r\u00e9sistance \u00e0 la corrosion et une stabilit\u00e9 \u00e0 haute temp\u00e9rature. Elle convient aux mat\u00e9riaux fonctionnels et aux applications d&rsquo;ing\u00e9nierie de surface dans des conditions exigeantes.<\/p>\n<p>Nous pouvons fournir des mat\u00e9riaux en poudre avec diff\u00e9rentes tailles de particules et diff\u00e9rents sch\u00e9mas de contr\u00f4le des lots en fonction des sc\u00e9narios d&rsquo;application, et nous assurons la communication technique et l&rsquo;\u00e9valuation des \u00e9chantillons. Veuillez <strong><span style=\"color: #0000ff;\"><a style=\"color: #0000ff;\" href=\"https:\/\/ulpmat.com\/fr\/contactez-nous\/\">nous contacter<\/a><\/span><\/strong><br \/>\npour obtenir des informations d\u00e9taill\u00e9es.<\/p>\n<h2><span style=\"font-size: 14pt;\">Points forts du produit<\/span><\/h2>\n<p>Performances stables \u00e0 haute temp\u00e9rature<\/p>\n<p>R\u00e9sistance \u00e0 l&rsquo;usure exceptionnelle<\/p>\n<p>R\u00e9sistance \u00e0 la corrosion fiable<\/p>\n<p>Morphologie uniforme des particules<\/p>\n<p>Plusieurs gammes de tailles de particules disponibles<\/p>\n<p>Assistance \u00e0 la personnalisation<\/p>\n<p>Garantie d&rsquo;approvisionnement \u00e0 long terme<\/p>\n<h2><span style=\"font-size: 14pt;\">Applications de la poudre d&rsquo;alliage de cobalt-chrome-molybd\u00e8ne (Stellite21)<\/span><\/h2>\n<p><strong>Ing\u00e9nierie de surface et rev\u00eatements r\u00e9sistants \u00e0 l&rsquo;usure :<\/strong><br \/>\nCette poudre est couramment utilis\u00e9e dans les rev\u00eatements r\u00e9sistants \u00e0 l&rsquo;usure et les applications de renforcement de surface, am\u00e9liorant consid\u00e9rablement la dur\u00e9e de vie des composants dans des conditions de fonctionnement complexes.<\/p>\n<p><strong>R\u00e9paration de composants structurels \u00e0 haute temp\u00e9rature :<\/strong><br \/>\nConvient \u00e0 la r\u00e9paration et \u00e0 la remise \u00e0 neuf de composants fonctionnant dans des environnements \u00e0 haute temp\u00e9rature, contribuant \u00e0 restaurer les performances structurelles critiques.<\/p>\n<p><strong>\u00c9quipements \u00e9nerg\u00e9tiques et chimiques :<\/strong><br \/>\nrecherche sur les applications des mat\u00e9riaux dans les \u00e9quipements \u00e9nerg\u00e9tiques et chimiques, en particulier ceux qui traitent des milieux corrosifs et des environnements soumis \u00e0 des chocs thermiques.<\/p>\n<h2><span style=\"font-size: 14pt;\">FAQ<\/span><\/h2>\n<p><strong>Q1 : Quelles sont les m\u00e9thodes de traitement les mieux adapt\u00e9es \u00e0 cette poudre ?<\/strong><br \/>\nA1 : Couramment utilis\u00e9e dans les rev\u00eatements de surface, le soudage et les processus connexes. Des m\u00e9thodes sp\u00e9cifiques peuvent \u00eatre s\u00e9lectionn\u00e9es en fonction des conditions de l&rsquo;\u00e9quipement.<\/p>\n<p><strong>Q2 : Pouvez-vous fournir diff\u00e9rentes sp\u00e9cifications de taille de particules ?<\/strong><br \/>\nA2 : Oui, nous proposons plusieurs gammes de tailles de particules pour r\u00e9pondre aux exigences des applications.<\/p>\n<p><strong>Q3 : Quelles pr\u00e9cautions faut-il prendre lors du stockage du produit ?<\/strong><br \/>\nR3 : Il est recommand\u00e9 de le stocker dans un environnement sec et herm\u00e9tique afin d&rsquo;\u00e9viter l&rsquo;humidit\u00e9 et l&rsquo;oxydation.<\/p>\n<p><strong>Q4 : Pouvez-vous assurer un approvisionnement stable et \u00e0 long terme ?<\/strong><br \/>\nR4 : Oui, nous proposons des mod\u00e8les d&rsquo;approvisionnement coop\u00e9ratifs \u00e0 long terme et bas\u00e9s sur des projets.<\/p>\n<h2><span style=\"font-size: 14pt;\">Rapports<\/span><\/h2>\n<p>Chaque lot est fourni avec :<\/p>\n<p>Certificat d&rsquo;analyse (COA)<\/p>\n<p>Fiche technique (TDS)<\/p>\n<p>Fiche de donn\u00e9es de s\u00e9curit\u00e9 (MSDS)<\/p>\n<p>Rapports d&rsquo;essais effectu\u00e9s par des tiers disponibles sur demande<\/p>\n<h2><span style=\"font-size: 14pt;\">Pourquoi nous choisir ?<\/span><\/h2>\n<p>Nous nous concentrons depuis longtemps sur la pr\u00e9paration et la fourniture stables de <strong>poudres d&rsquo;alliages haute performance<\/strong><br \/>\n. Gr\u00e2ce \u00e0 un syst\u00e8me de contr\u00f4le qualit\u00e9 complet et \u00e0 des capacit\u00e9s de personnalisation flexibles, nous pouvons fournir \u00e0 nos clients des solutions mat\u00e9rielles fiables, tra\u00e7ables et adapt\u00e9es \u00e0 une coop\u00e9ration \u00e0 long terme afin de faciliter le bon d\u00e9roulement des projets dans des conditions de travail complexes.<\/p>\n","protected":false},"excerpt":{"rendered":"<p>Poudre d&rsquo;alliage de cobalt Stellite21 &#8211; Pr\u00e9sentation La poudre d&rsquo;alliage de cobalt-chrome-molybd\u00e8ne (Stellite21) est un mat\u00e9riau haute performance \u00e0 base d&rsquo;alliage de cobalt, qui pr\u00e9sente une r\u00e9sistance \u00e0 l&rsquo;usure, une r\u00e9sistance \u00e0 la corrosion et une stabilit\u00e9 \u00e0 haute temp\u00e9rature. Elle convient aux mat\u00e9riaux fonctionnels et aux applications d&rsquo;ing\u00e9nierie de surface dans des conditions exigeantes. [&hellip;]<\/p>\n","protected":false},"featured_media":40347,"template":"","meta":{"_acf_changed":false},"product_brand":[],"product_cat":[1141],"product_tag":[],"class_list":{"0":"post-40346","1":"product","2":"type-product","3":"status-publish","4":"has-post-thumbnail","6":"product_cat-impression-3d-de-poudre-spherique","8":"first","9":"instock","10":"shipping-taxable","11":"product-type-variable"},"acf":[],"_links":{"self":[{"href":"https:\/\/ulpmat.com\/fr\/wp-json\/wp\/v2\/product\/40346","targetHints":{"allow":["GET"]}}],"collection":[{"href":"https:\/\/ulpmat.com\/fr\/wp-json\/wp\/v2\/product"}],"about":[{"href":"https:\/\/ulpmat.com\/fr\/wp-json\/wp\/v2\/types\/product"}],"wp:featuredmedia":[{"embeddable":true,"href":"https:\/\/ulpmat.com\/fr\/wp-json\/wp\/v2\/media\/40347"}],"wp:attachment":[{"href":"https:\/\/ulpmat.com\/fr\/wp-json\/wp\/v2\/media?parent=40346"}],"wp:term":[{"taxonomy":"product_brand","embeddable":true,"href":"https:\/\/ulpmat.com\/fr\/wp-json\/wp\/v2\/product_brand?post=40346"},{"taxonomy":"product_cat","embeddable":true,"href":"https:\/\/ulpmat.com\/fr\/wp-json\/wp\/v2\/product_cat?post=40346"},{"taxonomy":"product_tag","embeddable":true,"href":"https:\/\/ulpmat.com\/fr\/wp-json\/wp\/v2\/product_tag?post=40346"}],"curies":[{"name":"wp","href":"https:\/\/api.w.org\/{rel}","templated":true}]}}