{"id":40298,"date":"2025-12-29T16:47:28","date_gmt":"2025-12-29T08:47:28","guid":{"rendered":"https:\/\/ulpmat.com\/product\/s390-spherique-acier-rapide\/"},"modified":"2025-12-29T16:47:28","modified_gmt":"2025-12-29T08:47:28","slug":"s390-spherique-acier-rapide","status":"publish","type":"product","link":"https:\/\/ulpmat.com\/fr\/produit\/s390-spherique-acier-rapide\/","title":{"rendered":"S390 Sph\u00e9rique Acier rapide"},"content":{"rendered":"<h2><span style=\"font-size: 14pt;\">Poudre d&rsquo;acier rapide sph\u00e9rique S390 Pr\u00e9sentation<\/span><\/h2>\n<p>La poudre d&rsquo;acier rapide sph\u00e9rique<br \/>\n<strong><span style=\"color: #0000ff;\"><a style=\"color: #0000ff;\" href=\"https:\/\/ulpmat.com\/fr\/recherche\/?type=name&#038;keyword=S390\">S390<\/a><\/span><\/strong><br \/>\nest un mat\u00e9riau <span style=\"color: #0000ff;\"><strong><a style=\"color: #0000ff;\" href=\"https:\/\/ulpmat.com\/fr\/candidature\/impression-3d\/\">en poudre sph\u00e9rique<\/a><\/strong><\/span><br \/>\nen acier rapide hautement alli\u00e9 qui combine une duret\u00e9 \u00e9lev\u00e9e, une excellente r\u00e9sistance \u00e0 l&rsquo;usure et une bonne formabilit\u00e9, ce qui le rend adapt\u00e9 \u00e0 la fabrication de pi\u00e8ces haute performance.<\/p>\n<p>Nous proposons des solutions de poudre sph\u00e9rique avec diff\u00e9rentes gammes de tailles de particules et un contr\u00f4le de la coh\u00e9rence des lots. Nous assurons la communication technique et l&rsquo;\u00e9valuation des \u00e9chantillons. Veuillez <span style=\"color: #0000ff;\"><strong><a style=\"color: #0000ff;\" href=\"https:\/\/ulpmat.com\/fr\/contactez-nous\/\">nous contacter<\/a><\/strong><\/span><br \/>\npour obtenir des informations d\u00e9taill\u00e9es.<\/p>\n<h2><span style=\"font-size: 14pt;\">Points forts du produit<\/span><\/h2>\n<p>Particules sph\u00e9riques, bonne fluidit\u00e9<\/p>\n<p>Duret\u00e9 et r\u00e9sistance \u00e0 l&rsquo;usure exceptionnelles<\/p>\n<p>Grande stabilit\u00e9 de formage<\/p>\n<p>Assistance \u00e0 la personnalisation<\/p>\n<p>Cycle de livraison contr\u00f4lable<\/p>\n<p>Assistance technique et apr\u00e8s-vente<\/p>\n<p>Approvisionnement stable \u00e0 long terme<\/p>\n<h2><span style=\"font-size: 14pt;\">Applications de la poudre d&rsquo;acier rapide sph\u00e9rique S390<\/span><\/h2>\n<p><strong>Impression 3D :<\/strong><br \/>\nutilis\u00e9e dans les processus de fabrication additive m\u00e9tallique, elle permet d&rsquo;obtenir un formage stable de pi\u00e8ces structurelles complexes et \u00e0 haute densit\u00e9.<\/p>\n<p><strong>Pi\u00e8ces de m\u00e9tallurgie des poudres :<\/strong><br \/>\ndans les processus de formage par m\u00e9tallurgie des poudres, elle peut am\u00e9liorer la coh\u00e9rence du pressage et du frittage, r\u00e9pondant ainsi aux exigences des pi\u00e8ces \u00e0 haute r\u00e9sistance et \u00e0 haute r\u00e9sistance \u00e0 l&rsquo;usure.<\/p>\n<p><strong>Mat\u00e9riau pour outils \u00e0 haute r\u00e9sistance \u00e0 l&rsquo;usure :<\/strong><br \/>\nconvient \u00e0 la fabrication d&rsquo;outils et de pi\u00e8ces fonctionnelles soumis \u00e0 des charges \u00e9lev\u00e9es et \u00e0 une forte usure, prolongeant ainsi leur dur\u00e9e de vie.<\/p>\n<h2><span style=\"font-size: 14pt;\">FAQ<\/span><\/h2>\n<p><strong>Q1 : Quels sont les avantages de la poudre d&rsquo;acier rapide sph\u00e9rique S390 par rapport \u00e0 la poudre irr\u00e9guli\u00e8re ordinaire ?<\/strong><br \/>\nA1 : Les particules sph\u00e9riques ont une meilleure fluidit\u00e9 et de meilleures propri\u00e9t\u00e9s de remplissage, ce qui contribue \u00e0 am\u00e9liorer la stabilit\u00e9 du moulage et la densit\u00e9 finale.<\/p>\n<p><strong>Q2 : La taille des particules peut-elle \u00eatre s\u00e9lectionn\u00e9e en fonction des exigences de l&rsquo;\u00e9quipement ?<\/strong><br \/>\nR2 : Oui, nous pouvons fournir diff\u00e9rentes tailles de particules en fonction des exigences sp\u00e9cifiques du processus et de l&rsquo;\u00e9quipement.<\/p>\n<p><strong>Q3 : Quelles pr\u00e9cautions faut-il prendre lors du transport et du stockage de la poudre ?<\/strong><br \/>\nR3 : Il est recommand\u00e9 de sceller l&#8217;emballage pour \u00e9viter l&rsquo;humidit\u00e9 et la contamination, et de le stocker dans un environnement sec.<\/p>\n<h2><span style=\"font-size: 14pt;\">Rapports<\/span><\/h2>\n<p>Chaque lot est fourni avec :<\/p>\n<p>Certificat d&rsquo;analyse (COA)<\/p>\n<p>Fiche technique (TDS)<\/p>\n<p>Fiche de donn\u00e9es de s\u00e9curit\u00e9 (MSDS)<\/p>\n<p>Rapports d&rsquo;essais effectu\u00e9s par des tiers disponibles sur demande<\/p>\n<h2><span style=\"font-size: 14pt;\">Pourquoi nous choisir ?<\/span><\/h2>\n<p>Nous sommes sp\u00e9cialis\u00e9s dans la pr\u00e9paration et la fourniture stables de <strong>poudre sph\u00e9rique en acier rapide haute performance<\/strong><br \/>\n. Nous disposons d&rsquo;un syst\u00e8me de gestion de la qualit\u00e9 complet et de capacit\u00e9s de personnalisation flexibles, ce qui nous permet de fournir \u00e0 nos clients des solutions mat\u00e9rielles fiables, tra\u00e7ables et adapt\u00e9es \u00e0 la recherche scientifique et aux applications \u00e0 grande \u00e9chelle, contribuant ainsi \u00e0 l&rsquo;avancement efficace des projets.<\/p>\n","protected":false},"excerpt":{"rendered":"<p>Poudre d&rsquo;acier rapide sph\u00e9rique S390 Pr\u00e9sentation La poudre d&rsquo;acier rapide sph\u00e9rique S390 est un mat\u00e9riau en poudre sph\u00e9rique en acier rapide hautement alli\u00e9 qui combine une duret\u00e9 \u00e9lev\u00e9e, une excellente r\u00e9sistance \u00e0 l&rsquo;usure et une bonne formabilit\u00e9, ce qui le rend adapt\u00e9 \u00e0 la fabrication de pi\u00e8ces haute performance. Nous proposons des solutions de poudre [&hellip;]<\/p>\n","protected":false},"featured_media":40299,"template":"","meta":{"_acf_changed":false},"product_brand":[],"product_cat":[1141],"product_tag":[4914],"class_list":{"0":"post-40298","1":"product","2":"type-product","3":"status-publish","4":"has-post-thumbnail","6":"product_cat-impression-3d-de-poudre-spherique","7":"product_tag-s390-acier-rapide-spherique-poudre-spherique","9":"first","10":"instock","11":"shipping-taxable","12":"product-type-variable"},"acf":[],"_links":{"self":[{"href":"https:\/\/ulpmat.com\/fr\/wp-json\/wp\/v2\/product\/40298","targetHints":{"allow":["GET"]}}],"collection":[{"href":"https:\/\/ulpmat.com\/fr\/wp-json\/wp\/v2\/product"}],"about":[{"href":"https:\/\/ulpmat.com\/fr\/wp-json\/wp\/v2\/types\/product"}],"wp:featuredmedia":[{"embeddable":true,"href":"https:\/\/ulpmat.com\/fr\/wp-json\/wp\/v2\/media\/40299"}],"wp:attachment":[{"href":"https:\/\/ulpmat.com\/fr\/wp-json\/wp\/v2\/media?parent=40298"}],"wp:term":[{"taxonomy":"product_brand","embeddable":true,"href":"https:\/\/ulpmat.com\/fr\/wp-json\/wp\/v2\/product_brand?post=40298"},{"taxonomy":"product_cat","embeddable":true,"href":"https:\/\/ulpmat.com\/fr\/wp-json\/wp\/v2\/product_cat?post=40298"},{"taxonomy":"product_tag","embeddable":true,"href":"https:\/\/ulpmat.com\/fr\/wp-json\/wp\/v2\/product_tag?post=40298"}],"curies":[{"name":"wp","href":"https:\/\/api.w.org\/{rel}","templated":true}]}}