{"id":40274,"date":"2025-12-29T16:47:29","date_gmt":"2025-12-29T08:47:29","guid":{"rendered":"https:\/\/ulpmat.com\/product\/carbonate-de-cobalt\/"},"modified":"2025-12-29T16:47:29","modified_gmt":"2025-12-29T08:47:29","slug":"carbonate-de-cobalt","status":"publish","type":"product","link":"https:\/\/ulpmat.com\/fr\/produit\/carbonate-de-cobalt\/","title":{"rendered":"Carbonate de cobalt"},"content":{"rendered":"<h2><span style=\"font-size: 14pt;\">Pr\u00e9sentation de la poudre de carbonate de cobalt<\/span><\/h2>\n<p>La poudre<br \/>\n<strong><span style=\"color: #0000ff;\">de carbonate de cobalt<\/span><\/strong><br \/>\nest un pr\u00e9curseur important pour les compos\u00e9s de cobalt, largement utilis\u00e9 dans les mat\u00e9riaux pour batteries, les catalyseurs et la pr\u00e9paration de c\u00e9ramiques haute performance.<\/p>\n<p>Nous proposons des poudres de carbonate de cobalt de diff\u00e9rentes tailles de particules et degr\u00e9s de puret\u00e9, et assurons un soutien technique et des tests d&rsquo;\u00e9chantillons. Veuillez <span style=\"color: #0000ff;\"><strong><a style=\"color: #0000ff;\" href=\"https:\/\/ulpmat.com\/fr\/contactez-nous\/\">nous contacter<\/a><\/strong><\/span><br \/>\npour obtenir des informations d\u00e9taill\u00e9es.<\/p>\n<h2><span style=\"font-size: 14pt;\">Points forts du produit<\/span><\/h2>\n<p>Composition chimique stable<\/p>\n<p>Facilement soluble dans les acides<\/p>\n<p>Bonne performance de d\u00e9composition thermique<\/p>\n<p>Taille des particules et puret\u00e9 personnalisables<\/p>\n<p>Contr\u00f4le strict de la coh\u00e9rence des lots<\/p>\n<p>Convient aux exp\u00e9riences de R&amp;D<\/p>\n<p>Approvisionnement stable \u00e0 long terme<\/p>\n<h2><span style=\"font-size: 14pt;\">Applications de la poudre de carbonate de cobalt<\/span><\/h2>\n<p><strong>Pr\u00e9paration de mat\u00e9riaux pour batteries :<\/strong><br \/>\nen tant que pr\u00e9curseur pour les batteries lithium-ion et nickel-m\u00e9tal hydrure, elle peut \u00eatre utilis\u00e9e pour pr\u00e9parer des mat\u00e9riaux cathodiques haute performance, am\u00e9liorant ainsi les performances cycliques des batteries.<\/p>\n<p><strong>Pr\u00e9paration de catalyseurs :<\/strong><br \/>\npeut \u00eatre utilis\u00e9 pour pr\u00e9parer divers pr\u00e9curseurs de catalyseurs, garantissant une distribution uniforme des composants actifs et une efficacit\u00e9 catalytique.<\/p>\n<p><strong>Mat\u00e9riaux c\u00e9ramiques haute performance :<\/strong><br \/>\nutilis\u00e9 dans la synth\u00e8se de c\u00e9ramiques \u00e0 base de cobalt ou de c\u00e9ramiques fonctionnelles, am\u00e9liorant la duret\u00e9, la r\u00e9sistance \u00e0 l&rsquo;usure et la stabilit\u00e9 thermique des mat\u00e9riaux.<\/p>\n<h2><span style=\"font-size: 14pt;\">FAQ<\/span><\/h2>\n<p><strong>Q1 : La poudre de carbonate de cobalt est-elle facilement soluble ?<\/strong><br \/>\nA1 : Oui, cette poudre est facilement soluble dans les milieux acides, ce qui facilite la pr\u00e9paration de solutions de sel de cobalt ou les r\u00e9actions ult\u00e9rieures.<\/p>\n<p><strong>Q2 : La taille des particules de poudre a-t-elle une incidence sur les propri\u00e9t\u00e9s ult\u00e9rieures du mat\u00e9riau ?<\/strong><br \/>\nA2 : Oui, l&rsquo;uniformit\u00e9 de la taille des particules a une incidence directe sur la dispersibilit\u00e9 et l&rsquo;activit\u00e9 du mat\u00e9riau. Il est recommand\u00e9 de choisir une taille de particules appropri\u00e9e en fonction du processus.<\/p>\n<p><strong>Q3 : Pouvez-vous fournir des poudres de diff\u00e9rents degr\u00e9s de puret\u00e9 ?<\/strong><br \/>\nR3 : Oui, nous pouvons fournir des poudres de haute puret\u00e9 ou de puret\u00e9 sp\u00e9cifique selon les exigences du client.<\/p>\n<p><strong>Q4 : Quelles pr\u00e9cautions faut-il prendre lors du stockage de la poudre ?<\/strong><br \/>\nR4 : Il est recommand\u00e9 de stocker la poudre dans un r\u00e9cipient herm\u00e9tique dans un environnement sec, en \u00e9vitant l&rsquo;humidit\u00e9 et l&rsquo;exposition prolong\u00e9e \u00e0 l&rsquo;air afin de maintenir l&rsquo;activit\u00e9 de la poudre.<\/p>\n<h2><span style=\"font-size: 14pt;\">Rapports<\/span><\/h2>\n<p>Chaque lot est fourni avec :<\/p>\n<p>Certificat d&rsquo;analyse (COA)<\/p>\n<p>Fiche technique (TDS)<\/p>\n<p>Fiche de donn\u00e9es de s\u00e9curit\u00e9 (MSDS)<\/p>\n<p>Rapports d&rsquo;essais effectu\u00e9s par des tiers disponibles sur demande<\/p>\n<h2><span style=\"font-size: 14pt;\">Pourquoi nous choisir ?<\/span><\/h2>\n<p>Nous nous concentrons depuis longtemps sur la recherche et la fourniture de <strong>poudres de compos\u00e9s de cobalt de haute qualit\u00e9<\/strong><br \/>\n, et disposons d&rsquo;un syst\u00e8me de gestion de la qualit\u00e9 complet et de capacit\u00e9s de personnalisation flexibles. Nous pouvons fournir \u00e0 nos clients des solutions mat\u00e9rielles fiables et tra\u00e7ables, adapt\u00e9es \u00e0 la recherche scientifique et aux applications industrielles, contribuant ainsi \u00e0 l&rsquo;avancement efficace des projets.<\/p>\n","protected":false},"excerpt":{"rendered":"<p>Pr\u00e9sentation de la poudre de carbonate de cobalt La poudre de carbonate de cobalt est un pr\u00e9curseur important pour les compos\u00e9s de cobalt, largement utilis\u00e9 dans les mat\u00e9riaux pour batteries, les catalyseurs et la pr\u00e9paration de c\u00e9ramiques haute performance. Nous proposons des poudres de carbonate de cobalt de diff\u00e9rentes tailles de particules et degr\u00e9s de [&hellip;]<\/p>\n","protected":false},"featured_media":40275,"template":"","meta":{"_acf_changed":false},"product_brand":[],"product_cat":[1184],"product_tag":[4908],"class_list":{"0":"post-40274","1":"product","2":"type-product","3":"status-publish","4":"has-post-thumbnail","6":"product_cat-autres-acides","7":"product_tag-carbonate-de-cobalt-en-poudre","9":"first","10":"instock","11":"shipping-taxable","12":"product-type-variable"},"acf":[],"_links":{"self":[{"href":"https:\/\/ulpmat.com\/fr\/wp-json\/wp\/v2\/product\/40274","targetHints":{"allow":["GET"]}}],"collection":[{"href":"https:\/\/ulpmat.com\/fr\/wp-json\/wp\/v2\/product"}],"about":[{"href":"https:\/\/ulpmat.com\/fr\/wp-json\/wp\/v2\/types\/product"}],"wp:featuredmedia":[{"embeddable":true,"href":"https:\/\/ulpmat.com\/fr\/wp-json\/wp\/v2\/media\/40275"}],"wp:attachment":[{"href":"https:\/\/ulpmat.com\/fr\/wp-json\/wp\/v2\/media?parent=40274"}],"wp:term":[{"taxonomy":"product_brand","embeddable":true,"href":"https:\/\/ulpmat.com\/fr\/wp-json\/wp\/v2\/product_brand?post=40274"},{"taxonomy":"product_cat","embeddable":true,"href":"https:\/\/ulpmat.com\/fr\/wp-json\/wp\/v2\/product_cat?post=40274"},{"taxonomy":"product_tag","embeddable":true,"href":"https:\/\/ulpmat.com\/fr\/wp-json\/wp\/v2\/product_tag?post=40274"}],"curies":[{"name":"wp","href":"https:\/\/api.w.org\/{rel}","templated":true}]}}