{"id":40256,"date":"2025-12-29T16:47:29","date_gmt":"2025-12-29T08:47:29","guid":{"rendered":"https:\/\/ulpmat.com\/product\/alliage-de-cobalt-et-de-fer-2\/"},"modified":"2025-12-29T16:47:29","modified_gmt":"2025-12-29T08:47:29","slug":"alliage-de-cobalt-et-de-fer-2","status":"publish","type":"product","link":"https:\/\/ulpmat.com\/fr\/produit\/alliage-de-cobalt-et-de-fer-2\/","title":{"rendered":"Alliage de cobalt et de fer"},"content":{"rendered":"<h2><span style=\"font-size: 14pt;\">Pr\u00e9sentation de la poudre d&rsquo;alliage cobalt-fer<\/span><\/h2>\n<p>La poudre d&rsquo;alliage<br \/>\n<strong><span style=\"color: #0000ff;\"><a style=\"color: #0000ff;\" href=\"https:\/\/ulpmat.com\/fr\/recherche\/?type=element&#038;keyword=Co%2CFe\">cobalt-fer<\/a><\/span><\/strong><br \/>\nest un mat\u00e9riau m\u00e9tallique haute performance qui poss\u00e8de d&rsquo;excellentes propri\u00e9t\u00e9s magn\u00e9tiques, une bonne r\u00e9sistance \u00e0 l&rsquo;usure et une grande stabilit\u00e9 structurelle. Elle convient \u00e0 la fabrication de composants fonctionnels et \u00e0 la recherche sur les mat\u00e9riaux avanc\u00e9s.<\/p>\n<p>Nous pouvons fournir des poudres d&rsquo;alliage cobalt-fer avec diff\u00e9rents rapports de composition, tailles de particules et contr\u00f4les de lots en fonction des besoins des clients. Nous proposons \u00e9galement des tests d&rsquo;\u00e9chantillons et des consultations techniques. Veuillez <strong><span style=\"color: #0000ff;\"><a style=\"color: #0000ff;\" href=\"https:\/\/ulpmat.com\/fr\/contactez-nous\/\">nous contacter<\/a><\/span><\/strong><br \/>\npour plus d&rsquo;informations.<\/p>\n<h2><span style=\"font-size: 14pt;\">Points forts du produit<\/span><\/h2>\n<p>Structure uniforme et particules stables<\/p>\n<p>Excellentes propri\u00e9t\u00e9s magn\u00e9tiques<\/p>\n<p>R\u00e9sistance \u00e0 l&rsquo;usure et \u00e0 la corrosion<\/p>\n<p>Bonne stabilit\u00e9 \u00e0 haute temp\u00e9rature<\/p>\n<p>Facile \u00e0 traiter et \u00e0 former<\/p>\n<p>Ratios de composition personnalisables disponibles<\/p>\n<p>Conseils d&rsquo;application fournis<\/p>\n<p>Garantie d&rsquo;approvisionnement stable \u00e0 long terme<\/p>\n<h2><span style=\"font-size: 14pt;\">Applications de la poudre d&rsquo;alliage de cobalt et de fer<\/span><\/h2>\n<p><strong>Mat\u00e9riaux magn\u00e9tiques :<\/strong><br \/>\nla poudre d&rsquo;alliage de cobalt et de fer convient \u00e0 la pr\u00e9paration de composants magn\u00e9tiques haute performance, tels que les aimants permanents et les mat\u00e9riaux de noyau de moteur, garantissant la stabilit\u00e9 et la coh\u00e9rence des performances.<\/p>\n<p><strong>Pi\u00e8ces structurelles et r\u00e9sistantes \u00e0 l&rsquo;usure :<\/strong><br \/>\nla poudre d&rsquo;alliage cobalt-fer peut \u00eatre utilis\u00e9e dans le formage par m\u00e9tallurgie des poudres de composants soumis \u00e0 des charges \u00e9lev\u00e9es afin d&rsquo;am\u00e9liorer la r\u00e9sistance \u00e0 l&rsquo;usure et les propri\u00e9t\u00e9s m\u00e9caniques, prolongeant ainsi la dur\u00e9e de vie.<\/p>\n<p><strong>Appareils \u00e9lectroniques et \u00e9nerg\u00e9tiques :<\/strong><br \/>\nla poudre d&rsquo;alliage cobalt-fer peut \u00eatre utilis\u00e9e comme mat\u00e9riau fonctionnel ou additif dans les composants \u00e9lectroniques et les appareils \u00e9nerg\u00e9tiques afin d&rsquo;am\u00e9liorer les performances et la fiabilit\u00e9 des \u00e9quipements.<\/p>\n<h2><span style=\"font-size: 14pt;\">FAQ<\/span><\/h2>\n<p><strong>Q1 : Quelles sont les propri\u00e9t\u00e9s magn\u00e9tiques de la poudre d&rsquo;alliage cobalt-fer ?<\/strong><br \/>\nA1 : Cette poudre poss\u00e8de d&rsquo;excellentes propri\u00e9t\u00e9s magn\u00e9tiques, qui peuvent \u00eatre ajust\u00e9es en fonction du rapport de composition afin de r\u00e9pondre \u00e0 diff\u00e9rentes exigences d&rsquo;application.<\/p>\n<p><strong>Q2 : La taille des particules de poudre a-t-elle une incidence sur la densit\u00e9 de formage ?<\/strong><br \/>\nA2 : Oui, l&rsquo;uniformit\u00e9 de la taille des particules a une incidence directe sur la densit\u00e9 et les propri\u00e9t\u00e9s m\u00e9caniques de la poudre apr\u00e8s compression et frittage.<\/p>\n<p><strong>Q3 : La poudre peut-elle \u00eatre m\u00e9lang\u00e9e \u00e0 d&rsquo;autres m\u00e9taux ou c\u00e9ramiques ?<\/strong><br \/>\nR3 : Oui, elle peut \u00eatre m\u00e9lang\u00e9e \u00e0 diverses poudres m\u00e9talliques ou c\u00e9ramiques pour pr\u00e9parer des mat\u00e9riaux composites ou des rev\u00eatements fonctionnels.<\/p>\n<p><strong>Q4 : Quelles pr\u00e9cautions faut-il prendre lors du stockage de la poudre ?<\/strong><br \/>\nR4 : Il est recommand\u00e9 de la stocker dans un environnement herm\u00e9tique, sec et ventil\u00e9, en \u00e9vitant l&rsquo;humidit\u00e9, la contamination et l&rsquo;exposition prolong\u00e9e \u00e0 l&rsquo;air.<\/p>\n<h2><span style=\"font-size: 14pt;\">Rapports<\/span><\/h2>\n<p>Chaque lot est fourni avec :<\/p>\n<p>Certificat d&rsquo;analyse (COA)<\/p>\n<p>Fiche technique (TDS)<\/p>\n<p>Fiche de donn\u00e9es de s\u00e9curit\u00e9 (MSDS)<\/p>\n<p>Rapports d&rsquo;essais effectu\u00e9s par des tiers disponibles sur demande<\/p>\n<h2><span style=\"font-size: 14pt;\">Pourquoi nous choisir ?<\/span><\/h2>\n<p>Nous nous concentrons sur la recherche et le d\u00e9veloppement ainsi que sur l&rsquo;approvisionnement stable de <strong>poudres d&rsquo;alliages cobalt-fer haute performance<\/strong><br \/>\n. Gr\u00e2ce \u00e0 un syst\u00e8me de gestion de la qualit\u00e9 \u00e9prouv\u00e9 et \u00e0 des capacit\u00e9s de personnalisation flexibles, nous pouvons fournir \u00e0 nos clients des solutions fiables et tra\u00e7ables en mati\u00e8re de poudres, adapt\u00e9es \u00e0 la recherche scientifique et aux applications industrielles, afin de contribuer \u00e0 l&rsquo;efficacit\u00e9 des projets.<\/p>\n","protected":false},"excerpt":{"rendered":"<p>Pr\u00e9sentation de la poudre d&rsquo;alliage cobalt-fer La poudre d&rsquo;alliage cobalt-fer est un mat\u00e9riau m\u00e9tallique haute performance qui poss\u00e8de d&rsquo;excellentes propri\u00e9t\u00e9s magn\u00e9tiques, une bonne r\u00e9sistance \u00e0 l&rsquo;usure et une grande stabilit\u00e9 structurelle. Elle convient \u00e0 la fabrication de composants fonctionnels et \u00e0 la recherche sur les mat\u00e9riaux avanc\u00e9s. Nous pouvons fournir des poudres d&rsquo;alliage cobalt-fer avec [&hellip;]<\/p>\n","protected":false},"featured_media":40257,"template":"","meta":{"_acf_changed":false},"product_brand":[],"product_cat":[276],"product_tag":[4902],"class_list":{"0":"post-40256","1":"product","2":"type-product","3":"status-publish","4":"has-post-thumbnail","6":"product_cat-metaux-purs-et-alliages","7":"product_tag-poudre-dalliage-cobalt-fer","9":"first","10":"instock","11":"shipping-taxable","12":"product-type-variable"},"acf":[],"_links":{"self":[{"href":"https:\/\/ulpmat.com\/fr\/wp-json\/wp\/v2\/product\/40256","targetHints":{"allow":["GET"]}}],"collection":[{"href":"https:\/\/ulpmat.com\/fr\/wp-json\/wp\/v2\/product"}],"about":[{"href":"https:\/\/ulpmat.com\/fr\/wp-json\/wp\/v2\/types\/product"}],"wp:featuredmedia":[{"embeddable":true,"href":"https:\/\/ulpmat.com\/fr\/wp-json\/wp\/v2\/media\/40257"}],"wp:attachment":[{"href":"https:\/\/ulpmat.com\/fr\/wp-json\/wp\/v2\/media?parent=40256"}],"wp:term":[{"taxonomy":"product_brand","embeddable":true,"href":"https:\/\/ulpmat.com\/fr\/wp-json\/wp\/v2\/product_brand?post=40256"},{"taxonomy":"product_cat","embeddable":true,"href":"https:\/\/ulpmat.com\/fr\/wp-json\/wp\/v2\/product_cat?post=40256"},{"taxonomy":"product_tag","embeddable":true,"href":"https:\/\/ulpmat.com\/fr\/wp-json\/wp\/v2\/product_tag?post=40256"}],"curies":[{"name":"wp","href":"https:\/\/api.w.org\/{rel}","templated":true}]}}