{"id":40213,"date":"2025-12-29T16:47:29","date_gmt":"2025-12-29T08:47:29","guid":{"rendered":"https:\/\/ulpmat.com\/product\/alliage-de-cobalt-et-de-fer\/"},"modified":"2025-12-29T16:47:29","modified_gmt":"2025-12-29T08:47:29","slug":"alliage-de-cobalt-et-de-fer","status":"publish","type":"product","link":"https:\/\/ulpmat.com\/fr\/produit\/alliage-de-cobalt-et-de-fer\/","title":{"rendered":"Alliage de cobalt et de fer"},"content":{"rendered":"<h2><span style=\"font-size: 14pt;\">Cible de pulv\u00e9risation en alliage cobalt-fer Pr\u00e9sentation<\/span><\/h2>\n<p>Les cibles de pulv\u00e9risation<br \/>\n<strong><span style=\"color: #0000ff;\"><a style=\"color: #0000ff;\" href=\"https:\/\/ulpmat.com\/fr\/recherche\/?type=element&#038;keyword=Co%2CFe\">en alliage cobalt-fer<\/a><\/span><\/strong><br \/>\nsont des cibles en alliage m\u00e9tallique haute performance qui combinent d&rsquo;excellentes propri\u00e9t\u00e9s magn\u00e9tiques, une r\u00e9sistance \u00e0 l&rsquo;usure et une stabilit\u00e9 structurelle. Elles sont largement utilis\u00e9es dans le d\u00e9p\u00f4t de couches minces et la fabrication de dispositifs \u00e9lectroniques.<\/p>\n<p>Nous pouvons fournir des cibles de pulv\u00e9risation en alliage cobalt-fer de diff\u00e9rentes tailles, proportions de composition et degr\u00e9s de puret\u00e9 en fonction des besoins des clients, et nous proposons \u00e9galement des services de consultation technique et d&rsquo;\u00e9valuation d&rsquo;\u00e9chantillons. Veuillez <strong><span style=\"color: #0000ff;\"><a style=\"color: #0000ff;\" href=\"https:\/\/ulpmat.com\/fr\/contactez-nous\/\">nous contacter<\/a><\/span><\/strong><br \/>\npour plus d&rsquo;informations.<\/p>\n<h2><span style=\"font-size: 14pt;\">Points forts du produit<\/span><\/h2>\n<p>Excellentes propri\u00e9t\u00e9s magn\u00e9tiques<\/p>\n<p>Haute r\u00e9sistance \u00e0 l&rsquo;usure et \u00e0 la corrosion<\/p>\n<p>Bonne stabilit\u00e9 thermique<\/p>\n<p>Convient \u00e0 de multiples processus de pulv\u00e9risation<\/p>\n<p>Personnalisation flexible de la taille et de la composition<\/p>\n<p>Forte capacit\u00e9 d&rsquo;approvisionnement par lots<\/p>\n<p>Assistance technique et apr\u00e8s-vente<\/p>\n<h2><span style=\"font-size: 14pt;\">Applications des cibles de pulv\u00e9risation en alliage cobalt-fer<\/span><\/h2>\n<p><strong>Pr\u00e9paration de films minces magn\u00e9tiques :<\/strong><br \/>\nla cible en alliage cobalt-fer convient \u00e0 la pr\u00e9paration de films minces magn\u00e9tiques haute performance, qui peuvent \u00eatre appliqu\u00e9s \u00e0 des capteurs, des m\u00e9moires et des dispositifs micro\u00e9lectroniques.<\/p>\n<p><strong>Fabrication de composants \u00e9lectroniques :<\/strong><br \/>\nla cible en alliage de cobalt-fer peut \u00eatre utilis\u00e9e pour le d\u00e9p\u00f4t de films minces m\u00e9talliques dans les composants \u00e9lectroniques, garantissant des performances stables et constantes des dispositifs.<\/p>\n<p><strong>Recherche et d\u00e9veloppement de processus :<\/strong><br \/>\nlargement utilis\u00e9e dans les instituts de recherche et les d\u00e9partements R&amp;D des entreprises pour la recherche sur les performances des mat\u00e9riaux de films minces magn\u00e9tiques et l&rsquo;optimisation des param\u00e8tres de processus.<\/p>\n<p><strong>Dispositifs \u00e9nerg\u00e9tiques et fonctionnels :<\/strong><br \/>\nconvient \u00e0 la pr\u00e9paration de dispositifs \u00e9nerg\u00e9tiques et de rev\u00eatements fonctionnels, am\u00e9liorant l&rsquo;efficacit\u00e9 et la stabilit\u00e9 des dispositifs.<\/p>\n<h2><span style=\"font-size: 14pt;\">FAQ<\/span><\/h2>\n<p><strong>Q1 : \u00c0 quels types d&rsquo;\u00e9quipements de pulv\u00e9risation la cible de pulv\u00e9risation en alliage cobalt-fer est-elle adapt\u00e9e ?<\/strong><br \/>\nA1 : Elle peut \u00eatre utilis\u00e9e dans les \u00e9quipements de pulv\u00e9risation courants tels que la pulv\u00e9risation magn\u00e9tron, la pulv\u00e9risation CC et la pulv\u00e9risation RF. Les sp\u00e9cifications sp\u00e9cifiques de la cible sont s\u00e9lectionn\u00e9es en fonction de la puissance et de la taille de l&rsquo;\u00e9quipement.<\/p>\n<p><strong>Q2 : La taille de la cible en alliage cobalt-fer peut-elle \u00eatre personnalis\u00e9e ?<\/strong><br \/>\nR2 : Oui, des cibles de diff\u00e9rents diam\u00e8tres, \u00e9paisseurs et formes peuvent \u00eatre personnalis\u00e9es en fonction des exigences de l&rsquo;\u00e9quipement.<\/p>\n<p><strong>Q3 : Les cibles de pulv\u00e9risation en alliage cobalt-fer sont-elles sujettes \u00e0 la fissuration ou \u00e0 la porosit\u00e9 ?<\/strong><br \/>\nR3 : Ce produit est pr\u00e9par\u00e9 \u00e0 l&rsquo;aide d&rsquo;un processus m\u00e9tallurgique dense, ce qui lui conf\u00e8re une densit\u00e9 \u00e9lev\u00e9e et une structure uniforme, r\u00e9duisant efficacement le risque de fissuration et de porosit\u00e9.<\/p>\n<p><strong>Q4 : Quelles pr\u00e9cautions faut-il prendre lors du stockage de la cible en alliage cobalt-fer ?<\/strong><br \/>\nA4 : Il est recommand\u00e9 de la stocker dans un environnement sec et bien ventil\u00e9, en \u00e9vitant l&rsquo;humidit\u00e9, la contamination et l&rsquo;oxydation prolong\u00e9e afin de maintenir la stabilit\u00e9 des performances de la cible.<\/p>\n<h2><span style=\"font-size: 14pt;\">Rapports<\/span><\/h2>\n<p>Chaque lot est fourni avec :<\/p>\n<p>Certificat d&rsquo;analyse (COA)<\/p>\n<p>Fiche technique (TDS)<\/p>\n<p>Fiche de donn\u00e9es de s\u00e9curit\u00e9 (MSDS)<\/p>\n<p>Rapport d&rsquo;inspection des dimensions<\/p>\n<p>Rapports d&rsquo;essais effectu\u00e9s par des tiers disponibles sur demande<\/p>\n<h2><span style=\"font-size: 14pt;\">Pourquoi nous choisir ?<\/span><\/h2>\n<p>Nous sommes sp\u00e9cialis\u00e9s dans la R&amp;D et la fourniture stable de cibles de pulv\u00e9risation en alliage cobalt-fer haute performance. Gr\u00e2ce \u00e0 un syst\u00e8me de gestion de la qualit\u00e9 \u00e9prouv\u00e9 et \u00e0 des capacit\u00e9s de personnalisation flexibles, nous pouvons fournir \u00e0 nos clients des solutions fiables et tra\u00e7ables adapt\u00e9es \u00e0 la recherche scientifique et aux applications industrielles, contribuant ainsi \u00e0 l&rsquo;avancement efficace des projets.<\/p>\n","protected":false},"excerpt":{"rendered":"<p>Cible de pulv\u00e9risation en alliage cobalt-fer Pr\u00e9sentation Les cibles de pulv\u00e9risation en alliage cobalt-fer sont des cibles en alliage m\u00e9tallique haute performance qui combinent d&rsquo;excellentes propri\u00e9t\u00e9s magn\u00e9tiques, une r\u00e9sistance \u00e0 l&rsquo;usure et une stabilit\u00e9 structurelle. Elles sont largement utilis\u00e9es dans le d\u00e9p\u00f4t de couches minces et la fabrication de dispositifs \u00e9lectroniques. Nous pouvons fournir des [&hellip;]<\/p>\n","protected":false},"featured_media":40214,"template":"","meta":{"_acf_changed":false},"product_brand":[],"product_cat":[560],"product_tag":[380,4896],"class_list":{"0":"post-40213","1":"product","2":"type-product","3":"status-publish","4":"has-post-thumbnail","6":"product_cat-cible-de-pulverisation-dalliage","7":"product_tag-cible-de-pulverisation","8":"product_tag-cible-de-pulverisation-en-alliage-cobalt-fer","10":"first","11":"instock","12":"shipping-taxable","13":"product-type-variable"},"acf":[],"_links":{"self":[{"href":"https:\/\/ulpmat.com\/fr\/wp-json\/wp\/v2\/product\/40213","targetHints":{"allow":["GET"]}}],"collection":[{"href":"https:\/\/ulpmat.com\/fr\/wp-json\/wp\/v2\/product"}],"about":[{"href":"https:\/\/ulpmat.com\/fr\/wp-json\/wp\/v2\/types\/product"}],"wp:featuredmedia":[{"embeddable":true,"href":"https:\/\/ulpmat.com\/fr\/wp-json\/wp\/v2\/media\/40214"}],"wp:attachment":[{"href":"https:\/\/ulpmat.com\/fr\/wp-json\/wp\/v2\/media?parent=40213"}],"wp:term":[{"taxonomy":"product_brand","embeddable":true,"href":"https:\/\/ulpmat.com\/fr\/wp-json\/wp\/v2\/product_brand?post=40213"},{"taxonomy":"product_cat","embeddable":true,"href":"https:\/\/ulpmat.com\/fr\/wp-json\/wp\/v2\/product_cat?post=40213"},{"taxonomy":"product_tag","embeddable":true,"href":"https:\/\/ulpmat.com\/fr\/wp-json\/wp\/v2\/product_tag?post=40213"}],"curies":[{"name":"wp","href":"https:\/\/api.w.org\/{rel}","templated":true}]}}