{"id":40195,"date":"2025-12-29T16:47:30","date_gmt":"2025-12-29T08:47:30","guid":{"rendered":"https:\/\/ulpmat.com\/product\/oxyde-de-fer-et-de-cobalt-2\/"},"modified":"2025-12-29T16:47:30","modified_gmt":"2025-12-29T08:47:30","slug":"oxyde-de-fer-et-de-cobalt-2","status":"publish","type":"product","link":"https:\/\/ulpmat.com\/fr\/produit\/oxyde-de-fer-et-de-cobalt-2\/","title":{"rendered":"Oxyde de fer et de cobalt"},"content":{"rendered":"<h2><span style=\"font-size: 14pt;\">Pr\u00e9sentation de la poudre d&rsquo;oxyde de cobalt et de fer<\/span><\/h2>\n<p>La poudre<br \/>\n<span style=\"color: #0000ff;\"><strong><a style=\"color: #0000ff;\" href=\"https:\/\/ulpmat.com\/fr\/recherche\/?type=name&#038;keyword=Cobalt+iron+oxide\">d&rsquo;oxyde de cobalt et de fer<\/a><\/strong><\/span><br \/>\nest un mat\u00e9riau fonctionnel \u00e0 base d&rsquo;oxyde m\u00e9tallique qui pr\u00e9sente une excellente stabilit\u00e9 magn\u00e9tique et thermique. Elle est largement utilis\u00e9e dans la fabrication de mat\u00e9riaux magn\u00e9tiques, de catalyseurs et de dispositifs \u00e9lectroniques.<\/p>\n<p>Nous proposons <strong>des poudres d&rsquo;oxyde de cobalt et de fer<\/strong><br \/>\ndans diff\u00e9rentes tailles de particules, puret\u00e9s et formes cristallines. Nous proposons des tests d&rsquo;\u00e9chantillons et des conseils sur les processus. Veuillez <span style=\"color: #0000ff;\"><strong><a style=\"color: #0000ff;\" href=\"https:\/\/ulpmat.com\/fr\/contactez-nous\/\">nous contacter<\/a><\/strong><\/span><br \/>\npour obtenir des informations techniques et des suggestions d&rsquo;application.<\/p>\n<h2><span style=\"font-size: 14pt;\">Points forts du produit<\/span><\/h2>\n<p>Propri\u00e9t\u00e9s magn\u00e9tiques stables<\/p>\n<p>Excellente stabilit\u00e9 thermique<\/p>\n<p>Haute r\u00e9sistance \u00e0 la corrosion et stabilit\u00e9 chimique<\/p>\n<p>Facile \u00e0 combiner avec d&rsquo;autres mat\u00e9riaux<\/p>\n<p>Taille des particules et forme cristalline personnalisables<\/p>\n<p>D\u00e9lais de livraison flexibles<\/p>\n<p>Convient aux besoins en mati\u00e8re de R&amp;D et d&rsquo;exp\u00e9rimentation<\/p>\n<h2><span style=\"font-size: 14pt;\">Applications de la poudre d&rsquo;oxyde de cobalt et de fer<\/span><\/h2>\n<p><strong>Mat\u00e9riaux magn\u00e9tiques :<\/strong><br \/>\nla poudre d&rsquo;oxyde de cobalt et de fer peut \u00eatre utilis\u00e9e pour pr\u00e9parer des mat\u00e9riaux magn\u00e9tiques haute performance, tels que des enregistreurs magn\u00e9tiques, des aimants permanents et des capteurs, am\u00e9liorant ainsi la stabilit\u00e9 des propri\u00e9t\u00e9s magn\u00e9tiques.<\/p>\n<p><strong>Pr\u00e9paration de catalyseurs :<\/strong><br \/>\nen tant que catalyseur ou pr\u00e9curseur de support de catalyseur, elle assure une distribution uniforme des composants actifs et am\u00e9liore l&rsquo;efficacit\u00e9 catalytique.<\/p>\n<p><strong>Fabrication de composants \u00e9lectroniques :<\/strong><br \/>\nconvient aux appareils \u00e9lectroniques et au d\u00e9p\u00f4t de couches minces, am\u00e9liorant la stabilit\u00e9 fonctionnelle et la fiabilit\u00e9 des appareils.<\/p>\n<p><strong>Recherche et d\u00e9veloppement de processus :<\/strong><br \/>\nlargement utilis\u00e9e dans les instituts de recherche et les d\u00e9partements de R&amp;D des entreprises pour l&rsquo;\u00e9valuation des performances des mat\u00e9riaux magn\u00e9tiques et l&rsquo;optimisation des param\u00e8tres de processus.<\/p>\n<h2><span style=\"font-size: 14pt;\">FAQ<\/span><\/h2>\n<p><strong>Q1 : Quelles sont les propri\u00e9t\u00e9s magn\u00e9tiques de la poudre d&rsquo;oxyde de cobalt et de fer ?<\/strong><br \/>\nA1 : Cette poudre poss\u00e8de de bonnes propri\u00e9t\u00e9s magn\u00e9tiques, qui peuvent \u00eatre ajust\u00e9es en fonction de la taille et de la composition des particules, ce qui la rend adapt\u00e9e \u00e0 diverses applications magn\u00e9tiques.<\/p>\n<p><strong>Q2 : La taille des particules de poudre a-t-elle une incidence sur l&rsquo;activit\u00e9 du mat\u00e9riau ?<\/strong><br \/>\nA2 : Oui, l&rsquo;uniformit\u00e9 de la taille des particules a une incidence directe sur la dispersibilit\u00e9 du mat\u00e9riau et ses propri\u00e9t\u00e9s catalytiques ou magn\u00e9tiques. La taille appropri\u00e9e des particules doit \u00eatre s\u00e9lectionn\u00e9e en fonction de l&rsquo;application.<\/p>\n<p><strong>Q3 : Cette poudre peut-elle \u00eatre utilis\u00e9e dans des processus \u00e0 haute temp\u00e9rature ?<\/strong><br \/>\nR3 : Oui, cette poudre pr\u00e9sente une excellente stabilit\u00e9 thermique et convient aux processus de frittage \u00e0 haute temp\u00e9rature et de pr\u00e9paration de films minces.<\/p>\n<p><strong>Q4 : Quelles pr\u00e9cautions faut-il prendre lors du stockage de la poudre ?<\/strong><br \/>\nR4 : Il est recommand\u00e9 de la stocker dans un environnement herm\u00e9tique, sec et bien ventil\u00e9, en \u00e9vitant l&rsquo;humidit\u00e9 et la contamination afin de garantir la stabilit\u00e9 des performances de la poudre.<\/p>\n<h2><span style=\"font-size: 14pt;\">Rapports<\/span><\/h2>\n<p>Chaque lot est fourni avec :<\/p>\n<p>Certificat d&rsquo;analyse (COA)<\/p>\n<p>Fiche technique (TDS)<\/p>\n<p>Fiche de donn\u00e9es de s\u00e9curit\u00e9 (MSDS)<\/p>\n<p>Rapports d&rsquo;essais effectu\u00e9s par des tiers disponibles sur demande<\/p>\n<h2><span style=\"font-size: 14pt;\">Pourquoi nous choisir ?<\/span><\/h2>\n<p>Nous sommes sp\u00e9cialis\u00e9s dans la recherche et la fourniture stable de poudres d&rsquo;oxyde de cobalt et de fer haute performance. Gr\u00e2ce \u00e0 un syst\u00e8me de gestion de la qualit\u00e9 complet et \u00e0 des capacit\u00e9s de personnalisation flexibles, nous pouvons fournir \u00e0 nos clients des solutions mat\u00e9rielles fiables et tra\u00e7ables, adapt\u00e9es \u00e0 la recherche scientifique et aux applications industrielles, contribuant ainsi \u00e0 l&rsquo;avancement efficace des projets.<\/p>\n","protected":false},"excerpt":{"rendered":"<p>Pr\u00e9sentation de la poudre d&rsquo;oxyde de cobalt et de fer La poudre d&rsquo;oxyde de cobalt et de fer est un mat\u00e9riau fonctionnel \u00e0 base d&rsquo;oxyde m\u00e9tallique qui pr\u00e9sente une excellente stabilit\u00e9 magn\u00e9tique et thermique. Elle est largement utilis\u00e9e dans la fabrication de mat\u00e9riaux magn\u00e9tiques, de catalyseurs et de dispositifs \u00e9lectroniques. Nous proposons des poudres d&rsquo;oxyde [&hellip;]<\/p>\n","protected":false},"featured_media":40829,"template":"","meta":{"_acf_changed":false},"product_brand":[132],"product_cat":[1184],"product_tag":[4890],"class_list":{"0":"post-40195","1":"product","2":"type-product","3":"status-publish","4":"has-post-thumbnail","6":"product_brand-ulpmat","7":"product_cat-autres-acides","8":"product_tag-poudre-doxyde-de-fer-et-de-cobalt","10":"first","11":"instock","12":"shipping-taxable","13":"product-type-variable"},"acf":[],"_links":{"self":[{"href":"https:\/\/ulpmat.com\/fr\/wp-json\/wp\/v2\/product\/40195","targetHints":{"allow":["GET"]}}],"collection":[{"href":"https:\/\/ulpmat.com\/fr\/wp-json\/wp\/v2\/product"}],"about":[{"href":"https:\/\/ulpmat.com\/fr\/wp-json\/wp\/v2\/types\/product"}],"wp:featuredmedia":[{"embeddable":true,"href":"https:\/\/ulpmat.com\/fr\/wp-json\/wp\/v2\/media\/40829"}],"wp:attachment":[{"href":"https:\/\/ulpmat.com\/fr\/wp-json\/wp\/v2\/media?parent=40195"}],"wp:term":[{"taxonomy":"product_brand","embeddable":true,"href":"https:\/\/ulpmat.com\/fr\/wp-json\/wp\/v2\/product_brand?post=40195"},{"taxonomy":"product_cat","embeddable":true,"href":"https:\/\/ulpmat.com\/fr\/wp-json\/wp\/v2\/product_cat?post=40195"},{"taxonomy":"product_tag","embeddable":true,"href":"https:\/\/ulpmat.com\/fr\/wp-json\/wp\/v2\/product_tag?post=40195"}],"curies":[{"name":"wp","href":"https:\/\/api.w.org\/{rel}","templated":true}]}}