{"id":40171,"date":"2025-12-29T16:47:30","date_gmt":"2025-12-29T08:47:30","guid":{"rendered":"https:\/\/ulpmat.com\/product\/oxyde-de-fer-et-de-cobalt\/"},"modified":"2025-12-29T16:47:30","modified_gmt":"2025-12-29T08:47:30","slug":"oxyde-de-fer-et-de-cobalt","status":"publish","type":"product","link":"https:\/\/ulpmat.com\/fr\/produit\/oxyde-de-fer-et-de-cobalt\/","title":{"rendered":"Oxyde de fer et de cobalt"},"content":{"rendered":"<h2><span style=\"font-size: 14pt;\">Cibles de pulv\u00e9risation en oxyde de cobalt et de fer &#8211; Pr\u00e9sentation<\/span><\/h2>\n<p>Les cibles de pulv\u00e9risation<br \/>\n<strong><span style=\"color: #0000ff;\"><a style=\"color: #0000ff;\" href=\"https:\/\/ulpmat.com\/fr\/recherche\/?type=name&#038;keyword=Cobalt+iron+oxide\">en oxyde de cobalt et de fer<\/a><\/span><\/strong><br \/>\nsont des cibles en oxyde haute performance qui combinent un magn\u00e9tisme stable, une r\u00e9sistance \u00e0 l&rsquo;usure et une stabilit\u00e9 chimique, ce qui les rend largement utilis\u00e9es dans la fabrication de films minces magn\u00e9tiques et de dispositifs \u00e9lectroniques.<\/p>\n<p>Nous proposons des cibles de pulv\u00e9risation en oxyde de cobalt et de fer dans diff\u00e9rentes tailles, formes cristallines et degr\u00e9s de puret\u00e9, et nous offrons des services de consultation technique et d&rsquo;essai d&rsquo;\u00e9chantillons. Veuillez <span style=\"color: #0000ff;\"><strong><a style=\"color: #0000ff;\" href=\"https:\/\/ulpmat.com\/fr\/contactez-nous\/\">nous contacter<\/a><\/strong><\/span><br \/>\npour plus d&rsquo;informations.<\/p>\n<h2><span style=\"font-size: 14pt;\">Points forts du produit<\/span><\/h2>\n<p>Excellentes propri\u00e9t\u00e9s magn\u00e9tiques<\/p>\n<p>R\u00e9sistance \u00e0 l&rsquo;usure et \u00e0 la corrosion<\/p>\n<p>Bonne stabilit\u00e9 thermique<\/p>\n<p>Convient \u00e0 divers proc\u00e9d\u00e9s de pulv\u00e9risation<\/p>\n<p>Personnalisation flexible de la taille et de la forme cristalline<\/p>\n<p>Assistance technique et service apr\u00e8s-vente<\/p>\n<p>Conseils pour le choix des mat\u00e9riaux<\/p>\n<h2><span style=\"font-size: 14pt;\">Applications des cibles de pulv\u00e9risation en oxyde de cobalt et de fer<\/span><\/h2>\n<p><strong>Fabrication de films minces magn\u00e9tiques :<\/strong><br \/>\nles cibles de pulv\u00e9risation en oxyde de cobalt et de fer conviennent \u00e0 la fabrication de films minces magn\u00e9tiques haute performance pour les dispositifs de stockage magn\u00e9tique, les capteurs et les dispositifs micro\u00e9lectroniques, garantissant la stabilit\u00e9 des performances.<\/p>\n<p><strong>D\u00e9p\u00f4t sur dispositifs \u00e9lectroniques :<\/strong><br \/>\npeuvent \u00eatre utilis\u00e9es pour le d\u00e9p\u00f4t de films minces sur des dispositifs \u00e9lectroniques, am\u00e9liorant la stabilit\u00e9 et la fiabilit\u00e9 des fonctionnalit\u00e9s des dispositifs.<\/p>\n<p><strong>Rev\u00eatements fonctionnels catalytiques :<\/strong><br \/>\nadapt\u00e9es \u00e0 la pr\u00e9paration de rev\u00eatements catalytiques fonctionnels, garantissant une distribution uniforme des composants actifs et am\u00e9liorant l&rsquo;efficacit\u00e9 catalytique.<\/p>\n<p><strong>Recherche et d\u00e9veloppement de processus :<\/strong><br \/>\nlargement utilis\u00e9es dans les instituts de recherche et les d\u00e9partements R&amp;D des entreprises pour les tests de performance et l&rsquo;optimisation des param\u00e8tres de processus des mat\u00e9riaux magn\u00e9tiques en couches minces.<\/p>\n<h2><span style=\"font-size: 14pt;\">FAQ<\/span><\/h2>\n<p><strong>Q1 : \u00c0 quel type d&rsquo;\u00e9quipement de pulv\u00e9risation la cible de pulv\u00e9risation en oxyde de cobalt et de fer est-elle adapt\u00e9e ?<\/strong><br \/>\nA1 : Elle peut \u00eatre utilis\u00e9e dans les \u00e9quipements de pulv\u00e9risation magn\u00e9tron, RF et DC. Les sp\u00e9cifications de la cible sont s\u00e9lectionn\u00e9es en fonction de la puissance et de la taille.<\/p>\n<p><strong>Q2 : La forme cristalline de la cible peut-elle \u00eatre personnalis\u00e9e ?<\/strong><br \/>\nA2 : Oui, nous proposons diff\u00e9rentes formes cristallines de cibles en fonction des exigences de l&rsquo;application afin de r\u00e9pondre aux exigences de performance.<\/p>\n<p><strong>Q3 : La cible est-elle sujette \u00e0 la fissuration ou \u00e0 la porosit\u00e9 ?<\/strong><br \/>\nR3 : Pr\u00e9par\u00e9e \u00e0 l&rsquo;aide d&rsquo;un proc\u00e9d\u00e9 m\u00e9tallurgique \u00e0 haute densit\u00e9, la microstructure uniforme r\u00e9duit efficacement le risque de fissuration et de porosit\u00e9.<\/p>\n<p><strong>Q4 : Quelles pr\u00e9cautions faut-il prendre lors du stockage de la cible ?<\/strong><br \/>\nR4 : Il est recommand\u00e9 de la stocker dans un environnement sec et ventil\u00e9, en \u00e9vitant l&rsquo;humidit\u00e9, la contamination et l&rsquo;exposition prolong\u00e9e \u00e0 l&rsquo;air afin de maintenir la stabilit\u00e9 des performances.<\/p>\n<h2><span style=\"font-size: 14pt;\">Rapports<\/span><\/h2>\n<p>Chaque lot est fourni avec :<\/p>\n<p>Certificat d&rsquo;analyse (COA)<\/p>\n<p>Fiche technique (TDS)<\/p>\n<p>Fiche de donn\u00e9es de s\u00e9curit\u00e9 (MSDS)<\/p>\n<p>Rapport d&rsquo;inspection des dimensions<\/p>\n<p>Rapports d&rsquo;essais effectu\u00e9s par des tiers disponibles sur demande<\/p>\n<h2><span style=\"font-size: 14pt;\">Pourquoi nous choisir ?<\/span><\/h2>\n<p>Nous sommes sp\u00e9cialis\u00e9s dans la R&amp;D et la fourniture stable de <strong>cibles de pulv\u00e9risation en oxyde de cobalt et de fer haute performance.<\/strong><br \/>\nGr\u00e2ce \u00e0 un syst\u00e8me de gestion de la qualit\u00e9 \u00e9prouv\u00e9 et \u00e0 des capacit\u00e9s de personnalisation flexibles, nous pouvons fournir \u00e0 nos clients des solutions fiables et tra\u00e7ables adapt\u00e9es \u00e0 la recherche scientifique et aux applications industrielles, contribuant ainsi \u00e0 l&rsquo;avancement efficace des projets.<\/p>\n","protected":false},"excerpt":{"rendered":"<p>Cibles de pulv\u00e9risation en oxyde de cobalt et de fer &#8211; Pr\u00e9sentation Les cibles de pulv\u00e9risation en oxyde de cobalt et de fer sont des cibles en oxyde haute performance qui combinent un magn\u00e9tisme stable, une r\u00e9sistance \u00e0 l&rsquo;usure et une stabilit\u00e9 chimique, ce qui les rend largement utilis\u00e9es dans la fabrication de films minces [&hellip;]<\/p>\n","protected":false},"featured_media":40172,"template":"","meta":{"_acf_changed":false},"product_brand":[],"product_cat":[449],"product_tag":[4878,4879],"class_list":{"0":"post-40171","1":"product","2":"type-product","3":"status-publish","4":"has-post-thumbnail","6":"product_cat-cible-de-pulverisation-ceramique","7":"product_tag-cible-de-pulverisation-cathodique-en-oxyde-de-fer-et-de-cobalt","8":"product_tag-oxyde-de-fer-et-de-cobalt","10":"first","11":"instock","12":"shipping-taxable","13":"product-type-variable"},"acf":[],"_links":{"self":[{"href":"https:\/\/ulpmat.com\/fr\/wp-json\/wp\/v2\/product\/40171","targetHints":{"allow":["GET"]}}],"collection":[{"href":"https:\/\/ulpmat.com\/fr\/wp-json\/wp\/v2\/product"}],"about":[{"href":"https:\/\/ulpmat.com\/fr\/wp-json\/wp\/v2\/types\/product"}],"wp:featuredmedia":[{"embeddable":true,"href":"https:\/\/ulpmat.com\/fr\/wp-json\/wp\/v2\/media\/40172"}],"wp:attachment":[{"href":"https:\/\/ulpmat.com\/fr\/wp-json\/wp\/v2\/media?parent=40171"}],"wp:term":[{"taxonomy":"product_brand","embeddable":true,"href":"https:\/\/ulpmat.com\/fr\/wp-json\/wp\/v2\/product_brand?post=40171"},{"taxonomy":"product_cat","embeddable":true,"href":"https:\/\/ulpmat.com\/fr\/wp-json\/wp\/v2\/product_cat?post=40171"},{"taxonomy":"product_tag","embeddable":true,"href":"https:\/\/ulpmat.com\/fr\/wp-json\/wp\/v2\/product_tag?post=40171"}],"curies":[{"name":"wp","href":"https:\/\/api.w.org\/{rel}","templated":true}]}}