{"id":39888,"date":"2025-12-29T16:47:14","date_gmt":"2025-12-29T08:47:14","guid":{"rendered":"https:\/\/ulpmat.com\/product\/metal-cobalt-4\/"},"modified":"2025-12-29T16:47:14","modified_gmt":"2025-12-29T08:47:14","slug":"metal-cobalt-4","status":"publish","type":"product","link":"https:\/\/ulpmat.com\/fr\/produit\/metal-cobalt-4\/","title":{"rendered":"M\u00e9tal cobalt"},"content":{"rendered":"<p>Les tiges <span style=\"color: #0000ff;\"><strong><a style=\"color: #0000ff;\" href=\"https:\/\/ulpmat.com\/fr\/recherche\/?type=name&#038;keyword=cobalt+metal\">m\u00e9talliques en cobalt<\/a><\/strong><\/span><br \/>\n, gr\u00e2ce \u00e0 leur excellente r\u00e9sistance \u00e0 la corrosion et leur grande solidit\u00e9, sont largement utilis\u00e9es dans la fabrication de composants \u00e9lectroniques, d&rsquo;alliages et d&rsquo;\u00e9quipements \u00e0 haute temp\u00e9rature.<\/p>\n<p>Nous proposons des tiges m\u00e9talliques en cobalt sur mesure pour r\u00e9pondre aux divers besoins de la fabrication industrielle. <span style=\"color: #0000ff;\"><strong><a style=\"color: #0000ff;\" href=\"https:\/\/ulpmat.com\/fr\/contactez-nous\/\">Contactez-nous<\/a><\/strong><\/span><br \/>\npour plus de d\u00e9tails.<\/p>\n<h2><span style=\"font-size: 14pt;\">Points forts du produit<\/span><\/h2>\n<p>Une grande puret\u00e9 garantit des performances sup\u00e9rieures<\/p>\n<p>Excellente r\u00e9sistance \u00e0 la corrosion, adapt\u00e9e aux environnements extr\u00eames<\/p>\n<p>La haute r\u00e9sistance garantit une stabilit\u00e9 \u00e0 long terme<\/p>\n<p>Bonne usinabilit\u00e9, adapt\u00e9e \u00e0 l&rsquo;usinage de pr\u00e9cision<\/p>\n<p>Tailles personnalisables pour r\u00e9pondre \u00e0 diff\u00e9rentes exigences d&rsquo;application<\/p>\n<p>Un contr\u00f4le qualit\u00e9 strict garantit la coh\u00e9rence de chaque tige m\u00e9tallique<\/p>\n<h2><span style=\"font-size: 14pt;\">Applications des tiges m\u00e9talliques en cobalt<\/span><\/h2>\n<p><strong>Production d&rsquo;alliages :<\/strong><br \/>\nles tiges m\u00e9talliques en cobalt sont une mati\u00e8re premi\u00e8re importante pour la fabrication d&rsquo;alliages \u00e0 haute r\u00e9sistance et haute temp\u00e9rature, utilis\u00e9s dans l&rsquo;a\u00e9rospatiale et les \u00e9quipements industriels \u00e0 haute temp\u00e9rature.<\/p>\n<p><strong>Fabrication \u00e9lectronique :<\/strong><br \/>\nutilis\u00e9es dans la production de composants \u00e9lectroniques, tels que les mat\u00e9riaux de contact, les \u00e9lectrodes de batterie et les capteurs, elles garantissent stabilit\u00e9 et longue dur\u00e9e de vie.<\/p>\n<p><strong>Catalyseurs :<\/strong><br \/>\nlargement utilis\u00e9es dans le domaine p\u00e9trochimique et dans d&rsquo;autres domaines li\u00e9s aux catalyseurs, elles permettent des r\u00e9actions catalytiques efficaces.<\/p>\n<p><strong>Dispositifs m\u00e9dicaux :<\/strong><br \/>\nelles pr\u00e9sentent une bonne biocompatibilit\u00e9 et conviennent \u00e0 la fabrication de certains dispositifs m\u00e9dicaux, tels que les proth\u00e8ses articulaires et les implants.<\/p>\n<h2><span style=\"font-size: 14pt;\">FAQ<\/span><\/h2>\n<p><strong>Q1 : Quelle est la r\u00e9sistance des tiges m\u00e9talliques en cobalt ?<\/strong><br \/>\nA1 : Les tiges m\u00e9talliques en cobalt ont une r\u00e9sistance m\u00e9canique extr\u00eamement \u00e9lev\u00e9e, ce qui les rend adapt\u00e9es \u00e0 une utilisation dans des environnements soumis \u00e0 des charges \u00e9lev\u00e9es et \u00e0 des conditions difficiles.<\/p>\n<p><strong>Q2 : Les tiges m\u00e9talliques en cobalt sont-elles disponibles dans des dimensions personnalis\u00e9es ?<\/strong><br \/>\nA2 : Oui, nous proposons des longueurs, des diam\u00e8tres et d&rsquo;autres sp\u00e9cifications personnalis\u00e9es pour r\u00e9pondre \u00e0 vos besoins sp\u00e9cifiques.<\/p>\n<p><strong>Q3 : Comment doivent-elles \u00eatre stock\u00e9es ?<\/strong><br \/>\nR3 : Elles doivent \u00eatre stock\u00e9es dans un endroit sec et frais, \u00e0 l&rsquo;abri de l&rsquo;humidit\u00e9 et des substances corrosives.<\/p>\n<p><strong>Q4 : Quelles sont les applications industrielles adapt\u00e9es aux tiges de cobalt ?<\/strong><br \/>\nR4 : Elles sont largement utilis\u00e9es dans les alliages \u00e0 haute r\u00e9sistance, les composants \u00e9lectroniques, les batteries et les catalyseurs, et sont particuli\u00e8rement adapt\u00e9es aux environnements \u00e0 haute temp\u00e9rature et hautement corrosifs.<\/p>\n<h2><span style=\"font-size: 14pt;\">Rapports<\/span><\/h2>\n<p>Chaque lot est fourni avec :<\/p>\n<p>Certificat d&rsquo;analyse (COA)<\/p>\n<p>Fiche technique (TDS)<\/p>\n<p>Fiche de donn\u00e9es de s\u00e9curit\u00e9 (MSDS)<\/p>\n<p>Rapport d&rsquo;inspection des dimensions<\/p>\n<p>Rapports d&rsquo;essais effectu\u00e9s par des tiers disponibles sur demande<\/p>\n<h2><span style=\"font-size: 14pt;\">Pourquoi nous choisir ?<\/span><\/h2>\n<p>Nos tiges m\u00e9talliques en cobalt offrent une puret\u00e9 et une stabilit\u00e9 exceptionnelles, associ\u00e9es \u00e0 des services personnalis\u00e9s et \u00e0 <strong>un support apr\u00e8s-vente<\/strong><br \/>\nprofessionnel, assurant une protection compl\u00e8te pour vos diff\u00e9rentes applications. Nous nous engageons \u00e0 devenir votre partenaire fiable \u00e0 long terme.<\/p>\n","protected":false},"excerpt":{"rendered":"<p>Les tiges m\u00e9talliques en cobalt , gr\u00e2ce \u00e0 leur excellente r\u00e9sistance \u00e0 la corrosion et leur grande solidit\u00e9, sont largement utilis\u00e9es dans la fabrication de composants \u00e9lectroniques, d&rsquo;alliages et d&rsquo;\u00e9quipements \u00e0 haute temp\u00e9rature. Nous proposons des tiges m\u00e9talliques en cobalt sur mesure pour r\u00e9pondre aux divers besoins de la fabrication industrielle. Contactez-nous pour plus de [&hellip;]<\/p>\n","protected":false},"featured_media":40845,"template":"","meta":{"_acf_changed":false},"product_brand":[],"product_cat":[394],"product_tag":[4800],"class_list":{"0":"post-39888","1":"product","2":"type-product","3":"status-publish","4":"has-post-thumbnail","6":"product_cat-autres-materiaux","7":"product_tag-metal-cobalt-tige","9":"first","10":"instock","11":"shipping-taxable","12":"product-type-variable"},"acf":[],"_links":{"self":[{"href":"https:\/\/ulpmat.com\/fr\/wp-json\/wp\/v2\/product\/39888","targetHints":{"allow":["GET"]}}],"collection":[{"href":"https:\/\/ulpmat.com\/fr\/wp-json\/wp\/v2\/product"}],"about":[{"href":"https:\/\/ulpmat.com\/fr\/wp-json\/wp\/v2\/types\/product"}],"wp:featuredmedia":[{"embeddable":true,"href":"https:\/\/ulpmat.com\/fr\/wp-json\/wp\/v2\/media\/40845"}],"wp:attachment":[{"href":"https:\/\/ulpmat.com\/fr\/wp-json\/wp\/v2\/media?parent=39888"}],"wp:term":[{"taxonomy":"product_brand","embeddable":true,"href":"https:\/\/ulpmat.com\/fr\/wp-json\/wp\/v2\/product_brand?post=39888"},{"taxonomy":"product_cat","embeddable":true,"href":"https:\/\/ulpmat.com\/fr\/wp-json\/wp\/v2\/product_cat?post=39888"},{"taxonomy":"product_tag","embeddable":true,"href":"https:\/\/ulpmat.com\/fr\/wp-json\/wp\/v2\/product_tag?post=39888"}],"curies":[{"name":"wp","href":"https:\/\/api.w.org\/{rel}","templated":true}]}}