{"id":39852,"date":"2025-12-29T16:47:14","date_gmt":"2025-12-29T08:47:14","guid":{"rendered":"https:\/\/ulpmat.com\/product\/metal-cobalt-3\/"},"modified":"2025-12-29T16:47:14","modified_gmt":"2025-12-29T08:47:14","slug":"metal-cobalt-3","status":"publish","type":"product","link":"https:\/\/ulpmat.com\/fr\/produit\/metal-cobalt-3\/","title":{"rendered":"M\u00e9tal cobalt"},"content":{"rendered":"<h2><span style=\"font-size: 14pt;\">Pr\u00e9sentation de la poudre m\u00e9tallique de cobalt<\/span><\/h2>\n<p>La poudre<br \/>\n<strong><span style=\"color: #0000ff;\"><a style=\"color: #0000ff;\" href=\"https:\/\/ulpmat.com\/fr\/recherche\/?type=name&#038;keyword=cobalt+metal\">m\u00e9tallique de cobalt<\/a><\/span><\/strong><br \/>\n, gr\u00e2ce \u00e0 son excellente conductivit\u00e9 \u00e9lectrique et ses propri\u00e9t\u00e9s m\u00e9caniques, est largement utilis\u00e9e dans la m\u00e9tallurgie des poudres, la production de catalyseurs et la fabrication d&rsquo;alliages.<\/p>\n<p>Nous proposons <strong>de la poudre m\u00e9tallique de cobalt de haute puret\u00e9<\/strong><br \/>\npour r\u00e9pondre \u00e0 divers besoins industriels. <strong><span style=\"color: #0000ff;\"><a style=\"color: #0000ff;\" href=\"https:\/\/ulpmat.com\/fr\/contactez-nous\/\">Contactez-nous<\/a><\/span><\/strong><br \/>\npour obtenir des solutions personnalis\u00e9es.<\/p>\n<h2><span style=\"font-size: 14pt;\">Points forts du produit<\/span><\/h2>\n<p>Haute puret\u00e9 garantissant des performances optimales.<\/p>\n<p>Taille de particules irr\u00e9guli\u00e8re adapt\u00e9e aux applications de m\u00e9tallurgie des poudres.<\/p>\n<p>Excellente conductivit\u00e9 \u00e9lectrique, adapt\u00e9e aux batteries et aux composants \u00e9lectroniques.<\/p>\n<p>Bonne r\u00e9sistance \u00e0 la corrosion, adapt\u00e9e aux environnements difficiles.<\/p>\n<p>Haute r\u00e9sistance garantissant une utilisation stable \u00e0 long terme.<\/p>\n<p>Services personnalis\u00e9s pour r\u00e9pondre \u00e0 diff\u00e9rentes exigences en mati\u00e8re de taille et de sp\u00e9cifications<\/p>\n<h2><span style=\"font-size: 14pt;\">. Applications de la poudre de cobalt m\u00e9tallique<\/span><\/h2>\n<p><strong>M\u00e9tallurgie des poudres :<\/strong><br \/>\nlargement utilis\u00e9e dans la m\u00e9tallurgie des poudres, elle convient \u00e0 la fabrication de pi\u00e8ces de haute pr\u00e9cision, garantissant la qualit\u00e9 et la r\u00e9sistance des produits.<\/p>\n<p><strong>Catalyseurs :<\/strong><br \/>\nutilis\u00e9 dans l&rsquo;industrie chimique comme composant essentiel des r\u00e9actions catalytiques, am\u00e9liorant l&rsquo;efficacit\u00e9 des r\u00e9actions, et largement utilis\u00e9 dans l&rsquo;industrie p\u00e9trochimique.<\/p>\n<p><strong>Production d&rsquo;alliages :<\/strong><br \/>\nconvient \u00e0 la fabrication de mat\u00e9riaux en alliages \u00e0 haute temp\u00e9rature, am\u00e9liorant la r\u00e9sistance et la r\u00e9sistance \u00e0 la corrosion des produits, et largement utilis\u00e9 dans la fabrication a\u00e9rospatiale et automobile.<\/p>\n<p><strong>Fabrication \u00e9lectronique :<\/strong><br \/>\ndans la production de composants \u00e9lectroniques, la poudre de cobalt offre une excellente conductivit\u00e9, garantissant la stabilit\u00e9 des appareils.<\/p>\n<h2><span style=\"font-size: 14pt;\">FAQ<\/span><\/h2>\n<p><strong>Q1 : Quelle est la puret\u00e9 de la poudre m\u00e9tallique irr\u00e9guli\u00e8re de cobalt ?<\/strong><br \/>\nA1 : Notre poudre m\u00e9tallique irr\u00e9guli\u00e8re de cobalt pr\u00e9sente une puret\u00e9 pouvant atteindre 99,99 %, garantissant la stabilit\u00e9 dans diverses applications de pr\u00e9cision.<\/p>\n<p><strong>Q2 : \u00c0 quelles industries convient-elle ?<\/strong><br \/>\nA2 : Elle convient \u00e0 de nombreuses industries, notamment la m\u00e9tallurgie des poudres, les catalyseurs, la production d&rsquo;alliages et la fabrication de composants \u00e9lectroniques.<\/p>\n<p><strong>Q3 : La poudre m\u00e9tallique de cobalt peut-elle \u00eatre personnalis\u00e9e ?<\/strong><br \/>\nA3 : Oui, nous proposons des services de personnalisation. Vous pouvez choisir diff\u00e9rentes tailles de particules et sp\u00e9cifications en fonction de vos besoins.<\/p>\n<p><strong>Q4 : Comment la poudre de cobalt doit-elle \u00eatre stock\u00e9e ?<\/strong><br \/>\nR4 : Elle doit \u00eatre stock\u00e9e dans un environnement sec et frais, \u00e0 l&rsquo;abri de l&rsquo;humidit\u00e9 et des gaz corrosifs.<\/p>\n<h2><span style=\"font-size: 14pt;\">Rapports<\/span><\/h2>\n<p>Chaque lot est fourni avec :<\/p>\n<p>Certificat d&rsquo;analyse (COA)<\/p>\n<p>Fiche technique (TDS)<\/p>\n<p>Fiche de donn\u00e9es de s\u00e9curit\u00e9 (MSDS)<\/p>\n<p>Rapports d&rsquo;essais effectu\u00e9s par des tiers disponibles sur demande<\/p>\n<h2><span style=\"font-size: 14pt;\">Pourquoi nous choisir ?<\/span><\/h2>\n<p>Nos poudres m\u00e9talliques irr\u00e9guli\u00e8res de cobalt se caract\u00e9risent par leur haute puret\u00e9 et leurs excellentes performances. Associ\u00e9es \u00e0 des services personnalis\u00e9s et \u00e0 un service apr\u00e8s-vente professionnel, nous garantissons des solutions mat\u00e9rielles fiables pour vos projets.<\/p>\n","protected":false},"excerpt":{"rendered":"<p>Pr\u00e9sentation de la poudre m\u00e9tallique de cobalt La poudre m\u00e9tallique de cobalt , gr\u00e2ce \u00e0 son excellente conductivit\u00e9 \u00e9lectrique et ses propri\u00e9t\u00e9s m\u00e9caniques, est largement utilis\u00e9e dans la m\u00e9tallurgie des poudres, la production de catalyseurs et la fabrication d&rsquo;alliages. Nous proposons de la poudre m\u00e9tallique de cobalt de haute puret\u00e9 pour r\u00e9pondre \u00e0 divers besoins [&hellip;]<\/p>\n","protected":false},"featured_media":39853,"template":"","meta":{"_acf_changed":false},"product_brand":[],"product_cat":[276],"product_tag":[4794],"class_list":{"0":"post-39852","1":"product","2":"type-product","3":"status-publish","4":"has-post-thumbnail","6":"product_cat-metaux-purs-et-alliages","7":"product_tag-poudre-de-metal-cobalt","9":"first","10":"instock","11":"shipping-taxable","12":"product-type-variable"},"acf":[],"_links":{"self":[{"href":"https:\/\/ulpmat.com\/fr\/wp-json\/wp\/v2\/product\/39852","targetHints":{"allow":["GET"]}}],"collection":[{"href":"https:\/\/ulpmat.com\/fr\/wp-json\/wp\/v2\/product"}],"about":[{"href":"https:\/\/ulpmat.com\/fr\/wp-json\/wp\/v2\/types\/product"}],"wp:featuredmedia":[{"embeddable":true,"href":"https:\/\/ulpmat.com\/fr\/wp-json\/wp\/v2\/media\/39853"}],"wp:attachment":[{"href":"https:\/\/ulpmat.com\/fr\/wp-json\/wp\/v2\/media?parent=39852"}],"wp:term":[{"taxonomy":"product_brand","embeddable":true,"href":"https:\/\/ulpmat.com\/fr\/wp-json\/wp\/v2\/product_brand?post=39852"},{"taxonomy":"product_cat","embeddable":true,"href":"https:\/\/ulpmat.com\/fr\/wp-json\/wp\/v2\/product_cat?post=39852"},{"taxonomy":"product_tag","embeddable":true,"href":"https:\/\/ulpmat.com\/fr\/wp-json\/wp\/v2\/product_tag?post=39852"}],"curies":[{"name":"wp","href":"https:\/\/api.w.org\/{rel}","templated":true}]}}