{"id":39840,"date":"2025-12-29T16:47:15","date_gmt":"2025-12-29T08:47:15","guid":{"rendered":"https:\/\/ulpmat.com\/product\/metal-cobalt-2\/"},"modified":"2025-12-29T16:47:15","modified_gmt":"2025-12-29T08:47:15","slug":"metal-cobalt-2","status":"publish","type":"product","link":"https:\/\/ulpmat.com\/fr\/produit\/metal-cobalt-2\/","title":{"rendered":"M\u00e9tal cobalt"},"content":{"rendered":"<h2><span style=\"font-size: 14pt;\">Poudre sph\u00e9rique de cobalt &#8211; Pr\u00e9sentation<\/span><\/h2>\n<p>La poudre sph\u00e9rique<br \/>\n<strong><span style=\"color: #0000ff;\"><a style=\"color: #0000ff;\" href=\"https:\/\/ulpmat.com\/fr\/recherche\/?type=name&#038;keyword=cobalt+metal\">de cobalt m\u00e9tallique<\/a><\/span><\/strong><br \/>\noffre une excellente fluidit\u00e9 et une distribution uniforme des particules, ce qui la rend largement applicable dans la fabrication de haute pr\u00e9cision, la m\u00e9tallurgie des poudres et l&rsquo;impression 3D.<\/p>\n<p>Nous proposons une poudre m\u00e9tallique sph\u00e9rique de cobalt de haute puret\u00e9 adapt\u00e9e \u00e0 l&rsquo;usinage de pr\u00e9cision et aux besoins personnalis\u00e9s. <span style=\"color: #0000ff;\"><strong><a style=\"color: #0000ff;\" href=\"https:\/\/ulpmat.com\/fr\/contactez-nous\/\">Contactez-nous<\/a><\/strong><\/span><br \/>\npour plus de d\u00e9tails sur le produit.<\/p>\n<h2><span style=\"font-size: 14pt;\">Points forts du produit<\/span><\/h2>\n<p>La haute puret\u00e9 garantit une excellente conductivit\u00e9 \u00e9lectrique et une bonne r\u00e9sistance \u00e0 la corrosion.<\/p>\n<p>Les particules sph\u00e9riques offrent une meilleure fluidit\u00e9 et un meilleur compactage.<\/p>\n<p>Les particules fines garantissent des applications de haute pr\u00e9cision.<\/p>\n<p>Excellentes performances \u00e0 haute temp\u00e9rature, adaptables aux environnements difficiles.<\/p>\n<p>Bonne usinabilit\u00e9, adapt\u00e9e \u00e0 la m\u00e9tallurgie des poudres et \u00e0 l&rsquo;impression 3D.<\/p>\n<p>Un contr\u00f4le qualit\u00e9 strict garantit la coh\u00e9rence et la stabilit\u00e9 du produit.<\/p>\n<h2><span style=\"font-size: 14pt;\">Applications de la poudre sph\u00e9rique de cobalt<\/span><\/h2>\n<p><strong>M\u00e9tallurgie des poudres :<\/strong><br \/>\nla poudre sph\u00e9rique de cobalt m\u00e9tallique est adapt\u00e9e \u00e0 la fabrication de pi\u00e8ces de m\u00e9tallurgie des poudres de haute pr\u00e9cision, garantissant d&rsquo;excellents r\u00e9sultats de formage et une qualit\u00e9 optimale des produits.<\/p>\n<p><strong>Impression 3D :<\/strong><br \/>\nla poudre de cobalt m\u00e9tallique peut \u00eatre utilis\u00e9e dans les processus de fabrication additive, offrant une impression de haute pr\u00e9cision adapt\u00e9e \u00e0 des industries telles que l&rsquo;a\u00e9rospatiale.<\/p>\n<p><strong>Mat\u00e9riaux magn\u00e9tiques :<\/strong><br \/>\nla poudre de cobalt am\u00e9liore les propri\u00e9t\u00e9s magn\u00e9tiques dans la production de mat\u00e9riaux \u00e0 aimants permanents, trouvant de nombreuses applications dans les moteurs et les capteurs.<\/p>\n<p><strong>Industrie \u00e9lectronique :<\/strong><br \/>\nutilis\u00e9e dans les mat\u00e9riaux d&rsquo;\u00e9lectrodes de batteries et les composants \u00e9lectriques \u00e0 haut rendement, elle offre une conductivit\u00e9 et une durabilit\u00e9 stables.<\/p>\n<h2><span style=\"font-size: 14pt;\">FAQ<\/span><\/h2>\n<p><strong>Q1 : Quelle est la distribution des particules de la poudre m\u00e9tallique sph\u00e9rique de cobalt ?<\/strong><br \/>\nA1 : Notre poudre sph\u00e9rique de cobalt a une distribution uniforme des particules, adapt\u00e9e aux applications n\u00e9cessitant une haute pr\u00e9cision, telles que l&rsquo;impression 3D et la m\u00e9tallurgie des poudres.<\/p>\n<p><strong>Q2 : Quelles sont les applications adapt\u00e9es \u00e0 la poudre sph\u00e9rique de cobalt ?<\/strong><br \/>\nA2 : Elle est largement utilis\u00e9e dans l&rsquo;impression 3D, la m\u00e9tallurgie des poudres, les mat\u00e9riaux magn\u00e9tiques et les composants \u00e9lectroniques, entre autres domaines.<\/p>\n<p><strong>Q3 : La poudre sph\u00e9rique de cobalt est-elle facile \u00e0 stocker ?<\/strong><br \/>\nR3 : La poudre sph\u00e9rique de cobalt doit \u00eatre stock\u00e9e dans un environnement sec et bien ventil\u00e9, \u00e0 l&rsquo;abri de l&rsquo;humidit\u00e9 et des substances corrosives qui pourraient alt\u00e9rer sa qualit\u00e9.<\/p>\n<p><strong>Q4 : Quelle est la puret\u00e9 de la poudre sph\u00e9rique de cobalt ?<\/strong><br \/>\nR4 : La poudre sph\u00e9rique de cobalt que nous proposons affiche une puret\u00e9 pouvant atteindre 99,9 %, garantissant d&rsquo;excellentes performances dans les applications.<\/p>\n<h2><span style=\"font-size: 14pt;\">Rapports<\/span><\/h2>\n<p>Chaque lot est fourni avec :<\/p>\n<p>Certificat d&rsquo;analyse (COA)<\/p>\n<p>Fiche technique (TDS)<\/p>\n<p>Fiche de donn\u00e9es de s\u00e9curit\u00e9 (MSDS)<\/p>\n<p>Rapports d&rsquo;essais effectu\u00e9s par des tiers disponibles sur demande<\/p>\n<h2><span style=\"font-size: 14pt;\">Pourquoi nous choisir ?<\/span><\/h2>\n<p>Nos poudres m\u00e9talliques sph\u00e9riques de cobalt offrent une grande puret\u00e9 et des performances stables. Associ\u00e9es \u00e0 des services personnalis\u00e9s et \u00e0 un support apr\u00e8s-vente professionnel, nous vous garantissons la meilleure solution pour vos projets.<\/p>\n","protected":false},"excerpt":{"rendered":"<p>Poudre sph\u00e9rique de cobalt &#8211; Pr\u00e9sentation La poudre sph\u00e9rique de cobalt m\u00e9tallique offre une excellente fluidit\u00e9 et une distribution uniforme des particules, ce qui la rend largement applicable dans la fabrication de haute pr\u00e9cision, la m\u00e9tallurgie des poudres et l&rsquo;impression 3D. Nous proposons une poudre m\u00e9tallique sph\u00e9rique de cobalt de haute puret\u00e9 adapt\u00e9e \u00e0 l&rsquo;usinage [&hellip;]<\/p>\n","protected":false},"featured_media":39841,"template":"","meta":{"_acf_changed":false},"product_brand":[],"product_cat":[1141],"product_tag":[4788],"class_list":{"0":"post-39840","1":"product","2":"type-product","3":"status-publish","4":"has-post-thumbnail","6":"product_cat-impression-3d-de-poudre-spherique","7":"product_tag-poudre-spherique-de-cobalt-metal","9":"first","10":"instock","11":"shipping-taxable","12":"product-type-variable"},"acf":[],"_links":{"self":[{"href":"https:\/\/ulpmat.com\/fr\/wp-json\/wp\/v2\/product\/39840","targetHints":{"allow":["GET"]}}],"collection":[{"href":"https:\/\/ulpmat.com\/fr\/wp-json\/wp\/v2\/product"}],"about":[{"href":"https:\/\/ulpmat.com\/fr\/wp-json\/wp\/v2\/types\/product"}],"wp:featuredmedia":[{"embeddable":true,"href":"https:\/\/ulpmat.com\/fr\/wp-json\/wp\/v2\/media\/39841"}],"wp:attachment":[{"href":"https:\/\/ulpmat.com\/fr\/wp-json\/wp\/v2\/media?parent=39840"}],"wp:term":[{"taxonomy":"product_brand","embeddable":true,"href":"https:\/\/ulpmat.com\/fr\/wp-json\/wp\/v2\/product_brand?post=39840"},{"taxonomy":"product_cat","embeddable":true,"href":"https:\/\/ulpmat.com\/fr\/wp-json\/wp\/v2\/product_cat?post=39840"},{"taxonomy":"product_tag","embeddable":true,"href":"https:\/\/ulpmat.com\/fr\/wp-json\/wp\/v2\/product_tag?post=39840"}],"curies":[{"name":"wp","href":"https:\/\/api.w.org\/{rel}","templated":true}]}}