{"id":39798,"date":"2025-12-29T16:47:15","date_gmt":"2025-12-29T08:47:15","guid":{"rendered":"https:\/\/ulpmat.com\/product\/metal-cobalt\/"},"modified":"2025-12-29T16:47:15","modified_gmt":"2025-12-29T08:47:15","slug":"metal-cobalt","status":"publish","type":"product","link":"https:\/\/ulpmat.com\/fr\/produit\/metal-cobalt\/","title":{"rendered":"M\u00e9tal cobalt"},"content":{"rendered":"<h2><span style=\"font-size: 14pt;\">Pr\u00e9sentation des cibles de pulv\u00e9risation en cobalt<\/span><\/h2>\n<p>Les cibles de pulv\u00e9risation<br \/>\n<strong><span style=\"color: #0000ff;\"><a style=\"color: #0000ff;\" href=\"https:\/\/ulpmat.com\/fr\/recherche\/?type=name&#038;keyword=cobalt+metal\">en cobalt m\u00e9tallique<\/a><\/span><\/strong><br \/>\nposs\u00e8dent une excellente conductivit\u00e9 et une grande stabilit\u00e9 \u00e0 haute temp\u00e9rature, ce qui les rend tr\u00e8s utilis\u00e9es dans la fabrication de mat\u00e9riaux \u00e9lectroniques, \u00e0 couche mince et opto\u00e9lectroniques.<\/p>\n<p>Nous proposons des cibles de pulv\u00e9risation en cobalt m\u00e9tallique de haute puret\u00e9 pour r\u00e9pondre \u00e0 divers besoins en mati\u00e8re de d\u00e9p\u00f4t de couches minces. <strong><span style=\"color: #0000ff;\"><a style=\"color: #0000ff;\" href=\"https:\/\/ulpmat.com\/fr\/contactez-nous\/\">Contactez-nous<\/a><\/span><\/strong><br \/>\npour obtenir des solutions personnalis\u00e9es.<\/p>\n<h2><span style=\"font-size: 14pt;\">Points forts du produit<\/span><\/h2>\n<p>La haute puret\u00e9 garantit des performances de pulv\u00e9risation stables.<\/p>\n<p>Bonne conductivit\u00e9, adapt\u00e9e \u00e0 un d\u00e9p\u00f4t efficace de couches minces.<\/p>\n<p>Forte stabilit\u00e9 \u00e0 haute temp\u00e9rature, adapt\u00e9e aux environnements \u00e0 haute temp\u00e9rature.<\/p>\n<p>La haute densit\u00e9 garantit un effet de pulv\u00e9risation uniforme.<\/p>\n<p>Tailles personnalisables pour r\u00e9pondre aux diff\u00e9rentes exigences des \u00e9quipements.<\/p>\n<p>Un contr\u00f4le qualit\u00e9 strict garantit la coh\u00e9rence et les performances \u00e9lev\u00e9es du produit.<\/p>\n<h2><span style=\"font-size: 14pt;\">Applications des cibles de pulv\u00e9risation en cobalt<\/span><\/h2>\n<p><strong>Fabrication de semi-conducteurs :<\/strong><br \/>\nles cibles de pulv\u00e9risation en cobalt sont des mat\u00e9riaux cl\u00e9s pour la fabrication de couches minces et de circuits int\u00e9gr\u00e9s, largement utilis\u00e9s dans l&rsquo;industrie des semi-conducteurs.<\/p>\n<p><strong>Industrie opto\u00e9lectronique :<\/strong><br \/>\ndans la production de dispositifs opto\u00e9lectroniques, les cibles m\u00e9talliques en cobalt sont utilis\u00e9es pour le d\u00e9p\u00f4t de couches minces, offrant d&rsquo;excellentes propri\u00e9t\u00e9s \u00e9lectriques et optiques.<\/p>\n<p><strong>Cellules solaires :<\/strong><br \/>\nle d\u00e9p\u00f4t de couches minces photovolta\u00efques utilis\u00e9 dans les cellules solaires contribue \u00e0 am\u00e9liorer l&rsquo;efficacit\u00e9 de la conversion photo\u00e9lectrique.<\/p>\n<p><strong>Mat\u00e9riaux magn\u00e9tiques :<\/strong><br \/>\nen tant que mat\u00e9riau pour les couches minces magn\u00e9tiques haute performance, les cibles m\u00e9talliques en cobalt ont de nombreuses applications dans le stockage magn\u00e9tique et les capteurs.<\/p>\n<h2><span style=\"font-size: 14pt;\">FAQ<\/span><\/h2>\n<p><strong>Q1 : Quelle est la puret\u00e9 des cibles m\u00e9talliques en cobalt ?<\/strong><br \/>\nA1 : Nos cibles m\u00e9talliques en cobalt atteignent une puret\u00e9 de 99,95 %, garantissant une stabilit\u00e9 dans le d\u00e9p\u00f4t de haute pr\u00e9cision.<\/p>\n<p><strong>Q2 : \u00c0 quels \u00e9quipements les cibles m\u00e9talliques en cobalt sont-elles adapt\u00e9es ?<\/strong><br \/>\nA2 : Les cibles m\u00e9talliques en cobalt sont largement utilis\u00e9es dans les \u00e9quipements de pulv\u00e9risation magn\u00e9tron, les \u00e9quipements de rev\u00eatement par pulv\u00e9risation et d&rsquo;autres \u00e9quipements de d\u00e9p\u00f4t de couches minces.<\/p>\n<p><strong>Q3 : La taille des cibles m\u00e9talliques en cobalt peut-elle \u00eatre personnalis\u00e9e ?<\/strong><br \/>\nR3 : Oui, nous pouvons fournir des cibles m\u00e9talliques en cobalt dans des tailles personnalis\u00e9es selon les exigences du client.<\/p>\n<p><strong>Q4 : Quelle est la dur\u00e9e de vie des cibles m\u00e9talliques en cobalt ?<\/strong><br \/>\nR4 : La dur\u00e9e de vie des cibles m\u00e9talliques en cobalt d\u00e9pend de l&rsquo;environnement d&rsquo;exploitation et des conditions de d\u00e9p\u00f4t, mais dans des conditions normales, une longue dur\u00e9e de vie peut \u00eatre garantie.<\/p>\n<h2><span style=\"font-size: 14pt;\">Rapports<\/span><\/h2>\n<p>Chaque lot est fourni avec :<\/p>\n<p>Certificat d&rsquo;analyse (COA)<\/p>\n<p>Fiche technique (TDS)<\/p>\n<p>Fiche de donn\u00e9es de s\u00e9curit\u00e9 (MSDS)<\/p>\n<p>Rapports d&rsquo;essais effectu\u00e9s par des tiers disponibles sur demande<\/p>\n<h2><span style=\"font-size: 14pt;\">Pourquoi nous choisir ?<\/span><\/h2>\n<p>Nos cibles de pulv\u00e9risation en cobalt offrent une grande puret\u00e9, une grande stabilit\u00e9 et d&rsquo;excellentes performances de pulv\u00e9risation. Combin\u00e9es \u00e0 des services personnalis\u00e9s et \u00e0 un service apr\u00e8s-vente professionnel, elles constituent le choix id\u00e9al pour une coop\u00e9ration \u00e0 long terme.<\/p>\n","protected":false},"excerpt":{"rendered":"<p>Pr\u00e9sentation des cibles de pulv\u00e9risation en cobalt Les cibles de pulv\u00e9risation en cobalt m\u00e9tallique poss\u00e8dent une excellente conductivit\u00e9 et une grande stabilit\u00e9 \u00e0 haute temp\u00e9rature, ce qui les rend tr\u00e8s utilis\u00e9es dans la fabrication de mat\u00e9riaux \u00e9lectroniques, \u00e0 couche mince et opto\u00e9lectroniques. Nous proposons des cibles de pulv\u00e9risation en cobalt m\u00e9tallique de haute puret\u00e9 pour [&hellip;]<\/p>\n","protected":false},"featured_media":39799,"template":"","meta":{"_acf_changed":false},"product_brand":[],"product_cat":[274],"product_tag":[380,4782],"class_list":{"0":"post-39798","1":"product","2":"type-product","3":"status-publish","4":"has-post-thumbnail","6":"product_cat-cible-de-pulverisation-metallique","7":"product_tag-cible-de-pulverisation","8":"product_tag-cible-de-pulverisation-de-cobalt-metal","10":"first","11":"instock","12":"shipping-taxable","13":"product-type-variable"},"acf":[],"_links":{"self":[{"href":"https:\/\/ulpmat.com\/fr\/wp-json\/wp\/v2\/product\/39798","targetHints":{"allow":["GET"]}}],"collection":[{"href":"https:\/\/ulpmat.com\/fr\/wp-json\/wp\/v2\/product"}],"about":[{"href":"https:\/\/ulpmat.com\/fr\/wp-json\/wp\/v2\/types\/product"}],"wp:featuredmedia":[{"embeddable":true,"href":"https:\/\/ulpmat.com\/fr\/wp-json\/wp\/v2\/media\/39799"}],"wp:attachment":[{"href":"https:\/\/ulpmat.com\/fr\/wp-json\/wp\/v2\/media?parent=39798"}],"wp:term":[{"taxonomy":"product_brand","embeddable":true,"href":"https:\/\/ulpmat.com\/fr\/wp-json\/wp\/v2\/product_brand?post=39798"},{"taxonomy":"product_cat","embeddable":true,"href":"https:\/\/ulpmat.com\/fr\/wp-json\/wp\/v2\/product_cat?post=39798"},{"taxonomy":"product_tag","embeddable":true,"href":"https:\/\/ulpmat.com\/fr\/wp-json\/wp\/v2\/product_tag?post=39798"}],"curies":[{"name":"wp","href":"https:\/\/api.w.org\/{rel}","templated":true}]}}