{"id":39681,"date":"2025-11-20T14:29:49","date_gmt":"2025-11-20T06:29:49","guid":{"rendered":"https:\/\/ulpmat.com\/product\/chlorure-de-palladium\/"},"modified":"2025-11-20T14:29:49","modified_gmt":"2025-11-20T06:29:49","slug":"chlorure-de-palladium","status":"publish","type":"product","link":"https:\/\/ulpmat.com\/fr\/produit\/chlorure-de-palladium\/","title":{"rendered":"Chlorure de palladium"},"content":{"rendered":"<h2><span style=\"font-size: 14pt;\">Pr\u00e9sentation de la poudre de chlorure de palladium<\/span><\/h2>\n<p>La poudre<br \/>\n<span style=\"color: #0000ff;\"><a style=\"color: #0000ff;\" href=\"https:\/\/ulpmat.com\/fr\/recherche\/?type=name&#038;keyword=Palladium+Chloride\">de chlorure de palladium<\/a><\/span><br \/>\nest une poudre cristalline de couleur rouge fonc\u00e9 ou brun-rouge qui pr\u00e9sente une excellente activit\u00e9 catalytique et une grande s\u00e9lectivit\u00e9 chimique. Il s&rsquo;agit d&rsquo;une mati\u00e8re premi\u00e8re importante pour la pr\u00e9paration de catalyseurs homog\u00e8nes, de solutions de galvanoplastie pour m\u00e9taux pr\u00e9cieux, de nanomat\u00e9riaux \u00e0 base de palladium et de compos\u00e9s chimiques fins. Sa grande puret\u00e9 et sa stabilit\u00e9 en font un produit largement utilis\u00e9 dans les industries pharmaceutiques, la synth\u00e8se chimique, la science des mat\u00e9riaux et le recyclage des m\u00e9taux pr\u00e9cieux.<\/p>\n<p>Nous pouvons fournir de la poudre de chlorure de palladium de diff\u00e9rentes puret\u00e9s, tailles de particules et sp\u00e9cifications d&#8217;emballage en fonction de vos besoins, et nous proposons des livraisons en vrac, des emballages personnalis\u00e9s et des livraisons rapides. Que vous ayez besoin de produits de qualit\u00e9 laboratoire ou de mat\u00e9riaux de qualit\u00e9 industrielle, nous pouvons r\u00e9pondre \u00e0 vos besoins.<span style=\"color: #0000ff;\"><a style=\"color: #0000ff;\" href=\"https:\/\/ulpmat.com\/fr\/contactez-nous\/\"> Contactez-nous<\/a><\/span><br \/>\npour obtenir un devis en temps r\u00e9el.<\/p>\n<h2><span style=\"font-size: 14pt;\">Points forts du produit<\/span><\/h2>\n<p>PdCl2 de haute puret\u00e9, avec une teneur en impuret\u00e9s strictement contr\u00f4l\u00e9e.<br \/>\nTaille des particules uniforme et solubilit\u00e9 stable.<br \/>\nConvient \u00e0 divers syst\u00e8mes de r\u00e9action catalytique.<br \/>\nDisponible en petits emballages et en vrac.<br \/>\nS\u00e9lectivit\u00e9 de r\u00e9action \u00e9lev\u00e9e et performances catalytiques exceptionnelles.<br \/>\nEmballage \u00e9tanche \u00e0 l&rsquo;humidit\u00e9 et \u00e0 la pollution. Formulations et qualit\u00e9s<br \/>\n<span style=\"color: #0000ff;\"><a style=\"color: #0000ff;\" href=\"https:\/\/ulpmat.com\/fr\/service\/personnalisation\/\">personnalisables<\/a><\/span><br \/>\ndisponibles sur demande.<br \/>\nForte capacit\u00e9 d&rsquo;approvisionnement mondiale.<\/p>\n<h2><span style=\"font-size: 14pt;\">Applications de la poudre de chlorure de palladium<\/span><\/h2>\n<p>Catalyse homog\u00e8ne : utilis\u00e9e dans les syst\u00e8mes catalytiques pour le couplage C-C, C-N et d&rsquo;autres synth\u00e8ses organiques.<br \/>\nGalvanoplastie des m\u00e9taux nobles : utilis\u00e9 comme source importante de palladium dans les composants \u00e9lectroniques et les rev\u00eatements d\u00e9coratifs.<br \/>\nPr\u00e9paration de nanomat\u00e9riaux : utilis\u00e9 pour la synth\u00e8se de nanoparticules de palladium et de mat\u00e9riaux catalytiques composites.<br \/>\nProduction de produits chimiques fins : utilis\u00e9 pour la pr\u00e9paration d&rsquo;interm\u00e9diaires pharmaceutiques et de mati\u00e8res premi\u00e8res chimiques sp\u00e9cialis\u00e9es.<\/p>\n<h2><span style=\"color: #0000ff;\"><a style=\"color: #0000ff;\" href=\"https:\/\/ulpmat.com\/fr\/societe\/faq\/\"><span style=\"font-size: 14pt;\">FAQ<\/span><\/a><\/span><\/h2>\n<p>Q1 : Comment votre poudre de chlorure de palladium est-elle conditionn\u00e9e ?<br \/>\nR : La poudre est scell\u00e9e dans un emballage afin d&rsquo;assurer sa protection contre l&rsquo;humidit\u00e9, la lumi\u00e8re et la pollution pendant le transport.<\/p>\n<p>Q2 : La poudre risque-t-elle de s&rsquo;humidifier ou de s&rsquo;oxyder pendant le transport ?<br \/>\nR : Non. Nous utilisons des emballages con\u00e7us par des professionnels, \u00e9tanches \u00e0 l&rsquo;humidit\u00e9 et aux fuites, combin\u00e9s \u00e0 une livraison express internationale s\u00e9curis\u00e9e, afin de garantir que les mat\u00e9riaux arrivent intacts.<\/p>\n<p>Q3 : Quels sont les avantages de votre poudre de PdCl2 ?<br \/>\nR : Nous proposons des produits de haute puret\u00e9, stables et homog\u00e8nes, adapt\u00e9s \u00e0 toute application n\u00e9cessitant une activit\u00e9 catalytique \u00e9lev\u00e9e.<\/p>\n<p>Q4 : Quelles sont les conditions de stockage requises pour le produit ?<br \/>\nR : Nous recommandons de stocker le chlorure de palladium dans un environnement sec et frais, en gardant le r\u00e9cipient ferm\u00e9 et en \u00e9vitant l&rsquo;exposition directe au soleil et l&rsquo;exposition prolong\u00e9e \u00e0 l&rsquo;air.<\/p>\n<h2><span style=\"font-size: 14pt;\">Rapports<\/span><\/h2>\n<p>Chaque lot est fourni avec :<br \/>\n<span style=\"color: #0000ff;\"><a style=\"color: #0000ff;\" href=\"https:\/\/ulpmat.com\/fr\/service\/analyse-chimique\/\">Certificat d&rsquo;analyse (COA)<\/a><\/span><\/p>\n<p><span style=\"color: #0000ff;\"><a style=\"color: #0000ff;\" href=\"https:\/\/ulpmat.com\/fr\/documents\/fiche-technique\/\">Fiche technique (TDS)<\/a><\/span><\/p>\n<p><span style=\"color: #0000ff;\"><a style=\"color: #0000ff;\" href=\"https:\/\/ulpmat.com\/fr\/documents\/fiche-de-donnees-de-securite\/\">Fiche de donn\u00e9es de s\u00e9curit\u00e9 (MSDS)<\/a><\/span><br \/>\nRapports d&rsquo;essais effectu\u00e9s par des tiers disponibles sur demande<\/p>\n<h2><span style=\"font-size: 14pt;\">Pourquoi nous choisir ?<\/span><\/h2>\n<p>En choisissant notre chlorure de palladium en poudre, vous b\u00e9n\u00e9ficiez de produits chimiques \u00e0 base de m\u00e9taux pr\u00e9cieux de haute puret\u00e9, stables, fiables et homog\u00e8nes, adapt\u00e9s \u00e0 la recherche et \u00e0 la production industrielle. Nous disposons d&rsquo;un syst\u00e8me de qualit\u00e9 rigoureux, d&rsquo;\u00e9quipements de test complets et de nombreuses ann\u00e9es d&rsquo;exp\u00e9rience dans la production de mat\u00e9riaux \u00e0 base de m\u00e9taux pr\u00e9cieux, ce qui nous permet de garantir un approvisionnement stable et une livraison rapide dans le monde entier. Notre \u00e9quipe technique peut vous fournir des conseils professionnels, des solutions et des services personnalis\u00e9s pour rendre vos exp\u00e9riences et votre production plus fluides et plus efficaces.<\/p>\n","protected":false},"excerpt":{"rendered":"<p>Pr\u00e9sentation de la poudre de chlorure de palladium La poudre de chlorure de palladium est une poudre cristalline de couleur rouge fonc\u00e9 ou brun-rouge qui pr\u00e9sente une excellente activit\u00e9 catalytique et une grande s\u00e9lectivit\u00e9 chimique. Il s&rsquo;agit d&rsquo;une mati\u00e8re premi\u00e8re importante pour la pr\u00e9paration de catalyseurs homog\u00e8nes, de solutions de galvanoplastie pour m\u00e9taux pr\u00e9cieux, de [&hellip;]<\/p>\n","protected":false},"featured_media":39682,"template":"","meta":{"_acf_changed":false},"product_brand":[132],"product_cat":[313],"product_tag":[4760],"class_list":{"0":"post-39681","1":"product","2":"type-product","3":"status-publish","4":"has-post-thumbnail","6":"product_brand-ulpmat","7":"product_cat-materiaux-halogenes","8":"product_tag-poudre-de-chlorure-de-palladium","10":"first","11":"instock","12":"shipping-taxable","13":"product-type-variable"},"acf":[],"_links":{"self":[{"href":"https:\/\/ulpmat.com\/fr\/wp-json\/wp\/v2\/product\/39681","targetHints":{"allow":["GET"]}}],"collection":[{"href":"https:\/\/ulpmat.com\/fr\/wp-json\/wp\/v2\/product"}],"about":[{"href":"https:\/\/ulpmat.com\/fr\/wp-json\/wp\/v2\/types\/product"}],"wp:featuredmedia":[{"embeddable":true,"href":"https:\/\/ulpmat.com\/fr\/wp-json\/wp\/v2\/media\/39682"}],"wp:attachment":[{"href":"https:\/\/ulpmat.com\/fr\/wp-json\/wp\/v2\/media?parent=39681"}],"wp:term":[{"taxonomy":"product_brand","embeddable":true,"href":"https:\/\/ulpmat.com\/fr\/wp-json\/wp\/v2\/product_brand?post=39681"},{"taxonomy":"product_cat","embeddable":true,"href":"https:\/\/ulpmat.com\/fr\/wp-json\/wp\/v2\/product_cat?post=39681"},{"taxonomy":"product_tag","embeddable":true,"href":"https:\/\/ulpmat.com\/fr\/wp-json\/wp\/v2\/product_tag?post=39681"}],"curies":[{"name":"wp","href":"https:\/\/api.w.org\/{rel}","templated":true}]}}