{"id":39585,"date":"2025-11-25T09:43:56","date_gmt":"2025-11-25T01:43:56","guid":{"rendered":"https:\/\/ulpmat.com\/product\/ruthenium-metal-3\/"},"modified":"2025-11-25T09:43:56","modified_gmt":"2025-11-25T01:43:56","slug":"ruthenium-metal-3","status":"publish","type":"product","link":"https:\/\/ulpmat.com\/fr\/produit\/ruthenium-metal-3\/","title":{"rendered":"Ruth\u00e9nium m\u00e9tal"},"content":{"rendered":"<h2><span style=\"font-size: 14pt;\">Pr\u00e9sentation des granul\u00e9s de ruth\u00e9nium<\/span><\/h2>\n<p>Les<br \/>\n<span style=\"color: #0000ff;\"><\/span><br \/>\ngranul\u00e9s<br \/>\n<span style=\"color: #0000ff;\"><a style=\"color: #0000ff;\" href=\"https:\/\/ulpmat.com\/fr\/recherche\/?type=name&#038;keyword=Ruthenium+meta\">de ruth\u00e9nium<\/a><\/span><br \/>\nsont un mat\u00e9riau m\u00e9tallique pr\u00e9cieux tr\u00e8s stable et \u00e0 point de fusion \u00e9lev\u00e9. Gr\u00e2ce \u00e0 leur excellente inertie chimique et \u00e0 leurs propri\u00e9t\u00e9s \u00e9lectriques, ils jouent un r\u00f4le crucial dans la catalyse, les appareils \u00e9lectroniques haut de gamme, le d\u00e9veloppement de mat\u00e9riaux fonctionnels et la pr\u00e9paration de films minces r\u00e9sistants \u00e0 la corrosion. Leur forme granulaire facilite le pesage, l&rsquo;alimentation et le contr\u00f4le pr\u00e9cis, offrant aux instituts de recherche et aux entreprises industrielles des m\u00e9thodes d&rsquo;utilisation des mat\u00e9riaux plus flexibles.<\/p>\n<p>Nous pouvons fournir des granules de ruth\u00e9nium de diff\u00e9rentes puret\u00e9s, tailles de particules et formes d&#8217;emballage selon les besoins, et proposons des quantit\u00e9s personnalis\u00e9es pour les applications industrielles et de recherche. Pour obtenir un devis, des \u00e9chantillons ou des param\u00e8tres techniques, veuillez <span style=\"color: #0000ff;\"><a style=\"color: #0000ff;\" href=\"https:\/\/ulpmat.com\/fr\/contactez-nous\/\">nous contacter<\/a><\/span><br \/>\nimm\u00e9diatement.<\/p>\n<h2><span style=\"font-size: 14pt;\">Points forts du produit<\/span><\/h2>\n<p>Granules de m\u00e9tal pr\u00e9cieux de haute puret\u00e9<br \/>\nFaible teneur en impuret\u00e9s, composition stable<br \/>\nTaille des particules contr\u00f4lable, distribution uniforme<br \/>\nExcellente r\u00e9sistance chimique<br \/>\nFacile \u00e0 peser et \u00e0 alimenter automatiquement Sp\u00e9cifications<br \/>\n<span style=\"color: #0000ff;\"><a style=\"color: #0000ff;\" href=\"https:\/\/ulpmat.com\/fr\/service\/personnalisation\/\">personnalisables<\/a><\/span><br \/>\nselon les exigences du projet<\/p>\n<h2><span style=\"font-size: 14pt;\">Applications des granul\u00e9s de ruth\u00e9nium<\/span><\/h2>\n<p>Recherche en catalyse : utilis\u00e9s pour la pr\u00e9paration de catalyseurs \u00e0 base de ruth\u00e9nium et de mat\u00e9riaux nanocatalytiques.<br \/>\nIndustrie \u00e9lectronique : utilis\u00e9s pour les contacts m\u00e9talliques \u00e0 haute stabilit\u00e9, les mat\u00e9riaux conducteurs et les films d&rsquo;encapsulation.<br \/>\nSynth\u00e8se de mat\u00e9riaux fonctionnels : utilis\u00e9s dans le d\u00e9veloppement de mat\u00e9riaux magn\u00e9tiques, de mat\u00e9riaux optiques et de mat\u00e9riaux composites avanc\u00e9s.<br \/>\nHaute r\u00e9sistance \u00e0 la corrosion chimique : utilis\u00e9 dans les alliages ou les syst\u00e8mes de traitement de surface r\u00e9sistants aux environnements extr\u00eames.<\/p>\n<h2><span style=\"color: #0000ff;\"><a style=\"color: #0000ff;\" href=\"https:\/\/ulpmat.com\/fr\/societe\/faq\/\"><span style=\"font-size: 14pt;\">FAQ<\/span><\/a><\/span><\/h2>\n<p>Q1 : Comment les granules de ruth\u00e9nium sont-ils g\u00e9n\u00e9ralement emball\u00e9s de mani\u00e8re s\u00fbre ?<br \/>\nA1 : Nous utilisons un double emballage sous vide combin\u00e9 \u00e0 des mat\u00e9riaux de remplissage absorbant les chocs afin de garantir que les granules restent propres et intacts pendant le transport.<\/p>\n<p>Q2 : Le transport international affectera-t-il les propri\u00e9t\u00e9s des granules de ruth\u00e9nium ?<br \/>\nR2 : Non, le ruth\u00e9nium est un m\u00e9tal tr\u00e8s stable. Tant qu&rsquo;il est conserv\u00e9 au sec et scell\u00e9 pendant le transport, ses propri\u00e9t\u00e9s ne changent pas en raison du transport sur de longues distances.<\/p>\n<p>Q3 : Fournissez-vous une assistance technique suppl\u00e9mentaire pour ces granul\u00e9s ?<br \/>\nR3 : Oui, nous fournissons des conseils de s\u00e9lection, des recommandations sur les mat\u00e9riaux, des consultations sur les applications et une assistance \u00e0 long terme pour les projets afin d&rsquo;aider les clients \u00e0 obtenir de meilleurs r\u00e9sultats.<\/p>\n<p>Q4 : Les granul\u00e9s de ruth\u00e9nium n\u00e9cessitent-ils des conditions de stockage particuli\u00e8res ?<br \/>\nA4 : Il suffit de les stocker dans un environnement sec et herm\u00e9tique, en \u00e9vitant tout contact direct avec des acides forts ou une humidit\u00e9 \u00e9lev\u00e9e. Ils peuvent \u00eatre stock\u00e9s de mani\u00e8re stable \u00e0 temp\u00e9rature ambiante pendant de longues p\u00e9riodes.<\/p>\n<h2><span style=\"font-size: 14pt;\">Rapports<\/span><\/h2>\n<p>Chaque lot est accompagn\u00e9 des documents<br \/>\n<span style=\"color: #0000ff;\"><a style=\"color: #0000ff;\" href=\"https:\/\/ulpmat.com\/fr\/documents\/certificat-danalyse\/\"><\/a><\/span><br \/>\nsuivants :<br \/>\n<span style=\"color: #0000ff;\"><a style=\"color: #0000ff;\" href=\"https:\/\/ulpmat.com\/fr\/documents\/certificat-danalyse\/\">Certificat d&rsquo;analyse (COA)<\/a><\/span><\/p>\n<p><span style=\"color: #0000ff;\"><a style=\"color: #0000ff;\" href=\"https:\/\/ulpmat.com\/fr\/documents\/fiche-technique\/\">Fiche technique (TDS)<\/a><\/span><\/p>\n<p><span style=\"color: #0000ff;\"><a style=\"color: #0000ff;\" href=\"https:\/\/ulpmat.com\/fr\/documents\/fiche-de-donnees-de-securite\/\">Fiche de donn\u00e9es de s\u00e9curit\u00e9 (MSDS)<\/a><\/span><br \/>\nDes rapports d&rsquo;essais effectu\u00e9s par des tiers sont disponibles sur demande.<\/p>\n<h2><span style=\"font-size: 14pt;\">Pourquoi nous choisir ?<\/span><\/h2>\n<p>Nous sommes sp\u00e9cialis\u00e9s dans la fourniture de mat\u00e9riaux en m\u00e9taux pr\u00e9cieux de haute puret\u00e9, et disposons d&rsquo;un syst\u00e8me de gestion de la qualit\u00e9 rigoureux, d&rsquo;une capacit\u00e9 de production stable et de processus complets de test des mat\u00e9riaux. Nos granules de ruth\u00e9nium offrent des avantages significatifs en termes de contr\u00f4le de la puret\u00e9, d&rsquo;uniformit\u00e9 de la taille des particules et de fiabilit\u00e9 de l&rsquo;approvisionnement. Nous proposons \u00e9galement des services de personnalisation flexibles afin de r\u00e9pondre aux divers besoins des instituts de recherche, des entreprises manufacturi\u00e8res et des \u00e9quipes de d\u00e9veloppement de nouveaux mat\u00e9riaux.<\/p>\n","protected":false},"excerpt":{"rendered":"<p>Pr\u00e9sentation des granul\u00e9s de ruth\u00e9nium Les granul\u00e9s de ruth\u00e9nium sont un mat\u00e9riau m\u00e9tallique pr\u00e9cieux tr\u00e8s stable et \u00e0 point de fusion \u00e9lev\u00e9. Gr\u00e2ce \u00e0 leur excellente inertie chimique et \u00e0 leurs propri\u00e9t\u00e9s \u00e9lectriques, ils jouent un r\u00f4le crucial dans la catalyse, les appareils \u00e9lectroniques haut de gamme, le d\u00e9veloppement de mat\u00e9riaux fonctionnels et la pr\u00e9paration [&hellip;]<\/p>\n","protected":false},"featured_media":39586,"template":"","meta":{"_acf_changed":false},"product_brand":[132],"product_cat":[296],"product_tag":[4730],"class_list":{"0":"post-39585","1":"product","2":"type-product","3":"status-publish","4":"has-post-thumbnail","6":"product_brand-ulpmat","7":"product_cat-materiaux-devaporation","8":"product_tag-ruthenium-metal-granules","10":"first","11":"instock","12":"shipping-taxable","13":"product-type-variable"},"acf":[],"_links":{"self":[{"href":"https:\/\/ulpmat.com\/fr\/wp-json\/wp\/v2\/product\/39585","targetHints":{"allow":["GET"]}}],"collection":[{"href":"https:\/\/ulpmat.com\/fr\/wp-json\/wp\/v2\/product"}],"about":[{"href":"https:\/\/ulpmat.com\/fr\/wp-json\/wp\/v2\/types\/product"}],"wp:featuredmedia":[{"embeddable":true,"href":"https:\/\/ulpmat.com\/fr\/wp-json\/wp\/v2\/media\/39586"}],"wp:attachment":[{"href":"https:\/\/ulpmat.com\/fr\/wp-json\/wp\/v2\/media?parent=39585"}],"wp:term":[{"taxonomy":"product_brand","embeddable":true,"href":"https:\/\/ulpmat.com\/fr\/wp-json\/wp\/v2\/product_brand?post=39585"},{"taxonomy":"product_cat","embeddable":true,"href":"https:\/\/ulpmat.com\/fr\/wp-json\/wp\/v2\/product_cat?post=39585"},{"taxonomy":"product_tag","embeddable":true,"href":"https:\/\/ulpmat.com\/fr\/wp-json\/wp\/v2\/product_tag?post=39585"}],"curies":[{"name":"wp","href":"https:\/\/api.w.org\/{rel}","templated":true}]}}