{"id":39507,"date":"2025-11-25T09:43:57","date_gmt":"2025-11-25T01:43:57","guid":{"rendered":"https:\/\/ulpmat.com\/product\/chlorure-de-ruthenium\/"},"modified":"2025-11-25T09:43:57","modified_gmt":"2025-11-25T01:43:57","slug":"chlorure-de-ruthenium","status":"publish","type":"product","link":"https:\/\/ulpmat.com\/fr\/produit\/chlorure-de-ruthenium\/","title":{"rendered":"Chlorure de ruth\u00e9nium"},"content":{"rendered":"<h2><span style=\"font-size: 14pt;\">Pr\u00e9sentation de la poudre de chlorure de ruth\u00e9nium<\/span><\/h2>\n<p>La poudre<br \/>\n<span style=\"color: #0000ff;\"><a style=\"color: #0000ff;\" href=\"https:\/\/ulpmat.com\/fr\/recherche\/?type=name&#038;keyword=Ruthenium+Chloride\">de chlorure de ruth\u00e9nium<\/a><\/span><br \/>\nest un compos\u00e9 m\u00e9tallique noble cristallin de couleur fonc\u00e9e et hautement r\u00e9actif, couramment utilis\u00e9 dans la pr\u00e9paration de catalyseurs, de mat\u00e9riaux chimiques \u00e9lectroniques, de pr\u00e9curseurs de compos\u00e9s m\u00e9talliques nobles et de nanomat\u00e9riaux. En raison de ses excellentes propri\u00e9t\u00e9s chimiques, elle pr\u00e9sente une valeur d&rsquo;application extr\u00eamement \u00e9lev\u00e9e dans la recherche scientifique et la pr\u00e9paration de mat\u00e9riaux fonctionnels.<\/p>\n<p>Nous fournissons de la poudre de chlorure de ruth\u00e9nium de haute puret\u00e9 dans plusieurs sp\u00e9cifications, adapt\u00e9es <span style=\"color: #0000ff;\"><a style=\"color: #0000ff;\" href=\"https:\/\/ulpmat.com\/fr\/service\/personnalisation\/\">\u00e0<\/a><\/span><br \/>\nla fois \u00e0 la recherche et \u00e0 l&rsquo;industrie. Nous pouvons fournir des emballages sp\u00e9ciaux et des approvisionnements en vrac selon les besoins des clients.<span style=\"color: #0000ff;\"><a style=\"color: #0000ff;\" href=\"https:\/\/ulpmat.com\/fr\/contactez-nous\/\"> Contactez-nous.<\/a><\/span><\/p>\n<h2><span style=\"font-size: 14pt;\">Points forts du produit<\/span><\/h2>\n<p>Compos\u00e9 de m\u00e9tal noble de haute puret\u00e9<br \/>\nTaille des particules uniforme, facile \u00e0 disperser<br \/>\nActivit\u00e9 stable, excellente r\u00e9activit\u00e9<br \/>\nConvient \u00e0 divers syst\u00e8mes catalytiques<br \/>\nBonne coh\u00e9rence des lots, qualit\u00e9 contr\u00f4lable<br \/>\nPlusieurs sp\u00e9cifications disponibles, personnalisation prise en charge<br \/>\nEmballage s\u00fbr, transport fiable<br \/>\nCha\u00eene d&rsquo;approvisionnement stable, approvisionnement \u00e0 long terme possible<\/p>\n<h2><span style=\"font-size: 14pt;\">Applications de la poudre de chlorure de ruth\u00e9nium<\/span><\/h2>\n<p>Utilis\u00e9 pour la pr\u00e9paration de catalyseurs \u00e0 base de m\u00e9taux nobles et de mat\u00e9riaux catalytiques homog\u00e8nes\/h\u00e9t\u00e9rog\u00e8nes.<br \/>\nUtilis\u00e9 comme pr\u00e9curseur cl\u00e9 dans la chimie \u00e9lectronique et les syst\u00e8mes de conversion d&rsquo;\u00e9nergie.<br \/>\nEn tant que mati\u00e8re premi\u00e8re synth\u00e9tique importante pour les mat\u00e9riaux nano-ruthenium et les rev\u00eatements sp\u00e9ciaux.<br \/>\nConvient \u00e0 la recherche et aux essais de produits chimiques fins et de compos\u00e9s de m\u00e9taux pr\u00e9cieux.<\/p>\n<h2><span style=\"color: #0000ff;\"><a style=\"color: #0000ff;\" href=\"https:\/\/ulpmat.com\/fr\/societe\/faq\/\"><span style=\"font-size: 14pt;\">FAQ<\/span><\/a><\/span><\/h2>\n<p>Q1 : \u00c0 quelles m\u00e9thodes de traitement la poudre de chlorure de ruth\u00e9nium est-elle adapt\u00e9e ?<br \/>\nA1 : Convient aux r\u00e9actions de dissolution, aux proc\u00e9d\u00e9s chimiques humides, \u00e0 la complexation des ligands, \u00e0 la synth\u00e8se par d\u00e9composition thermique et \u00e0 d&rsquo;autres processus.<\/p>\n<p>Q2 : Quelles sont les conditions de stockage de ce sel de ruth\u00e9nium ?<br \/>\nR2 : Il doit \u00eatre stock\u00e9 dans un r\u00e9cipient herm\u00e9tique, \u00e0 l&rsquo;abri de la lumi\u00e8re et de l&rsquo;humidit\u00e9. Il est recommand\u00e9 de le stocker dans un environnement sec afin d&rsquo;\u00e9viter que l&rsquo;humidit\u00e9 n&rsquo;affecte la qualit\u00e9 du mat\u00e9riau.<\/p>\n<p>Q3 : Quels sont les avantages du chlorure de ruth\u00e9nium ?<br \/>\nR3 : Il pr\u00e9sente une grande puret\u00e9, une r\u00e9activit\u00e9 \u00e9lev\u00e9e et un large \u00e9ventail d&rsquo;applications, ainsi qu&rsquo;une excellente s\u00e9lectivit\u00e9 et stabilit\u00e9 dans la catalyse et la pr\u00e9paration des mat\u00e9riaux.<\/p>\n<p>Q4 : Quels services d&rsquo;assistance suppl\u00e9mentaires proposez-vous ?<br \/>\nR4 : Nous fournissons des conseils techniques, des sp\u00e9cifications personnalis\u00e9es, des livraisons en vrac, des rapports d&rsquo;essais et des conseils apr\u00e8s-vente afin d&rsquo;aider nos clients \u00e0 utiliser le mat\u00e9riau de mani\u00e8re plus efficace.<\/p>\n<h2><span style=\"font-size: 14pt;\">Rapports<\/span><\/h2>\n<p>Chaque lot est accompagn\u00e9 des documents suivants :<br \/>\n<span style=\"color: #0000ff;\"><a style=\"color: #0000ff;\" href=\"https:\/\/ulpmat.com\/fr\/documents\/certificat-danalyse\/\">Certificat d&rsquo;analyse (COA)<\/a><\/span><\/p>\n<p><span style=\"color: #0000ff;\"><a style=\"color: #0000ff;\" href=\"https:\/\/ulpmat.com\/fr\/documents\/fiche-technique\/\">Fiche technique (TDS)<\/a><\/span><\/p>\n<p><span style=\"color: #0000ff;\"><a style=\"color: #0000ff;\" href=\"https:\/\/ulpmat.com\/fr\/documents\/fiche-de-donnees-de-securite\/\">Fiche de donn\u00e9es de s\u00e9curit\u00e9 (MSDS)<\/a><\/span><br \/>\nDes rapports d&rsquo;essais r\u00e9alis\u00e9s par des tiers sont disponibles sur demande.<\/p>\n<h2><span style=\"font-size: 14pt;\">Pourquoi nous choisir ?<\/span><\/h2>\n<p>Nous disposons d&rsquo;un syst\u00e8me de production de compos\u00e9s de m\u00e9taux pr\u00e9cieux mature, garantissant une qualit\u00e9 stable et des capacit\u00e9s d&rsquo;approvisionnement flexibles.<br \/>\nTous les produits sont soumis \u00e0 des processus de test rigoureux, avec des donn\u00e9es compl\u00e8tes et tra\u00e7ables, adapt\u00e9es \u00e0 la recherche et au d\u00e9veloppement d&rsquo;applications.<br \/>\nNous fournissons un service client r\u00e9actif, garantissant une r\u00e9solution rapide des demandes d&rsquo;approvisionnement, des demandes d&rsquo;\u00e9chantillons et des probl\u00e8mes techniques.<br \/>\nNous avons une grande exp\u00e9rience en mati\u00e8re d&rsquo;exportation et proposons des solutions d&#8217;emballage s\u00e9curis\u00e9es, garantissant une livraison s\u00fbre des produits dans le monde entier.<br \/>\nNous nous engageons \u00e0 fournir \u00e0 nos clients des solutions de mat\u00e9riaux en m\u00e9taux pr\u00e9cieux hautement stables, de grande puret\u00e9 et rentables.<\/p>\n","protected":false},"excerpt":{"rendered":"<p>Pr\u00e9sentation de la poudre de chlorure de ruth\u00e9nium La poudre de chlorure de ruth\u00e9nium est un compos\u00e9 m\u00e9tallique noble cristallin de couleur fonc\u00e9e et hautement r\u00e9actif, couramment utilis\u00e9 dans la pr\u00e9paration de catalyseurs, de mat\u00e9riaux chimiques \u00e9lectroniques, de pr\u00e9curseurs de compos\u00e9s m\u00e9talliques nobles et de nanomat\u00e9riaux. En raison de ses excellentes propri\u00e9t\u00e9s chimiques, elle pr\u00e9sente [&hellip;]<\/p>\n","protected":false},"featured_media":39508,"template":"","meta":{"_acf_changed":false},"product_brand":[132],"product_cat":[313],"product_tag":[4712],"class_list":{"0":"post-39507","1":"product","2":"type-product","3":"status-publish","4":"has-post-thumbnail","6":"product_brand-ulpmat","7":"product_cat-materiaux-halogenes","8":"product_tag-chlorure-de-ruthenium-en-poudre","10":"first","11":"instock","12":"shipping-taxable","13":"product-type-variable"},"acf":[],"_links":{"self":[{"href":"https:\/\/ulpmat.com\/fr\/wp-json\/wp\/v2\/product\/39507","targetHints":{"allow":["GET"]}}],"collection":[{"href":"https:\/\/ulpmat.com\/fr\/wp-json\/wp\/v2\/product"}],"about":[{"href":"https:\/\/ulpmat.com\/fr\/wp-json\/wp\/v2\/types\/product"}],"wp:featuredmedia":[{"embeddable":true,"href":"https:\/\/ulpmat.com\/fr\/wp-json\/wp\/v2\/media\/39508"}],"wp:attachment":[{"href":"https:\/\/ulpmat.com\/fr\/wp-json\/wp\/v2\/media?parent=39507"}],"wp:term":[{"taxonomy":"product_brand","embeddable":true,"href":"https:\/\/ulpmat.com\/fr\/wp-json\/wp\/v2\/product_brand?post=39507"},{"taxonomy":"product_cat","embeddable":true,"href":"https:\/\/ulpmat.com\/fr\/wp-json\/wp\/v2\/product_cat?post=39507"},{"taxonomy":"product_tag","embeddable":true,"href":"https:\/\/ulpmat.com\/fr\/wp-json\/wp\/v2\/product_tag?post=39507"}],"curies":[{"name":"wp","href":"https:\/\/api.w.org\/{rel}","templated":true}]}}